{"id":58856,"date":"2025-10-24T10:37:41","date_gmt":"2025-10-24T10:37:41","guid":{"rendered":"https:\/\/kristall.ee\/toode\/%d0%bc%d0%b8%d1%81%d0%ba%d0%b0-%d0%b1%d0%bb%d1%8e%d0%b4%d0%be-bamboo-%d1%81-%d0%b7%d0%be%d0%bb%d0%be%d1%82%d0%be%d0%bc-336-%d1%81%d0%bc\/"},"modified":"2025-10-24T10:37:41","modified_gmt":"2025-10-24T10:37:41","slug":"%d0%bc%d0%b8%d1%81%d0%ba%d0%b0-%d0%b1%d0%bb%d1%8e%d0%b4%d0%be-bamboo-%d1%81-%d0%b7%d0%be%d0%bb%d0%be%d1%82%d0%be%d0%bc-336-%d1%81%d0%bc","status":"publish","type":"product","link":"https:\/\/kristall.ee\/ru\/toode\/%d0%bc%d0%b8%d1%81%d0%ba%d0%b0-%d0%b1%d0%bb%d1%8e%d0%b4%d0%be-bamboo-%d1%81-%d0%b7%d0%be%d0%bb%d0%be%d1%82%d0%be%d0%bc-336-%d1%81%d0%bc\/","title":{"rendered":"\u041c\u0438\u0441\u043a\u0430, \u0431\u043b\u044e\u0434\u043e &#8211; Bamboo (\u0441 \u0437\u043e\u043b\u043e\u0442\u043e\u043c) 33,6 \u0441\u043c."},"content":{"rendered":"<p>\u0427\u0435\u0445\u0438\u044f<\/p>\n<p>Bohemia Jihlava<\/p>\n<p>\u042d\u043a\u043e-\u0445\u0440\u0443\u0441\u0442\u0430\u043b\u044c<br \/>\n\u0423\u043a\u0440\u0430\u0448\u0435\u043d\u0430 \u0432\u0440\u0443\u0447\u043d\u0443\u044e 24-\u043a\u0430\u0440\u0430\u0442\u043d\u044b\u043c \u0437\u043e\u043b\u043e\u0442\u043e<\/p>\n<p>\u0414\u0438\u0437\u0430\u0439\u043d: Bamboo<\/p>\n<p>\u0420\u0430\u0437\u043c\u0435\u0440:: diam.: 33,6cm.<\/p>\n<p>\u0426\u0435\u043d\u0430 \u0443\u043a\u0430\u0437\u0430\u043d\u0430 \u0437\u0430 \u043e\u0434\u043d\u043e (1) \u0431\u043b\u044e\u0434\u043e!<\/p>\n<p>\u0412\u043d\u0438\u043c\u0430\u043d\u0438\u0435!<br \/>\n\u0421\u0442\u0438\u0440\u0430\u0442\u044c \u0432\u0440\u0443\u0447\u043d\u0443\u044e!<\/p>\n<p>\u0411\u043b\u044e\u0434\u043e \u0441 \u043a\u0440\u0430\u0441\u0438\u0432\u044b\u043c \u043e\u043f\u0442\u0438\u0447\u0435\u0441\u043a\u0438\u043c \u044d\u0444\u0444\u0435\u043a\u0442\u043e\u043c \u2013 \u00ab\u041a\u0440\u0430\u0441\u043e\u0442\u0430 \u0432 \u043f\u0440\u043e\u0441\u0442\u043e\u0442\u0435!\u00bb<br \/>\n\u042d\u0442\u043e \u043e\u0434\u043d\u043e\u0432\u0440\u0435\u043c\u0435\u043d\u043d\u043e \u043f\u0440\u0438\u0432\u043b\u0435\u043a\u0430\u0442\u0435\u043b\u044c\u043d\u044b\u0439 \u0438 \u043f\u0440\u0430\u043a\u0442\u0438\u0447\u043d\u044b\u0439 \u044d\u043b\u0435\u043c\u0435\u043d\u0442 \u0438\u043d\u0442\u0435\u0440\u044c\u0435\u0440\u0430. \u0418\u0434\u0435\u0430\u043b\u044c\u043d\u043e \u043f\u043e\u0434\u0445\u043e\u0434\u0438\u0442 \u0434\u043b\u044f \u0444\u0440\u0443\u043a\u0442\u043e\u0432. <\/p>\n","protected":false},"excerpt":{"rendered":"<p>\u0427\u0435\u0445\u0438\u044f Bohemia Jihlava \u042d\u043a\u043e-\u0445\u0440\u0443\u0441\u0442\u0430\u043b\u044c \u0423\u043a\u0440\u0430\u0448\u0435\u043d\u0430 \u0432\u0440\u0443\u0447\u043d\u0443\u044e 24-\u043a\u0430\u0440\u0430\u0442\u043d\u044b\u043c \u0437\u043e\u043b\u043e\u0442\u043e \u0414\u0438\u0437\u0430\u0439\u043d: Bamboo \u0420\u0430\u0437\u043c\u0435\u0440:: diam.: 33,6cm. \u0426\u0435\u043d\u0430 \u0443\u043a\u0430\u0437\u0430\u043d\u0430 \u0437\u0430 \u043e\u0434\u043d\u043e (1) \u0431\u043b\u044e\u0434\u043e! \u0412\u043d\u0438\u043c\u0430\u043d\u0438\u0435! \u0421\u0442\u0438\u0440\u0430\u0442\u044c \u0432\u0440\u0443\u0447\u043d\u0443\u044e! \u0411\u043b\u044e\u0434\u043e \u0441 \u043a\u0440\u0430\u0441\u0438\u0432\u044b\u043c \u043e\u043f\u0442\u0438\u0447\u0435\u0441\u043a\u0438\u043c \u044d\u0444\u0444\u0435\u043a\u0442\u043e\u043c \u2013 \u00ab\u041a\u0440\u0430\u0441\u043e\u0442\u0430 \u0432 \u043f\u0440\u043e\u0441\u0442\u043e\u0442\u0435!\u00bb \u042d\u0442\u043e \u043e\u0434\u043d\u043e\u0432\u0440\u0435\u043c\u0435\u043d\u043d\u043e \u043f\u0440\u0438\u0432\u043b\u0435\u043a\u0430\u0442\u0435\u043b\u044c\u043d\u044b\u0439 \u0438 \u043f\u0440\u0430\u043a\u0442\u0438\u0447\u043d\u044b\u0439 \u044d\u043b\u0435\u043c\u0435\u043d\u0442 \u0438\u043d\u0442\u0435\u0440\u044c\u0435\u0440\u0430. \u0418\u0434\u0435\u0430\u043b\u044c\u043d\u043e \u043f\u043e\u0434\u0445\u043e\u0434\u0438\u0442 \u0434\u043b\u044f \u0444\u0440\u0443\u043a\u0442\u043e\u0432.<\/p>\n","protected":false},"featured_media":57851,"menu_order":160,"template":"","meta":{"_acf_changed":false},"product_brand":[],"product_cat":[6305,5907],"product_tag":[],"class_list":{"0":"post-58856","1":"product","2":"type-product","3":"status-publish","4":"has-post-thumbnail","6":"product_cat----x","7":"product_cat---b---","8":"product_shipping_class-purunev-ru-2","10":"first","11":"instock","12":"taxable","13":"shipping-taxable","14":"purchasable","15":"product-type-simple"},"acf":[],"yoast_head":"<!-- This site is optimized with the Yoast SEO plugin v26.6 - https:\/\/yoast.com\/wordpress\/plugins\/seo\/ -->\n<title>\u041c\u0438\u0441\u043a\u0430, \u0431\u043b\u044e\u0434\u043e - Bamboo (\u0441 \u0437\u043e\u043b\u043e\u0442\u043e\u043c) 33,6 \u0441\u043c. - Karlev O\u00dc<\/title>\n<meta name=\"robots\" content=\"index, follow, max-snippet:-1, max-image-preview:large, max-video-preview:-1\" \/>\n<link rel=\"canonical\" href=\"https:\/\/kristall.ee\/ru\/toode\/\u043c\u0438\u0441\u043a\u0430-\u0431\u043b\u044e\u0434\u043e-bamboo-\u0441-\u0437\u043e\u043b\u043e\u0442\u043e\u043c-336-\u0441\u043c\/\" \/>\n<meta property=\"og:locale\" content=\"ru_RU\" \/>\n<meta property=\"og:type\" content=\"article\" \/>\n<meta property=\"og:title\" content=\"\u041c\u0438\u0441\u043a\u0430, \u0431\u043b\u044e\u0434\u043e - Bamboo (\u0441 \u0437\u043e\u043b\u043e\u0442\u043e\u043c) 33,6 \u0441\u043c. - Karlev O\u00dc\" \/>\n<meta property=\"og:description\" content=\"\u0427\u0435\u0445\u0438\u044f Bohemia Jihlava \u042d\u043a\u043e-\u0445\u0440\u0443\u0441\u0442\u0430\u043b\u044c \u0423\u043a\u0440\u0430\u0448\u0435\u043d\u0430 \u0432\u0440\u0443\u0447\u043d\u0443\u044e 24-\u043a\u0430\u0440\u0430\u0442\u043d\u044b\u043c \u0437\u043e\u043b\u043e\u0442\u043e \u0414\u0438\u0437\u0430\u0439\u043d: Bamboo \u0420\u0430\u0437\u043c\u0435\u0440:: diam.: 33,6cm. \u0426\u0435\u043d\u0430 \u0443\u043a\u0430\u0437\u0430\u043d\u0430 \u0437\u0430 \u043e\u0434\u043d\u043e (1) \u0431\u043b\u044e\u0434\u043e! \u0412\u043d\u0438\u043c\u0430\u043d\u0438\u0435! \u0421\u0442\u0438\u0440\u0430\u0442\u044c \u0432\u0440\u0443\u0447\u043d\u0443\u044e! \u0411\u043b\u044e\u0434\u043e \u0441 \u043a\u0440\u0430\u0441\u0438\u0432\u044b\u043c \u043e\u043f\u0442\u0438\u0447\u0435\u0441\u043a\u0438\u043c \u044d\u0444\u0444\u0435\u043a\u0442\u043e\u043c \u2013 \u00ab\u041a\u0440\u0430\u0441\u043e\u0442\u0430 \u0432 \u043f\u0440\u043e\u0441\u0442\u043e\u0442\u0435!\u00bb \u042d\u0442\u043e \u043e\u0434\u043d\u043e\u0432\u0440\u0435\u043c\u0435\u043d\u043d\u043e \u043f\u0440\u0438\u0432\u043b\u0435\u043a\u0430\u0442\u0435\u043b\u044c\u043d\u044b\u0439 \u0438 \u043f\u0440\u0430\u043a\u0442\u0438\u0447\u043d\u044b\u0439 \u044d\u043b\u0435\u043c\u0435\u043d\u0442 \u0438\u043d\u0442\u0435\u0440\u044c\u0435\u0440\u0430. \u0418\u0434\u0435\u0430\u043b\u044c\u043d\u043e \u043f\u043e\u0434\u0445\u043e\u0434\u0438\u0442 \u0434\u043b\u044f \u0444\u0440\u0443\u043a\u0442\u043e\u0432.\" \/>\n<meta property=\"og:url\" content=\"https:\/\/kristall.ee\/ru\/toode\/\u043c\u0438\u0441\u043a\u0430-\u0431\u043b\u044e\u0434\u043e-bamboo-\u0441-\u0437\u043e\u043b\u043e\u0442\u043e\u043c-336-\u0441\u043c\/\" \/>\n<meta property=\"og:site_name\" content=\"Karlev O\u00dc\" \/>\n<meta property=\"og:image\" content=\"https:\/\/kristall.ee\/wp-content\/uploads\/2025\/10\/kauss_bamboo.jpg\" \/>\n\t<meta property=\"og:image:width\" content=\"600\" \/>\n\t<meta property=\"og:image:height\" content=\"600\" \/>\n\t<meta property=\"og:image:type\" content=\"image\/jpeg\" \/>\n<meta name=\"twitter:card\" content=\"summary_large_image\" \/>\n<script type=\"application\/ld+json\" class=\"yoast-schema-graph\">{\"@context\":\"https:\/\/schema.org\",\"@graph\":[{\"@type\":\"WebPage\",\"@id\":\"https:\/\/kristall.ee\/ru\/toode\/%d0%bc%d0%b8%d1%81%d0%ba%d0%b0-%d0%b1%d0%bb%d1%8e%d0%b4%d0%be-bamboo-%d1%81-%d0%b7%d0%be%d0%bb%d0%be%d1%82%d0%be%d0%bc-336-%d1%81%d0%bc\/\",\"url\":\"https:\/\/kristall.ee\/ru\/toode\/%d0%bc%d0%b8%d1%81%d0%ba%d0%b0-%d0%b1%d0%bb%d1%8e%d0%b4%d0%be-bamboo-%d1%81-%d0%b7%d0%be%d0%bb%d0%be%d1%82%d0%be%d0%bc-336-%d1%81%d0%bc\/\",\"name\":\"\u041c\u0438\u0441\u043a\u0430, \u0431\u043b\u044e\u0434\u043e - Bamboo (\u0441 \u0437\u043e\u043b\u043e\u0442\u043e\u043c) 33,6 \u0441\u043c. - Karlev O\u00dc\",\"isPartOf\":{\"@id\":\"https:\/\/kristall.ee\/ru\/#website\"},\"primaryImageOfPage\":{\"@id\":\"https:\/\/kristall.ee\/ru\/toode\/%d0%bc%d0%b8%d1%81%d0%ba%d0%b0-%d0%b1%d0%bb%d1%8e%d0%b4%d0%be-bamboo-%d1%81-%d0%b7%d0%be%d0%bb%d0%be%d1%82%d0%be%d0%bc-336-%d1%81%d0%bc\/#primaryimage\"},\"image\":{\"@id\":\"https:\/\/kristall.ee\/ru\/toode\/%d0%bc%d0%b8%d1%81%d0%ba%d0%b0-%d0%b1%d0%bb%d1%8e%d0%b4%d0%be-bamboo-%d1%81-%d0%b7%d0%be%d0%bb%d0%be%d1%82%d0%be%d0%bc-336-%d1%81%d0%bc\/#primaryimage\"},\"thumbnailUrl\":\"https:\/\/kristall.ee\/wp-content\/uploads\/2025\/10\/kauss_bamboo.jpg\",\"datePublished\":\"2025-10-24T10:37:41+00:00\",\"breadcrumb\":{\"@id\":\"https:\/\/kristall.ee\/ru\/toode\/%d0%bc%d0%b8%d1%81%d0%ba%d0%b0-%d0%b1%d0%bb%d1%8e%d0%b4%d0%be-bamboo-%d1%81-%d0%b7%d0%be%d0%bb%d0%be%d1%82%d0%be%d0%bc-336-%d1%81%d0%bc\/#breadcrumb\"},\"inLanguage\":\"ru-RU\",\"potentialAction\":[{\"@type\":\"ReadAction\",\"target\":[\"https:\/\/kristall.ee\/ru\/toode\/%d0%bc%d0%b8%d1%81%d0%ba%d0%b0-%d0%b1%d0%bb%d1%8e%d0%b4%d0%be-bamboo-%d1%81-%d0%b7%d0%be%d0%bb%d0%be%d1%82%d0%be%d0%bc-336-%d1%81%d0%bc\/\"]}]},{\"@type\":\"ImageObject\",\"inLanguage\":\"ru-RU\",\"@id\":\"https:\/\/kristall.ee\/ru\/toode\/%d0%bc%d0%b8%d1%81%d0%ba%d0%b0-%d0%b1%d0%bb%d1%8e%d0%b4%d0%be-bamboo-%d1%81-%d0%b7%d0%be%d0%bb%d0%be%d1%82%d0%be%d0%bc-336-%d1%81%d0%bc\/#primaryimage\",\"url\":\"https:\/\/kristall.ee\/wp-content\/uploads\/2025\/10\/kauss_bamboo.jpg\",\"contentUrl\":\"https:\/\/kristall.ee\/wp-content\/uploads\/2025\/10\/kauss_bamboo.jpg\",\"width\":600,\"height\":600},{\"@type\":\"BreadcrumbList\",\"@id\":\"https:\/\/kristall.ee\/ru\/toode\/%d0%bc%d0%b8%d1%81%d0%ba%d0%b0-%d0%b1%d0%bb%d1%8e%d0%b4%d0%be-bamboo-%d1%81-%d0%b7%d0%be%d0%bb%d0%be%d1%82%d0%be%d0%bc-336-%d1%81%d0%bc\/#breadcrumb\",\"itemListElement\":[{\"@type\":\"ListItem\",\"position\":1,\"name\":\"Home\",\"item\":\"https:\/\/kristall.ee\/ru\/%d0%b3%d0%bb%d0%b0%d0%b2%d0%bd%d0%b0%d1%8f-%d1%81%d1%82%d1%80%d0%b0%d0%bd%d0%b8%d1%86%d0%b0\/\"},{\"@type\":\"ListItem\",\"position\":2,\"name\":\"\u0418\u043d\u0442\u0435\u0440\u043d\u0435\u0442-\u043c\u0430\u0433\u0430\u0437\u0438\u043d\",\"item\":\"https:\/\/kristall.ee\/ru\/shop\/\"},{\"@type\":\"ListItem\",\"position\":3,\"name\":\"\u041c\u0438\u0441\u043a\u0430, \u0431\u043b\u044e\u0434\u043e &#8211; Bamboo (\u0441 \u0437\u043e\u043b\u043e\u0442\u043e\u043c) 33,6 \u0441\u043c.\"}]},{\"@type\":\"WebSite\",\"@id\":\"https:\/\/kristall.ee\/ru\/#website\",\"url\":\"https:\/\/kristall.ee\/ru\/\",\"name\":\"Karlev O\u00dc - Iga p\u00e4ev on t\u00e4htp\u00e4ev\",\"description\":\"Iga p\u00e4ev on t\u00e4htp\u00e4ev!\",\"publisher\":{\"@id\":\"https:\/\/kristall.ee\/ru\/#organization\"},\"potentialAction\":[{\"@type\":\"SearchAction\",\"target\":{\"@type\":\"EntryPoint\",\"urlTemplate\":\"https:\/\/kristall.ee\/ru\/?s={search_term_string}\"},\"query-input\":{\"@type\":\"PropertyValueSpecification\",\"valueRequired\":true,\"valueName\":\"search_term_string\"}}],\"inLanguage\":\"ru-RU\"},{\"@type\":\"Organization\",\"@id\":\"https:\/\/kristall.ee\/ru\/#organization\",\"name\":\"Karlev O\u00dc\",\"url\":\"https:\/\/kristall.ee\/ru\/\",\"logo\":{\"@type\":\"ImageObject\",\"inLanguage\":\"ru-RU\",\"@id\":\"https:\/\/kristall.ee\/ru\/#\/schema\/logo\/image\/\",\"url\":\"https:\/\/kristall.ee\/wp-content\/uploads\/2025\/01\/Karlev-anno2_LOGO-04.webp\",\"contentUrl\":\"https:\/\/kristall.ee\/wp-content\/uploads\/2025\/01\/Karlev-anno2_LOGO-04.webp\",\"width\":767,\"height\":337,\"caption\":\"Karlev O\u00dc\"},\"image\":{\"@id\":\"https:\/\/kristall.ee\/ru\/#\/schema\/logo\/image\/\"}}]}<\/script>\n<!-- \/ Yoast SEO plugin. -->","yoast_head_json":{"title":"\u041c\u0438\u0441\u043a\u0430, \u0431\u043b\u044e\u0434\u043e - Bamboo (\u0441 \u0437\u043e\u043b\u043e\u0442\u043e\u043c) 33,6 \u0441\u043c. - Karlev O\u00dc","robots":{"index":"index","follow":"follow","max-snippet":"max-snippet:-1","max-image-preview":"max-image-preview:large","max-video-preview":"max-video-preview:-1"},"canonical":"https:\/\/kristall.ee\/ru\/toode\/\u043c\u0438\u0441\u043a\u0430-\u0431\u043b\u044e\u0434\u043e-bamboo-\u0441-\u0437\u043e\u043b\u043e\u0442\u043e\u043c-336-\u0441\u043c\/","og_locale":"ru_RU","og_type":"article","og_title":"\u041c\u0438\u0441\u043a\u0430, \u0431\u043b\u044e\u0434\u043e - Bamboo (\u0441 \u0437\u043e\u043b\u043e\u0442\u043e\u043c) 33,6 \u0441\u043c. - Karlev O\u00dc","og_description":"\u0427\u0435\u0445\u0438\u044f Bohemia Jihlava \u042d\u043a\u043e-\u0445\u0440\u0443\u0441\u0442\u0430\u043b\u044c \u0423\u043a\u0440\u0430\u0448\u0435\u043d\u0430 \u0432\u0440\u0443\u0447\u043d\u0443\u044e 24-\u043a\u0430\u0440\u0430\u0442\u043d\u044b\u043c \u0437\u043e\u043b\u043e\u0442\u043e \u0414\u0438\u0437\u0430\u0439\u043d: Bamboo \u0420\u0430\u0437\u043c\u0435\u0440:: diam.: 33,6cm. \u0426\u0435\u043d\u0430 \u0443\u043a\u0430\u0437\u0430\u043d\u0430 \u0437\u0430 \u043e\u0434\u043d\u043e (1) \u0431\u043b\u044e\u0434\u043e! \u0412\u043d\u0438\u043c\u0430\u043d\u0438\u0435! \u0421\u0442\u0438\u0440\u0430\u0442\u044c \u0432\u0440\u0443\u0447\u043d\u0443\u044e! \u0411\u043b\u044e\u0434\u043e \u0441 \u043a\u0440\u0430\u0441\u0438\u0432\u044b\u043c \u043e\u043f\u0442\u0438\u0447\u0435\u0441\u043a\u0438\u043c \u044d\u0444\u0444\u0435\u043a\u0442\u043e\u043c \u2013 \u00ab\u041a\u0440\u0430\u0441\u043e\u0442\u0430 \u0432 \u043f\u0440\u043e\u0441\u0442\u043e\u0442\u0435!\u00bb \u042d\u0442\u043e \u043e\u0434\u043d\u043e\u0432\u0440\u0435\u043c\u0435\u043d\u043d\u043e \u043f\u0440\u0438\u0432\u043b\u0435\u043a\u0430\u0442\u0435\u043b\u044c\u043d\u044b\u0439 \u0438 \u043f\u0440\u0430\u043a\u0442\u0438\u0447\u043d\u044b\u0439 \u044d\u043b\u0435\u043c\u0435\u043d\u0442 \u0438\u043d\u0442\u0435\u0440\u044c\u0435\u0440\u0430. \u0418\u0434\u0435\u0430\u043b\u044c\u043d\u043e \u043f\u043e\u0434\u0445\u043e\u0434\u0438\u0442 \u0434\u043b\u044f \u0444\u0440\u0443\u043a\u0442\u043e\u0432.","og_url":"https:\/\/kristall.ee\/ru\/toode\/\u043c\u0438\u0441\u043a\u0430-\u0431\u043b\u044e\u0434\u043e-bamboo-\u0441-\u0437\u043e\u043b\u043e\u0442\u043e\u043c-336-\u0441\u043c\/","og_site_name":"Karlev O\u00dc","og_image":[{"width":600,"height":600,"url":"https:\/\/kristall.ee\/wp-content\/uploads\/2025\/10\/kauss_bamboo.jpg","type":"image\/jpeg"}],"twitter_card":"summary_large_image","schema":{"@context":"https:\/\/schema.org","@graph":[{"@type":"WebPage","@id":"https:\/\/kristall.ee\/ru\/toode\/%d0%bc%d0%b8%d1%81%d0%ba%d0%b0-%d0%b1%d0%bb%d1%8e%d0%b4%d0%be-bamboo-%d1%81-%d0%b7%d0%be%d0%bb%d0%be%d1%82%d0%be%d0%bc-336-%d1%81%d0%bc\/","url":"https:\/\/kristall.ee\/ru\/toode\/%d0%bc%d0%b8%d1%81%d0%ba%d0%b0-%d0%b1%d0%bb%d1%8e%d0%b4%d0%be-bamboo-%d1%81-%d0%b7%d0%be%d0%bb%d0%be%d1%82%d0%be%d0%bc-336-%d1%81%d0%bc\/","name":"\u041c\u0438\u0441\u043a\u0430, \u0431\u043b\u044e\u0434\u043e - Bamboo (\u0441 \u0437\u043e\u043b\u043e\u0442\u043e\u043c) 33,6 \u0441\u043c. - Karlev O\u00dc","isPartOf":{"@id":"https:\/\/kristall.ee\/ru\/#website"},"primaryImageOfPage":{"@id":"https:\/\/kristall.ee\/ru\/toode\/%d0%bc%d0%b8%d1%81%d0%ba%d0%b0-%d0%b1%d0%bb%d1%8e%d0%b4%d0%be-bamboo-%d1%81-%d0%b7%d0%be%d0%bb%d0%be%d1%82%d0%be%d0%bc-336-%d1%81%d0%bc\/#primaryimage"},"image":{"@id":"https:\/\/kristall.ee\/ru\/toode\/%d0%bc%d0%b8%d1%81%d0%ba%d0%b0-%d0%b1%d0%bb%d1%8e%d0%b4%d0%be-bamboo-%d1%81-%d0%b7%d0%be%d0%bb%d0%be%d1%82%d0%be%d0%bc-336-%d1%81%d0%bc\/#primaryimage"},"thumbnailUrl":"https:\/\/kristall.ee\/wp-content\/uploads\/2025\/10\/kauss_bamboo.jpg","datePublished":"2025-10-24T10:37:41+00:00","breadcrumb":{"@id":"https:\/\/kristall.ee\/ru\/toode\/%d0%bc%d0%b8%d1%81%d0%ba%d0%b0-%d0%b1%d0%bb%d1%8e%d0%b4%d0%be-bamboo-%d1%81-%d0%b7%d0%be%d0%bb%d0%be%d1%82%d0%be%d0%bc-336-%d1%81%d0%bc\/#breadcrumb"},"inLanguage":"ru-RU","potentialAction":[{"@type":"ReadAction","target":["https:\/\/kristall.ee\/ru\/toode\/%d0%bc%d0%b8%d1%81%d0%ba%d0%b0-%d0%b1%d0%bb%d1%8e%d0%b4%d0%be-bamboo-%d1%81-%d0%b7%d0%be%d0%bb%d0%be%d1%82%d0%be%d0%bc-336-%d1%81%d0%bc\/"]}]},{"@type":"ImageObject","inLanguage":"ru-RU","@id":"https:\/\/kristall.ee\/ru\/toode\/%d0%bc%d0%b8%d1%81%d0%ba%d0%b0-%d0%b1%d0%bb%d1%8e%d0%b4%d0%be-bamboo-%d1%81-%d0%b7%d0%be%d0%bb%d0%be%d1%82%d0%be%d0%bc-336-%d1%81%d0%bc\/#primaryimage","url":"https:\/\/kristall.ee\/wp-content\/uploads\/2025\/10\/kauss_bamboo.jpg","contentUrl":"https:\/\/kristall.ee\/wp-content\/uploads\/2025\/10\/kauss_bamboo.jpg","width":600,"height":600},{"@type":"BreadcrumbList","@id":"https:\/\/kristall.ee\/ru\/toode\/%d0%bc%d0%b8%d1%81%d0%ba%d0%b0-%d0%b1%d0%bb%d1%8e%d0%b4%d0%be-bamboo-%d1%81-%d0%b7%d0%be%d0%bb%d0%be%d1%82%d0%be%d0%bc-336-%d1%81%d0%bc\/#breadcrumb","itemListElement":[{"@type":"ListItem","position":1,"name":"Home","item":"https:\/\/kristall.ee\/ru\/%d0%b3%d0%bb%d0%b0%d0%b2%d0%bd%d0%b0%d1%8f-%d1%81%d1%82%d1%80%d0%b0%d0%bd%d0%b8%d1%86%d0%b0\/"},{"@type":"ListItem","position":2,"name":"\u0418\u043d\u0442\u0435\u0440\u043d\u0435\u0442-\u043c\u0430\u0433\u0430\u0437\u0438\u043d","item":"https:\/\/kristall.ee\/ru\/shop\/"},{"@type":"ListItem","position":3,"name":"\u041c\u0438\u0441\u043a\u0430, \u0431\u043b\u044e\u0434\u043e &#8211; Bamboo (\u0441 \u0437\u043e\u043b\u043e\u0442\u043e\u043c) 33,6 \u0441\u043c."}]},{"@type":"WebSite","@id":"https:\/\/kristall.ee\/ru\/#website","url":"https:\/\/kristall.ee\/ru\/","name":"Karlev O\u00dc - Iga p\u00e4ev on t\u00e4htp\u00e4ev","description":"Iga p\u00e4ev on t\u00e4htp\u00e4ev!","publisher":{"@id":"https:\/\/kristall.ee\/ru\/#organization"},"potentialAction":[{"@type":"SearchAction","target":{"@type":"EntryPoint","urlTemplate":"https:\/\/kristall.ee\/ru\/?s={search_term_string}"},"query-input":{"@type":"PropertyValueSpecification","valueRequired":true,"valueName":"search_term_string"}}],"inLanguage":"ru-RU"},{"@type":"Organization","@id":"https:\/\/kristall.ee\/ru\/#organization","name":"Karlev O\u00dc","url":"https:\/\/kristall.ee\/ru\/","logo":{"@type":"ImageObject","inLanguage":"ru-RU","@id":"https:\/\/kristall.ee\/ru\/#\/schema\/logo\/image\/","url":"https:\/\/kristall.ee\/wp-content\/uploads\/2025\/01\/Karlev-anno2_LOGO-04.webp","contentUrl":"https:\/\/kristall.ee\/wp-content\/uploads\/2025\/01\/Karlev-anno2_LOGO-04.webp","width":767,"height":337,"caption":"Karlev O\u00dc"},"image":{"@id":"https:\/\/kristall.ee\/ru\/#\/schema\/logo\/image\/"}}]}},"_links":{"self":[{"href":"https:\/\/kristall.ee\/ru\/wp-json\/wp\/v2\/product\/58856","targetHints":{"allow":["GET"]}}],"collection":[{"href":"https:\/\/kristall.ee\/ru\/wp-json\/wp\/v2\/product"}],"about":[{"href":"https:\/\/kristall.ee\/ru\/wp-json\/wp\/v2\/types\/product"}],"wp:featuredmedia":[{"embeddable":true,"href":"https:\/\/kristall.ee\/ru\/wp-json\/wp\/v2\/media\/57851"}],"wp:attachment":[{"href":"https:\/\/kristall.ee\/ru\/wp-json\/wp\/v2\/media?parent=58856"}],"wp:term":[{"taxonomy":"product_brand","embeddable":true,"href":"https:\/\/kristall.ee\/ru\/wp-json\/wp\/v2\/product_brand?post=58856"},{"taxonomy":"product_cat","embeddable":true,"href":"https:\/\/kristall.ee\/ru\/wp-json\/wp\/v2\/product_cat?post=58856"},{"taxonomy":"product_tag","embeddable":true,"href":"https:\/\/kristall.ee\/ru\/wp-json\/wp\/v2\/product_tag?post=58856"}],"curies":[{"name":"wp","href":"https:\/\/api.w.org\/{rel}","templated":true}]}}