{"id":58852,"date":"2025-10-24T10:30:26","date_gmt":"2025-10-24T10:30:26","guid":{"rendered":"https:\/\/kristall.ee\/toode\/%d0%ba%d1%80%d1%83%d0%b6%d0%ba%d0%b0-%d1%81-%d0%bf%d0%be%d0%b4%d1%81%d1%82%d0%b0%d0%b2%d0%ba%d0%be%d0%b9-%d0%b8-%d0%bb%d0%be%d0%b6%d0%ba%d0%be%d0%b9-350-%d0%bc%d0%bb-%d1%81%d1%87%d0%b0%d1%81%d1%82\/"},"modified":"2025-10-24T10:30:26","modified_gmt":"2025-10-24T10:30:26","slug":"%d0%ba%d1%80%d1%83%d0%b6%d0%ba%d0%b0-%d1%81-%d0%bf%d0%be%d0%b4%d1%81%d1%82%d0%b0%d0%b2%d0%ba%d0%be%d0%b9-%d0%b8-%d0%bb%d0%be%d0%b6%d0%ba%d0%be%d0%b9-350-%d0%bc%d0%bb-%d1%81%d1%87%d0%b0%d1%81%d1%82","status":"publish","type":"product","link":"https:\/\/kristall.ee\/ru\/toode\/%d0%ba%d1%80%d1%83%d0%b6%d0%ba%d0%b0-%d1%81-%d0%bf%d0%be%d0%b4%d1%81%d1%82%d0%b0%d0%b2%d0%ba%d0%be%d0%b9-%d0%b8-%d0%bb%d0%be%d0%b6%d0%ba%d0%be%d0%b9-350-%d0%bc%d0%bb-%d1%81%d1%87%d0%b0%d1%81%d1%82\/","title":{"rendered":"\u041a\u0440\u0443\u0436\u043a\u0430 \u0441 \u043f\u043e\u0434\u0441\u0442\u0430\u0432\u043a\u043e\u0439 \u0438 \u043b\u043e\u0436\u043a\u043e\u0439 350 \u043c\u043b. &#8211; \u0421\u0447\u0430\u0441\u0442\u043b\u0438\u0432\u043e\u0433\u043e \u0420\u043e\u0436\u0434\u0435\u0441\u0442\u0432\u0430 (\u0441\u043e\u0431\u0430\u043a\u0430 \u0438 \u043a\u043e\u0448\u043a\u0430)"},"content":{"rendered":"<p>\u0418\u0442\u0430\u043b\u0438\u044f<br \/>\n\u0421\u0435\u0440\u0438\u044f: \u0420\u043e\u0436\u0434\u0435\u0441\u0442\u0432\u0435\u043d\u0441\u043a\u0430\u044f \u0431\u0430\u043d\u0434\u0430<br \/>\n\u0412 \u043d\u0430\u0431\u043e\u0440 \u0432\u0445\u043e\u0434\u044f\u0442:<br \/>\n\u0424\u0430\u0440\u0444\u043e\u0440\u043e\u0432\u0430\u044f \u043a\u0440\u0443\u0436\u043a\u0430 \u0438 \u043b\u043e\u0436\u043a\u0430<br \/>\n\u043f\u043e\u0434\u0441\u0442\u0430\u0432\u043a\u0430 \u043f\u043e\u0434 \u043a\u0440\u0443\u0436\u043a\u0443 \u0438\u0437 \u043f\u0440\u043e\u0431\u043a\u0438<br \/>\n\u0420\u0430\u0437\u043c\u0435\u0440 \u043a\u0440\u0443\u0436\u043a\u0438: 350 \u043c\u043b.<br \/>\n\u0420\u0430\u0437\u043c\u0435\u0440 \u043f\u043e\u0434\u0441\u0442\u0430\u0432\u043a\u0438 \u043f\u043e\u0434 \u043a\u0440\u0443\u0436\u043a\u0443: 10,4 x 10,4 \u0441\u043c.<br \/>\n\u0426\u0435\u043d\u0430 \u0443\u043a\u0430\u0437\u0430\u043d\u0430 \u0437\u0430 \u043e\u0434\u0438\u043d (1) \u043d\u0430\u0431\u043e\u0440 \u0432 \u043f\u043e\u0434\u0430\u0440\u043e\u0447\u043d\u043e\u0439 \u043a\u043e\u0440\u043e\u0431\u043a\u0435<br \/>\n\u041d\u0430 \u043d\u0430\u0431\u043e\u0440\u0435 \u0438\u0437\u043e\u0431\u0440\u0430\u0436\u0435\u043d\u044b \u0441\u043e\u0431\u0430\u043a\u0438 \u0438 \u043a\u043e\u0448\u043a\u0438, \u043a\u0430\u0442\u0430\u044e\u0449\u0438\u0435\u0441\u044f \u043d\u0430 \u0440\u043e\u0436\u0434\u0435\u0441\u0442\u0432\u0435\u043d\u0441\u043a\u0438\u0445 \u0441\u0430\u043d\u044f\u0445.<br \/>\n\u0421\u043e\u0447\u0435\u0442\u0430\u0435\u0442\u0441\u044f \u0441 \u0434\u0440\u0443\u0433\u0438\u043c\u0438 \u0442\u043e\u0432\u0430\u0440\u0430\u043c\u0438 \u0438\u0437 \u0441\u0435\u0440\u0438\u0438 \u00ab\u0421\u0447\u0430\u0441\u0442\u043b\u0438\u0432\u043e\u0433\u043e \u0420\u043e\u0436\u0434\u0435\u0441\u0442\u0432\u0430\u00bb.<\/p>\n","protected":false},"excerpt":{"rendered":"<p>\u0418\u0442\u0430\u043b\u0438\u044f \u0421\u0435\u0440\u0438\u044f: \u0420\u043e\u0436\u0434\u0435\u0441\u0442\u0432\u0435\u043d\u0441\u043a\u0430\u044f \u0431\u0430\u043d\u0434\u0430 \u0412 \u043d\u0430\u0431\u043e\u0440 \u0432\u0445\u043e\u0434\u044f\u0442: \u0424\u0430\u0440\u0444\u043e\u0440\u043e\u0432\u0430\u044f \u043a\u0440\u0443\u0436\u043a\u0430 \u0438 \u043b\u043e\u0436\u043a\u0430 \u043f\u043e\u0434\u0441\u0442\u0430\u0432\u043a\u0430 \u043f\u043e\u0434 \u043a\u0440\u0443\u0436\u043a\u0443 \u0438\u0437 \u043f\u0440\u043e\u0431\u043a\u0438 \u0420\u0430\u0437\u043c\u0435\u0440 \u043a\u0440\u0443\u0436\u043a\u0438: 350 \u043c\u043b. \u0420\u0430\u0437\u043c\u0435\u0440 \u043f\u043e\u0434\u0441\u0442\u0430\u0432\u043a\u0438 \u043f\u043e\u0434 \u043a\u0440\u0443\u0436\u043a\u0443: 10,4 x 10,4 \u0441\u043c. \u0426\u0435\u043d\u0430 \u0443\u043a\u0430\u0437\u0430\u043d\u0430 \u0437\u0430 \u043e\u0434\u0438\u043d (1) \u043d\u0430\u0431\u043e\u0440 \u0432 \u043f\u043e\u0434\u0430\u0440\u043e\u0447\u043d\u043e\u0439 \u043a\u043e\u0440\u043e\u0431\u043a\u0435 \u041d\u0430 \u043d\u0430\u0431\u043e\u0440\u0435 \u0438\u0437\u043e\u0431\u0440\u0430\u0436\u0435\u043d\u044b \u0441\u043e\u0431\u0430\u043a\u0438 \u0438 \u043a\u043e\u0448\u043a\u0438, \u043a\u0430\u0442\u0430\u044e\u0449\u0438\u0435\u0441\u044f \u043d\u0430 \u0440\u043e\u0436\u0434\u0435\u0441\u0442\u0432\u0435\u043d\u0441\u043a\u0438\u0445 \u0441\u0430\u043d\u044f\u0445. \u0421\u043e\u0447\u0435\u0442\u0430\u0435\u0442\u0441\u044f \u0441 \u0434\u0440\u0443\u0433\u0438\u043c\u0438 \u0442\u043e\u0432\u0430\u0440\u0430\u043c\u0438 \u0438\u0437 \u0441\u0435\u0440\u0438\u0438 \u00ab\u0421\u0447\u0430\u0441\u0442\u043b\u0438\u0432\u043e\u0433\u043e \u0420\u043e\u0436\u0434\u0435\u0441\u0442\u0432\u0430\u00bb.<\/p>\n","protected":false},"featured_media":57847,"menu_order":40,"template":"","meta":{"_acf_changed":false},"product_brand":[],"product_cat":[6281,5931,6265],"product_tag":[],"class_list":{"0":"post-58852","1":"product","2":"type-product","3":"status-publish","4":"has-post-thumbnail","6":"product_cat---2025-","7":"product_cat-5931","8":"product_cat-6265","9":"product_shipping_class-purunev-ru-2","11":"first","12":"instock","13":"taxable","14":"shipping-taxable","15":"purchasable","16":"product-type-simple"},"acf":[],"yoast_head":"<!-- This site is optimized with the Yoast SEO plugin v26.6 - https:\/\/yoast.com\/wordpress\/plugins\/seo\/ -->\n<title>\u041a\u0440\u0443\u0436\u043a\u0430 \u0441 \u043f\u043e\u0434\u0441\u0442\u0430\u0432\u043a\u043e\u0439 \u0438 \u043b\u043e\u0436\u043a\u043e\u0439 350 \u043c\u043b. - \u0421\u0447\u0430\u0441\u0442\u043b\u0438\u0432\u043e\u0433\u043e \u0420\u043e\u0436\u0434\u0435\u0441\u0442\u0432\u0430 (\u0441\u043e\u0431\u0430\u043a\u0430 \u0438 \u043a\u043e\u0448\u043a\u0430) - Karlev O\u00dc<\/title>\n<meta name=\"robots\" content=\"index, follow, max-snippet:-1, max-image-preview:large, max-video-preview:-1\" \/>\n<link rel=\"canonical\" href=\"https:\/\/kristall.ee\/ru\/toode\/\u043a\u0440\u0443\u0436\u043a\u0430-\u0441-\u043f\u043e\u0434\u0441\u0442\u0430\u0432\u043a\u043e\u0439-\u0438-\u043b\u043e\u0436\u043a\u043e\u0439-350-\u043c\u043b-\u0441\u0447\u0430\u0441\u0442\/\" \/>\n<meta property=\"og:locale\" content=\"ru_RU\" \/>\n<meta property=\"og:type\" content=\"article\" \/>\n<meta property=\"og:title\" content=\"\u041a\u0440\u0443\u0436\u043a\u0430 \u0441 \u043f\u043e\u0434\u0441\u0442\u0430\u0432\u043a\u043e\u0439 \u0438 \u043b\u043e\u0436\u043a\u043e\u0439 350 \u043c\u043b. - \u0421\u0447\u0430\u0441\u0442\u043b\u0438\u0432\u043e\u0433\u043e \u0420\u043e\u0436\u0434\u0435\u0441\u0442\u0432\u0430 (\u0441\u043e\u0431\u0430\u043a\u0430 \u0438 \u043a\u043e\u0448\u043a\u0430) - Karlev O\u00dc\" \/>\n<meta property=\"og:description\" content=\"\u0418\u0442\u0430\u043b\u0438\u044f \u0421\u0435\u0440\u0438\u044f: \u0420\u043e\u0436\u0434\u0435\u0441\u0442\u0432\u0435\u043d\u0441\u043a\u0430\u044f \u0431\u0430\u043d\u0434\u0430 \u0412 \u043d\u0430\u0431\u043e\u0440 \u0432\u0445\u043e\u0434\u044f\u0442: \u0424\u0430\u0440\u0444\u043e\u0440\u043e\u0432\u0430\u044f \u043a\u0440\u0443\u0436\u043a\u0430 \u0438 \u043b\u043e\u0436\u043a\u0430 \u043f\u043e\u0434\u0441\u0442\u0430\u0432\u043a\u0430 \u043f\u043e\u0434 \u043a\u0440\u0443\u0436\u043a\u0443 \u0438\u0437 \u043f\u0440\u043e\u0431\u043a\u0438 \u0420\u0430\u0437\u043c\u0435\u0440 \u043a\u0440\u0443\u0436\u043a\u0438: 350 \u043c\u043b. \u0420\u0430\u0437\u043c\u0435\u0440 \u043f\u043e\u0434\u0441\u0442\u0430\u0432\u043a\u0438 \u043f\u043e\u0434 \u043a\u0440\u0443\u0436\u043a\u0443: 10,4 x 10,4 \u0441\u043c. \u0426\u0435\u043d\u0430 \u0443\u043a\u0430\u0437\u0430\u043d\u0430 \u0437\u0430 \u043e\u0434\u0438\u043d (1) \u043d\u0430\u0431\u043e\u0440 \u0432 \u043f\u043e\u0434\u0430\u0440\u043e\u0447\u043d\u043e\u0439 \u043a\u043e\u0440\u043e\u0431\u043a\u0435 \u041d\u0430 \u043d\u0430\u0431\u043e\u0440\u0435 \u0438\u0437\u043e\u0431\u0440\u0430\u0436\u0435\u043d\u044b \u0441\u043e\u0431\u0430\u043a\u0438 \u0438 \u043a\u043e\u0448\u043a\u0438, \u043a\u0430\u0442\u0430\u044e\u0449\u0438\u0435\u0441\u044f \u043d\u0430 \u0440\u043e\u0436\u0434\u0435\u0441\u0442\u0432\u0435\u043d\u0441\u043a\u0438\u0445 \u0441\u0430\u043d\u044f\u0445. \u0421\u043e\u0447\u0435\u0442\u0430\u0435\u0442\u0441\u044f \u0441 \u0434\u0440\u0443\u0433\u0438\u043c\u0438 \u0442\u043e\u0432\u0430\u0440\u0430\u043c\u0438 \u0438\u0437 \u0441\u0435\u0440\u0438\u0438 \u00ab\u0421\u0447\u0430\u0441\u0442\u043b\u0438\u0432\u043e\u0433\u043e \u0420\u043e\u0436\u0434\u0435\u0441\u0442\u0432\u0430\u00bb.\" \/>\n<meta property=\"og:url\" content=\"https:\/\/kristall.ee\/ru\/toode\/\u043a\u0440\u0443\u0436\u043a\u0430-\u0441-\u043f\u043e\u0434\u0441\u0442\u0430\u0432\u043a\u043e\u0439-\u0438-\u043b\u043e\u0436\u043a\u043e\u0439-350-\u043c\u043b-\u0441\u0447\u0430\u0441\u0442\/\" \/>\n<meta property=\"og:site_name\" content=\"Karlev O\u00dc\" \/>\n<meta property=\"og:image\" content=\"https:\/\/kristall.ee\/wp-content\/uploads\/2025\/10\/R1045CHGA.jpg\" \/>\n\t<meta property=\"og:image:width\" content=\"600\" \/>\n\t<meta property=\"og:image:height\" content=\"600\" \/>\n\t<meta property=\"og:image:type\" content=\"image\/jpeg\" \/>\n<meta name=\"twitter:card\" content=\"summary_large_image\" \/>\n<script type=\"application\/ld+json\" class=\"yoast-schema-graph\">{\"@context\":\"https:\/\/schema.org\",\"@graph\":[{\"@type\":\"WebPage\",\"@id\":\"https:\/\/kristall.ee\/ru\/toode\/%d0%ba%d1%80%d1%83%d0%b6%d0%ba%d0%b0-%d1%81-%d0%bf%d0%be%d0%b4%d1%81%d1%82%d0%b0%d0%b2%d0%ba%d0%be%d0%b9-%d0%b8-%d0%bb%d0%be%d0%b6%d0%ba%d0%be%d0%b9-350-%d0%bc%d0%bb-%d1%81%d1%87%d0%b0%d1%81%d1%82\/\",\"url\":\"https:\/\/kristall.ee\/ru\/toode\/%d0%ba%d1%80%d1%83%d0%b6%d0%ba%d0%b0-%d1%81-%d0%bf%d0%be%d0%b4%d1%81%d1%82%d0%b0%d0%b2%d0%ba%d0%be%d0%b9-%d0%b8-%d0%bb%d0%be%d0%b6%d0%ba%d0%be%d0%b9-350-%d0%bc%d0%bb-%d1%81%d1%87%d0%b0%d1%81%d1%82\/\",\"name\":\"\u041a\u0440\u0443\u0436\u043a\u0430 \u0441 \u043f\u043e\u0434\u0441\u0442\u0430\u0432\u043a\u043e\u0439 \u0438 \u043b\u043e\u0436\u043a\u043e\u0439 350 \u043c\u043b. - \u0421\u0447\u0430\u0441\u0442\u043b\u0438\u0432\u043e\u0433\u043e \u0420\u043e\u0436\u0434\u0435\u0441\u0442\u0432\u0430 (\u0441\u043e\u0431\u0430\u043a\u0430 \u0438 \u043a\u043e\u0448\u043a\u0430) - Karlev O\u00dc\",\"isPartOf\":{\"@id\":\"https:\/\/kristall.ee\/ru\/#website\"},\"primaryImageOfPage\":{\"@id\":\"https:\/\/kristall.ee\/ru\/toode\/%d0%ba%d1%80%d1%83%d0%b6%d0%ba%d0%b0-%d1%81-%d0%bf%d0%be%d0%b4%d1%81%d1%82%d0%b0%d0%b2%d0%ba%d0%be%d0%b9-%d0%b8-%d0%bb%d0%be%d0%b6%d0%ba%d0%be%d0%b9-350-%d0%bc%d0%bb-%d1%81%d1%87%d0%b0%d1%81%d1%82\/#primaryimage\"},\"image\":{\"@id\":\"https:\/\/kristall.ee\/ru\/toode\/%d0%ba%d1%80%d1%83%d0%b6%d0%ba%d0%b0-%d1%81-%d0%bf%d0%be%d0%b4%d1%81%d1%82%d0%b0%d0%b2%d0%ba%d0%be%d0%b9-%d0%b8-%d0%bb%d0%be%d0%b6%d0%ba%d0%be%d0%b9-350-%d0%bc%d0%bb-%d1%81%d1%87%d0%b0%d1%81%d1%82\/#primaryimage\"},\"thumbnailUrl\":\"https:\/\/kristall.ee\/wp-content\/uploads\/2025\/10\/R1045CHGA.jpg\",\"datePublished\":\"2025-10-24T10:30:26+00:00\",\"breadcrumb\":{\"@id\":\"https:\/\/kristall.ee\/ru\/toode\/%d0%ba%d1%80%d1%83%d0%b6%d0%ba%d0%b0-%d1%81-%d0%bf%d0%be%d0%b4%d1%81%d1%82%d0%b0%d0%b2%d0%ba%d0%be%d0%b9-%d0%b8-%d0%bb%d0%be%d0%b6%d0%ba%d0%be%d0%b9-350-%d0%bc%d0%bb-%d1%81%d1%87%d0%b0%d1%81%d1%82\/#breadcrumb\"},\"inLanguage\":\"ru-RU\",\"potentialAction\":[{\"@type\":\"ReadAction\",\"target\":[\"https:\/\/kristall.ee\/ru\/toode\/%d0%ba%d1%80%d1%83%d0%b6%d0%ba%d0%b0-%d1%81-%d0%bf%d0%be%d0%b4%d1%81%d1%82%d0%b0%d0%b2%d0%ba%d0%be%d0%b9-%d0%b8-%d0%bb%d0%be%d0%b6%d0%ba%d0%be%d0%b9-350-%d0%bc%d0%bb-%d1%81%d1%87%d0%b0%d1%81%d1%82\/\"]}]},{\"@type\":\"ImageObject\",\"inLanguage\":\"ru-RU\",\"@id\":\"https:\/\/kristall.ee\/ru\/toode\/%d0%ba%d1%80%d1%83%d0%b6%d0%ba%d0%b0-%d1%81-%d0%bf%d0%be%d0%b4%d1%81%d1%82%d0%b0%d0%b2%d0%ba%d0%be%d0%b9-%d0%b8-%d0%bb%d0%be%d0%b6%d0%ba%d0%be%d0%b9-350-%d0%bc%d0%bb-%d1%81%d1%87%d0%b0%d1%81%d1%82\/#primaryimage\",\"url\":\"https:\/\/kristall.ee\/wp-content\/uploads\/2025\/10\/R1045CHGA.jpg\",\"contentUrl\":\"https:\/\/kristall.ee\/wp-content\/uploads\/2025\/10\/R1045CHGA.jpg\",\"width\":600,\"height\":600},{\"@type\":\"BreadcrumbList\",\"@id\":\"https:\/\/kristall.ee\/ru\/toode\/%d0%ba%d1%80%d1%83%d0%b6%d0%ba%d0%b0-%d1%81-%d0%bf%d0%be%d0%b4%d1%81%d1%82%d0%b0%d0%b2%d0%ba%d0%be%d0%b9-%d0%b8-%d0%bb%d0%be%d0%b6%d0%ba%d0%be%d0%b9-350-%d0%bc%d0%bb-%d1%81%d1%87%d0%b0%d1%81%d1%82\/#breadcrumb\",\"itemListElement\":[{\"@type\":\"ListItem\",\"position\":1,\"name\":\"Home\",\"item\":\"https:\/\/kristall.ee\/ru\/%d0%b3%d0%bb%d0%b0%d0%b2%d0%bd%d0%b0%d1%8f-%d1%81%d1%82%d1%80%d0%b0%d0%bd%d0%b8%d1%86%d0%b0\/\"},{\"@type\":\"ListItem\",\"position\":2,\"name\":\"\u0418\u043d\u0442\u0435\u0440\u043d\u0435\u0442-\u043c\u0430\u0433\u0430\u0437\u0438\u043d\",\"item\":\"https:\/\/kristall.ee\/ru\/shop\/\"},{\"@type\":\"ListItem\",\"position\":3,\"name\":\"\u041a\u0440\u0443\u0436\u043a\u0430 \u0441 \u043f\u043e\u0434\u0441\u0442\u0430\u0432\u043a\u043e\u0439 \u0438 \u043b\u043e\u0436\u043a\u043e\u0439 350 \u043c\u043b. &#8211; \u0421\u0447\u0430\u0441\u0442\u043b\u0438\u0432\u043e\u0433\u043e \u0420\u043e\u0436\u0434\u0435\u0441\u0442\u0432\u0430 (\u0441\u043e\u0431\u0430\u043a\u0430 \u0438 \u043a\u043e\u0448\u043a\u0430)\"}]},{\"@type\":\"WebSite\",\"@id\":\"https:\/\/kristall.ee\/ru\/#website\",\"url\":\"https:\/\/kristall.ee\/ru\/\",\"name\":\"Karlev O\u00dc - Iga p\u00e4ev on t\u00e4htp\u00e4ev\",\"description\":\"Iga p\u00e4ev on t\u00e4htp\u00e4ev!\",\"publisher\":{\"@id\":\"https:\/\/kristall.ee\/ru\/#organization\"},\"potentialAction\":[{\"@type\":\"SearchAction\",\"target\":{\"@type\":\"EntryPoint\",\"urlTemplate\":\"https:\/\/kristall.ee\/ru\/?s={search_term_string}\"},\"query-input\":{\"@type\":\"PropertyValueSpecification\",\"valueRequired\":true,\"valueName\":\"search_term_string\"}}],\"inLanguage\":\"ru-RU\"},{\"@type\":\"Organization\",\"@id\":\"https:\/\/kristall.ee\/ru\/#organization\",\"name\":\"Karlev O\u00dc\",\"url\":\"https:\/\/kristall.ee\/ru\/\",\"logo\":{\"@type\":\"ImageObject\",\"inLanguage\":\"ru-RU\",\"@id\":\"https:\/\/kristall.ee\/ru\/#\/schema\/logo\/image\/\",\"url\":\"https:\/\/kristall.ee\/wp-content\/uploads\/2025\/01\/Karlev-anno2_LOGO-04.webp\",\"contentUrl\":\"https:\/\/kristall.ee\/wp-content\/uploads\/2025\/01\/Karlev-anno2_LOGO-04.webp\",\"width\":767,\"height\":337,\"caption\":\"Karlev O\u00dc\"},\"image\":{\"@id\":\"https:\/\/kristall.ee\/ru\/#\/schema\/logo\/image\/\"}}]}<\/script>\n<!-- \/ Yoast SEO plugin. -->","yoast_head_json":{"title":"\u041a\u0440\u0443\u0436\u043a\u0430 \u0441 \u043f\u043e\u0434\u0441\u0442\u0430\u0432\u043a\u043e\u0439 \u0438 \u043b\u043e\u0436\u043a\u043e\u0439 350 \u043c\u043b. - \u0421\u0447\u0430\u0441\u0442\u043b\u0438\u0432\u043e\u0433\u043e \u0420\u043e\u0436\u0434\u0435\u0441\u0442\u0432\u0430 (\u0441\u043e\u0431\u0430\u043a\u0430 \u0438 \u043a\u043e\u0448\u043a\u0430) - Karlev O\u00dc","robots":{"index":"index","follow":"follow","max-snippet":"max-snippet:-1","max-image-preview":"max-image-preview:large","max-video-preview":"max-video-preview:-1"},"canonical":"https:\/\/kristall.ee\/ru\/toode\/\u043a\u0440\u0443\u0436\u043a\u0430-\u0441-\u043f\u043e\u0434\u0441\u0442\u0430\u0432\u043a\u043e\u0439-\u0438-\u043b\u043e\u0436\u043a\u043e\u0439-350-\u043c\u043b-\u0441\u0447\u0430\u0441\u0442\/","og_locale":"ru_RU","og_type":"article","og_title":"\u041a\u0440\u0443\u0436\u043a\u0430 \u0441 \u043f\u043e\u0434\u0441\u0442\u0430\u0432\u043a\u043e\u0439 \u0438 \u043b\u043e\u0436\u043a\u043e\u0439 350 \u043c\u043b. - \u0421\u0447\u0430\u0441\u0442\u043b\u0438\u0432\u043e\u0433\u043e \u0420\u043e\u0436\u0434\u0435\u0441\u0442\u0432\u0430 (\u0441\u043e\u0431\u0430\u043a\u0430 \u0438 \u043a\u043e\u0448\u043a\u0430) - Karlev O\u00dc","og_description":"\u0418\u0442\u0430\u043b\u0438\u044f \u0421\u0435\u0440\u0438\u044f: \u0420\u043e\u0436\u0434\u0435\u0441\u0442\u0432\u0435\u043d\u0441\u043a\u0430\u044f \u0431\u0430\u043d\u0434\u0430 \u0412 \u043d\u0430\u0431\u043e\u0440 \u0432\u0445\u043e\u0434\u044f\u0442: \u0424\u0430\u0440\u0444\u043e\u0440\u043e\u0432\u0430\u044f \u043a\u0440\u0443\u0436\u043a\u0430 \u0438 \u043b\u043e\u0436\u043a\u0430 \u043f\u043e\u0434\u0441\u0442\u0430\u0432\u043a\u0430 \u043f\u043e\u0434 \u043a\u0440\u0443\u0436\u043a\u0443 \u0438\u0437 \u043f\u0440\u043e\u0431\u043a\u0438 \u0420\u0430\u0437\u043c\u0435\u0440 \u043a\u0440\u0443\u0436\u043a\u0438: 350 \u043c\u043b. \u0420\u0430\u0437\u043c\u0435\u0440 \u043f\u043e\u0434\u0441\u0442\u0430\u0432\u043a\u0438 \u043f\u043e\u0434 \u043a\u0440\u0443\u0436\u043a\u0443: 10,4 x 10,4 \u0441\u043c. \u0426\u0435\u043d\u0430 \u0443\u043a\u0430\u0437\u0430\u043d\u0430 \u0437\u0430 \u043e\u0434\u0438\u043d (1) \u043d\u0430\u0431\u043e\u0440 \u0432 \u043f\u043e\u0434\u0430\u0440\u043e\u0447\u043d\u043e\u0439 \u043a\u043e\u0440\u043e\u0431\u043a\u0435 \u041d\u0430 \u043d\u0430\u0431\u043e\u0440\u0435 \u0438\u0437\u043e\u0431\u0440\u0430\u0436\u0435\u043d\u044b \u0441\u043e\u0431\u0430\u043a\u0438 \u0438 \u043a\u043e\u0448\u043a\u0438, \u043a\u0430\u0442\u0430\u044e\u0449\u0438\u0435\u0441\u044f \u043d\u0430 \u0440\u043e\u0436\u0434\u0435\u0441\u0442\u0432\u0435\u043d\u0441\u043a\u0438\u0445 \u0441\u0430\u043d\u044f\u0445. \u0421\u043e\u0447\u0435\u0442\u0430\u0435\u0442\u0441\u044f \u0441 \u0434\u0440\u0443\u0433\u0438\u043c\u0438 \u0442\u043e\u0432\u0430\u0440\u0430\u043c\u0438 \u0438\u0437 \u0441\u0435\u0440\u0438\u0438 \u00ab\u0421\u0447\u0430\u0441\u0442\u043b\u0438\u0432\u043e\u0433\u043e \u0420\u043e\u0436\u0434\u0435\u0441\u0442\u0432\u0430\u00bb.","og_url":"https:\/\/kristall.ee\/ru\/toode\/\u043a\u0440\u0443\u0436\u043a\u0430-\u0441-\u043f\u043e\u0434\u0441\u0442\u0430\u0432\u043a\u043e\u0439-\u0438-\u043b\u043e\u0436\u043a\u043e\u0439-350-\u043c\u043b-\u0441\u0447\u0430\u0441\u0442\/","og_site_name":"Karlev O\u00dc","og_image":[{"width":600,"height":600,"url":"https:\/\/kristall.ee\/wp-content\/uploads\/2025\/10\/R1045CHGA.jpg","type":"image\/jpeg"}],"twitter_card":"summary_large_image","schema":{"@context":"https:\/\/schema.org","@graph":[{"@type":"WebPage","@id":"https:\/\/kristall.ee\/ru\/toode\/%d0%ba%d1%80%d1%83%d0%b6%d0%ba%d0%b0-%d1%81-%d0%bf%d0%be%d0%b4%d1%81%d1%82%d0%b0%d0%b2%d0%ba%d0%be%d0%b9-%d0%b8-%d0%bb%d0%be%d0%b6%d0%ba%d0%be%d0%b9-350-%d0%bc%d0%bb-%d1%81%d1%87%d0%b0%d1%81%d1%82\/","url":"https:\/\/kristall.ee\/ru\/toode\/%d0%ba%d1%80%d1%83%d0%b6%d0%ba%d0%b0-%d1%81-%d0%bf%d0%be%d0%b4%d1%81%d1%82%d0%b0%d0%b2%d0%ba%d0%be%d0%b9-%d0%b8-%d0%bb%d0%be%d0%b6%d0%ba%d0%be%d0%b9-350-%d0%bc%d0%bb-%d1%81%d1%87%d0%b0%d1%81%d1%82\/","name":"\u041a\u0440\u0443\u0436\u043a\u0430 \u0441 \u043f\u043e\u0434\u0441\u0442\u0430\u0432\u043a\u043e\u0439 \u0438 \u043b\u043e\u0436\u043a\u043e\u0439 350 \u043c\u043b. - \u0421\u0447\u0430\u0441\u0442\u043b\u0438\u0432\u043e\u0433\u043e \u0420\u043e\u0436\u0434\u0435\u0441\u0442\u0432\u0430 (\u0441\u043e\u0431\u0430\u043a\u0430 \u0438 \u043a\u043e\u0448\u043a\u0430) - Karlev O\u00dc","isPartOf":{"@id":"https:\/\/kristall.ee\/ru\/#website"},"primaryImageOfPage":{"@id":"https:\/\/kristall.ee\/ru\/toode\/%d0%ba%d1%80%d1%83%d0%b6%d0%ba%d0%b0-%d1%81-%d0%bf%d0%be%d0%b4%d1%81%d1%82%d0%b0%d0%b2%d0%ba%d0%be%d0%b9-%d0%b8-%d0%bb%d0%be%d0%b6%d0%ba%d0%be%d0%b9-350-%d0%bc%d0%bb-%d1%81%d1%87%d0%b0%d1%81%d1%82\/#primaryimage"},"image":{"@id":"https:\/\/kristall.ee\/ru\/toode\/%d0%ba%d1%80%d1%83%d0%b6%d0%ba%d0%b0-%d1%81-%d0%bf%d0%be%d0%b4%d1%81%d1%82%d0%b0%d0%b2%d0%ba%d0%be%d0%b9-%d0%b8-%d0%bb%d0%be%d0%b6%d0%ba%d0%be%d0%b9-350-%d0%bc%d0%bb-%d1%81%d1%87%d0%b0%d1%81%d1%82\/#primaryimage"},"thumbnailUrl":"https:\/\/kristall.ee\/wp-content\/uploads\/2025\/10\/R1045CHGA.jpg","datePublished":"2025-10-24T10:30:26+00:00","breadcrumb":{"@id":"https:\/\/kristall.ee\/ru\/toode\/%d0%ba%d1%80%d1%83%d0%b6%d0%ba%d0%b0-%d1%81-%d0%bf%d0%be%d0%b4%d1%81%d1%82%d0%b0%d0%b2%d0%ba%d0%be%d0%b9-%d0%b8-%d0%bb%d0%be%d0%b6%d0%ba%d0%be%d0%b9-350-%d0%bc%d0%bb-%d1%81%d1%87%d0%b0%d1%81%d1%82\/#breadcrumb"},"inLanguage":"ru-RU","potentialAction":[{"@type":"ReadAction","target":["https:\/\/kristall.ee\/ru\/toode\/%d0%ba%d1%80%d1%83%d0%b6%d0%ba%d0%b0-%d1%81-%d0%bf%d0%be%d0%b4%d1%81%d1%82%d0%b0%d0%b2%d0%ba%d0%be%d0%b9-%d0%b8-%d0%bb%d0%be%d0%b6%d0%ba%d0%be%d0%b9-350-%d0%bc%d0%bb-%d1%81%d1%87%d0%b0%d1%81%d1%82\/"]}]},{"@type":"ImageObject","inLanguage":"ru-RU","@id":"https:\/\/kristall.ee\/ru\/toode\/%d0%ba%d1%80%d1%83%d0%b6%d0%ba%d0%b0-%d1%81-%d0%bf%d0%be%d0%b4%d1%81%d1%82%d0%b0%d0%b2%d0%ba%d0%be%d0%b9-%d0%b8-%d0%bb%d0%be%d0%b6%d0%ba%d0%be%d0%b9-350-%d0%bc%d0%bb-%d1%81%d1%87%d0%b0%d1%81%d1%82\/#primaryimage","url":"https:\/\/kristall.ee\/wp-content\/uploads\/2025\/10\/R1045CHGA.jpg","contentUrl":"https:\/\/kristall.ee\/wp-content\/uploads\/2025\/10\/R1045CHGA.jpg","width":600,"height":600},{"@type":"BreadcrumbList","@id":"https:\/\/kristall.ee\/ru\/toode\/%d0%ba%d1%80%d1%83%d0%b6%d0%ba%d0%b0-%d1%81-%d0%bf%d0%be%d0%b4%d1%81%d1%82%d0%b0%d0%b2%d0%ba%d0%be%d0%b9-%d0%b8-%d0%bb%d0%be%d0%b6%d0%ba%d0%be%d0%b9-350-%d0%bc%d0%bb-%d1%81%d1%87%d0%b0%d1%81%d1%82\/#breadcrumb","itemListElement":[{"@type":"ListItem","position":1,"name":"Home","item":"https:\/\/kristall.ee\/ru\/%d0%b3%d0%bb%d0%b0%d0%b2%d0%bd%d0%b0%d1%8f-%d1%81%d1%82%d1%80%d0%b0%d0%bd%d0%b8%d1%86%d0%b0\/"},{"@type":"ListItem","position":2,"name":"\u0418\u043d\u0442\u0435\u0440\u043d\u0435\u0442-\u043c\u0430\u0433\u0430\u0437\u0438\u043d","item":"https:\/\/kristall.ee\/ru\/shop\/"},{"@type":"ListItem","position":3,"name":"\u041a\u0440\u0443\u0436\u043a\u0430 \u0441 \u043f\u043e\u0434\u0441\u0442\u0430\u0432\u043a\u043e\u0439 \u0438 \u043b\u043e\u0436\u043a\u043e\u0439 350 \u043c\u043b. &#8211; \u0421\u0447\u0430\u0441\u0442\u043b\u0438\u0432\u043e\u0433\u043e \u0420\u043e\u0436\u0434\u0435\u0441\u0442\u0432\u0430 (\u0441\u043e\u0431\u0430\u043a\u0430 \u0438 \u043a\u043e\u0448\u043a\u0430)"}]},{"@type":"WebSite","@id":"https:\/\/kristall.ee\/ru\/#website","url":"https:\/\/kristall.ee\/ru\/","name":"Karlev O\u00dc - Iga p\u00e4ev on t\u00e4htp\u00e4ev","description":"Iga p\u00e4ev on t\u00e4htp\u00e4ev!","publisher":{"@id":"https:\/\/kristall.ee\/ru\/#organization"},"potentialAction":[{"@type":"SearchAction","target":{"@type":"EntryPoint","urlTemplate":"https:\/\/kristall.ee\/ru\/?s={search_term_string}"},"query-input":{"@type":"PropertyValueSpecification","valueRequired":true,"valueName":"search_term_string"}}],"inLanguage":"ru-RU"},{"@type":"Organization","@id":"https:\/\/kristall.ee\/ru\/#organization","name":"Karlev O\u00dc","url":"https:\/\/kristall.ee\/ru\/","logo":{"@type":"ImageObject","inLanguage":"ru-RU","@id":"https:\/\/kristall.ee\/ru\/#\/schema\/logo\/image\/","url":"https:\/\/kristall.ee\/wp-content\/uploads\/2025\/01\/Karlev-anno2_LOGO-04.webp","contentUrl":"https:\/\/kristall.ee\/wp-content\/uploads\/2025\/01\/Karlev-anno2_LOGO-04.webp","width":767,"height":337,"caption":"Karlev O\u00dc"},"image":{"@id":"https:\/\/kristall.ee\/ru\/#\/schema\/logo\/image\/"}}]}},"_links":{"self":[{"href":"https:\/\/kristall.ee\/ru\/wp-json\/wp\/v2\/product\/58852","targetHints":{"allow":["GET"]}}],"collection":[{"href":"https:\/\/kristall.ee\/ru\/wp-json\/wp\/v2\/product"}],"about":[{"href":"https:\/\/kristall.ee\/ru\/wp-json\/wp\/v2\/types\/product"}],"wp:featuredmedia":[{"embeddable":true,"href":"https:\/\/kristall.ee\/ru\/wp-json\/wp\/v2\/media\/57847"}],"wp:attachment":[{"href":"https:\/\/kristall.ee\/ru\/wp-json\/wp\/v2\/media?parent=58852"}],"wp:term":[{"taxonomy":"product_brand","embeddable":true,"href":"https:\/\/kristall.ee\/ru\/wp-json\/wp\/v2\/product_brand?post=58852"},{"taxonomy":"product_cat","embeddable":true,"href":"https:\/\/kristall.ee\/ru\/wp-json\/wp\/v2\/product_cat?post=58852"},{"taxonomy":"product_tag","embeddable":true,"href":"https:\/\/kristall.ee\/ru\/wp-json\/wp\/v2\/product_tag?post=58852"}],"curies":[{"name":"wp","href":"https:\/\/api.w.org\/{rel}","templated":true}]}}