{"id":58712,"date":"2025-12-16T12:04:45","date_gmt":"2025-12-16T12:04:45","guid":{"rendered":"https:\/\/kristall.ee\/?post_type=product&#038;p=58712"},"modified":"2026-04-09T15:35:01","modified_gmt":"2026-04-09T15:35:01","slug":"kristallist-vaas-305cm-57001","status":"publish","type":"product","link":"https:\/\/kristall.ee\/ru\/toode\/kristallist-vaas-305cm-57001\/","title":{"rendered":"Kristallist vaas 30,5cm (57001)"},"content":{"rendered":"<p>T\u0161ehhi<\/p>\n<p>Bohemia k\u00e4sit\u00f6\u00f6 kristall<\/p>\n<p>mustriga: 57001<br \/>\nVaasi k\u00f5rgus: 30,5cm.<br \/>\nMuster lihvitakse vaasile vanade traditsioonide kohaselt k\u00e4sit\u00f6\u00f6na.<\/p>\n<p>Hind kehtib \u00fchele (1) vaasile kinkekarbis.<\/p>\n<p>Bohemia k\u00f5ige traditsioonilisema mustriga vaas lisab elegantsust Sinu koju.<\/p>\n<p>Sobib suurep\u00e4raselt suurte lillede v\u00f5i okste jaoks. Osta vaid vaas v\u00f5i loo t\u00e4isulik komplekt teiste sama sarja (57001, 57011) toodetega.<\/p>\n<p>&nbsp;<\/p>\n","protected":false},"excerpt":{"rendered":"<p>T\u0161ehhi Bohemia k\u00e4sit\u00f6\u00f6 kristall mustriga: 57001 Vaasi k\u00f5rgus: 30,5cm. Muster lihvitakse vaasile vanade traditsioonide kohaselt k\u00e4sit\u00f6\u00f6na. Hind kehtib \u00fchele (1) vaasile kinkekarbis. Bohemia k\u00f5ige traditsioonilisema mustriga vaas lisab elegantsust Sinu koju. Sobib suurep\u00e4raselt suurte lillede v\u00f5i okste jaoks. Osta vaid vaas v\u00f5i loo t\u00e4isulik komplekt teiste sama sarja (57001, 57011) toodetega. &nbsp;<\/p>\n","protected":false},"featured_media":58713,"menu_order":2664,"template":"","meta":{"_acf_changed":false},"product_brand":[],"product_cat":[6386,6302],"product_tag":[],"class_list":{"0":"post-58712","1":"product","2":"type-product","3":"status-publish","4":"has-post-thumbnail","6":"product_cat-kodusisustus-vaasid","7":"product_cat-eriline-kristall","8":"product_shipping_class-purunev","10":"first","11":"instock","12":"taxable","13":"shipping-taxable","14":"purchasable","15":"product-type-simple"},"acf":[],"yoast_head":"<!-- This site is optimized with the Yoast SEO plugin v26.6 - https:\/\/yoast.com\/wordpress\/plugins\/seo\/ -->\n<title>Kristallist vaas 30,5cm (57001) - Karlev O\u00dc<\/title>\n<meta name=\"robots\" content=\"index, follow, max-snippet:-1, max-image-preview:large, max-video-preview:-1\" \/>\n<link rel=\"canonical\" href=\"https:\/\/kristall.ee\/toode\/kristallist-vaas-305cm-57001\/\" \/>\n<meta property=\"og:locale\" content=\"ru_RU\" \/>\n<meta property=\"og:type\" content=\"article\" \/>\n<meta property=\"og:title\" content=\"Kristallist vaas 30,5cm (57001) - Karlev O\u00dc\" \/>\n<meta property=\"og:description\" content=\"T\u0161ehhi Bohemia k\u00e4sit\u00f6\u00f6 kristall mustriga: 57001 Vaasi k\u00f5rgus: 30,5cm. Muster lihvitakse vaasile vanade traditsioonide kohaselt k\u00e4sit\u00f6\u00f6na. Hind kehtib \u00fchele (1) vaasile kinkekarbis. Bohemia k\u00f5ige traditsioonilisema mustriga vaas lisab elegantsust Sinu koju. Sobib suurep\u00e4raselt suurte lillede v\u00f5i okste jaoks. Osta vaid vaas v\u00f5i loo t\u00e4isulik komplekt teiste sama sarja (57001, 57011) toodetega. &nbsp;\" \/>\n<meta property=\"og:url\" content=\"https:\/\/kristall.ee\/toode\/kristallist-vaas-305cm-57001\/\" \/>\n<meta property=\"og:site_name\" content=\"Karlev O\u00dc\" \/>\n<meta property=\"article:modified_time\" content=\"2026-04-09T15:35:01+00:00\" \/>\n<meta property=\"og:image\" content=\"https:\/\/kristall.ee\/wp-content\/uploads\/2025\/12\/8019530557001_7.png\" \/>\n\t<meta property=\"og:image:width\" content=\"600\" \/>\n\t<meta property=\"og:image:height\" content=\"600\" \/>\n\t<meta property=\"og:image:type\" content=\"image\/png\" \/>\n<meta name=\"twitter:card\" content=\"summary_large_image\" \/>\n<meta name=\"twitter:label1\" content=\"\u041f\u0440\u0438\u043c\u0435\u0440\u043d\u043e\u0435 \u0432\u0440\u0435\u043c\u044f \u0434\u043b\u044f \u0447\u0442\u0435\u043d\u0438\u044f\" \/>\n\t<meta name=\"twitter:data1\" content=\"1 \u043c\u0438\u043d\u0443\u0442\u0430\" \/>\n<script type=\"application\/ld+json\" class=\"yoast-schema-graph\">{\"@context\":\"https:\/\/schema.org\",\"@graph\":[{\"@type\":\"WebPage\",\"@id\":\"https:\/\/kristall.ee\/toode\/kristallist-vaas-305cm-57001\/\",\"url\":\"https:\/\/kristall.ee\/toode\/kristallist-vaas-305cm-57001\/\",\"name\":\"Kristallist vaas 30,5cm (57001) - Karlev O\u00dc\",\"isPartOf\":{\"@id\":\"https:\/\/kristall.ee\/ru\/#website\"},\"primaryImageOfPage\":{\"@id\":\"https:\/\/kristall.ee\/toode\/kristallist-vaas-305cm-57001\/#primaryimage\"},\"image\":{\"@id\":\"https:\/\/kristall.ee\/toode\/kristallist-vaas-305cm-57001\/#primaryimage\"},\"thumbnailUrl\":\"https:\/\/kristall.ee\/wp-content\/uploads\/2025\/12\/8019530557001_7.png\",\"datePublished\":\"2025-12-16T12:04:45+00:00\",\"dateModified\":\"2026-04-09T15:35:01+00:00\",\"breadcrumb\":{\"@id\":\"https:\/\/kristall.ee\/toode\/kristallist-vaas-305cm-57001\/#breadcrumb\"},\"inLanguage\":\"ru-RU\",\"potentialAction\":[{\"@type\":\"ReadAction\",\"target\":[\"https:\/\/kristall.ee\/toode\/kristallist-vaas-305cm-57001\/\"]}]},{\"@type\":\"ImageObject\",\"inLanguage\":\"ru-RU\",\"@id\":\"https:\/\/kristall.ee\/toode\/kristallist-vaas-305cm-57001\/#primaryimage\",\"url\":\"https:\/\/kristall.ee\/wp-content\/uploads\/2025\/12\/8019530557001_7.png\",\"contentUrl\":\"https:\/\/kristall.ee\/wp-content\/uploads\/2025\/12\/8019530557001_7.png\",\"width\":600,\"height\":600},{\"@type\":\"BreadcrumbList\",\"@id\":\"https:\/\/kristall.ee\/toode\/kristallist-vaas-305cm-57001\/#breadcrumb\",\"itemListElement\":[{\"@type\":\"ListItem\",\"position\":1,\"name\":\"Home\",\"item\":\"https:\/\/kristall.ee\/ru\/%d0%b3%d0%bb%d0%b0%d0%b2%d0%bd%d0%b0%d1%8f-%d1%81%d1%82%d1%80%d0%b0%d0%bd%d0%b8%d1%86%d0%b0\/\"},{\"@type\":\"ListItem\",\"position\":2,\"name\":\"\u0418\u043d\u0442\u0435\u0440\u043d\u0435\u0442-\u043c\u0430\u0433\u0430\u0437\u0438\u043d\",\"item\":\"https:\/\/kristall.ee\/ru\/shop\/\"},{\"@type\":\"ListItem\",\"position\":3,\"name\":\"Kristallist vaas 30,5cm (57001)\"}]},{\"@type\":\"WebSite\",\"@id\":\"https:\/\/kristall.ee\/ru\/#website\",\"url\":\"https:\/\/kristall.ee\/ru\/\",\"name\":\"Karlev O\u00dc - Iga p\u00e4ev on t\u00e4htp\u00e4ev\",\"description\":\"Iga p\u00e4ev on t\u00e4htp\u00e4ev!\",\"publisher\":{\"@id\":\"https:\/\/kristall.ee\/ru\/#organization\"},\"potentialAction\":[{\"@type\":\"SearchAction\",\"target\":{\"@type\":\"EntryPoint\",\"urlTemplate\":\"https:\/\/kristall.ee\/ru\/?s={search_term_string}\"},\"query-input\":{\"@type\":\"PropertyValueSpecification\",\"valueRequired\":true,\"valueName\":\"search_term_string\"}}],\"inLanguage\":\"ru-RU\"},{\"@type\":\"Organization\",\"@id\":\"https:\/\/kristall.ee\/ru\/#organization\",\"name\":\"Karlev O\u00dc\",\"url\":\"https:\/\/kristall.ee\/ru\/\",\"logo\":{\"@type\":\"ImageObject\",\"inLanguage\":\"ru-RU\",\"@id\":\"https:\/\/kristall.ee\/ru\/#\/schema\/logo\/image\/\",\"url\":\"https:\/\/kristall.ee\/wp-content\/uploads\/2025\/01\/Karlev-anno2_LOGO-04.webp\",\"contentUrl\":\"https:\/\/kristall.ee\/wp-content\/uploads\/2025\/01\/Karlev-anno2_LOGO-04.webp\",\"width\":767,\"height\":337,\"caption\":\"Karlev O\u00dc\"},\"image\":{\"@id\":\"https:\/\/kristall.ee\/ru\/#\/schema\/logo\/image\/\"}}]}<\/script>\n<!-- \/ Yoast SEO plugin. -->","yoast_head_json":{"title":"Kristallist vaas 30,5cm (57001) - Karlev O\u00dc","robots":{"index":"index","follow":"follow","max-snippet":"max-snippet:-1","max-image-preview":"max-image-preview:large","max-video-preview":"max-video-preview:-1"},"canonical":"https:\/\/kristall.ee\/toode\/kristallist-vaas-305cm-57001\/","og_locale":"ru_RU","og_type":"article","og_title":"Kristallist vaas 30,5cm (57001) - Karlev O\u00dc","og_description":"T\u0161ehhi Bohemia k\u00e4sit\u00f6\u00f6 kristall mustriga: 57001 Vaasi k\u00f5rgus: 30,5cm. Muster lihvitakse vaasile vanade traditsioonide kohaselt k\u00e4sit\u00f6\u00f6na. Hind kehtib \u00fchele (1) vaasile kinkekarbis. Bohemia k\u00f5ige traditsioonilisema mustriga vaas lisab elegantsust Sinu koju. Sobib suurep\u00e4raselt suurte lillede v\u00f5i okste jaoks. Osta vaid vaas v\u00f5i loo t\u00e4isulik komplekt teiste sama sarja (57001, 57011) toodetega. &nbsp;","og_url":"https:\/\/kristall.ee\/toode\/kristallist-vaas-305cm-57001\/","og_site_name":"Karlev O\u00dc","article_modified_time":"2026-04-09T15:35:01+00:00","og_image":[{"width":600,"height":600,"url":"https:\/\/kristall.ee\/wp-content\/uploads\/2025\/12\/8019530557001_7.png","type":"image\/png"}],"twitter_card":"summary_large_image","twitter_misc":{"\u041f\u0440\u0438\u043c\u0435\u0440\u043d\u043e\u0435 \u0432\u0440\u0435\u043c\u044f \u0434\u043b\u044f \u0447\u0442\u0435\u043d\u0438\u044f":"1 \u043c\u0438\u043d\u0443\u0442\u0430"},"schema":{"@context":"https:\/\/schema.org","@graph":[{"@type":"WebPage","@id":"https:\/\/kristall.ee\/toode\/kristallist-vaas-305cm-57001\/","url":"https:\/\/kristall.ee\/toode\/kristallist-vaas-305cm-57001\/","name":"Kristallist vaas 30,5cm (57001) - Karlev O\u00dc","isPartOf":{"@id":"https:\/\/kristall.ee\/ru\/#website"},"primaryImageOfPage":{"@id":"https:\/\/kristall.ee\/toode\/kristallist-vaas-305cm-57001\/#primaryimage"},"image":{"@id":"https:\/\/kristall.ee\/toode\/kristallist-vaas-305cm-57001\/#primaryimage"},"thumbnailUrl":"https:\/\/kristall.ee\/wp-content\/uploads\/2025\/12\/8019530557001_7.png","datePublished":"2025-12-16T12:04:45+00:00","dateModified":"2026-04-09T15:35:01+00:00","breadcrumb":{"@id":"https:\/\/kristall.ee\/toode\/kristallist-vaas-305cm-57001\/#breadcrumb"},"inLanguage":"ru-RU","potentialAction":[{"@type":"ReadAction","target":["https:\/\/kristall.ee\/toode\/kristallist-vaas-305cm-57001\/"]}]},{"@type":"ImageObject","inLanguage":"ru-RU","@id":"https:\/\/kristall.ee\/toode\/kristallist-vaas-305cm-57001\/#primaryimage","url":"https:\/\/kristall.ee\/wp-content\/uploads\/2025\/12\/8019530557001_7.png","contentUrl":"https:\/\/kristall.ee\/wp-content\/uploads\/2025\/12\/8019530557001_7.png","width":600,"height":600},{"@type":"BreadcrumbList","@id":"https:\/\/kristall.ee\/toode\/kristallist-vaas-305cm-57001\/#breadcrumb","itemListElement":[{"@type":"ListItem","position":1,"name":"Home","item":"https:\/\/kristall.ee\/ru\/%d0%b3%d0%bb%d0%b0%d0%b2%d0%bd%d0%b0%d1%8f-%d1%81%d1%82%d1%80%d0%b0%d0%bd%d0%b8%d1%86%d0%b0\/"},{"@type":"ListItem","position":2,"name":"\u0418\u043d\u0442\u0435\u0440\u043d\u0435\u0442-\u043c\u0430\u0433\u0430\u0437\u0438\u043d","item":"https:\/\/kristall.ee\/ru\/shop\/"},{"@type":"ListItem","position":3,"name":"Kristallist vaas 30,5cm (57001)"}]},{"@type":"WebSite","@id":"https:\/\/kristall.ee\/ru\/#website","url":"https:\/\/kristall.ee\/ru\/","name":"Karlev O\u00dc - Iga p\u00e4ev on t\u00e4htp\u00e4ev","description":"Iga p\u00e4ev on t\u00e4htp\u00e4ev!","publisher":{"@id":"https:\/\/kristall.ee\/ru\/#organization"},"potentialAction":[{"@type":"SearchAction","target":{"@type":"EntryPoint","urlTemplate":"https:\/\/kristall.ee\/ru\/?s={search_term_string}"},"query-input":{"@type":"PropertyValueSpecification","valueRequired":true,"valueName":"search_term_string"}}],"inLanguage":"ru-RU"},{"@type":"Organization","@id":"https:\/\/kristall.ee\/ru\/#organization","name":"Karlev O\u00dc","url":"https:\/\/kristall.ee\/ru\/","logo":{"@type":"ImageObject","inLanguage":"ru-RU","@id":"https:\/\/kristall.ee\/ru\/#\/schema\/logo\/image\/","url":"https:\/\/kristall.ee\/wp-content\/uploads\/2025\/01\/Karlev-anno2_LOGO-04.webp","contentUrl":"https:\/\/kristall.ee\/wp-content\/uploads\/2025\/01\/Karlev-anno2_LOGO-04.webp","width":767,"height":337,"caption":"Karlev O\u00dc"},"image":{"@id":"https:\/\/kristall.ee\/ru\/#\/schema\/logo\/image\/"}}]}},"_links":{"self":[{"href":"https:\/\/kristall.ee\/ru\/wp-json\/wp\/v2\/product\/58712","targetHints":{"allow":["GET"]}}],"collection":[{"href":"https:\/\/kristall.ee\/ru\/wp-json\/wp\/v2\/product"}],"about":[{"href":"https:\/\/kristall.ee\/ru\/wp-json\/wp\/v2\/types\/product"}],"wp:featuredmedia":[{"embeddable":true,"href":"https:\/\/kristall.ee\/ru\/wp-json\/wp\/v2\/media\/58713"}],"wp:attachment":[{"href":"https:\/\/kristall.ee\/ru\/wp-json\/wp\/v2\/media?parent=58712"}],"wp:term":[{"taxonomy":"product_brand","embeddable":true,"href":"https:\/\/kristall.ee\/ru\/wp-json\/wp\/v2\/product_brand?post=58712"},{"taxonomy":"product_cat","embeddable":true,"href":"https:\/\/kristall.ee\/ru\/wp-json\/wp\/v2\/product_cat?post=58712"},{"taxonomy":"product_tag","embeddable":true,"href":"https:\/\/kristall.ee\/ru\/wp-json\/wp\/v2\/product_tag?post=58712"}],"curies":[{"name":"wp","href":"https:\/\/api.w.org\/{rel}","templated":true}]}}