{"id":58443,"date":"2025-12-01T12:27:13","date_gmt":"2025-12-01T12:27:13","guid":{"rendered":"https:\/\/kristall.ee\/?post_type=product&#038;p=58443"},"modified":"2026-04-09T16:25:12","modified_gmt":"2026-04-09T16:25:12","slug":"kahekordne-alus-magusad-hetked","status":"publish","type":"product","link":"https:\/\/kristall.ee\/ru\/toode\/kahekordne-alus-magusad-hetked\/","title":{"rendered":"Kahekordne alus &#8211; Magusad hetked"},"content":{"rendered":"<p>Itaalia<\/p>\n<p>Portselan<\/p>\n<p>Sari: Sweet Moments<\/p>\n<p>Suurus: h = 23 cm.<br \/>\nalumine taldrik: diam.: 18 cm.<br \/>\n\u00fclemine taldrik: diam.: 14,5cm.<\/p>\n<p>Hind kehtib \u00fchele (1) kahekordsele alusele\u00a0 kinkekarbis.<\/p>\n<p>Sobita teiste Sweet Moments, Barista v\u00f5i Sweet Christmas sarja toodetega.<br \/>\nSobib suurep\u00e4raselt suurele magusa armastajale. V\u00e4ga praktiline abiline serveerimisel.<\/p>\n<p>Kahekordse aluse portselaanist osi v\u00f5ib pesta ka n\u00f5udepesumasinas.<\/p>\n","protected":false},"excerpt":{"rendered":"<p>Itaalia Portselan Sari: Sweet Moments Suurus: h = 23 cm. alumine taldrik: diam.: 18 cm. \u00fclemine taldrik: diam.: 14,5cm. Hind kehtib \u00fchele (1) kahekordsele alusele\u00a0 kinkekarbis. Sobita teiste Sweet Moments, Barista v\u00f5i Sweet Christmas sarja toodetega. Sobib suurep\u00e4raselt suurele magusa armastajale. V\u00e4ga praktiline abiline serveerimisel. Kahekordse aluse portselaanist osi v\u00f5ib pesta ka n\u00f5udepesumasinas.<\/p>\n","protected":false},"featured_media":58444,"menu_order":10,"template":"","meta":{"_acf_changed":false},"product_brand":[],"product_cat":[5948,5908],"product_tag":[],"class_list":{"0":"post-58443","1":"product","2":"type-product","3":"status-publish","4":"has-post-thumbnail","6":"product_cat-lauanoud-portselan-taldrikud-alused","7":"product_cat-lauanoud-kandikud-vaagnad-tordialused-alused","8":"product_shipping_class-purunev","10":"first","11":"instock","12":"taxable","13":"shipping-taxable","14":"purchasable","15":"product-type-simple"},"acf":[],"yoast_head":"<!-- This site is optimized with the Yoast SEO plugin v26.6 - https:\/\/yoast.com\/wordpress\/plugins\/seo\/ -->\n<title>Kahekordne alus - Magusad hetked - Karlev O\u00dc<\/title>\n<meta name=\"robots\" content=\"index, follow, max-snippet:-1, max-image-preview:large, max-video-preview:-1\" \/>\n<link rel=\"canonical\" href=\"https:\/\/kristall.ee\/toode\/kahekordne-alus-magusad-hetked\/\" \/>\n<meta property=\"og:locale\" content=\"ru_RU\" \/>\n<meta property=\"og:type\" content=\"article\" \/>\n<meta property=\"og:title\" content=\"Kahekordne alus - Magusad hetked - Karlev O\u00dc\" \/>\n<meta property=\"og:description\" content=\"Itaalia Portselan Sari: Sweet Moments Suurus: h = 23 cm. alumine taldrik: diam.: 18 cm. \u00fclemine taldrik: diam.: 14,5cm. Hind kehtib \u00fchele (1) kahekordsele alusele\u00a0 kinkekarbis. Sobita teiste Sweet Moments, Barista v\u00f5i Sweet Christmas sarja toodetega. Sobib suurep\u00e4raselt suurele magusa armastajale. V\u00e4ga praktiline abiline serveerimisel. Kahekordse aluse portselaanist osi v\u00f5ib pesta ka n\u00f5udepesumasinas.\" \/>\n<meta property=\"og:url\" content=\"https:\/\/kristall.ee\/toode\/kahekordne-alus-magusad-hetked\/\" \/>\n<meta property=\"og:site_name\" content=\"Karlev O\u00dc\" \/>\n<meta property=\"article:modified_time\" content=\"2026-04-09T16:25:12+00:00\" \/>\n<meta property=\"og:image\" content=\"https:\/\/kristall.ee\/wp-content\/uploads\/2025\/12\/R1439SWEM.jpg\" \/>\n\t<meta property=\"og:image:width\" content=\"600\" \/>\n\t<meta property=\"og:image:height\" content=\"600\" \/>\n\t<meta property=\"og:image:type\" content=\"image\/jpeg\" \/>\n<meta name=\"twitter:card\" content=\"summary_large_image\" \/>\n<meta name=\"twitter:label1\" content=\"\u041f\u0440\u0438\u043c\u0435\u0440\u043d\u043e\u0435 \u0432\u0440\u0435\u043c\u044f \u0434\u043b\u044f \u0447\u0442\u0435\u043d\u0438\u044f\" \/>\n\t<meta name=\"twitter:data1\" content=\"1 \u043c\u0438\u043d\u0443\u0442\u0430\" \/>\n<script type=\"application\/ld+json\" class=\"yoast-schema-graph\">{\"@context\":\"https:\/\/schema.org\",\"@graph\":[{\"@type\":\"WebPage\",\"@id\":\"https:\/\/kristall.ee\/toode\/kahekordne-alus-magusad-hetked\/\",\"url\":\"https:\/\/kristall.ee\/toode\/kahekordne-alus-magusad-hetked\/\",\"name\":\"Kahekordne alus - Magusad hetked - Karlev O\u00dc\",\"isPartOf\":{\"@id\":\"https:\/\/kristall.ee\/ru\/#website\"},\"primaryImageOfPage\":{\"@id\":\"https:\/\/kristall.ee\/toode\/kahekordne-alus-magusad-hetked\/#primaryimage\"},\"image\":{\"@id\":\"https:\/\/kristall.ee\/toode\/kahekordne-alus-magusad-hetked\/#primaryimage\"},\"thumbnailUrl\":\"https:\/\/kristall.ee\/wp-content\/uploads\/2025\/12\/R1439SWEM.jpg\",\"datePublished\":\"2025-12-01T12:27:13+00:00\",\"dateModified\":\"2026-04-09T16:25:12+00:00\",\"breadcrumb\":{\"@id\":\"https:\/\/kristall.ee\/toode\/kahekordne-alus-magusad-hetked\/#breadcrumb\"},\"inLanguage\":\"ru-RU\",\"potentialAction\":[{\"@type\":\"ReadAction\",\"target\":[\"https:\/\/kristall.ee\/toode\/kahekordne-alus-magusad-hetked\/\"]}]},{\"@type\":\"ImageObject\",\"inLanguage\":\"ru-RU\",\"@id\":\"https:\/\/kristall.ee\/toode\/kahekordne-alus-magusad-hetked\/#primaryimage\",\"url\":\"https:\/\/kristall.ee\/wp-content\/uploads\/2025\/12\/R1439SWEM.jpg\",\"contentUrl\":\"https:\/\/kristall.ee\/wp-content\/uploads\/2025\/12\/R1439SWEM.jpg\",\"width\":600,\"height\":600},{\"@type\":\"BreadcrumbList\",\"@id\":\"https:\/\/kristall.ee\/toode\/kahekordne-alus-magusad-hetked\/#breadcrumb\",\"itemListElement\":[{\"@type\":\"ListItem\",\"position\":1,\"name\":\"Home\",\"item\":\"https:\/\/kristall.ee\/ru\/%d0%b3%d0%bb%d0%b0%d0%b2%d0%bd%d0%b0%d1%8f-%d1%81%d1%82%d1%80%d0%b0%d0%bd%d0%b8%d1%86%d0%b0\/\"},{\"@type\":\"ListItem\",\"position\":2,\"name\":\"\u0418\u043d\u0442\u0435\u0440\u043d\u0435\u0442-\u043c\u0430\u0433\u0430\u0437\u0438\u043d\",\"item\":\"https:\/\/kristall.ee\/ru\/shop\/\"},{\"@type\":\"ListItem\",\"position\":3,\"name\":\"Kahekordne alus &#8211; Magusad hetked\"}]},{\"@type\":\"WebSite\",\"@id\":\"https:\/\/kristall.ee\/ru\/#website\",\"url\":\"https:\/\/kristall.ee\/ru\/\",\"name\":\"Karlev O\u00dc - Iga p\u00e4ev on t\u00e4htp\u00e4ev\",\"description\":\"Iga p\u00e4ev on t\u00e4htp\u00e4ev!\",\"publisher\":{\"@id\":\"https:\/\/kristall.ee\/ru\/#organization\"},\"potentialAction\":[{\"@type\":\"SearchAction\",\"target\":{\"@type\":\"EntryPoint\",\"urlTemplate\":\"https:\/\/kristall.ee\/ru\/?s={search_term_string}\"},\"query-input\":{\"@type\":\"PropertyValueSpecification\",\"valueRequired\":true,\"valueName\":\"search_term_string\"}}],\"inLanguage\":\"ru-RU\"},{\"@type\":\"Organization\",\"@id\":\"https:\/\/kristall.ee\/ru\/#organization\",\"name\":\"Karlev O\u00dc\",\"url\":\"https:\/\/kristall.ee\/ru\/\",\"logo\":{\"@type\":\"ImageObject\",\"inLanguage\":\"ru-RU\",\"@id\":\"https:\/\/kristall.ee\/ru\/#\/schema\/logo\/image\/\",\"url\":\"https:\/\/kristall.ee\/wp-content\/uploads\/2025\/01\/Karlev-anno2_LOGO-04.webp\",\"contentUrl\":\"https:\/\/kristall.ee\/wp-content\/uploads\/2025\/01\/Karlev-anno2_LOGO-04.webp\",\"width\":767,\"height\":337,\"caption\":\"Karlev O\u00dc\"},\"image\":{\"@id\":\"https:\/\/kristall.ee\/ru\/#\/schema\/logo\/image\/\"}}]}<\/script>\n<!-- \/ Yoast SEO plugin. -->","yoast_head_json":{"title":"Kahekordne alus - Magusad hetked - Karlev O\u00dc","robots":{"index":"index","follow":"follow","max-snippet":"max-snippet:-1","max-image-preview":"max-image-preview:large","max-video-preview":"max-video-preview:-1"},"canonical":"https:\/\/kristall.ee\/toode\/kahekordne-alus-magusad-hetked\/","og_locale":"ru_RU","og_type":"article","og_title":"Kahekordne alus - Magusad hetked - Karlev O\u00dc","og_description":"Itaalia Portselan Sari: Sweet Moments Suurus: h = 23 cm. alumine taldrik: diam.: 18 cm. \u00fclemine taldrik: diam.: 14,5cm. Hind kehtib \u00fchele (1) kahekordsele alusele\u00a0 kinkekarbis. Sobita teiste Sweet Moments, Barista v\u00f5i Sweet Christmas sarja toodetega. Sobib suurep\u00e4raselt suurele magusa armastajale. V\u00e4ga praktiline abiline serveerimisel. Kahekordse aluse portselaanist osi v\u00f5ib pesta ka n\u00f5udepesumasinas.","og_url":"https:\/\/kristall.ee\/toode\/kahekordne-alus-magusad-hetked\/","og_site_name":"Karlev O\u00dc","article_modified_time":"2026-04-09T16:25:12+00:00","og_image":[{"width":600,"height":600,"url":"https:\/\/kristall.ee\/wp-content\/uploads\/2025\/12\/R1439SWEM.jpg","type":"image\/jpeg"}],"twitter_card":"summary_large_image","twitter_misc":{"\u041f\u0440\u0438\u043c\u0435\u0440\u043d\u043e\u0435 \u0432\u0440\u0435\u043c\u044f \u0434\u043b\u044f \u0447\u0442\u0435\u043d\u0438\u044f":"1 \u043c\u0438\u043d\u0443\u0442\u0430"},"schema":{"@context":"https:\/\/schema.org","@graph":[{"@type":"WebPage","@id":"https:\/\/kristall.ee\/toode\/kahekordne-alus-magusad-hetked\/","url":"https:\/\/kristall.ee\/toode\/kahekordne-alus-magusad-hetked\/","name":"Kahekordne alus - Magusad hetked - Karlev O\u00dc","isPartOf":{"@id":"https:\/\/kristall.ee\/ru\/#website"},"primaryImageOfPage":{"@id":"https:\/\/kristall.ee\/toode\/kahekordne-alus-magusad-hetked\/#primaryimage"},"image":{"@id":"https:\/\/kristall.ee\/toode\/kahekordne-alus-magusad-hetked\/#primaryimage"},"thumbnailUrl":"https:\/\/kristall.ee\/wp-content\/uploads\/2025\/12\/R1439SWEM.jpg","datePublished":"2025-12-01T12:27:13+00:00","dateModified":"2026-04-09T16:25:12+00:00","breadcrumb":{"@id":"https:\/\/kristall.ee\/toode\/kahekordne-alus-magusad-hetked\/#breadcrumb"},"inLanguage":"ru-RU","potentialAction":[{"@type":"ReadAction","target":["https:\/\/kristall.ee\/toode\/kahekordne-alus-magusad-hetked\/"]}]},{"@type":"ImageObject","inLanguage":"ru-RU","@id":"https:\/\/kristall.ee\/toode\/kahekordne-alus-magusad-hetked\/#primaryimage","url":"https:\/\/kristall.ee\/wp-content\/uploads\/2025\/12\/R1439SWEM.jpg","contentUrl":"https:\/\/kristall.ee\/wp-content\/uploads\/2025\/12\/R1439SWEM.jpg","width":600,"height":600},{"@type":"BreadcrumbList","@id":"https:\/\/kristall.ee\/toode\/kahekordne-alus-magusad-hetked\/#breadcrumb","itemListElement":[{"@type":"ListItem","position":1,"name":"Home","item":"https:\/\/kristall.ee\/ru\/%d0%b3%d0%bb%d0%b0%d0%b2%d0%bd%d0%b0%d1%8f-%d1%81%d1%82%d1%80%d0%b0%d0%bd%d0%b8%d1%86%d0%b0\/"},{"@type":"ListItem","position":2,"name":"\u0418\u043d\u0442\u0435\u0440\u043d\u0435\u0442-\u043c\u0430\u0433\u0430\u0437\u0438\u043d","item":"https:\/\/kristall.ee\/ru\/shop\/"},{"@type":"ListItem","position":3,"name":"Kahekordne alus &#8211; Magusad hetked"}]},{"@type":"WebSite","@id":"https:\/\/kristall.ee\/ru\/#website","url":"https:\/\/kristall.ee\/ru\/","name":"Karlev O\u00dc - Iga p\u00e4ev on t\u00e4htp\u00e4ev","description":"Iga p\u00e4ev on t\u00e4htp\u00e4ev!","publisher":{"@id":"https:\/\/kristall.ee\/ru\/#organization"},"potentialAction":[{"@type":"SearchAction","target":{"@type":"EntryPoint","urlTemplate":"https:\/\/kristall.ee\/ru\/?s={search_term_string}"},"query-input":{"@type":"PropertyValueSpecification","valueRequired":true,"valueName":"search_term_string"}}],"inLanguage":"ru-RU"},{"@type":"Organization","@id":"https:\/\/kristall.ee\/ru\/#organization","name":"Karlev O\u00dc","url":"https:\/\/kristall.ee\/ru\/","logo":{"@type":"ImageObject","inLanguage":"ru-RU","@id":"https:\/\/kristall.ee\/ru\/#\/schema\/logo\/image\/","url":"https:\/\/kristall.ee\/wp-content\/uploads\/2025\/01\/Karlev-anno2_LOGO-04.webp","contentUrl":"https:\/\/kristall.ee\/wp-content\/uploads\/2025\/01\/Karlev-anno2_LOGO-04.webp","width":767,"height":337,"caption":"Karlev O\u00dc"},"image":{"@id":"https:\/\/kristall.ee\/ru\/#\/schema\/logo\/image\/"}}]}},"_links":{"self":[{"href":"https:\/\/kristall.ee\/ru\/wp-json\/wp\/v2\/product\/58443","targetHints":{"allow":["GET"]}}],"collection":[{"href":"https:\/\/kristall.ee\/ru\/wp-json\/wp\/v2\/product"}],"about":[{"href":"https:\/\/kristall.ee\/ru\/wp-json\/wp\/v2\/types\/product"}],"wp:featuredmedia":[{"embeddable":true,"href":"https:\/\/kristall.ee\/ru\/wp-json\/wp\/v2\/media\/58444"}],"wp:attachment":[{"href":"https:\/\/kristall.ee\/ru\/wp-json\/wp\/v2\/media?parent=58443"}],"wp:term":[{"taxonomy":"product_brand","embeddable":true,"href":"https:\/\/kristall.ee\/ru\/wp-json\/wp\/v2\/product_brand?post=58443"},{"taxonomy":"product_cat","embeddable":true,"href":"https:\/\/kristall.ee\/ru\/wp-json\/wp\/v2\/product_cat?post=58443"},{"taxonomy":"product_tag","embeddable":true,"href":"https:\/\/kristall.ee\/ru\/wp-json\/wp\/v2\/product_tag?post=58443"}],"curies":[{"name":"wp","href":"https:\/\/api.w.org\/{rel}","templated":true}]}}