{"id":58283,"date":"2025-11-26T11:45:34","date_gmt":"2025-11-26T11:45:34","guid":{"rendered":"https:\/\/kristall.ee\/?post_type=product&#038;p=58283"},"modified":"2026-04-10T09:35:34","modified_gmt":"2026-04-10T09:35:34","slug":"kristallist-kauss-lisboa-30cm-lilla-ja-sinine","status":"publish","type":"product","link":"https:\/\/kristall.ee\/ru\/toode\/kristallist-kauss-lisboa-30cm-lilla-ja-sinine\/","title":{"rendered":"Kristallist kauss \u2013 Lisboa 30cm. (lilla ja sinine)"},"content":{"rendered":"<p>T\u0161ehhi<\/p>\n<p>Bohemia kristall<\/p>\n<p>Kristallist kauss on k\u00e4sitsi dekoreeritud.<\/p>\n<p>Kausi suurus: diam. = 30cm.<\/p>\n<p>Hind kehtib \u00fchele (1) kristallist kausile!<\/p>\n<p>Sininse ja lillades toonides \u00e4\u00e4rmiselt elegantne ja stiilipuhas kauss on nii silma ilu pakkuv kui ka praktiline\u00a0 sisustuselement.<br \/>\nOsta vaid kauss v\u00f5i loo t\u00e4iuslik komplekt koos Lisboa samades toonides vaasiga v\u00f5i n\u00e4iteks Bamoo sinise vaasiga.<\/p>\n","protected":false},"excerpt":{"rendered":"<p>T\u0161ehhi Bohemia kristall Kristallist kauss on k\u00e4sitsi dekoreeritud. Kausi suurus: diam. = 30cm. Hind kehtib \u00fchele (1) kristallist kausile! Sininse ja lillades toonides \u00e4\u00e4rmiselt elegantne ja stiilipuhas kauss on nii silma ilu pakkuv kui ka praktiline\u00a0 sisustuselement. Osta vaid kauss v\u00f5i loo t\u00e4iuslik komplekt koos Lisboa samades toonides vaasiga v\u00f5i n\u00e4iteks Bamoo sinise vaasiga.<\/p>\n","protected":false},"featured_media":58287,"menu_order":35,"template":"","meta":{"_acf_changed":false},"product_brand":[],"product_cat":[6302,5904],"product_tag":[],"class_list":{"0":"post-58283","1":"product","2":"type-product","3":"status-publish","4":"has-post-thumbnail","6":"product_cat-eriline-kristall","7":"product_cat-lauanoud-kausid","8":"product_shipping_class-purunev","10":"first","11":"instock","12":"taxable","13":"shipping-taxable","14":"purchasable","15":"product-type-simple"},"acf":[],"yoast_head":"<!-- This site is optimized with the Yoast SEO plugin v26.6 - https:\/\/yoast.com\/wordpress\/plugins\/seo\/ -->\n<title>Kristallist kauss \u2013 Lisboa 30cm. (lilla ja sinine) - Karlev O\u00dc<\/title>\n<meta name=\"robots\" content=\"index, follow, max-snippet:-1, max-image-preview:large, max-video-preview:-1\" \/>\n<link rel=\"canonical\" href=\"https:\/\/kristall.ee\/toode\/kristallist-kauss-lisboa-30cm-lilla-ja-sinine\/\" \/>\n<meta property=\"og:locale\" content=\"ru_RU\" \/>\n<meta property=\"og:type\" content=\"article\" \/>\n<meta property=\"og:title\" content=\"Kristallist kauss \u2013 Lisboa 30cm. (lilla ja sinine) - Karlev O\u00dc\" \/>\n<meta property=\"og:description\" content=\"T\u0161ehhi Bohemia kristall Kristallist kauss on k\u00e4sitsi dekoreeritud. Kausi suurus: diam. = 30cm. Hind kehtib \u00fchele (1) kristallist kausile! Sininse ja lillades toonides \u00e4\u00e4rmiselt elegantne ja stiilipuhas kauss on nii silma ilu pakkuv kui ka praktiline\u00a0 sisustuselement. Osta vaid kauss v\u00f5i loo t\u00e4iuslik komplekt koos Lisboa samades toonides vaasiga v\u00f5i n\u00e4iteks Bamoo sinise vaasiga.\" \/>\n<meta property=\"og:url\" content=\"https:\/\/kristall.ee\/toode\/kristallist-kauss-lisboa-30cm-lilla-ja-sinine\/\" \/>\n<meta property=\"og:site_name\" content=\"Karlev O\u00dc\" \/>\n<meta property=\"article:modified_time\" content=\"2026-04-10T09:35:34+00:00\" \/>\n<meta property=\"og:image\" content=\"https:\/\/kristall.ee\/wp-content\/uploads\/2025\/11\/kauss_bl.jpg\" \/>\n\t<meta property=\"og:image:width\" content=\"600\" \/>\n\t<meta property=\"og:image:height\" content=\"600\" \/>\n\t<meta property=\"og:image:type\" content=\"image\/jpeg\" \/>\n<meta name=\"twitter:card\" content=\"summary_large_image\" \/>\n<meta name=\"twitter:label1\" content=\"\u041f\u0440\u0438\u043c\u0435\u0440\u043d\u043e\u0435 \u0432\u0440\u0435\u043c\u044f \u0434\u043b\u044f \u0447\u0442\u0435\u043d\u0438\u044f\" \/>\n\t<meta name=\"twitter:data1\" content=\"1 \u043c\u0438\u043d\u0443\u0442\u0430\" \/>\n<script type=\"application\/ld+json\" class=\"yoast-schema-graph\">{\"@context\":\"https:\/\/schema.org\",\"@graph\":[{\"@type\":\"WebPage\",\"@id\":\"https:\/\/kristall.ee\/toode\/kristallist-kauss-lisboa-30cm-lilla-ja-sinine\/\",\"url\":\"https:\/\/kristall.ee\/toode\/kristallist-kauss-lisboa-30cm-lilla-ja-sinine\/\",\"name\":\"Kristallist kauss \u2013 Lisboa 30cm. (lilla ja sinine) - Karlev O\u00dc\",\"isPartOf\":{\"@id\":\"https:\/\/kristall.ee\/ru\/#website\"},\"primaryImageOfPage\":{\"@id\":\"https:\/\/kristall.ee\/toode\/kristallist-kauss-lisboa-30cm-lilla-ja-sinine\/#primaryimage\"},\"image\":{\"@id\":\"https:\/\/kristall.ee\/toode\/kristallist-kauss-lisboa-30cm-lilla-ja-sinine\/#primaryimage\"},\"thumbnailUrl\":\"https:\/\/kristall.ee\/wp-content\/uploads\/2025\/11\/kauss_bl.jpg\",\"datePublished\":\"2025-11-26T11:45:34+00:00\",\"dateModified\":\"2026-04-10T09:35:34+00:00\",\"breadcrumb\":{\"@id\":\"https:\/\/kristall.ee\/toode\/kristallist-kauss-lisboa-30cm-lilla-ja-sinine\/#breadcrumb\"},\"inLanguage\":\"ru-RU\",\"potentialAction\":[{\"@type\":\"ReadAction\",\"target\":[\"https:\/\/kristall.ee\/toode\/kristallist-kauss-lisboa-30cm-lilla-ja-sinine\/\"]}]},{\"@type\":\"ImageObject\",\"inLanguage\":\"ru-RU\",\"@id\":\"https:\/\/kristall.ee\/toode\/kristallist-kauss-lisboa-30cm-lilla-ja-sinine\/#primaryimage\",\"url\":\"https:\/\/kristall.ee\/wp-content\/uploads\/2025\/11\/kauss_bl.jpg\",\"contentUrl\":\"https:\/\/kristall.ee\/wp-content\/uploads\/2025\/11\/kauss_bl.jpg\",\"width\":600,\"height\":600},{\"@type\":\"BreadcrumbList\",\"@id\":\"https:\/\/kristall.ee\/toode\/kristallist-kauss-lisboa-30cm-lilla-ja-sinine\/#breadcrumb\",\"itemListElement\":[{\"@type\":\"ListItem\",\"position\":1,\"name\":\"Home\",\"item\":\"https:\/\/kristall.ee\/ru\/%d0%b3%d0%bb%d0%b0%d0%b2%d0%bd%d0%b0%d1%8f-%d1%81%d1%82%d1%80%d0%b0%d0%bd%d0%b8%d1%86%d0%b0\/\"},{\"@type\":\"ListItem\",\"position\":2,\"name\":\"\u0418\u043d\u0442\u0435\u0440\u043d\u0435\u0442-\u043c\u0430\u0433\u0430\u0437\u0438\u043d\",\"item\":\"https:\/\/kristall.ee\/ru\/shop\/\"},{\"@type\":\"ListItem\",\"position\":3,\"name\":\"Kristallist kauss \u2013 Lisboa 30cm. (lilla ja sinine)\"}]},{\"@type\":\"WebSite\",\"@id\":\"https:\/\/kristall.ee\/ru\/#website\",\"url\":\"https:\/\/kristall.ee\/ru\/\",\"name\":\"Karlev O\u00dc - Iga p\u00e4ev on t\u00e4htp\u00e4ev\",\"description\":\"Iga p\u00e4ev on t\u00e4htp\u00e4ev!\",\"publisher\":{\"@id\":\"https:\/\/kristall.ee\/ru\/#organization\"},\"potentialAction\":[{\"@type\":\"SearchAction\",\"target\":{\"@type\":\"EntryPoint\",\"urlTemplate\":\"https:\/\/kristall.ee\/ru\/?s={search_term_string}\"},\"query-input\":{\"@type\":\"PropertyValueSpecification\",\"valueRequired\":true,\"valueName\":\"search_term_string\"}}],\"inLanguage\":\"ru-RU\"},{\"@type\":\"Organization\",\"@id\":\"https:\/\/kristall.ee\/ru\/#organization\",\"name\":\"Karlev O\u00dc\",\"url\":\"https:\/\/kristall.ee\/ru\/\",\"logo\":{\"@type\":\"ImageObject\",\"inLanguage\":\"ru-RU\",\"@id\":\"https:\/\/kristall.ee\/ru\/#\/schema\/logo\/image\/\",\"url\":\"https:\/\/kristall.ee\/wp-content\/uploads\/2025\/01\/Karlev-anno2_LOGO-04.webp\",\"contentUrl\":\"https:\/\/kristall.ee\/wp-content\/uploads\/2025\/01\/Karlev-anno2_LOGO-04.webp\",\"width\":767,\"height\":337,\"caption\":\"Karlev O\u00dc\"},\"image\":{\"@id\":\"https:\/\/kristall.ee\/ru\/#\/schema\/logo\/image\/\"}}]}<\/script>\n<!-- \/ Yoast SEO plugin. -->","yoast_head_json":{"title":"Kristallist kauss \u2013 Lisboa 30cm. (lilla ja sinine) - Karlev O\u00dc","robots":{"index":"index","follow":"follow","max-snippet":"max-snippet:-1","max-image-preview":"max-image-preview:large","max-video-preview":"max-video-preview:-1"},"canonical":"https:\/\/kristall.ee\/toode\/kristallist-kauss-lisboa-30cm-lilla-ja-sinine\/","og_locale":"ru_RU","og_type":"article","og_title":"Kristallist kauss \u2013 Lisboa 30cm. (lilla ja sinine) - Karlev O\u00dc","og_description":"T\u0161ehhi Bohemia kristall Kristallist kauss on k\u00e4sitsi dekoreeritud. Kausi suurus: diam. = 30cm. Hind kehtib \u00fchele (1) kristallist kausile! Sininse ja lillades toonides \u00e4\u00e4rmiselt elegantne ja stiilipuhas kauss on nii silma ilu pakkuv kui ka praktiline\u00a0 sisustuselement. Osta vaid kauss v\u00f5i loo t\u00e4iuslik komplekt koos Lisboa samades toonides vaasiga v\u00f5i n\u00e4iteks Bamoo sinise vaasiga.","og_url":"https:\/\/kristall.ee\/toode\/kristallist-kauss-lisboa-30cm-lilla-ja-sinine\/","og_site_name":"Karlev O\u00dc","article_modified_time":"2026-04-10T09:35:34+00:00","og_image":[{"width":600,"height":600,"url":"https:\/\/kristall.ee\/wp-content\/uploads\/2025\/11\/kauss_bl.jpg","type":"image\/jpeg"}],"twitter_card":"summary_large_image","twitter_misc":{"\u041f\u0440\u0438\u043c\u0435\u0440\u043d\u043e\u0435 \u0432\u0440\u0435\u043c\u044f \u0434\u043b\u044f \u0447\u0442\u0435\u043d\u0438\u044f":"1 \u043c\u0438\u043d\u0443\u0442\u0430"},"schema":{"@context":"https:\/\/schema.org","@graph":[{"@type":"WebPage","@id":"https:\/\/kristall.ee\/toode\/kristallist-kauss-lisboa-30cm-lilla-ja-sinine\/","url":"https:\/\/kristall.ee\/toode\/kristallist-kauss-lisboa-30cm-lilla-ja-sinine\/","name":"Kristallist kauss \u2013 Lisboa 30cm. (lilla ja sinine) - Karlev O\u00dc","isPartOf":{"@id":"https:\/\/kristall.ee\/ru\/#website"},"primaryImageOfPage":{"@id":"https:\/\/kristall.ee\/toode\/kristallist-kauss-lisboa-30cm-lilla-ja-sinine\/#primaryimage"},"image":{"@id":"https:\/\/kristall.ee\/toode\/kristallist-kauss-lisboa-30cm-lilla-ja-sinine\/#primaryimage"},"thumbnailUrl":"https:\/\/kristall.ee\/wp-content\/uploads\/2025\/11\/kauss_bl.jpg","datePublished":"2025-11-26T11:45:34+00:00","dateModified":"2026-04-10T09:35:34+00:00","breadcrumb":{"@id":"https:\/\/kristall.ee\/toode\/kristallist-kauss-lisboa-30cm-lilla-ja-sinine\/#breadcrumb"},"inLanguage":"ru-RU","potentialAction":[{"@type":"ReadAction","target":["https:\/\/kristall.ee\/toode\/kristallist-kauss-lisboa-30cm-lilla-ja-sinine\/"]}]},{"@type":"ImageObject","inLanguage":"ru-RU","@id":"https:\/\/kristall.ee\/toode\/kristallist-kauss-lisboa-30cm-lilla-ja-sinine\/#primaryimage","url":"https:\/\/kristall.ee\/wp-content\/uploads\/2025\/11\/kauss_bl.jpg","contentUrl":"https:\/\/kristall.ee\/wp-content\/uploads\/2025\/11\/kauss_bl.jpg","width":600,"height":600},{"@type":"BreadcrumbList","@id":"https:\/\/kristall.ee\/toode\/kristallist-kauss-lisboa-30cm-lilla-ja-sinine\/#breadcrumb","itemListElement":[{"@type":"ListItem","position":1,"name":"Home","item":"https:\/\/kristall.ee\/ru\/%d0%b3%d0%bb%d0%b0%d0%b2%d0%bd%d0%b0%d1%8f-%d1%81%d1%82%d1%80%d0%b0%d0%bd%d0%b8%d1%86%d0%b0\/"},{"@type":"ListItem","position":2,"name":"\u0418\u043d\u0442\u0435\u0440\u043d\u0435\u0442-\u043c\u0430\u0433\u0430\u0437\u0438\u043d","item":"https:\/\/kristall.ee\/ru\/shop\/"},{"@type":"ListItem","position":3,"name":"Kristallist kauss \u2013 Lisboa 30cm. (lilla ja sinine)"}]},{"@type":"WebSite","@id":"https:\/\/kristall.ee\/ru\/#website","url":"https:\/\/kristall.ee\/ru\/","name":"Karlev O\u00dc - Iga p\u00e4ev on t\u00e4htp\u00e4ev","description":"Iga p\u00e4ev on t\u00e4htp\u00e4ev!","publisher":{"@id":"https:\/\/kristall.ee\/ru\/#organization"},"potentialAction":[{"@type":"SearchAction","target":{"@type":"EntryPoint","urlTemplate":"https:\/\/kristall.ee\/ru\/?s={search_term_string}"},"query-input":{"@type":"PropertyValueSpecification","valueRequired":true,"valueName":"search_term_string"}}],"inLanguage":"ru-RU"},{"@type":"Organization","@id":"https:\/\/kristall.ee\/ru\/#organization","name":"Karlev O\u00dc","url":"https:\/\/kristall.ee\/ru\/","logo":{"@type":"ImageObject","inLanguage":"ru-RU","@id":"https:\/\/kristall.ee\/ru\/#\/schema\/logo\/image\/","url":"https:\/\/kristall.ee\/wp-content\/uploads\/2025\/01\/Karlev-anno2_LOGO-04.webp","contentUrl":"https:\/\/kristall.ee\/wp-content\/uploads\/2025\/01\/Karlev-anno2_LOGO-04.webp","width":767,"height":337,"caption":"Karlev O\u00dc"},"image":{"@id":"https:\/\/kristall.ee\/ru\/#\/schema\/logo\/image\/"}}]}},"_links":{"self":[{"href":"https:\/\/kristall.ee\/ru\/wp-json\/wp\/v2\/product\/58283","targetHints":{"allow":["GET"]}}],"collection":[{"href":"https:\/\/kristall.ee\/ru\/wp-json\/wp\/v2\/product"}],"about":[{"href":"https:\/\/kristall.ee\/ru\/wp-json\/wp\/v2\/types\/product"}],"wp:featuredmedia":[{"embeddable":true,"href":"https:\/\/kristall.ee\/ru\/wp-json\/wp\/v2\/media\/58287"}],"wp:attachment":[{"href":"https:\/\/kristall.ee\/ru\/wp-json\/wp\/v2\/media?parent=58283"}],"wp:term":[{"taxonomy":"product_brand","embeddable":true,"href":"https:\/\/kristall.ee\/ru\/wp-json\/wp\/v2\/product_brand?post=58283"},{"taxonomy":"product_cat","embeddable":true,"href":"https:\/\/kristall.ee\/ru\/wp-json\/wp\/v2\/product_cat?post=58283"},{"taxonomy":"product_tag","embeddable":true,"href":"https:\/\/kristall.ee\/ru\/wp-json\/wp\/v2\/product_tag?post=58283"}],"curies":[{"name":"wp","href":"https:\/\/api.w.org\/{rel}","templated":true}]}}