{"id":57137,"date":"2025-09-02T10:37:24","date_gmt":"2025-09-02T10:37:24","guid":{"rendered":"https:\/\/kristall.ee\/toode\/%d1%84%d0%b0%d1%80%d1%84%d0%be%d1%80%d0%be%d0%b2%d0%b0%d1%8f-%d0%ba%d1%80%d1%83%d0%b6%d0%ba%d0%b0-%d0%ba%d0%bb%d0%b0%d1%81%d1%81%d0%b8%d0%ba%d0%b0-%d0%bb%d0%b0%d0%b2%d0%b0%d0%bd%d0%b4%d0%b0\/"},"modified":"2025-09-02T10:37:24","modified_gmt":"2025-09-02T10:37:24","slug":"%d1%84%d0%b0%d1%80%d1%84%d0%be%d1%80%d0%be%d0%b2%d0%b0%d1%8f-%d0%ba%d1%80%d1%83%d0%b6%d0%ba%d0%b0-%d0%ba%d0%bb%d0%b0%d1%81%d1%81%d0%b8%d0%ba%d0%b0-%d0%bb%d0%b0%d0%b2%d0%b0%d0%bd%d0%b4%d0%b0","status":"publish","type":"product","link":"https:\/\/kristall.ee\/ru\/toode\/%d1%84%d0%b0%d1%80%d1%84%d0%be%d1%80%d0%be%d0%b2%d0%b0%d1%8f-%d0%ba%d1%80%d1%83%d0%b6%d0%ba%d0%b0-%d0%ba%d0%bb%d0%b0%d1%81%d1%81%d0%b8%d0%ba%d0%b0-%d0%bb%d0%b0%d0%b2%d0%b0%d0%bd%d0%b4%d0%b0\/","title":{"rendered":"\u0424\u0430\u0440\u0444\u043e\u0440\u043e\u0432\u0430\u044f \u043a\u0440\u0443\u0436\u043a\u0430 \u041a\u043b\u0430\u0441\u0441\u0438\u043a\u0430 \u2013 \u041b\u0430\u0432\u0430\u043d\u0434\u0430 360 \u043c\u043b."},"content":{"rendered":"<p>EC<\/p>\n<p>\u0424\u0430\u0440\u0444\u043e\u0440<\/p>\n<p>\u0420\u0430\u0437\u043c\u0435\u0440 \u043a\u0440\u0443\u0436\u043a\u0438: 360 \u043c\u043b.<\/p>\n<p>\u0426\u0435\u043d\u0430 \u0443\u043a\u0430\u0437\u0430\u043d\u0430 \u0437\u0430 \u043e\u0434\u043d\u0443 (1) \u043a\u0440\u0443\u0436\u043a\u0443.<\/p>\n<p>\u042d\u0442\u0430 \u0437\u0430\u043c\u0435\u0447\u0430\u0442\u0435\u043b\u044c\u043d\u0430\u044f \u043a\u0440\u0443\u0436\u043a\u0430 \u0441 \u0438\u0437\u043e\u0431\u0440\u0430\u0436\u0435\u043d\u0438\u0435\u043c \u043b\u0430\u0432\u0430\u043d\u0434\u044b \u0441\u043e\u0437\u0434\u0430\u0441\u0442 \u043f\u0440\u0438\u044f\u0442\u043d\u0443\u044e, \u0443\u043c\u0438\u0440\u043e\u0442\u0432\u043e\u0440\u044f\u044e\u0449\u0443\u044e \u0430\u0442\u043c\u043e\u0441\u0444\u0435\u0440\u0443 \u0432 \u0432\u0430\u0448\u0435\u043c \u0434\u043e\u043c\u0435. \u041a\u0443\u043f\u0438\u0442\u0435 \u044d\u0442\u0443 \u043a\u0440\u0443\u0436\u043a\u0443 \u043e\u0442\u0434\u0435\u043b\u044c\u043d\u043e \u0438\u043b\u0438 \u0441\u043e\u0437\u0434\u0430\u0439\u0442\u0435 \u043a\u043e\u043c\u043f\u043b\u0435\u043a\u0442 \u0441 \u0434\u0440\u0443\u0433\u0438\u043c\u0438 \u0438\u0437\u0434\u0435\u043b\u0438\u044f\u043c\u0438 \u0438\u0437 \u0441\u0435\u0440\u0438\u0438 \u00ab\u041b\u0430\u0432\u0430\u043d\u0434\u0430\u00bb. <\/p>\n<p>\u0423\u0434\u043e\u0431\u043d\u0430\u044f \u043a\u0440\u0443\u0436\u043a\u0430 \u0434\u043b\u044f \u0447\u0430\u044f, \u043a\u043e\u0444\u0435, \u043a\u0430\u043a\u0430\u043e, \u043c\u043e\u043b\u043e\u043a\u0430, \u043a\u0435\u0444\u0438\u0440\u0430, \u0441\u043e\u043a\u0430, \u0444\u0440\u0443\u043a\u0442\u043e\u0432\u043e\u0433\u043e \u0441\u043e\u043a\u0430 \u0438 \u0442. \u0434.<br \/>\n\u041f\u043e\u0434\u0445\u043e\u0434\u0438\u0442 \u0434\u043b\u044f \u0432\u0441\u0435\u0439 \u0441\u0435\u043c\u044c\u0438. <\/p>\n","protected":false},"excerpt":{"rendered":"<p>EC \u0424\u0430\u0440\u0444\u043e\u0440 \u0420\u0430\u0437\u043c\u0435\u0440 \u043a\u0440\u0443\u0436\u043a\u0438: 360 \u043c\u043b. \u0426\u0435\u043d\u0430 \u0443\u043a\u0430\u0437\u0430\u043d\u0430 \u0437\u0430 \u043e\u0434\u043d\u0443 (1) \u043a\u0440\u0443\u0436\u043a\u0443. \u042d\u0442\u0430 \u0437\u0430\u043c\u0435\u0447\u0430\u0442\u0435\u043b\u044c\u043d\u0430\u044f \u043a\u0440\u0443\u0436\u043a\u0430 \u0441 \u0438\u0437\u043e\u0431\u0440\u0430\u0436\u0435\u043d\u0438\u0435\u043c \u043b\u0430\u0432\u0430\u043d\u0434\u044b \u0441\u043e\u0437\u0434\u0430\u0441\u0442 \u043f\u0440\u0438\u044f\u0442\u043d\u0443\u044e, \u0443\u043c\u0438\u0440\u043e\u0442\u0432\u043e\u0440\u044f\u044e\u0449\u0443\u044e \u0430\u0442\u043c\u043e\u0441\u0444\u0435\u0440\u0443 \u0432 \u0432\u0430\u0448\u0435\u043c \u0434\u043e\u043c\u0435. \u041a\u0443\u043f\u0438\u0442\u0435 \u044d\u0442\u0443 \u043a\u0440\u0443\u0436\u043a\u0443 \u043e\u0442\u0434\u0435\u043b\u044c\u043d\u043e \u0438\u043b\u0438 \u0441\u043e\u0437\u0434\u0430\u0439\u0442\u0435 \u043a\u043e\u043c\u043f\u043b\u0435\u043a\u0442 \u0441 \u0434\u0440\u0443\u0433\u0438\u043c\u0438 \u0438\u0437\u0434\u0435\u043b\u0438\u044f\u043c\u0438 \u0438\u0437 \u0441\u0435\u0440\u0438\u0438 \u00ab\u041b\u0430\u0432\u0430\u043d\u0434\u0430\u00bb. \u0423\u0434\u043e\u0431\u043d\u0430\u044f \u043a\u0440\u0443\u0436\u043a\u0430 \u0434\u043b\u044f \u0447\u0430\u044f, \u043a\u043e\u0444\u0435, \u043a\u0430\u043a\u0430\u043e, \u043c\u043e\u043b\u043e\u043a\u0430, \u043a\u0435\u0444\u0438\u0440\u0430, \u0441\u043e\u043a\u0430, \u0444\u0440\u0443\u043a\u0442\u043e\u0432\u043e\u0433\u043e \u0441\u043e\u043a\u0430 \u0438 \u0442. \u0434. \u041f\u043e\u0434\u0445\u043e\u0434\u0438\u0442 \u0434\u043b\u044f \u0432\u0441\u0435\u0439 &#8230;<\/p>\n","protected":false},"featured_media":57051,"menu_order":145,"template":"","meta":{"_acf_changed":false},"product_brand":[],"product_cat":[5931,6281],"product_tag":[],"class_list":{"0":"post-57137","1":"product","2":"type-product","3":"status-publish","4":"has-post-thumbnail","6":"product_cat-5931","7":"product_cat---2025-","8":"product_shipping_class-purunev-ru-2","10":"first","11":"instock","12":"taxable","13":"shipping-taxable","14":"purchasable","15":"product-type-simple"},"acf":[],"yoast_head":"<!-- This site is optimized with the Yoast SEO plugin v26.6 - https:\/\/yoast.com\/wordpress\/plugins\/seo\/ -->\n<title>\u0424\u0430\u0440\u0444\u043e\u0440\u043e\u0432\u0430\u044f \u043a\u0440\u0443\u0436\u043a\u0430 \u041a\u043b\u0430\u0441\u0441\u0438\u043a\u0430 \u2013 \u041b\u0430\u0432\u0430\u043d\u0434\u0430 360 \u043c\u043b. - Karlev O\u00dc<\/title>\n<meta name=\"robots\" content=\"index, follow, max-snippet:-1, max-image-preview:large, max-video-preview:-1\" \/>\n<link rel=\"canonical\" href=\"https:\/\/kristall.ee\/ru\/toode\/\u0444\u0430\u0440\u0444\u043e\u0440\u043e\u0432\u0430\u044f-\u043a\u0440\u0443\u0436\u043a\u0430-\u043a\u043b\u0430\u0441\u0441\u0438\u043a\u0430-\u043b\u0430\u0432\u0430\u043d\u0434\u0430\/\" \/>\n<meta property=\"og:locale\" content=\"ru_RU\" \/>\n<meta property=\"og:type\" content=\"article\" \/>\n<meta property=\"og:title\" content=\"\u0424\u0430\u0440\u0444\u043e\u0440\u043e\u0432\u0430\u044f \u043a\u0440\u0443\u0436\u043a\u0430 \u041a\u043b\u0430\u0441\u0441\u0438\u043a\u0430 \u2013 \u041b\u0430\u0432\u0430\u043d\u0434\u0430 360 \u043c\u043b. - Karlev O\u00dc\" \/>\n<meta property=\"og:description\" content=\"EC \u0424\u0430\u0440\u0444\u043e\u0440 \u0420\u0430\u0437\u043c\u0435\u0440 \u043a\u0440\u0443\u0436\u043a\u0438: 360 \u043c\u043b. \u0426\u0435\u043d\u0430 \u0443\u043a\u0430\u0437\u0430\u043d\u0430 \u0437\u0430 \u043e\u0434\u043d\u0443 (1) \u043a\u0440\u0443\u0436\u043a\u0443. \u042d\u0442\u0430 \u0437\u0430\u043c\u0435\u0447\u0430\u0442\u0435\u043b\u044c\u043d\u0430\u044f \u043a\u0440\u0443\u0436\u043a\u0430 \u0441 \u0438\u0437\u043e\u0431\u0440\u0430\u0436\u0435\u043d\u0438\u0435\u043c \u043b\u0430\u0432\u0430\u043d\u0434\u044b \u0441\u043e\u0437\u0434\u0430\u0441\u0442 \u043f\u0440\u0438\u044f\u0442\u043d\u0443\u044e, \u0443\u043c\u0438\u0440\u043e\u0442\u0432\u043e\u0440\u044f\u044e\u0449\u0443\u044e \u0430\u0442\u043c\u043e\u0441\u0444\u0435\u0440\u0443 \u0432 \u0432\u0430\u0448\u0435\u043c \u0434\u043e\u043c\u0435. \u041a\u0443\u043f\u0438\u0442\u0435 \u044d\u0442\u0443 \u043a\u0440\u0443\u0436\u043a\u0443 \u043e\u0442\u0434\u0435\u043b\u044c\u043d\u043e \u0438\u043b\u0438 \u0441\u043e\u0437\u0434\u0430\u0439\u0442\u0435 \u043a\u043e\u043c\u043f\u043b\u0435\u043a\u0442 \u0441 \u0434\u0440\u0443\u0433\u0438\u043c\u0438 \u0438\u0437\u0434\u0435\u043b\u0438\u044f\u043c\u0438 \u0438\u0437 \u0441\u0435\u0440\u0438\u0438 \u00ab\u041b\u0430\u0432\u0430\u043d\u0434\u0430\u00bb. \u0423\u0434\u043e\u0431\u043d\u0430\u044f \u043a\u0440\u0443\u0436\u043a\u0430 \u0434\u043b\u044f \u0447\u0430\u044f, \u043a\u043e\u0444\u0435, \u043a\u0430\u043a\u0430\u043e, \u043c\u043e\u043b\u043e\u043a\u0430, \u043a\u0435\u0444\u0438\u0440\u0430, \u0441\u043e\u043a\u0430, \u0444\u0440\u0443\u043a\u0442\u043e\u0432\u043e\u0433\u043e \u0441\u043e\u043a\u0430 \u0438 \u0442. \u0434. \u041f\u043e\u0434\u0445\u043e\u0434\u0438\u0442 \u0434\u043b\u044f \u0432\u0441\u0435\u0439 ...\" \/>\n<meta property=\"og:url\" content=\"https:\/\/kristall.ee\/ru\/toode\/\u0444\u0430\u0440\u0444\u043e\u0440\u043e\u0432\u0430\u044f-\u043a\u0440\u0443\u0436\u043a\u0430-\u043a\u043b\u0430\u0441\u0441\u0438\u043a\u0430-\u043b\u0430\u0432\u0430\u043d\u0434\u0430\/\" \/>\n<meta property=\"og:site_name\" content=\"Karlev O\u00dc\" \/>\n<meta property=\"og:image\" content=\"https:\/\/kristall.ee\/wp-content\/uploads\/2025\/09\/D954421_1.jpg\" \/>\n\t<meta property=\"og:image:width\" content=\"600\" \/>\n\t<meta property=\"og:image:height\" content=\"600\" \/>\n\t<meta property=\"og:image:type\" content=\"image\/jpeg\" \/>\n<meta name=\"twitter:card\" content=\"summary_large_image\" \/>\n<script type=\"application\/ld+json\" class=\"yoast-schema-graph\">{\"@context\":\"https:\/\/schema.org\",\"@graph\":[{\"@type\":\"WebPage\",\"@id\":\"https:\/\/kristall.ee\/ru\/toode\/%d1%84%d0%b0%d1%80%d1%84%d0%be%d1%80%d0%be%d0%b2%d0%b0%d1%8f-%d0%ba%d1%80%d1%83%d0%b6%d0%ba%d0%b0-%d0%ba%d0%bb%d0%b0%d1%81%d1%81%d0%b8%d0%ba%d0%b0-%d0%bb%d0%b0%d0%b2%d0%b0%d0%bd%d0%b4%d0%b0\/\",\"url\":\"https:\/\/kristall.ee\/ru\/toode\/%d1%84%d0%b0%d1%80%d1%84%d0%be%d1%80%d0%be%d0%b2%d0%b0%d1%8f-%d0%ba%d1%80%d1%83%d0%b6%d0%ba%d0%b0-%d0%ba%d0%bb%d0%b0%d1%81%d1%81%d0%b8%d0%ba%d0%b0-%d0%bb%d0%b0%d0%b2%d0%b0%d0%bd%d0%b4%d0%b0\/\",\"name\":\"\u0424\u0430\u0440\u0444\u043e\u0440\u043e\u0432\u0430\u044f \u043a\u0440\u0443\u0436\u043a\u0430 \u041a\u043b\u0430\u0441\u0441\u0438\u043a\u0430 \u2013 \u041b\u0430\u0432\u0430\u043d\u0434\u0430 360 \u043c\u043b. - Karlev O\u00dc\",\"isPartOf\":{\"@id\":\"https:\/\/kristall.ee\/ru\/#website\"},\"primaryImageOfPage\":{\"@id\":\"https:\/\/kristall.ee\/ru\/toode\/%d1%84%d0%b0%d1%80%d1%84%d0%be%d1%80%d0%be%d0%b2%d0%b0%d1%8f-%d0%ba%d1%80%d1%83%d0%b6%d0%ba%d0%b0-%d0%ba%d0%bb%d0%b0%d1%81%d1%81%d0%b8%d0%ba%d0%b0-%d0%bb%d0%b0%d0%b2%d0%b0%d0%bd%d0%b4%d0%b0\/#primaryimage\"},\"image\":{\"@id\":\"https:\/\/kristall.ee\/ru\/toode\/%d1%84%d0%b0%d1%80%d1%84%d0%be%d1%80%d0%be%d0%b2%d0%b0%d1%8f-%d0%ba%d1%80%d1%83%d0%b6%d0%ba%d0%b0-%d0%ba%d0%bb%d0%b0%d1%81%d1%81%d0%b8%d0%ba%d0%b0-%d0%bb%d0%b0%d0%b2%d0%b0%d0%bd%d0%b4%d0%b0\/#primaryimage\"},\"thumbnailUrl\":\"https:\/\/kristall.ee\/wp-content\/uploads\/2025\/09\/D954421_1.jpg\",\"datePublished\":\"2025-09-02T10:37:24+00:00\",\"breadcrumb\":{\"@id\":\"https:\/\/kristall.ee\/ru\/toode\/%d1%84%d0%b0%d1%80%d1%84%d0%be%d1%80%d0%be%d0%b2%d0%b0%d1%8f-%d0%ba%d1%80%d1%83%d0%b6%d0%ba%d0%b0-%d0%ba%d0%bb%d0%b0%d1%81%d1%81%d0%b8%d0%ba%d0%b0-%d0%bb%d0%b0%d0%b2%d0%b0%d0%bd%d0%b4%d0%b0\/#breadcrumb\"},\"inLanguage\":\"ru-RU\",\"potentialAction\":[{\"@type\":\"ReadAction\",\"target\":[\"https:\/\/kristall.ee\/ru\/toode\/%d1%84%d0%b0%d1%80%d1%84%d0%be%d1%80%d0%be%d0%b2%d0%b0%d1%8f-%d0%ba%d1%80%d1%83%d0%b6%d0%ba%d0%b0-%d0%ba%d0%bb%d0%b0%d1%81%d1%81%d0%b8%d0%ba%d0%b0-%d0%bb%d0%b0%d0%b2%d0%b0%d0%bd%d0%b4%d0%b0\/\"]}]},{\"@type\":\"ImageObject\",\"inLanguage\":\"ru-RU\",\"@id\":\"https:\/\/kristall.ee\/ru\/toode\/%d1%84%d0%b0%d1%80%d1%84%d0%be%d1%80%d0%be%d0%b2%d0%b0%d1%8f-%d0%ba%d1%80%d1%83%d0%b6%d0%ba%d0%b0-%d0%ba%d0%bb%d0%b0%d1%81%d1%81%d0%b8%d0%ba%d0%b0-%d0%bb%d0%b0%d0%b2%d0%b0%d0%bd%d0%b4%d0%b0\/#primaryimage\",\"url\":\"https:\/\/kristall.ee\/wp-content\/uploads\/2025\/09\/D954421_1.jpg\",\"contentUrl\":\"https:\/\/kristall.ee\/wp-content\/uploads\/2025\/09\/D954421_1.jpg\",\"width\":600,\"height\":600},{\"@type\":\"BreadcrumbList\",\"@id\":\"https:\/\/kristall.ee\/ru\/toode\/%d1%84%d0%b0%d1%80%d1%84%d0%be%d1%80%d0%be%d0%b2%d0%b0%d1%8f-%d0%ba%d1%80%d1%83%d0%b6%d0%ba%d0%b0-%d0%ba%d0%bb%d0%b0%d1%81%d1%81%d0%b8%d0%ba%d0%b0-%d0%bb%d0%b0%d0%b2%d0%b0%d0%bd%d0%b4%d0%b0\/#breadcrumb\",\"itemListElement\":[{\"@type\":\"ListItem\",\"position\":1,\"name\":\"Home\",\"item\":\"https:\/\/kristall.ee\/ru\/%d0%b3%d0%bb%d0%b0%d0%b2%d0%bd%d0%b0%d1%8f-%d1%81%d1%82%d1%80%d0%b0%d0%bd%d0%b8%d1%86%d0%b0\/\"},{\"@type\":\"ListItem\",\"position\":2,\"name\":\"\u0418\u043d\u0442\u0435\u0440\u043d\u0435\u0442-\u043c\u0430\u0433\u0430\u0437\u0438\u043d\",\"item\":\"https:\/\/kristall.ee\/ru\/shop\/\"},{\"@type\":\"ListItem\",\"position\":3,\"name\":\"\u0424\u0430\u0440\u0444\u043e\u0440\u043e\u0432\u0430\u044f \u043a\u0440\u0443\u0436\u043a\u0430 \u041a\u043b\u0430\u0441\u0441\u0438\u043a\u0430 \u2013 \u041b\u0430\u0432\u0430\u043d\u0434\u0430 360 \u043c\u043b.\"}]},{\"@type\":\"WebSite\",\"@id\":\"https:\/\/kristall.ee\/ru\/#website\",\"url\":\"https:\/\/kristall.ee\/ru\/\",\"name\":\"Karlev O\u00dc - Iga p\u00e4ev on t\u00e4htp\u00e4ev\",\"description\":\"Iga p\u00e4ev on t\u00e4htp\u00e4ev!\",\"publisher\":{\"@id\":\"https:\/\/kristall.ee\/ru\/#organization\"},\"potentialAction\":[{\"@type\":\"SearchAction\",\"target\":{\"@type\":\"EntryPoint\",\"urlTemplate\":\"https:\/\/kristall.ee\/ru\/?s={search_term_string}\"},\"query-input\":{\"@type\":\"PropertyValueSpecification\",\"valueRequired\":true,\"valueName\":\"search_term_string\"}}],\"inLanguage\":\"ru-RU\"},{\"@type\":\"Organization\",\"@id\":\"https:\/\/kristall.ee\/ru\/#organization\",\"name\":\"Karlev O\u00dc\",\"url\":\"https:\/\/kristall.ee\/ru\/\",\"logo\":{\"@type\":\"ImageObject\",\"inLanguage\":\"ru-RU\",\"@id\":\"https:\/\/kristall.ee\/ru\/#\/schema\/logo\/image\/\",\"url\":\"https:\/\/kristall.ee\/wp-content\/uploads\/2025\/01\/Karlev-anno2_LOGO-04.webp\",\"contentUrl\":\"https:\/\/kristall.ee\/wp-content\/uploads\/2025\/01\/Karlev-anno2_LOGO-04.webp\",\"width\":767,\"height\":337,\"caption\":\"Karlev O\u00dc\"},\"image\":{\"@id\":\"https:\/\/kristall.ee\/ru\/#\/schema\/logo\/image\/\"}}]}<\/script>\n<!-- \/ Yoast SEO plugin. -->","yoast_head_json":{"title":"\u0424\u0430\u0440\u0444\u043e\u0440\u043e\u0432\u0430\u044f \u043a\u0440\u0443\u0436\u043a\u0430 \u041a\u043b\u0430\u0441\u0441\u0438\u043a\u0430 \u2013 \u041b\u0430\u0432\u0430\u043d\u0434\u0430 360 \u043c\u043b. - Karlev O\u00dc","robots":{"index":"index","follow":"follow","max-snippet":"max-snippet:-1","max-image-preview":"max-image-preview:large","max-video-preview":"max-video-preview:-1"},"canonical":"https:\/\/kristall.ee\/ru\/toode\/\u0444\u0430\u0440\u0444\u043e\u0440\u043e\u0432\u0430\u044f-\u043a\u0440\u0443\u0436\u043a\u0430-\u043a\u043b\u0430\u0441\u0441\u0438\u043a\u0430-\u043b\u0430\u0432\u0430\u043d\u0434\u0430\/","og_locale":"ru_RU","og_type":"article","og_title":"\u0424\u0430\u0440\u0444\u043e\u0440\u043e\u0432\u0430\u044f \u043a\u0440\u0443\u0436\u043a\u0430 \u041a\u043b\u0430\u0441\u0441\u0438\u043a\u0430 \u2013 \u041b\u0430\u0432\u0430\u043d\u0434\u0430 360 \u043c\u043b. - Karlev O\u00dc","og_description":"EC \u0424\u0430\u0440\u0444\u043e\u0440 \u0420\u0430\u0437\u043c\u0435\u0440 \u043a\u0440\u0443\u0436\u043a\u0438: 360 \u043c\u043b. \u0426\u0435\u043d\u0430 \u0443\u043a\u0430\u0437\u0430\u043d\u0430 \u0437\u0430 \u043e\u0434\u043d\u0443 (1) \u043a\u0440\u0443\u0436\u043a\u0443. \u042d\u0442\u0430 \u0437\u0430\u043c\u0435\u0447\u0430\u0442\u0435\u043b\u044c\u043d\u0430\u044f \u043a\u0440\u0443\u0436\u043a\u0430 \u0441 \u0438\u0437\u043e\u0431\u0440\u0430\u0436\u0435\u043d\u0438\u0435\u043c \u043b\u0430\u0432\u0430\u043d\u0434\u044b \u0441\u043e\u0437\u0434\u0430\u0441\u0442 \u043f\u0440\u0438\u044f\u0442\u043d\u0443\u044e, \u0443\u043c\u0438\u0440\u043e\u0442\u0432\u043e\u0440\u044f\u044e\u0449\u0443\u044e \u0430\u0442\u043c\u043e\u0441\u0444\u0435\u0440\u0443 \u0432 \u0432\u0430\u0448\u0435\u043c \u0434\u043e\u043c\u0435. \u041a\u0443\u043f\u0438\u0442\u0435 \u044d\u0442\u0443 \u043a\u0440\u0443\u0436\u043a\u0443 \u043e\u0442\u0434\u0435\u043b\u044c\u043d\u043e \u0438\u043b\u0438 \u0441\u043e\u0437\u0434\u0430\u0439\u0442\u0435 \u043a\u043e\u043c\u043f\u043b\u0435\u043a\u0442 \u0441 \u0434\u0440\u0443\u0433\u0438\u043c\u0438 \u0438\u0437\u0434\u0435\u043b\u0438\u044f\u043c\u0438 \u0438\u0437 \u0441\u0435\u0440\u0438\u0438 \u00ab\u041b\u0430\u0432\u0430\u043d\u0434\u0430\u00bb. \u0423\u0434\u043e\u0431\u043d\u0430\u044f \u043a\u0440\u0443\u0436\u043a\u0430 \u0434\u043b\u044f \u0447\u0430\u044f, \u043a\u043e\u0444\u0435, \u043a\u0430\u043a\u0430\u043e, \u043c\u043e\u043b\u043e\u043a\u0430, \u043a\u0435\u0444\u0438\u0440\u0430, \u0441\u043e\u043a\u0430, \u0444\u0440\u0443\u043a\u0442\u043e\u0432\u043e\u0433\u043e \u0441\u043e\u043a\u0430 \u0438 \u0442. \u0434. \u041f\u043e\u0434\u0445\u043e\u0434\u0438\u0442 \u0434\u043b\u044f \u0432\u0441\u0435\u0439 ...","og_url":"https:\/\/kristall.ee\/ru\/toode\/\u0444\u0430\u0440\u0444\u043e\u0440\u043e\u0432\u0430\u044f-\u043a\u0440\u0443\u0436\u043a\u0430-\u043a\u043b\u0430\u0441\u0441\u0438\u043a\u0430-\u043b\u0430\u0432\u0430\u043d\u0434\u0430\/","og_site_name":"Karlev O\u00dc","og_image":[{"width":600,"height":600,"url":"https:\/\/kristall.ee\/wp-content\/uploads\/2025\/09\/D954421_1.jpg","type":"image\/jpeg"}],"twitter_card":"summary_large_image","schema":{"@context":"https:\/\/schema.org","@graph":[{"@type":"WebPage","@id":"https:\/\/kristall.ee\/ru\/toode\/%d1%84%d0%b0%d1%80%d1%84%d0%be%d1%80%d0%be%d0%b2%d0%b0%d1%8f-%d0%ba%d1%80%d1%83%d0%b6%d0%ba%d0%b0-%d0%ba%d0%bb%d0%b0%d1%81%d1%81%d0%b8%d0%ba%d0%b0-%d0%bb%d0%b0%d0%b2%d0%b0%d0%bd%d0%b4%d0%b0\/","url":"https:\/\/kristall.ee\/ru\/toode\/%d1%84%d0%b0%d1%80%d1%84%d0%be%d1%80%d0%be%d0%b2%d0%b0%d1%8f-%d0%ba%d1%80%d1%83%d0%b6%d0%ba%d0%b0-%d0%ba%d0%bb%d0%b0%d1%81%d1%81%d0%b8%d0%ba%d0%b0-%d0%bb%d0%b0%d0%b2%d0%b0%d0%bd%d0%b4%d0%b0\/","name":"\u0424\u0430\u0440\u0444\u043e\u0440\u043e\u0432\u0430\u044f \u043a\u0440\u0443\u0436\u043a\u0430 \u041a\u043b\u0430\u0441\u0441\u0438\u043a\u0430 \u2013 \u041b\u0430\u0432\u0430\u043d\u0434\u0430 360 \u043c\u043b. - Karlev O\u00dc","isPartOf":{"@id":"https:\/\/kristall.ee\/ru\/#website"},"primaryImageOfPage":{"@id":"https:\/\/kristall.ee\/ru\/toode\/%d1%84%d0%b0%d1%80%d1%84%d0%be%d1%80%d0%be%d0%b2%d0%b0%d1%8f-%d0%ba%d1%80%d1%83%d0%b6%d0%ba%d0%b0-%d0%ba%d0%bb%d0%b0%d1%81%d1%81%d0%b8%d0%ba%d0%b0-%d0%bb%d0%b0%d0%b2%d0%b0%d0%bd%d0%b4%d0%b0\/#primaryimage"},"image":{"@id":"https:\/\/kristall.ee\/ru\/toode\/%d1%84%d0%b0%d1%80%d1%84%d0%be%d1%80%d0%be%d0%b2%d0%b0%d1%8f-%d0%ba%d1%80%d1%83%d0%b6%d0%ba%d0%b0-%d0%ba%d0%bb%d0%b0%d1%81%d1%81%d0%b8%d0%ba%d0%b0-%d0%bb%d0%b0%d0%b2%d0%b0%d0%bd%d0%b4%d0%b0\/#primaryimage"},"thumbnailUrl":"https:\/\/kristall.ee\/wp-content\/uploads\/2025\/09\/D954421_1.jpg","datePublished":"2025-09-02T10:37:24+00:00","breadcrumb":{"@id":"https:\/\/kristall.ee\/ru\/toode\/%d1%84%d0%b0%d1%80%d1%84%d0%be%d1%80%d0%be%d0%b2%d0%b0%d1%8f-%d0%ba%d1%80%d1%83%d0%b6%d0%ba%d0%b0-%d0%ba%d0%bb%d0%b0%d1%81%d1%81%d0%b8%d0%ba%d0%b0-%d0%bb%d0%b0%d0%b2%d0%b0%d0%bd%d0%b4%d0%b0\/#breadcrumb"},"inLanguage":"ru-RU","potentialAction":[{"@type":"ReadAction","target":["https:\/\/kristall.ee\/ru\/toode\/%d1%84%d0%b0%d1%80%d1%84%d0%be%d1%80%d0%be%d0%b2%d0%b0%d1%8f-%d0%ba%d1%80%d1%83%d0%b6%d0%ba%d0%b0-%d0%ba%d0%bb%d0%b0%d1%81%d1%81%d0%b8%d0%ba%d0%b0-%d0%bb%d0%b0%d0%b2%d0%b0%d0%bd%d0%b4%d0%b0\/"]}]},{"@type":"ImageObject","inLanguage":"ru-RU","@id":"https:\/\/kristall.ee\/ru\/toode\/%d1%84%d0%b0%d1%80%d1%84%d0%be%d1%80%d0%be%d0%b2%d0%b0%d1%8f-%d0%ba%d1%80%d1%83%d0%b6%d0%ba%d0%b0-%d0%ba%d0%bb%d0%b0%d1%81%d1%81%d0%b8%d0%ba%d0%b0-%d0%bb%d0%b0%d0%b2%d0%b0%d0%bd%d0%b4%d0%b0\/#primaryimage","url":"https:\/\/kristall.ee\/wp-content\/uploads\/2025\/09\/D954421_1.jpg","contentUrl":"https:\/\/kristall.ee\/wp-content\/uploads\/2025\/09\/D954421_1.jpg","width":600,"height":600},{"@type":"BreadcrumbList","@id":"https:\/\/kristall.ee\/ru\/toode\/%d1%84%d0%b0%d1%80%d1%84%d0%be%d1%80%d0%be%d0%b2%d0%b0%d1%8f-%d0%ba%d1%80%d1%83%d0%b6%d0%ba%d0%b0-%d0%ba%d0%bb%d0%b0%d1%81%d1%81%d0%b8%d0%ba%d0%b0-%d0%bb%d0%b0%d0%b2%d0%b0%d0%bd%d0%b4%d0%b0\/#breadcrumb","itemListElement":[{"@type":"ListItem","position":1,"name":"Home","item":"https:\/\/kristall.ee\/ru\/%d0%b3%d0%bb%d0%b0%d0%b2%d0%bd%d0%b0%d1%8f-%d1%81%d1%82%d1%80%d0%b0%d0%bd%d0%b8%d1%86%d0%b0\/"},{"@type":"ListItem","position":2,"name":"\u0418\u043d\u0442\u0435\u0440\u043d\u0435\u0442-\u043c\u0430\u0433\u0430\u0437\u0438\u043d","item":"https:\/\/kristall.ee\/ru\/shop\/"},{"@type":"ListItem","position":3,"name":"\u0424\u0430\u0440\u0444\u043e\u0440\u043e\u0432\u0430\u044f \u043a\u0440\u0443\u0436\u043a\u0430 \u041a\u043b\u0430\u0441\u0441\u0438\u043a\u0430 \u2013 \u041b\u0430\u0432\u0430\u043d\u0434\u0430 360 \u043c\u043b."}]},{"@type":"WebSite","@id":"https:\/\/kristall.ee\/ru\/#website","url":"https:\/\/kristall.ee\/ru\/","name":"Karlev O\u00dc - Iga p\u00e4ev on t\u00e4htp\u00e4ev","description":"Iga p\u00e4ev on t\u00e4htp\u00e4ev!","publisher":{"@id":"https:\/\/kristall.ee\/ru\/#organization"},"potentialAction":[{"@type":"SearchAction","target":{"@type":"EntryPoint","urlTemplate":"https:\/\/kristall.ee\/ru\/?s={search_term_string}"},"query-input":{"@type":"PropertyValueSpecification","valueRequired":true,"valueName":"search_term_string"}}],"inLanguage":"ru-RU"},{"@type":"Organization","@id":"https:\/\/kristall.ee\/ru\/#organization","name":"Karlev O\u00dc","url":"https:\/\/kristall.ee\/ru\/","logo":{"@type":"ImageObject","inLanguage":"ru-RU","@id":"https:\/\/kristall.ee\/ru\/#\/schema\/logo\/image\/","url":"https:\/\/kristall.ee\/wp-content\/uploads\/2025\/01\/Karlev-anno2_LOGO-04.webp","contentUrl":"https:\/\/kristall.ee\/wp-content\/uploads\/2025\/01\/Karlev-anno2_LOGO-04.webp","width":767,"height":337,"caption":"Karlev O\u00dc"},"image":{"@id":"https:\/\/kristall.ee\/ru\/#\/schema\/logo\/image\/"}}]}},"_links":{"self":[{"href":"https:\/\/kristall.ee\/ru\/wp-json\/wp\/v2\/product\/57137","targetHints":{"allow":["GET"]}}],"collection":[{"href":"https:\/\/kristall.ee\/ru\/wp-json\/wp\/v2\/product"}],"about":[{"href":"https:\/\/kristall.ee\/ru\/wp-json\/wp\/v2\/types\/product"}],"wp:featuredmedia":[{"embeddable":true,"href":"https:\/\/kristall.ee\/ru\/wp-json\/wp\/v2\/media\/57051"}],"wp:attachment":[{"href":"https:\/\/kristall.ee\/ru\/wp-json\/wp\/v2\/media?parent=57137"}],"wp:term":[{"taxonomy":"product_brand","embeddable":true,"href":"https:\/\/kristall.ee\/ru\/wp-json\/wp\/v2\/product_brand?post=57137"},{"taxonomy":"product_cat","embeddable":true,"href":"https:\/\/kristall.ee\/ru\/wp-json\/wp\/v2\/product_cat?post=57137"},{"taxonomy":"product_tag","embeddable":true,"href":"https:\/\/kristall.ee\/ru\/wp-json\/wp\/v2\/product_tag?post=57137"}],"curies":[{"name":"wp","href":"https:\/\/api.w.org\/{rel}","templated":true}]}}