{"id":55828,"date":"2025-04-30T14:33:17","date_gmt":"2025-04-30T14:33:17","guid":{"rendered":"https:\/\/kristall.ee\/toode\/b%d0%b0%d0%b7%d0%b0-%d0%b4%d0%bb%d1%8f-%d1%84%d1%80%d1%83%d0%ba%d1%82%d0%be%d0%b2-%d0%bf%d0%b5%d1%87%d0%b5%d0%bd%d0%b8%d1%8f-%d0%ba%d0%be%d0%bd%d1%84%d0%b5%d1%82-fiora-15cm-%d1%81\/"},"modified":"2025-04-30T14:33:17","modified_gmt":"2025-04-30T14:33:17","slug":"b%d0%b0%d0%b7%d0%b0-%d0%b4%d0%bb%d1%8f-%d1%84%d1%80%d1%83%d0%ba%d1%82%d0%be%d0%b2-%d0%bf%d0%b5%d1%87%d0%b5%d0%bd%d0%b8%d1%8f-%d0%ba%d0%be%d0%bd%d1%84%d0%b5%d1%82-fiora-15cm-%d1%81","status":"publish","type":"product","link":"https:\/\/kristall.ee\/ru\/toode\/b%d0%b0%d0%b7%d0%b0-%d0%b4%d0%bb%d1%8f-%d1%84%d1%80%d1%83%d0%ba%d1%82%d0%be%d0%b2-%d0%bf%d0%b5%d1%87%d0%b5%d0%bd%d0%b8%d1%8f-%d0%ba%d0%be%d0%bd%d1%84%d0%b5%d1%82-fiora-15cm-%d1%81\/","title":{"rendered":"B\u0430\u0437\u0430 \u0434\u043b\u044f (\u0444\u0440\u0443\u043a\u0442\u043e\u0432, \u043f\u0435\u0447\u0435\u043d\u0438\u044f, \u043a\u043e\u043d\u0444\u0435\u0442) \u2014 Fiora 15cm. (\u0441\u0438\u043d\u0438\u0439, \u0437\u0435\u043b\u0435\u043d\u044b\u0439, \u043a\u043e\u0440\u0438\u0447\u043d\u0435\u0432\u044b\u0439)"},"content":{"rendered":"<p>Leonardo Collection<br \/>\n\u0410\u043d\u0433\u043b\u0438\u044f<br \/>\n\u041a\u0435\u0440\u0430\u043c\u0438\u043a\u0430<br \/>\n\u0420\u0430\u0437\u043c\u0435\u0440 \u0447\u0430\u0448\u0438: \u0434\u0438\u0430\u043c.: 15 \u0441\u043c.<br \/>\n\u0426\u0435\u043d\u0430 \u0443\u043a\u0430\u0437\u0430\u043d\u0430 \u0437\u0430 \u043e\u0434\u043d\u0443 (1) \u0448\u0442.<\/p>\n","protected":false},"excerpt":{"rendered":"<p>Leonardo Collection \u0410\u043d\u0433\u043b\u0438\u044f \u041a\u0435\u0440\u0430\u043c\u0438\u043a\u0430 \u0420\u0430\u0437\u043c\u0435\u0440 \u0447\u0430\u0448\u0438: \u0434\u0438\u0430\u043c.: 15 \u0441\u043c. \u0426\u0435\u043d\u0430 \u0443\u043a\u0430\u0437\u0430\u043d\u0430 \u0437\u0430 \u043e\u0434\u043d\u0443 (1) \u0448\u0442.<\/p>\n","protected":false},"featured_media":55823,"menu_order":514,"template":"","meta":{"_acf_changed":false},"product_brand":[],"product_cat":[6281,6401,6413,5907,6417],"product_tag":[],"class_list":{"0":"post-55828","1":"product","2":"type-product","3":"status-publish","4":"has-post-thumbnail","6":"product_cat---2025-","7":"product_cat-6401","8":"product_cat-6413","9":"product_cat---b---","10":"product_cat-6417","11":"product_shipping_class-purunev-ru-2","13":"first","14":"instock","15":"taxable","16":"shipping-taxable","17":"purchasable","18":"product-type-simple"},"acf":[],"yoast_head":"<!-- This site is optimized with the Yoast SEO plugin v26.6 - https:\/\/yoast.com\/wordpress\/plugins\/seo\/ -->\n<title>B\u0430\u0437\u0430 \u0434\u043b\u044f (\u0444\u0440\u0443\u043a\u0442\u043e\u0432, \u043f\u0435\u0447\u0435\u043d\u0438\u044f, \u043a\u043e\u043d\u0444\u0435\u0442) \u2014 Fiora 15cm. (\u0441\u0438\u043d\u0438\u0439, \u0437\u0435\u043b\u0435\u043d\u044b\u0439, \u043a\u043e\u0440\u0438\u0447\u043d\u0435\u0432\u044b\u0439) - Karlev O\u00dc<\/title>\n<meta name=\"robots\" content=\"index, follow, max-snippet:-1, max-image-preview:large, max-video-preview:-1\" \/>\n<link rel=\"canonical\" href=\"https:\/\/kristall.ee\/ru\/toode\/b\u0430\u0437\u0430-\u0434\u043b\u044f-\u0444\u0440\u0443\u043a\u0442\u043e\u0432-\u043f\u0435\u0447\u0435\u043d\u0438\u044f-\u043a\u043e\u043d\u0444\u0435\u0442-fiora-15cm-\u0441\/\" \/>\n<meta property=\"og:locale\" content=\"ru_RU\" \/>\n<meta property=\"og:type\" content=\"article\" \/>\n<meta property=\"og:title\" content=\"B\u0430\u0437\u0430 \u0434\u043b\u044f (\u0444\u0440\u0443\u043a\u0442\u043e\u0432, \u043f\u0435\u0447\u0435\u043d\u0438\u044f, \u043a\u043e\u043d\u0444\u0435\u0442) \u2014 Fiora 15cm. (\u0441\u0438\u043d\u0438\u0439, \u0437\u0435\u043b\u0435\u043d\u044b\u0439, \u043a\u043e\u0440\u0438\u0447\u043d\u0435\u0432\u044b\u0439) - Karlev O\u00dc\" \/>\n<meta property=\"og:description\" content=\"Leonardo Collection \u0410\u043d\u0433\u043b\u0438\u044f \u041a\u0435\u0440\u0430\u043c\u0438\u043a\u0430 \u0420\u0430\u0437\u043c\u0435\u0440 \u0447\u0430\u0448\u0438: \u0434\u0438\u0430\u043c.: 15 \u0441\u043c. \u0426\u0435\u043d\u0430 \u0443\u043a\u0430\u0437\u0430\u043d\u0430 \u0437\u0430 \u043e\u0434\u043d\u0443 (1) \u0448\u0442.\" \/>\n<meta property=\"og:url\" content=\"https:\/\/kristall.ee\/ru\/toode\/b\u0430\u0437\u0430-\u0434\u043b\u044f-\u0444\u0440\u0443\u043a\u0442\u043e\u0432-\u043f\u0435\u0447\u0435\u043d\u0438\u044f-\u043a\u043e\u043d\u0444\u0435\u0442-fiora-15cm-\u0441\/\" \/>\n<meta property=\"og:site_name\" content=\"Karlev O\u00dc\" \/>\n<meta property=\"og:image\" content=\"https:\/\/kristall.ee\/wp-content\/uploads\/2025\/04\/74750.jpg\" \/>\n\t<meta property=\"og:image:width\" content=\"600\" \/>\n\t<meta property=\"og:image:height\" content=\"600\" \/>\n\t<meta property=\"og:image:type\" content=\"image\/jpeg\" \/>\n<meta name=\"twitter:card\" content=\"summary_large_image\" \/>\n<script type=\"application\/ld+json\" class=\"yoast-schema-graph\">{\"@context\":\"https:\/\/schema.org\",\"@graph\":[{\"@type\":\"WebPage\",\"@id\":\"https:\/\/kristall.ee\/ru\/toode\/b%d0%b0%d0%b7%d0%b0-%d0%b4%d0%bb%d1%8f-%d1%84%d1%80%d1%83%d0%ba%d1%82%d0%be%d0%b2-%d0%bf%d0%b5%d1%87%d0%b5%d0%bd%d0%b8%d1%8f-%d0%ba%d0%be%d0%bd%d1%84%d0%b5%d1%82-fiora-15cm-%d1%81\/\",\"url\":\"https:\/\/kristall.ee\/ru\/toode\/b%d0%b0%d0%b7%d0%b0-%d0%b4%d0%bb%d1%8f-%d1%84%d1%80%d1%83%d0%ba%d1%82%d0%be%d0%b2-%d0%bf%d0%b5%d1%87%d0%b5%d0%bd%d0%b8%d1%8f-%d0%ba%d0%be%d0%bd%d1%84%d0%b5%d1%82-fiora-15cm-%d1%81\/\",\"name\":\"B\u0430\u0437\u0430 \u0434\u043b\u044f (\u0444\u0440\u0443\u043a\u0442\u043e\u0432, \u043f\u0435\u0447\u0435\u043d\u0438\u044f, \u043a\u043e\u043d\u0444\u0435\u0442) \u2014 Fiora 15cm. (\u0441\u0438\u043d\u0438\u0439, \u0437\u0435\u043b\u0435\u043d\u044b\u0439, \u043a\u043e\u0440\u0438\u0447\u043d\u0435\u0432\u044b\u0439) - Karlev O\u00dc\",\"isPartOf\":{\"@id\":\"https:\/\/kristall.ee\/ru\/#website\"},\"primaryImageOfPage\":{\"@id\":\"https:\/\/kristall.ee\/ru\/toode\/b%d0%b0%d0%b7%d0%b0-%d0%b4%d0%bb%d1%8f-%d1%84%d1%80%d1%83%d0%ba%d1%82%d0%be%d0%b2-%d0%bf%d0%b5%d1%87%d0%b5%d0%bd%d0%b8%d1%8f-%d0%ba%d0%be%d0%bd%d1%84%d0%b5%d1%82-fiora-15cm-%d1%81\/#primaryimage\"},\"image\":{\"@id\":\"https:\/\/kristall.ee\/ru\/toode\/b%d0%b0%d0%b7%d0%b0-%d0%b4%d0%bb%d1%8f-%d1%84%d1%80%d1%83%d0%ba%d1%82%d0%be%d0%b2-%d0%bf%d0%b5%d1%87%d0%b5%d0%bd%d0%b8%d1%8f-%d0%ba%d0%be%d0%bd%d1%84%d0%b5%d1%82-fiora-15cm-%d1%81\/#primaryimage\"},\"thumbnailUrl\":\"https:\/\/kristall.ee\/wp-content\/uploads\/2025\/04\/74750.jpg\",\"datePublished\":\"2025-04-30T14:33:17+00:00\",\"breadcrumb\":{\"@id\":\"https:\/\/kristall.ee\/ru\/toode\/b%d0%b0%d0%b7%d0%b0-%d0%b4%d0%bb%d1%8f-%d1%84%d1%80%d1%83%d0%ba%d1%82%d0%be%d0%b2-%d0%bf%d0%b5%d1%87%d0%b5%d0%bd%d0%b8%d1%8f-%d0%ba%d0%be%d0%bd%d1%84%d0%b5%d1%82-fiora-15cm-%d1%81\/#breadcrumb\"},\"inLanguage\":\"ru-RU\",\"potentialAction\":[{\"@type\":\"ReadAction\",\"target\":[\"https:\/\/kristall.ee\/ru\/toode\/b%d0%b0%d0%b7%d0%b0-%d0%b4%d0%bb%d1%8f-%d1%84%d1%80%d1%83%d0%ba%d1%82%d0%be%d0%b2-%d0%bf%d0%b5%d1%87%d0%b5%d0%bd%d0%b8%d1%8f-%d0%ba%d0%be%d0%bd%d1%84%d0%b5%d1%82-fiora-15cm-%d1%81\/\"]}]},{\"@type\":\"ImageObject\",\"inLanguage\":\"ru-RU\",\"@id\":\"https:\/\/kristall.ee\/ru\/toode\/b%d0%b0%d0%b7%d0%b0-%d0%b4%d0%bb%d1%8f-%d1%84%d1%80%d1%83%d0%ba%d1%82%d0%be%d0%b2-%d0%bf%d0%b5%d1%87%d0%b5%d0%bd%d0%b8%d1%8f-%d0%ba%d0%be%d0%bd%d1%84%d0%b5%d1%82-fiora-15cm-%d1%81\/#primaryimage\",\"url\":\"https:\/\/kristall.ee\/wp-content\/uploads\/2025\/04\/74750.jpg\",\"contentUrl\":\"https:\/\/kristall.ee\/wp-content\/uploads\/2025\/04\/74750.jpg\",\"width\":600,\"height\":600},{\"@type\":\"BreadcrumbList\",\"@id\":\"https:\/\/kristall.ee\/ru\/toode\/b%d0%b0%d0%b7%d0%b0-%d0%b4%d0%bb%d1%8f-%d1%84%d1%80%d1%83%d0%ba%d1%82%d0%be%d0%b2-%d0%bf%d0%b5%d1%87%d0%b5%d0%bd%d0%b8%d1%8f-%d0%ba%d0%be%d0%bd%d1%84%d0%b5%d1%82-fiora-15cm-%d1%81\/#breadcrumb\",\"itemListElement\":[{\"@type\":\"ListItem\",\"position\":1,\"name\":\"Home\",\"item\":\"https:\/\/kristall.ee\/ru\/%d0%b3%d0%bb%d0%b0%d0%b2%d0%bd%d0%b0%d1%8f-%d1%81%d1%82%d1%80%d0%b0%d0%bd%d0%b8%d1%86%d0%b0\/\"},{\"@type\":\"ListItem\",\"position\":2,\"name\":\"\u0418\u043d\u0442\u0435\u0440\u043d\u0435\u0442-\u043c\u0430\u0433\u0430\u0437\u0438\u043d\",\"item\":\"https:\/\/kristall.ee\/ru\/shop\/\"},{\"@type\":\"ListItem\",\"position\":3,\"name\":\"B\u0430\u0437\u0430 \u0434\u043b\u044f (\u0444\u0440\u0443\u043a\u0442\u043e\u0432, \u043f\u0435\u0447\u0435\u043d\u0438\u044f, \u043a\u043e\u043d\u0444\u0435\u0442) \u2014 Fiora 15cm. (\u0441\u0438\u043d\u0438\u0439, \u0437\u0435\u043b\u0435\u043d\u044b\u0439, \u043a\u043e\u0440\u0438\u0447\u043d\u0435\u0432\u044b\u0439)\"}]},{\"@type\":\"WebSite\",\"@id\":\"https:\/\/kristall.ee\/ru\/#website\",\"url\":\"https:\/\/kristall.ee\/ru\/\",\"name\":\"Karlev O\u00dc - Iga p\u00e4ev on t\u00e4htp\u00e4ev\",\"description\":\"Iga p\u00e4ev on t\u00e4htp\u00e4ev!\",\"publisher\":{\"@id\":\"https:\/\/kristall.ee\/ru\/#organization\"},\"potentialAction\":[{\"@type\":\"SearchAction\",\"target\":{\"@type\":\"EntryPoint\",\"urlTemplate\":\"https:\/\/kristall.ee\/ru\/?s={search_term_string}\"},\"query-input\":{\"@type\":\"PropertyValueSpecification\",\"valueRequired\":true,\"valueName\":\"search_term_string\"}}],\"inLanguage\":\"ru-RU\"},{\"@type\":\"Organization\",\"@id\":\"https:\/\/kristall.ee\/ru\/#organization\",\"name\":\"Karlev O\u00dc\",\"url\":\"https:\/\/kristall.ee\/ru\/\",\"logo\":{\"@type\":\"ImageObject\",\"inLanguage\":\"ru-RU\",\"@id\":\"https:\/\/kristall.ee\/ru\/#\/schema\/logo\/image\/\",\"url\":\"https:\/\/kristall.ee\/wp-content\/uploads\/2025\/01\/Karlev-anno2_LOGO-04.webp\",\"contentUrl\":\"https:\/\/kristall.ee\/wp-content\/uploads\/2025\/01\/Karlev-anno2_LOGO-04.webp\",\"width\":767,\"height\":337,\"caption\":\"Karlev O\u00dc\"},\"image\":{\"@id\":\"https:\/\/kristall.ee\/ru\/#\/schema\/logo\/image\/\"}}]}<\/script>\n<!-- \/ Yoast SEO plugin. -->","yoast_head_json":{"title":"B\u0430\u0437\u0430 \u0434\u043b\u044f (\u0444\u0440\u0443\u043a\u0442\u043e\u0432, \u043f\u0435\u0447\u0435\u043d\u0438\u044f, \u043a\u043e\u043d\u0444\u0435\u0442) \u2014 Fiora 15cm. (\u0441\u0438\u043d\u0438\u0439, \u0437\u0435\u043b\u0435\u043d\u044b\u0439, \u043a\u043e\u0440\u0438\u0447\u043d\u0435\u0432\u044b\u0439) - Karlev O\u00dc","robots":{"index":"index","follow":"follow","max-snippet":"max-snippet:-1","max-image-preview":"max-image-preview:large","max-video-preview":"max-video-preview:-1"},"canonical":"https:\/\/kristall.ee\/ru\/toode\/b\u0430\u0437\u0430-\u0434\u043b\u044f-\u0444\u0440\u0443\u043a\u0442\u043e\u0432-\u043f\u0435\u0447\u0435\u043d\u0438\u044f-\u043a\u043e\u043d\u0444\u0435\u0442-fiora-15cm-\u0441\/","og_locale":"ru_RU","og_type":"article","og_title":"B\u0430\u0437\u0430 \u0434\u043b\u044f (\u0444\u0440\u0443\u043a\u0442\u043e\u0432, \u043f\u0435\u0447\u0435\u043d\u0438\u044f, \u043a\u043e\u043d\u0444\u0435\u0442) \u2014 Fiora 15cm. (\u0441\u0438\u043d\u0438\u0439, \u0437\u0435\u043b\u0435\u043d\u044b\u0439, \u043a\u043e\u0440\u0438\u0447\u043d\u0435\u0432\u044b\u0439) - Karlev O\u00dc","og_description":"Leonardo Collection \u0410\u043d\u0433\u043b\u0438\u044f \u041a\u0435\u0440\u0430\u043c\u0438\u043a\u0430 \u0420\u0430\u0437\u043c\u0435\u0440 \u0447\u0430\u0448\u0438: \u0434\u0438\u0430\u043c.: 15 \u0441\u043c. \u0426\u0435\u043d\u0430 \u0443\u043a\u0430\u0437\u0430\u043d\u0430 \u0437\u0430 \u043e\u0434\u043d\u0443 (1) \u0448\u0442.","og_url":"https:\/\/kristall.ee\/ru\/toode\/b\u0430\u0437\u0430-\u0434\u043b\u044f-\u0444\u0440\u0443\u043a\u0442\u043e\u0432-\u043f\u0435\u0447\u0435\u043d\u0438\u044f-\u043a\u043e\u043d\u0444\u0435\u0442-fiora-15cm-\u0441\/","og_site_name":"Karlev O\u00dc","og_image":[{"width":600,"height":600,"url":"https:\/\/kristall.ee\/wp-content\/uploads\/2025\/04\/74750.jpg","type":"image\/jpeg"}],"twitter_card":"summary_large_image","schema":{"@context":"https:\/\/schema.org","@graph":[{"@type":"WebPage","@id":"https:\/\/kristall.ee\/ru\/toode\/b%d0%b0%d0%b7%d0%b0-%d0%b4%d0%bb%d1%8f-%d1%84%d1%80%d1%83%d0%ba%d1%82%d0%be%d0%b2-%d0%bf%d0%b5%d1%87%d0%b5%d0%bd%d0%b8%d1%8f-%d0%ba%d0%be%d0%bd%d1%84%d0%b5%d1%82-fiora-15cm-%d1%81\/","url":"https:\/\/kristall.ee\/ru\/toode\/b%d0%b0%d0%b7%d0%b0-%d0%b4%d0%bb%d1%8f-%d1%84%d1%80%d1%83%d0%ba%d1%82%d0%be%d0%b2-%d0%bf%d0%b5%d1%87%d0%b5%d0%bd%d0%b8%d1%8f-%d0%ba%d0%be%d0%bd%d1%84%d0%b5%d1%82-fiora-15cm-%d1%81\/","name":"B\u0430\u0437\u0430 \u0434\u043b\u044f (\u0444\u0440\u0443\u043a\u0442\u043e\u0432, \u043f\u0435\u0447\u0435\u043d\u0438\u044f, \u043a\u043e\u043d\u0444\u0435\u0442) \u2014 Fiora 15cm. (\u0441\u0438\u043d\u0438\u0439, \u0437\u0435\u043b\u0435\u043d\u044b\u0439, \u043a\u043e\u0440\u0438\u0447\u043d\u0435\u0432\u044b\u0439) - Karlev O\u00dc","isPartOf":{"@id":"https:\/\/kristall.ee\/ru\/#website"},"primaryImageOfPage":{"@id":"https:\/\/kristall.ee\/ru\/toode\/b%d0%b0%d0%b7%d0%b0-%d0%b4%d0%bb%d1%8f-%d1%84%d1%80%d1%83%d0%ba%d1%82%d0%be%d0%b2-%d0%bf%d0%b5%d1%87%d0%b5%d0%bd%d0%b8%d1%8f-%d0%ba%d0%be%d0%bd%d1%84%d0%b5%d1%82-fiora-15cm-%d1%81\/#primaryimage"},"image":{"@id":"https:\/\/kristall.ee\/ru\/toode\/b%d0%b0%d0%b7%d0%b0-%d0%b4%d0%bb%d1%8f-%d1%84%d1%80%d1%83%d0%ba%d1%82%d0%be%d0%b2-%d0%bf%d0%b5%d1%87%d0%b5%d0%bd%d0%b8%d1%8f-%d0%ba%d0%be%d0%bd%d1%84%d0%b5%d1%82-fiora-15cm-%d1%81\/#primaryimage"},"thumbnailUrl":"https:\/\/kristall.ee\/wp-content\/uploads\/2025\/04\/74750.jpg","datePublished":"2025-04-30T14:33:17+00:00","breadcrumb":{"@id":"https:\/\/kristall.ee\/ru\/toode\/b%d0%b0%d0%b7%d0%b0-%d0%b4%d0%bb%d1%8f-%d1%84%d1%80%d1%83%d0%ba%d1%82%d0%be%d0%b2-%d0%bf%d0%b5%d1%87%d0%b5%d0%bd%d0%b8%d1%8f-%d0%ba%d0%be%d0%bd%d1%84%d0%b5%d1%82-fiora-15cm-%d1%81\/#breadcrumb"},"inLanguage":"ru-RU","potentialAction":[{"@type":"ReadAction","target":["https:\/\/kristall.ee\/ru\/toode\/b%d0%b0%d0%b7%d0%b0-%d0%b4%d0%bb%d1%8f-%d1%84%d1%80%d1%83%d0%ba%d1%82%d0%be%d0%b2-%d0%bf%d0%b5%d1%87%d0%b5%d0%bd%d0%b8%d1%8f-%d0%ba%d0%be%d0%bd%d1%84%d0%b5%d1%82-fiora-15cm-%d1%81\/"]}]},{"@type":"ImageObject","inLanguage":"ru-RU","@id":"https:\/\/kristall.ee\/ru\/toode\/b%d0%b0%d0%b7%d0%b0-%d0%b4%d0%bb%d1%8f-%d1%84%d1%80%d1%83%d0%ba%d1%82%d0%be%d0%b2-%d0%bf%d0%b5%d1%87%d0%b5%d0%bd%d0%b8%d1%8f-%d0%ba%d0%be%d0%bd%d1%84%d0%b5%d1%82-fiora-15cm-%d1%81\/#primaryimage","url":"https:\/\/kristall.ee\/wp-content\/uploads\/2025\/04\/74750.jpg","contentUrl":"https:\/\/kristall.ee\/wp-content\/uploads\/2025\/04\/74750.jpg","width":600,"height":600},{"@type":"BreadcrumbList","@id":"https:\/\/kristall.ee\/ru\/toode\/b%d0%b0%d0%b7%d0%b0-%d0%b4%d0%bb%d1%8f-%d1%84%d1%80%d1%83%d0%ba%d1%82%d0%be%d0%b2-%d0%bf%d0%b5%d1%87%d0%b5%d0%bd%d0%b8%d1%8f-%d0%ba%d0%be%d0%bd%d1%84%d0%b5%d1%82-fiora-15cm-%d1%81\/#breadcrumb","itemListElement":[{"@type":"ListItem","position":1,"name":"Home","item":"https:\/\/kristall.ee\/ru\/%d0%b3%d0%bb%d0%b0%d0%b2%d0%bd%d0%b0%d1%8f-%d1%81%d1%82%d1%80%d0%b0%d0%bd%d0%b8%d1%86%d0%b0\/"},{"@type":"ListItem","position":2,"name":"\u0418\u043d\u0442\u0435\u0440\u043d\u0435\u0442-\u043c\u0430\u0433\u0430\u0437\u0438\u043d","item":"https:\/\/kristall.ee\/ru\/shop\/"},{"@type":"ListItem","position":3,"name":"B\u0430\u0437\u0430 \u0434\u043b\u044f (\u0444\u0440\u0443\u043a\u0442\u043e\u0432, \u043f\u0435\u0447\u0435\u043d\u0438\u044f, \u043a\u043e\u043d\u0444\u0435\u0442) \u2014 Fiora 15cm. (\u0441\u0438\u043d\u0438\u0439, \u0437\u0435\u043b\u0435\u043d\u044b\u0439, \u043a\u043e\u0440\u0438\u0447\u043d\u0435\u0432\u044b\u0439)"}]},{"@type":"WebSite","@id":"https:\/\/kristall.ee\/ru\/#website","url":"https:\/\/kristall.ee\/ru\/","name":"Karlev O\u00dc - Iga p\u00e4ev on t\u00e4htp\u00e4ev","description":"Iga p\u00e4ev on t\u00e4htp\u00e4ev!","publisher":{"@id":"https:\/\/kristall.ee\/ru\/#organization"},"potentialAction":[{"@type":"SearchAction","target":{"@type":"EntryPoint","urlTemplate":"https:\/\/kristall.ee\/ru\/?s={search_term_string}"},"query-input":{"@type":"PropertyValueSpecification","valueRequired":true,"valueName":"search_term_string"}}],"inLanguage":"ru-RU"},{"@type":"Organization","@id":"https:\/\/kristall.ee\/ru\/#organization","name":"Karlev O\u00dc","url":"https:\/\/kristall.ee\/ru\/","logo":{"@type":"ImageObject","inLanguage":"ru-RU","@id":"https:\/\/kristall.ee\/ru\/#\/schema\/logo\/image\/","url":"https:\/\/kristall.ee\/wp-content\/uploads\/2025\/01\/Karlev-anno2_LOGO-04.webp","contentUrl":"https:\/\/kristall.ee\/wp-content\/uploads\/2025\/01\/Karlev-anno2_LOGO-04.webp","width":767,"height":337,"caption":"Karlev O\u00dc"},"image":{"@id":"https:\/\/kristall.ee\/ru\/#\/schema\/logo\/image\/"}}]}},"_links":{"self":[{"href":"https:\/\/kristall.ee\/ru\/wp-json\/wp\/v2\/product\/55828","targetHints":{"allow":["GET"]}}],"collection":[{"href":"https:\/\/kristall.ee\/ru\/wp-json\/wp\/v2\/product"}],"about":[{"href":"https:\/\/kristall.ee\/ru\/wp-json\/wp\/v2\/types\/product"}],"wp:featuredmedia":[{"embeddable":true,"href":"https:\/\/kristall.ee\/ru\/wp-json\/wp\/v2\/media\/55823"}],"wp:attachment":[{"href":"https:\/\/kristall.ee\/ru\/wp-json\/wp\/v2\/media?parent=55828"}],"wp:term":[{"taxonomy":"product_brand","embeddable":true,"href":"https:\/\/kristall.ee\/ru\/wp-json\/wp\/v2\/product_brand?post=55828"},{"taxonomy":"product_cat","embeddable":true,"href":"https:\/\/kristall.ee\/ru\/wp-json\/wp\/v2\/product_cat?post=55828"},{"taxonomy":"product_tag","embeddable":true,"href":"https:\/\/kristall.ee\/ru\/wp-json\/wp\/v2\/product_tag?post=55828"}],"curies":[{"name":"wp","href":"https:\/\/api.w.org\/{rel}","templated":true}]}}