{"id":54060,"date":"2025-01-06T10:48:17","date_gmt":"2025-01-06T10:48:17","guid":{"rendered":"https:\/\/kristall.ee\/toode\/%d0%b4%d0%b5%d1%82%d1%81%d0%ba%d0%b8%d0%b9-%d0%bd%d0%b0%d0%b1%d0%be%d1%80-%d0%b4%d0%bb%d1%8f-%d0%ba%d0%be%d1%80%d0%bc%d0%bb%d0%b5%d0%bd%d0%b8%d1%8f-disney-magical-beggings\/"},"modified":"2025-02-03T10:26:14","modified_gmt":"2025-02-03T10:26:14","slug":"%d0%b4%d0%b5%d1%82%d1%81%d0%ba%d0%b8%d0%b9-%d0%bd%d0%b0%d0%b1%d0%be%d1%80-%d0%b4%d0%bb%d1%8f-%d0%ba%d0%be%d1%80%d0%bc%d0%bb%d0%b5%d0%bd%d0%b8%d1%8f-disney-magical-beggings","status":"publish","type":"product","link":"https:\/\/kristall.ee\/ru\/toode\/%d0%b4%d0%b5%d1%82%d1%81%d0%ba%d0%b8%d0%b9-%d0%bd%d0%b0%d0%b1%d0%be%d1%80-%d0%b4%d0%bb%d1%8f-%d0%ba%d0%be%d1%80%d0%bc%d0%bb%d0%b5%d0%bd%d0%b8%d1%8f-disney-magical-beggings\/","title":{"rendered":"\u0414\u0435\u0442\u0441\u043a\u0438\u0439 \u043d\u0430\u0431\u043e\u0440 \u0434\u043b\u044f \u043a\u043e\u0440\u043c\u043b\u0435\u043d\u0438\u044f &#8211; Disney Magical Beggings"},"content":{"rendered":"<p>DISNEY\u00ae<\/p>\n<p>\u0410\u043d\u0433\u043b\u0438\u044f<\/p>\n<p>\u0444\u0430\u0440\u0444\u043e\u0440<\/p>\n<p>\u041d\u0430\u0431\u043e\u0440 \u0444\u0430\u0440\u0444\u043e\u0440\u043e\u0432\u043e\u0439 \u043f\u043e\u0441\u0443\u0434\u044b \u0441\u043e\u0441\u0442\u043e\u0438\u0442 \u0438\u0437:<br \/>\n\u0422\u0430\u0440\u0435\u043b\u043a\u0430, \u0434\u0438\u0430\u043c\u0435\u0442\u0440: 19,5 \u0441\u043c.<br \/>\n\u0427\u0430\u0448\u0430, \u0434\u0438\u0430\u043c\u0435\u0442\u0440: 15\u0441\u043c. \u0445 \u0447 = 4,5 \u0441\u043c.<br \/>\n\u041a\u0440\u0443\u0436\u043a\u0430 \u0441 \u0434\u0432\u0443\u043c\u044f \u0440\u0443\u0447\u043a\u0430\u043c\u0438: \u0432\u044b\u0441\u043e\u0442\u0430 = 7,5 \u0441\u043c. \u0445 \u0434\u0438\u0430\u043c\u0435\u0442\u0440: 7,4 \u0441\u043c.<br \/>\n\u041f\u043e\u0434\u0441\u0442\u0430\u0432\u043a\u0430 \u0434\u043b\u044f \u044f\u0438\u0446: \u0432\u044b\u0441\u043e\u0442\u0430=7\u0441\u043c. \u0445 \u0434\u0438\u0430\u043c\u0435\u0442\u0440: 5 \u0441\u043c.<\/p>\n<p>\u0420\u0430\u0437\u043c\u0435\u0440 \u043f\u043e\u0434\u0430\u0440\u043e\u0447\u043d\u043e\u0439 \u043a\u043e\u0440\u043e\u0431\u043a\u0438: 20 \u0445 29,5 \u0445 9 \u0441\u043c.<\/p>\n<p>\u0421\u0442\u0430\u043d\u0435\u0442 \u043e\u0442\u043b\u0438\u0447\u043d\u044b\u043c \u043f\u043e\u0434\u0430\u0440\u043a\u043e\u043c \u0438 \u043d\u0430 \u0440\u043e\u0436\u0434\u0435\u043d\u0438\u0435 \u0440\u0435\u0431\u0435\u043d\u043a\u0430.<\/p>\n<p>\u0426\u0435\u043d\u0430 \u0443\u043a\u0430\u0437\u0430\u043d\u0430 \u0437\u0430 1 (\u043e\u0434\u0438\u043d) \u043d\u0430\u0431\u043e\u0440 \u043f\u043e\u0441\u0443\u0434\u044b.<\/p>\n","protected":false},"excerpt":{"rendered":"<p>DISNEY\u00ae \u0410\u043d\u0433\u043b\u0438\u044f \u0444\u0430\u0440\u0444\u043e\u0440 \u041d\u0430\u0431\u043e\u0440 \u0444\u0430\u0440\u0444\u043e\u0440\u043e\u0432\u043e\u0439 \u043f\u043e\u0441\u0443\u0434\u044b \u0441\u043e\u0441\u0442\u043e\u0438\u0442 \u0438\u0437: \u0422\u0430\u0440\u0435\u043b\u043a\u0430, \u0434\u0438\u0430\u043c\u0435\u0442\u0440: 19,5 \u0441\u043c. \u0427\u0430\u0448\u0430, \u0434\u0438\u0430\u043c\u0435\u0442\u0440: 15\u0441\u043c. \u0445 \u0447 = 4,5 \u0441\u043c. \u041a\u0440\u0443\u0436\u043a\u0430 \u0441 \u0434\u0432\u0443\u043c\u044f \u0440\u0443\u0447\u043a\u0430\u043c\u0438: \u0432\u044b\u0441\u043e\u0442\u0430 = 7,5 \u0441\u043c. \u0445 \u0434\u0438\u0430\u043c\u0435\u0442\u0440: 7,4 \u0441\u043c. \u041f\u043e\u0434\u0441\u0442\u0430\u0432\u043a\u0430 \u0434\u043b\u044f \u044f\u0438\u0446: \u0432\u044b\u0441\u043e\u0442\u0430=7\u0441\u043c. \u0445 \u0434\u0438\u0430\u043c\u0435\u0442\u0440: 5 \u0441\u043c. \u0420\u0430\u0437\u043c\u0435\u0440 \u043f\u043e\u0434\u0430\u0440\u043e\u0447\u043d\u043e\u0439 \u043a\u043e\u0440\u043e\u0431\u043a\u0438: 20 \u0445 29,5 \u0445 9 \u0441\u043c. \u0421\u0442\u0430\u043d\u0435\u0442 \u043e\u0442\u043b\u0438\u0447\u043d\u044b\u043c \u043f\u043e\u0434\u0430\u0440\u043a\u043e\u043c \u0438 \u043d\u0430 \u0440\u043e\u0436\u0434\u0435\u043d\u0438\u0435 &#8230;<\/p>\n","protected":false},"featured_media":32036,"menu_order":4220,"template":"","meta":{"_acf_changed":false},"product_brand":[],"product_cat":[6221,6201,5686,5939,5710,6193],"product_tag":[],"class_list":{"0":"post-54060","1":"product","2":"type-product","3":"status-publish","4":"has-post-thumbnail","6":"product_cat---disney","7":"product_cat-6201","8":"product_cat-5686","9":"product_cat-5939","10":"product_cat-5710","11":"product_cat-6193","12":"product_shipping_class-purunev-ru-2","14":"first","15":"instock","16":"purchasable","17":"product-type-simple"},"acf":[],"yoast_head":"<!-- This site is optimized with the Yoast SEO plugin v26.6 - https:\/\/yoast.com\/wordpress\/plugins\/seo\/ -->\n<title>\u0414\u0435\u0442\u0441\u043a\u0438\u0439 \u043d\u0430\u0431\u043e\u0440 \u0434\u043b\u044f \u043a\u043e\u0440\u043c\u043b\u0435\u043d\u0438\u044f - Disney Magical Beggings - Karlev O\u00dc<\/title>\n<meta name=\"robots\" content=\"index, follow, max-snippet:-1, max-image-preview:large, max-video-preview:-1\" \/>\n<link rel=\"canonical\" href=\"https:\/\/kristall.ee\/ru\/toode\/\u0434\u0435\u0442\u0441\u043a\u0438\u0439-\u043d\u0430\u0431\u043e\u0440-\u0434\u043b\u044f-\u043a\u043e\u0440\u043c\u043b\u0435\u043d\u0438\u044f-disney-magical-beggings\/\" \/>\n<meta property=\"og:locale\" content=\"ru_RU\" \/>\n<meta property=\"og:type\" content=\"article\" \/>\n<meta property=\"og:title\" content=\"\u0414\u0435\u0442\u0441\u043a\u0438\u0439 \u043d\u0430\u0431\u043e\u0440 \u0434\u043b\u044f \u043a\u043e\u0440\u043c\u043b\u0435\u043d\u0438\u044f - Disney Magical Beggings - Karlev O\u00dc\" \/>\n<meta property=\"og:description\" content=\"DISNEY\u00ae \u0410\u043d\u0433\u043b\u0438\u044f \u0444\u0430\u0440\u0444\u043e\u0440 \u041d\u0430\u0431\u043e\u0440 \u0444\u0430\u0440\u0444\u043e\u0440\u043e\u0432\u043e\u0439 \u043f\u043e\u0441\u0443\u0434\u044b \u0441\u043e\u0441\u0442\u043e\u0438\u0442 \u0438\u0437: \u0422\u0430\u0440\u0435\u043b\u043a\u0430, \u0434\u0438\u0430\u043c\u0435\u0442\u0440: 19,5 \u0441\u043c. \u0427\u0430\u0448\u0430, \u0434\u0438\u0430\u043c\u0435\u0442\u0440: 15\u0441\u043c. \u0445 \u0447 = 4,5 \u0441\u043c. \u041a\u0440\u0443\u0436\u043a\u0430 \u0441 \u0434\u0432\u0443\u043c\u044f \u0440\u0443\u0447\u043a\u0430\u043c\u0438: \u0432\u044b\u0441\u043e\u0442\u0430 = 7,5 \u0441\u043c. \u0445 \u0434\u0438\u0430\u043c\u0435\u0442\u0440: 7,4 \u0441\u043c. \u041f\u043e\u0434\u0441\u0442\u0430\u0432\u043a\u0430 \u0434\u043b\u044f \u044f\u0438\u0446: \u0432\u044b\u0441\u043e\u0442\u0430=7\u0441\u043c. \u0445 \u0434\u0438\u0430\u043c\u0435\u0442\u0440: 5 \u0441\u043c. \u0420\u0430\u0437\u043c\u0435\u0440 \u043f\u043e\u0434\u0430\u0440\u043e\u0447\u043d\u043e\u0439 \u043a\u043e\u0440\u043e\u0431\u043a\u0438: 20 \u0445 29,5 \u0445 9 \u0441\u043c. \u0421\u0442\u0430\u043d\u0435\u0442 \u043e\u0442\u043b\u0438\u0447\u043d\u044b\u043c \u043f\u043e\u0434\u0430\u0440\u043a\u043e\u043c \u0438 \u043d\u0430 \u0440\u043e\u0436\u0434\u0435\u043d\u0438\u0435 ...\" \/>\n<meta property=\"og:url\" content=\"https:\/\/kristall.ee\/ru\/toode\/\u0434\u0435\u0442\u0441\u043a\u0438\u0439-\u043d\u0430\u0431\u043e\u0440-\u0434\u043b\u044f-\u043a\u043e\u0440\u043c\u043b\u0435\u043d\u0438\u044f-disney-magical-beggings\/\" \/>\n<meta property=\"og:site_name\" content=\"Karlev O\u00dc\" \/>\n<meta property=\"article:modified_time\" content=\"2025-02-03T10:26:14+00:00\" \/>\n<meta property=\"og:image\" content=\"https:\/\/kristall.ee\/wp-content\/uploads\/2025\/01\/8645.jpg\" \/>\n\t<meta property=\"og:image:width\" content=\"600\" \/>\n\t<meta property=\"og:image:height\" content=\"600\" \/>\n\t<meta property=\"og:image:type\" content=\"image\/jpeg\" \/>\n<meta name=\"twitter:card\" content=\"summary_large_image\" \/>\n<script type=\"application\/ld+json\" class=\"yoast-schema-graph\">{\"@context\":\"https:\/\/schema.org\",\"@graph\":[{\"@type\":\"WebPage\",\"@id\":\"https:\/\/kristall.ee\/ru\/toode\/%d0%b4%d0%b5%d1%82%d1%81%d0%ba%d0%b8%d0%b9-%d0%bd%d0%b0%d0%b1%d0%be%d1%80-%d0%b4%d0%bb%d1%8f-%d0%ba%d0%be%d1%80%d0%bc%d0%bb%d0%b5%d0%bd%d0%b8%d1%8f-disney-magical-beggings\/\",\"url\":\"https:\/\/kristall.ee\/ru\/toode\/%d0%b4%d0%b5%d1%82%d1%81%d0%ba%d0%b8%d0%b9-%d0%bd%d0%b0%d0%b1%d0%be%d1%80-%d0%b4%d0%bb%d1%8f-%d0%ba%d0%be%d1%80%d0%bc%d0%bb%d0%b5%d0%bd%d0%b8%d1%8f-disney-magical-beggings\/\",\"name\":\"\u0414\u0435\u0442\u0441\u043a\u0438\u0439 \u043d\u0430\u0431\u043e\u0440 \u0434\u043b\u044f \u043a\u043e\u0440\u043c\u043b\u0435\u043d\u0438\u044f - Disney Magical Beggings - Karlev O\u00dc\",\"isPartOf\":{\"@id\":\"https:\/\/kristall.ee\/ru\/#website\"},\"primaryImageOfPage\":{\"@id\":\"https:\/\/kristall.ee\/ru\/toode\/%d0%b4%d0%b5%d1%82%d1%81%d0%ba%d0%b8%d0%b9-%d0%bd%d0%b0%d0%b1%d0%be%d1%80-%d0%b4%d0%bb%d1%8f-%d0%ba%d0%be%d1%80%d0%bc%d0%bb%d0%b5%d0%bd%d0%b8%d1%8f-disney-magical-beggings\/#primaryimage\"},\"image\":{\"@id\":\"https:\/\/kristall.ee\/ru\/toode\/%d0%b4%d0%b5%d1%82%d1%81%d0%ba%d0%b8%d0%b9-%d0%bd%d0%b0%d0%b1%d0%be%d1%80-%d0%b4%d0%bb%d1%8f-%d0%ba%d0%be%d1%80%d0%bc%d0%bb%d0%b5%d0%bd%d0%b8%d1%8f-disney-magical-beggings\/#primaryimage\"},\"thumbnailUrl\":\"https:\/\/kristall.ee\/wp-content\/uploads\/2025\/01\/8645.jpg\",\"datePublished\":\"2025-01-06T10:48:17+00:00\",\"dateModified\":\"2025-02-03T10:26:14+00:00\",\"breadcrumb\":{\"@id\":\"https:\/\/kristall.ee\/ru\/toode\/%d0%b4%d0%b5%d1%82%d1%81%d0%ba%d0%b8%d0%b9-%d0%bd%d0%b0%d0%b1%d0%be%d1%80-%d0%b4%d0%bb%d1%8f-%d0%ba%d0%be%d1%80%d0%bc%d0%bb%d0%b5%d0%bd%d0%b8%d1%8f-disney-magical-beggings\/#breadcrumb\"},\"inLanguage\":\"ru-RU\",\"potentialAction\":[{\"@type\":\"ReadAction\",\"target\":[\"https:\/\/kristall.ee\/ru\/toode\/%d0%b4%d0%b5%d1%82%d1%81%d0%ba%d0%b8%d0%b9-%d0%bd%d0%b0%d0%b1%d0%be%d1%80-%d0%b4%d0%bb%d1%8f-%d0%ba%d0%be%d1%80%d0%bc%d0%bb%d0%b5%d0%bd%d0%b8%d1%8f-disney-magical-beggings\/\"]}]},{\"@type\":\"ImageObject\",\"inLanguage\":\"ru-RU\",\"@id\":\"https:\/\/kristall.ee\/ru\/toode\/%d0%b4%d0%b5%d1%82%d1%81%d0%ba%d0%b8%d0%b9-%d0%bd%d0%b0%d0%b1%d0%be%d1%80-%d0%b4%d0%bb%d1%8f-%d0%ba%d0%be%d1%80%d0%bc%d0%bb%d0%b5%d0%bd%d0%b8%d1%8f-disney-magical-beggings\/#primaryimage\",\"url\":\"https:\/\/kristall.ee\/wp-content\/uploads\/2025\/01\/8645.jpg\",\"contentUrl\":\"https:\/\/kristall.ee\/wp-content\/uploads\/2025\/01\/8645.jpg\",\"width\":600,\"height\":600},{\"@type\":\"BreadcrumbList\",\"@id\":\"https:\/\/kristall.ee\/ru\/toode\/%d0%b4%d0%b5%d1%82%d1%81%d0%ba%d0%b8%d0%b9-%d0%bd%d0%b0%d0%b1%d0%be%d1%80-%d0%b4%d0%bb%d1%8f-%d0%ba%d0%be%d1%80%d0%bc%d0%bb%d0%b5%d0%bd%d0%b8%d1%8f-disney-magical-beggings\/#breadcrumb\",\"itemListElement\":[{\"@type\":\"ListItem\",\"position\":1,\"name\":\"Home\",\"item\":\"https:\/\/kristall.ee\/ru\/%d0%b3%d0%bb%d0%b0%d0%b2%d0%bd%d0%b0%d1%8f-%d1%81%d1%82%d1%80%d0%b0%d0%bd%d0%b8%d1%86%d0%b0\/\"},{\"@type\":\"ListItem\",\"position\":2,\"name\":\"\u0418\u043d\u0442\u0435\u0440\u043d\u0435\u0442-\u043c\u0430\u0433\u0430\u0437\u0438\u043d\",\"item\":\"https:\/\/kristall.ee\/ru\/shop\/\"},{\"@type\":\"ListItem\",\"position\":3,\"name\":\"\u0414\u0435\u0442\u0441\u043a\u0438\u0439 \u043d\u0430\u0431\u043e\u0440 \u0434\u043b\u044f \u043a\u043e\u0440\u043c\u043b\u0435\u043d\u0438\u044f &#8212; Disney Magical Beggings\"}]},{\"@type\":\"WebSite\",\"@id\":\"https:\/\/kristall.ee\/ru\/#website\",\"url\":\"https:\/\/kristall.ee\/ru\/\",\"name\":\"Karlev O\u00dc - Iga p\u00e4ev on t\u00e4htp\u00e4ev\",\"description\":\"Iga p\u00e4ev on t\u00e4htp\u00e4ev!\",\"publisher\":{\"@id\":\"https:\/\/kristall.ee\/ru\/#organization\"},\"potentialAction\":[{\"@type\":\"SearchAction\",\"target\":{\"@type\":\"EntryPoint\",\"urlTemplate\":\"https:\/\/kristall.ee\/ru\/?s={search_term_string}\"},\"query-input\":{\"@type\":\"PropertyValueSpecification\",\"valueRequired\":true,\"valueName\":\"search_term_string\"}}],\"inLanguage\":\"ru-RU\"},{\"@type\":\"Organization\",\"@id\":\"https:\/\/kristall.ee\/ru\/#organization\",\"name\":\"Karlev O\u00dc\",\"url\":\"https:\/\/kristall.ee\/ru\/\",\"logo\":{\"@type\":\"ImageObject\",\"inLanguage\":\"ru-RU\",\"@id\":\"https:\/\/kristall.ee\/ru\/#\/schema\/logo\/image\/\",\"url\":\"https:\/\/kristall.ee\/wp-content\/uploads\/2025\/01\/Karlev-anno2_LOGO-04.webp\",\"contentUrl\":\"https:\/\/kristall.ee\/wp-content\/uploads\/2025\/01\/Karlev-anno2_LOGO-04.webp\",\"width\":767,\"height\":337,\"caption\":\"Karlev O\u00dc\"},\"image\":{\"@id\":\"https:\/\/kristall.ee\/ru\/#\/schema\/logo\/image\/\"}}]}<\/script>\n<!-- \/ Yoast SEO plugin. -->","yoast_head_json":{"title":"\u0414\u0435\u0442\u0441\u043a\u0438\u0439 \u043d\u0430\u0431\u043e\u0440 \u0434\u043b\u044f \u043a\u043e\u0440\u043c\u043b\u0435\u043d\u0438\u044f - Disney Magical Beggings - Karlev O\u00dc","robots":{"index":"index","follow":"follow","max-snippet":"max-snippet:-1","max-image-preview":"max-image-preview:large","max-video-preview":"max-video-preview:-1"},"canonical":"https:\/\/kristall.ee\/ru\/toode\/\u0434\u0435\u0442\u0441\u043a\u0438\u0439-\u043d\u0430\u0431\u043e\u0440-\u0434\u043b\u044f-\u043a\u043e\u0440\u043c\u043b\u0435\u043d\u0438\u044f-disney-magical-beggings\/","og_locale":"ru_RU","og_type":"article","og_title":"\u0414\u0435\u0442\u0441\u043a\u0438\u0439 \u043d\u0430\u0431\u043e\u0440 \u0434\u043b\u044f \u043a\u043e\u0440\u043c\u043b\u0435\u043d\u0438\u044f - Disney Magical Beggings - Karlev O\u00dc","og_description":"DISNEY\u00ae \u0410\u043d\u0433\u043b\u0438\u044f \u0444\u0430\u0440\u0444\u043e\u0440 \u041d\u0430\u0431\u043e\u0440 \u0444\u0430\u0440\u0444\u043e\u0440\u043e\u0432\u043e\u0439 \u043f\u043e\u0441\u0443\u0434\u044b \u0441\u043e\u0441\u0442\u043e\u0438\u0442 \u0438\u0437: \u0422\u0430\u0440\u0435\u043b\u043a\u0430, \u0434\u0438\u0430\u043c\u0435\u0442\u0440: 19,5 \u0441\u043c. \u0427\u0430\u0448\u0430, \u0434\u0438\u0430\u043c\u0435\u0442\u0440: 15\u0441\u043c. \u0445 \u0447 = 4,5 \u0441\u043c. \u041a\u0440\u0443\u0436\u043a\u0430 \u0441 \u0434\u0432\u0443\u043c\u044f \u0440\u0443\u0447\u043a\u0430\u043c\u0438: \u0432\u044b\u0441\u043e\u0442\u0430 = 7,5 \u0441\u043c. \u0445 \u0434\u0438\u0430\u043c\u0435\u0442\u0440: 7,4 \u0441\u043c. \u041f\u043e\u0434\u0441\u0442\u0430\u0432\u043a\u0430 \u0434\u043b\u044f \u044f\u0438\u0446: \u0432\u044b\u0441\u043e\u0442\u0430=7\u0441\u043c. \u0445 \u0434\u0438\u0430\u043c\u0435\u0442\u0440: 5 \u0441\u043c. \u0420\u0430\u0437\u043c\u0435\u0440 \u043f\u043e\u0434\u0430\u0440\u043e\u0447\u043d\u043e\u0439 \u043a\u043e\u0440\u043e\u0431\u043a\u0438: 20 \u0445 29,5 \u0445 9 \u0441\u043c. \u0421\u0442\u0430\u043d\u0435\u0442 \u043e\u0442\u043b\u0438\u0447\u043d\u044b\u043c \u043f\u043e\u0434\u0430\u0440\u043a\u043e\u043c \u0438 \u043d\u0430 \u0440\u043e\u0436\u0434\u0435\u043d\u0438\u0435 ...","og_url":"https:\/\/kristall.ee\/ru\/toode\/\u0434\u0435\u0442\u0441\u043a\u0438\u0439-\u043d\u0430\u0431\u043e\u0440-\u0434\u043b\u044f-\u043a\u043e\u0440\u043c\u043b\u0435\u043d\u0438\u044f-disney-magical-beggings\/","og_site_name":"Karlev O\u00dc","article_modified_time":"2025-02-03T10:26:14+00:00","og_image":[{"width":600,"height":600,"url":"https:\/\/kristall.ee\/wp-content\/uploads\/2025\/01\/8645.jpg","type":"image\/jpeg"}],"twitter_card":"summary_large_image","schema":{"@context":"https:\/\/schema.org","@graph":[{"@type":"WebPage","@id":"https:\/\/kristall.ee\/ru\/toode\/%d0%b4%d0%b5%d1%82%d1%81%d0%ba%d0%b8%d0%b9-%d0%bd%d0%b0%d0%b1%d0%be%d1%80-%d0%b4%d0%bb%d1%8f-%d0%ba%d0%be%d1%80%d0%bc%d0%bb%d0%b5%d0%bd%d0%b8%d1%8f-disney-magical-beggings\/","url":"https:\/\/kristall.ee\/ru\/toode\/%d0%b4%d0%b5%d1%82%d1%81%d0%ba%d0%b8%d0%b9-%d0%bd%d0%b0%d0%b1%d0%be%d1%80-%d0%b4%d0%bb%d1%8f-%d0%ba%d0%be%d1%80%d0%bc%d0%bb%d0%b5%d0%bd%d0%b8%d1%8f-disney-magical-beggings\/","name":"\u0414\u0435\u0442\u0441\u043a\u0438\u0439 \u043d\u0430\u0431\u043e\u0440 \u0434\u043b\u044f \u043a\u043e\u0440\u043c\u043b\u0435\u043d\u0438\u044f - Disney Magical Beggings - Karlev O\u00dc","isPartOf":{"@id":"https:\/\/kristall.ee\/ru\/#website"},"primaryImageOfPage":{"@id":"https:\/\/kristall.ee\/ru\/toode\/%d0%b4%d0%b5%d1%82%d1%81%d0%ba%d0%b8%d0%b9-%d0%bd%d0%b0%d0%b1%d0%be%d1%80-%d0%b4%d0%bb%d1%8f-%d0%ba%d0%be%d1%80%d0%bc%d0%bb%d0%b5%d0%bd%d0%b8%d1%8f-disney-magical-beggings\/#primaryimage"},"image":{"@id":"https:\/\/kristall.ee\/ru\/toode\/%d0%b4%d0%b5%d1%82%d1%81%d0%ba%d0%b8%d0%b9-%d0%bd%d0%b0%d0%b1%d0%be%d1%80-%d0%b4%d0%bb%d1%8f-%d0%ba%d0%be%d1%80%d0%bc%d0%bb%d0%b5%d0%bd%d0%b8%d1%8f-disney-magical-beggings\/#primaryimage"},"thumbnailUrl":"https:\/\/kristall.ee\/wp-content\/uploads\/2025\/01\/8645.jpg","datePublished":"2025-01-06T10:48:17+00:00","dateModified":"2025-02-03T10:26:14+00:00","breadcrumb":{"@id":"https:\/\/kristall.ee\/ru\/toode\/%d0%b4%d0%b5%d1%82%d1%81%d0%ba%d0%b8%d0%b9-%d0%bd%d0%b0%d0%b1%d0%be%d1%80-%d0%b4%d0%bb%d1%8f-%d0%ba%d0%be%d1%80%d0%bc%d0%bb%d0%b5%d0%bd%d0%b8%d1%8f-disney-magical-beggings\/#breadcrumb"},"inLanguage":"ru-RU","potentialAction":[{"@type":"ReadAction","target":["https:\/\/kristall.ee\/ru\/toode\/%d0%b4%d0%b5%d1%82%d1%81%d0%ba%d0%b8%d0%b9-%d0%bd%d0%b0%d0%b1%d0%be%d1%80-%d0%b4%d0%bb%d1%8f-%d0%ba%d0%be%d1%80%d0%bc%d0%bb%d0%b5%d0%bd%d0%b8%d1%8f-disney-magical-beggings\/"]}]},{"@type":"ImageObject","inLanguage":"ru-RU","@id":"https:\/\/kristall.ee\/ru\/toode\/%d0%b4%d0%b5%d1%82%d1%81%d0%ba%d0%b8%d0%b9-%d0%bd%d0%b0%d0%b1%d0%be%d1%80-%d0%b4%d0%bb%d1%8f-%d0%ba%d0%be%d1%80%d0%bc%d0%bb%d0%b5%d0%bd%d0%b8%d1%8f-disney-magical-beggings\/#primaryimage","url":"https:\/\/kristall.ee\/wp-content\/uploads\/2025\/01\/8645.jpg","contentUrl":"https:\/\/kristall.ee\/wp-content\/uploads\/2025\/01\/8645.jpg","width":600,"height":600},{"@type":"BreadcrumbList","@id":"https:\/\/kristall.ee\/ru\/toode\/%d0%b4%d0%b5%d1%82%d1%81%d0%ba%d0%b8%d0%b9-%d0%bd%d0%b0%d0%b1%d0%be%d1%80-%d0%b4%d0%bb%d1%8f-%d0%ba%d0%be%d1%80%d0%bc%d0%bb%d0%b5%d0%bd%d0%b8%d1%8f-disney-magical-beggings\/#breadcrumb","itemListElement":[{"@type":"ListItem","position":1,"name":"Home","item":"https:\/\/kristall.ee\/ru\/%d0%b3%d0%bb%d0%b0%d0%b2%d0%bd%d0%b0%d1%8f-%d1%81%d1%82%d1%80%d0%b0%d0%bd%d0%b8%d1%86%d0%b0\/"},{"@type":"ListItem","position":2,"name":"\u0418\u043d\u0442\u0435\u0440\u043d\u0435\u0442-\u043c\u0430\u0433\u0430\u0437\u0438\u043d","item":"https:\/\/kristall.ee\/ru\/shop\/"},{"@type":"ListItem","position":3,"name":"\u0414\u0435\u0442\u0441\u043a\u0438\u0439 \u043d\u0430\u0431\u043e\u0440 \u0434\u043b\u044f \u043a\u043e\u0440\u043c\u043b\u0435\u043d\u0438\u044f &#8212; Disney Magical Beggings"}]},{"@type":"WebSite","@id":"https:\/\/kristall.ee\/ru\/#website","url":"https:\/\/kristall.ee\/ru\/","name":"Karlev O\u00dc - Iga p\u00e4ev on t\u00e4htp\u00e4ev","description":"Iga p\u00e4ev on t\u00e4htp\u00e4ev!","publisher":{"@id":"https:\/\/kristall.ee\/ru\/#organization"},"potentialAction":[{"@type":"SearchAction","target":{"@type":"EntryPoint","urlTemplate":"https:\/\/kristall.ee\/ru\/?s={search_term_string}"},"query-input":{"@type":"PropertyValueSpecification","valueRequired":true,"valueName":"search_term_string"}}],"inLanguage":"ru-RU"},{"@type":"Organization","@id":"https:\/\/kristall.ee\/ru\/#organization","name":"Karlev O\u00dc","url":"https:\/\/kristall.ee\/ru\/","logo":{"@type":"ImageObject","inLanguage":"ru-RU","@id":"https:\/\/kristall.ee\/ru\/#\/schema\/logo\/image\/","url":"https:\/\/kristall.ee\/wp-content\/uploads\/2025\/01\/Karlev-anno2_LOGO-04.webp","contentUrl":"https:\/\/kristall.ee\/wp-content\/uploads\/2025\/01\/Karlev-anno2_LOGO-04.webp","width":767,"height":337,"caption":"Karlev O\u00dc"},"image":{"@id":"https:\/\/kristall.ee\/ru\/#\/schema\/logo\/image\/"}}]}},"_links":{"self":[{"href":"https:\/\/kristall.ee\/ru\/wp-json\/wp\/v2\/product\/54060","targetHints":{"allow":["GET"]}}],"collection":[{"href":"https:\/\/kristall.ee\/ru\/wp-json\/wp\/v2\/product"}],"about":[{"href":"https:\/\/kristall.ee\/ru\/wp-json\/wp\/v2\/types\/product"}],"wp:featuredmedia":[{"embeddable":true,"href":"https:\/\/kristall.ee\/ru\/wp-json\/wp\/v2\/media\/32036"}],"wp:attachment":[{"href":"https:\/\/kristall.ee\/ru\/wp-json\/wp\/v2\/media?parent=54060"}],"wp:term":[{"taxonomy":"product_brand","embeddable":true,"href":"https:\/\/kristall.ee\/ru\/wp-json\/wp\/v2\/product_brand?post=54060"},{"taxonomy":"product_cat","embeddable":true,"href":"https:\/\/kristall.ee\/ru\/wp-json\/wp\/v2\/product_cat?post=54060"},{"taxonomy":"product_tag","embeddable":true,"href":"https:\/\/kristall.ee\/ru\/wp-json\/wp\/v2\/product_tag?post=54060"}],"curies":[{"name":"wp","href":"https:\/\/api.w.org\/{rel}","templated":true}]}}