{"id":53301,"date":"2025-01-03T08:03:53","date_gmt":"2025-01-03T08:03:53","guid":{"rendered":"https:\/\/kristall.ee\/toode\/%d0%b4%d0%b5%d0%bd%d1%8c-%d1%81%d0%b2%d1%8f%d1%82%d0%be%d0%b3%d0%be-%d0%b2%d0%b0%d0%bb%d0%b5%d0%bd%d1%82%d0%b8%d0%bd%d0%b0-%d0%ba%d1%80%d0%b0%d1%81%d0%bd%d1%8b%d0%b9-%d1%81-%d1%81%d0%b5%d1%80%d0%b4\/"},"modified":"2025-02-03T10:23:26","modified_gmt":"2025-02-03T10:23:26","slug":"%d0%b4%d0%b5%d0%bd%d1%8c-%d1%81%d0%b2%d1%8f%d1%82%d0%be%d0%b3%d0%be-%d0%b2%d0%b0%d0%bb%d0%b5%d0%bd%d1%82%d0%b8%d0%bd%d0%b0-%d0%ba%d1%80%d0%b0%d1%81%d0%bd%d1%8b%d0%b9-%d1%81-%d1%81%d0%b5%d1%80%d0%b4","status":"publish","type":"product","link":"https:\/\/kristall.ee\/ru\/toode\/%d0%b4%d0%b5%d0%bd%d1%8c-%d1%81%d0%b2%d1%8f%d1%82%d0%be%d0%b3%d0%be-%d0%b2%d0%b0%d0%bb%d0%b5%d0%bd%d1%82%d0%b8%d0%bd%d0%b0-%d0%ba%d1%80%d0%b0%d1%81%d0%bd%d1%8b%d0%b9-%d1%81-%d1%81%d0%b5%d1%80%d0%b4\/","title":{"rendered":"\u0414\u0435\u043d\u044c \u0441\u0432\u044f\u0442\u043e\u0433\u043e \u0412\u0430\u043b\u0435\u043d\u0442\u0438\u043d\u0430 &#8211; \u043a\u0440\u0430\u0441\u043d\u044b\u0439 \u0441 \u0441\u0435\u0440\u0434\u0446\u0430\u043c\u0438"},"content":{"rendered":"<p>C\u0432\u0435\u0447\u0438 \u0440\u0443\u0447\u043d\u043e\u0439 \u0440\u0430\u0431\u043e\u0442\u044b!\u00a0\u00a0<br \/>\n\u00a0 \u00a0 \u00a0 \u00a0 \u00a0\u00a0<br \/>\nC\u00a0\u0434\u0435\u043a\u043e\u0440\u043e\u043c: 42<\/p>\n<p>*\u00a0\u043f\u0438\u0440\u0430\u043c\u0438\u0434\u0430: 5,8 x 5,8 x\u00a0B\u0440\u0435\u043c\u044f \u0433\u043e\u0440\u0435\u043d\u0438\u044f:\u00a0\u00a0\ufffd20 \u0447\u0430\u0441\u00a0<\/p>\n<p>*\u00a0\u0446\u0438\u043b\u0438\u043d\u0434\u0440: 7 x B= 10cm.\u00a0B\u0440\u0435\u043c\u044f \u0433\u043e\u0440\u0435\u043d\u0438\u044f:\u00a0\u00a0\ufffd40 \u0447\u0430\u0441\u00a0<\/p>\n<p>*\u00a0\u0446\u0438\u043b\u0438\u043d\u0434\u0440: 5 x B= 10cm.\u00a0B\u0440\u0435\u043c\u044f \u0433\u043e\u0440\u0435\u043d\u0438\u044f:\u00a0\u00a0\ufffd22 \u0447\u0430\u0441\u00a0\u00a0<\/p>\n","protected":false},"excerpt":{"rendered":"<p>C\u0432\u0435\u0447\u0438 \u0440\u0443\u0447\u043d\u043e\u0439 \u0440\u0430\u0431\u043e\u0442\u044b!\u00a0\u00a0 \u00a0 \u00a0 \u00a0 \u00a0 \u00a0\u00a0 C\u00a0\u0434\u0435\u043a\u043e\u0440\u043e\u043c: 42 *\u00a0\u043f\u0438\u0440\u0430\u043c\u0438\u0434\u0430: 5,8 x 5,8 x\u00a0B\u0440\u0435\u043c\u044f \u0433\u043e\u0440\u0435\u043d\u0438\u044f:\u00a0\u00a0\ufffd20 \u0447\u0430\u0441\u00a0 *\u00a0\u0446\u0438\u043b\u0438\u043d\u0434\u0440: 7 x B= 10cm.\u00a0B\u0440\u0435\u043c\u044f \u0433\u043e\u0440\u0435\u043d\u0438\u044f:\u00a0\u00a0\ufffd40 \u0447\u0430\u0441\u00a0 *\u00a0\u0446\u0438\u043b\u0438\u043d\u0434\u0440: 5 x B= 10cm.\u00a0B\u0440\u0435\u043c\u044f \u0433\u043e\u0440\u0435\u043d\u0438\u044f:\u00a0\u00a0\ufffd22 \u0447\u0430\u0441\u00a0\u00a0<\/p>\n","protected":false},"featured_media":27465,"menu_order":993,"template":"","meta":{"_acf_changed":false},"product_brand":[],"product_cat":[5722,5730,6285,6373],"product_tag":[],"class_list":{"0":"post-53301","1":"product","2":"type-product","3":"status-publish","4":"has-post-thumbnail","6":"product_cat-5722","7":"product_cat-5730","8":"product_cat-6285","9":"product_cat-6373","10":"product_shipping_class-standard","12":"first","13":"outofstock","14":"purchasable","15":"product-type-simple"},"acf":[],"yoast_head":"<!-- This site is optimized with the Yoast SEO plugin v26.6 - https:\/\/yoast.com\/wordpress\/plugins\/seo\/ -->\n<title>\u0414\u0435\u043d\u044c \u0441\u0432\u044f\u0442\u043e\u0433\u043e \u0412\u0430\u043b\u0435\u043d\u0442\u0438\u043d\u0430 - \u043a\u0440\u0430\u0441\u043d\u044b\u0439 \u0441 \u0441\u0435\u0440\u0434\u0446\u0430\u043c\u0438 - Karlev O\u00dc<\/title>\n<meta name=\"robots\" content=\"index, follow, max-snippet:-1, max-image-preview:large, max-video-preview:-1\" \/>\n<link rel=\"canonical\" href=\"https:\/\/kristall.ee\/toode\/valentinipaeva-kuunlad-punane-sudametega\/\" \/>\n<meta property=\"og:locale\" content=\"ru_RU\" \/>\n<meta property=\"og:type\" content=\"article\" \/>\n<meta property=\"og:title\" content=\"\u0414\u0435\u043d\u044c \u0441\u0432\u044f\u0442\u043e\u0433\u043e \u0412\u0430\u043b\u0435\u043d\u0442\u0438\u043d\u0430 - \u043a\u0440\u0430\u0441\u043d\u044b\u0439 \u0441 \u0441\u0435\u0440\u0434\u0446\u0430\u043c\u0438 - Karlev O\u00dc\" \/>\n<meta property=\"og:description\" content=\"C\u0432\u0435\u0447\u0438 \u0440\u0443\u0447\u043d\u043e\u0439 \u0440\u0430\u0431\u043e\u0442\u044b!\u00a0\u00a0 \u00a0 \u00a0 \u00a0 \u00a0 \u00a0\u00a0 C\u00a0\u0434\u0435\u043a\u043e\u0440\u043e\u043c: 42 *\u00a0\u043f\u0438\u0440\u0430\u043c\u0438\u0434\u0430: 5,8 x 5,8 x\u00a0B\u0440\u0435\u043c\u044f \u0433\u043e\u0440\u0435\u043d\u0438\u044f:\u00a0\u00a0\ufffd20 \u0447\u0430\u0441\u00a0 *\u00a0\u0446\u0438\u043b\u0438\u043d\u0434\u0440: 7 x B= 10cm.\u00a0B\u0440\u0435\u043c\u044f \u0433\u043e\u0440\u0435\u043d\u0438\u044f:\u00a0\u00a0\ufffd40 \u0447\u0430\u0441\u00a0 *\u00a0\u0446\u0438\u043b\u0438\u043d\u0434\u0440: 5 x B= 10cm.\u00a0B\u0440\u0435\u043c\u044f \u0433\u043e\u0440\u0435\u043d\u0438\u044f:\u00a0\u00a0\ufffd22 \u0447\u0430\u0441\u00a0\u00a0\" \/>\n<meta property=\"og:url\" content=\"https:\/\/kristall.ee\/toode\/valentinipaeva-kuunlad-punane-sudametega\/\" \/>\n<meta property=\"og:site_name\" content=\"Karlev O\u00dc\" \/>\n<meta property=\"article:modified_time\" content=\"2025-02-03T10:23:26+00:00\" \/>\n<meta property=\"og:image\" content=\"https:\/\/kristall.ee\/wp-content\/uploads\/2025\/01\/6443.jpg\" \/>\n\t<meta property=\"og:image:width\" content=\"600\" \/>\n\t<meta property=\"og:image:height\" content=\"600\" \/>\n\t<meta property=\"og:image:type\" content=\"image\/jpeg\" \/>\n<meta name=\"twitter:card\" content=\"summary_large_image\" \/>\n<script type=\"application\/ld+json\" class=\"yoast-schema-graph\">{\"@context\":\"https:\/\/schema.org\",\"@graph\":[{\"@type\":\"WebPage\",\"@id\":\"https:\/\/kristall.ee\/toode\/valentinipaeva-kuunlad-punane-sudametega\/\",\"url\":\"https:\/\/kristall.ee\/toode\/valentinipaeva-kuunlad-punane-sudametega\/\",\"name\":\"\u0414\u0435\u043d\u044c \u0441\u0432\u044f\u0442\u043e\u0433\u043e \u0412\u0430\u043b\u0435\u043d\u0442\u0438\u043d\u0430 - \u043a\u0440\u0430\u0441\u043d\u044b\u0439 \u0441 \u0441\u0435\u0440\u0434\u0446\u0430\u043c\u0438 - Karlev O\u00dc\",\"isPartOf\":{\"@id\":\"https:\/\/kristall.ee\/ru\/#website\"},\"primaryImageOfPage\":{\"@id\":\"https:\/\/kristall.ee\/toode\/valentinipaeva-kuunlad-punane-sudametega\/#primaryimage\"},\"image\":{\"@id\":\"https:\/\/kristall.ee\/toode\/valentinipaeva-kuunlad-punane-sudametega\/#primaryimage\"},\"thumbnailUrl\":\"https:\/\/kristall.ee\/wp-content\/uploads\/2025\/01\/6443.jpg\",\"datePublished\":\"2025-01-03T08:03:53+00:00\",\"dateModified\":\"2025-02-03T10:23:26+00:00\",\"breadcrumb\":{\"@id\":\"https:\/\/kristall.ee\/toode\/valentinipaeva-kuunlad-punane-sudametega\/#breadcrumb\"},\"inLanguage\":\"ru-RU\",\"potentialAction\":[{\"@type\":\"ReadAction\",\"target\":[\"https:\/\/kristall.ee\/toode\/valentinipaeva-kuunlad-punane-sudametega\/\"]}]},{\"@type\":\"ImageObject\",\"inLanguage\":\"ru-RU\",\"@id\":\"https:\/\/kristall.ee\/toode\/valentinipaeva-kuunlad-punane-sudametega\/#primaryimage\",\"url\":\"https:\/\/kristall.ee\/wp-content\/uploads\/2025\/01\/6443.jpg\",\"contentUrl\":\"https:\/\/kristall.ee\/wp-content\/uploads\/2025\/01\/6443.jpg\",\"width\":600,\"height\":600},{\"@type\":\"BreadcrumbList\",\"@id\":\"https:\/\/kristall.ee\/toode\/valentinipaeva-kuunlad-punane-sudametega\/#breadcrumb\",\"itemListElement\":[{\"@type\":\"ListItem\",\"position\":1,\"name\":\"Home\",\"item\":\"https:\/\/kristall.ee\/ru\/%d0%b3%d0%bb%d0%b0%d0%b2%d0%bd%d0%b0%d1%8f-%d1%81%d1%82%d1%80%d0%b0%d0%bd%d0%b8%d1%86%d0%b0\/\"},{\"@type\":\"ListItem\",\"position\":2,\"name\":\"\u0418\u043d\u0442\u0435\u0440\u043d\u0435\u0442-\u043c\u0430\u0433\u0430\u0437\u0438\u043d\",\"item\":\"https:\/\/kristall.ee\/ru\/shop\/\"},{\"@type\":\"ListItem\",\"position\":3,\"name\":\"\u0414\u0435\u043d\u044c \u0441\u0432\u044f\u0442\u043e\u0433\u043e \u0412\u0430\u043b\u0435\u043d\u0442\u0438\u043d\u0430 &#8211; \u043a\u0440\u0430\u0441\u043d\u044b\u0439 \u0441 \u0441\u0435\u0440\u0434\u0446\u0430\u043c\u0438\"}]},{\"@type\":\"WebSite\",\"@id\":\"https:\/\/kristall.ee\/ru\/#website\",\"url\":\"https:\/\/kristall.ee\/ru\/\",\"name\":\"Karlev O\u00dc - Iga p\u00e4ev on t\u00e4htp\u00e4ev\",\"description\":\"Iga p\u00e4ev on t\u00e4htp\u00e4ev!\",\"publisher\":{\"@id\":\"https:\/\/kristall.ee\/ru\/#organization\"},\"potentialAction\":[{\"@type\":\"SearchAction\",\"target\":{\"@type\":\"EntryPoint\",\"urlTemplate\":\"https:\/\/kristall.ee\/ru\/?s={search_term_string}\"},\"query-input\":{\"@type\":\"PropertyValueSpecification\",\"valueRequired\":true,\"valueName\":\"search_term_string\"}}],\"inLanguage\":\"ru-RU\"},{\"@type\":\"Organization\",\"@id\":\"https:\/\/kristall.ee\/ru\/#organization\",\"name\":\"Karlev O\u00dc\",\"url\":\"https:\/\/kristall.ee\/ru\/\",\"logo\":{\"@type\":\"ImageObject\",\"inLanguage\":\"ru-RU\",\"@id\":\"https:\/\/kristall.ee\/ru\/#\/schema\/logo\/image\/\",\"url\":\"https:\/\/kristall.ee\/wp-content\/uploads\/2025\/01\/Karlev-anno2_LOGO-04.webp\",\"contentUrl\":\"https:\/\/kristall.ee\/wp-content\/uploads\/2025\/01\/Karlev-anno2_LOGO-04.webp\",\"width\":767,\"height\":337,\"caption\":\"Karlev O\u00dc\"},\"image\":{\"@id\":\"https:\/\/kristall.ee\/ru\/#\/schema\/logo\/image\/\"}}]}<\/script>\n<!-- \/ Yoast SEO plugin. -->","yoast_head_json":{"title":"\u0414\u0435\u043d\u044c \u0441\u0432\u044f\u0442\u043e\u0433\u043e \u0412\u0430\u043b\u0435\u043d\u0442\u0438\u043d\u0430 - \u043a\u0440\u0430\u0441\u043d\u044b\u0439 \u0441 \u0441\u0435\u0440\u0434\u0446\u0430\u043c\u0438 - Karlev O\u00dc","robots":{"index":"index","follow":"follow","max-snippet":"max-snippet:-1","max-image-preview":"max-image-preview:large","max-video-preview":"max-video-preview:-1"},"canonical":"https:\/\/kristall.ee\/toode\/valentinipaeva-kuunlad-punane-sudametega\/","og_locale":"ru_RU","og_type":"article","og_title":"\u0414\u0435\u043d\u044c \u0441\u0432\u044f\u0442\u043e\u0433\u043e \u0412\u0430\u043b\u0435\u043d\u0442\u0438\u043d\u0430 - \u043a\u0440\u0430\u0441\u043d\u044b\u0439 \u0441 \u0441\u0435\u0440\u0434\u0446\u0430\u043c\u0438 - Karlev O\u00dc","og_description":"C\u0432\u0435\u0447\u0438 \u0440\u0443\u0447\u043d\u043e\u0439 \u0440\u0430\u0431\u043e\u0442\u044b!\u00a0\u00a0 \u00a0 \u00a0 \u00a0 \u00a0 \u00a0\u00a0 C\u00a0\u0434\u0435\u043a\u043e\u0440\u043e\u043c: 42 *\u00a0\u043f\u0438\u0440\u0430\u043c\u0438\u0434\u0430: 5,8 x 5,8 x\u00a0B\u0440\u0435\u043c\u044f \u0433\u043e\u0440\u0435\u043d\u0438\u044f:\u00a0\u00a0\ufffd20 \u0447\u0430\u0441\u00a0 *\u00a0\u0446\u0438\u043b\u0438\u043d\u0434\u0440: 7 x B= 10cm.\u00a0B\u0440\u0435\u043c\u044f \u0433\u043e\u0440\u0435\u043d\u0438\u044f:\u00a0\u00a0\ufffd40 \u0447\u0430\u0441\u00a0 *\u00a0\u0446\u0438\u043b\u0438\u043d\u0434\u0440: 5 x B= 10cm.\u00a0B\u0440\u0435\u043c\u044f \u0433\u043e\u0440\u0435\u043d\u0438\u044f:\u00a0\u00a0\ufffd22 \u0447\u0430\u0441\u00a0\u00a0","og_url":"https:\/\/kristall.ee\/toode\/valentinipaeva-kuunlad-punane-sudametega\/","og_site_name":"Karlev O\u00dc","article_modified_time":"2025-02-03T10:23:26+00:00","og_image":[{"width":600,"height":600,"url":"https:\/\/kristall.ee\/wp-content\/uploads\/2025\/01\/6443.jpg","type":"image\/jpeg"}],"twitter_card":"summary_large_image","schema":{"@context":"https:\/\/schema.org","@graph":[{"@type":"WebPage","@id":"https:\/\/kristall.ee\/toode\/valentinipaeva-kuunlad-punane-sudametega\/","url":"https:\/\/kristall.ee\/toode\/valentinipaeva-kuunlad-punane-sudametega\/","name":"\u0414\u0435\u043d\u044c \u0441\u0432\u044f\u0442\u043e\u0433\u043e \u0412\u0430\u043b\u0435\u043d\u0442\u0438\u043d\u0430 - \u043a\u0440\u0430\u0441\u043d\u044b\u0439 \u0441 \u0441\u0435\u0440\u0434\u0446\u0430\u043c\u0438 - Karlev O\u00dc","isPartOf":{"@id":"https:\/\/kristall.ee\/ru\/#website"},"primaryImageOfPage":{"@id":"https:\/\/kristall.ee\/toode\/valentinipaeva-kuunlad-punane-sudametega\/#primaryimage"},"image":{"@id":"https:\/\/kristall.ee\/toode\/valentinipaeva-kuunlad-punane-sudametega\/#primaryimage"},"thumbnailUrl":"https:\/\/kristall.ee\/wp-content\/uploads\/2025\/01\/6443.jpg","datePublished":"2025-01-03T08:03:53+00:00","dateModified":"2025-02-03T10:23:26+00:00","breadcrumb":{"@id":"https:\/\/kristall.ee\/toode\/valentinipaeva-kuunlad-punane-sudametega\/#breadcrumb"},"inLanguage":"ru-RU","potentialAction":[{"@type":"ReadAction","target":["https:\/\/kristall.ee\/toode\/valentinipaeva-kuunlad-punane-sudametega\/"]}]},{"@type":"ImageObject","inLanguage":"ru-RU","@id":"https:\/\/kristall.ee\/toode\/valentinipaeva-kuunlad-punane-sudametega\/#primaryimage","url":"https:\/\/kristall.ee\/wp-content\/uploads\/2025\/01\/6443.jpg","contentUrl":"https:\/\/kristall.ee\/wp-content\/uploads\/2025\/01\/6443.jpg","width":600,"height":600},{"@type":"BreadcrumbList","@id":"https:\/\/kristall.ee\/toode\/valentinipaeva-kuunlad-punane-sudametega\/#breadcrumb","itemListElement":[{"@type":"ListItem","position":1,"name":"Home","item":"https:\/\/kristall.ee\/ru\/%d0%b3%d0%bb%d0%b0%d0%b2%d0%bd%d0%b0%d1%8f-%d1%81%d1%82%d1%80%d0%b0%d0%bd%d0%b8%d1%86%d0%b0\/"},{"@type":"ListItem","position":2,"name":"\u0418\u043d\u0442\u0435\u0440\u043d\u0435\u0442-\u043c\u0430\u0433\u0430\u0437\u0438\u043d","item":"https:\/\/kristall.ee\/ru\/shop\/"},{"@type":"ListItem","position":3,"name":"\u0414\u0435\u043d\u044c \u0441\u0432\u044f\u0442\u043e\u0433\u043e \u0412\u0430\u043b\u0435\u043d\u0442\u0438\u043d\u0430 &#8211; \u043a\u0440\u0430\u0441\u043d\u044b\u0439 \u0441 \u0441\u0435\u0440\u0434\u0446\u0430\u043c\u0438"}]},{"@type":"WebSite","@id":"https:\/\/kristall.ee\/ru\/#website","url":"https:\/\/kristall.ee\/ru\/","name":"Karlev O\u00dc - Iga p\u00e4ev on t\u00e4htp\u00e4ev","description":"Iga p\u00e4ev on t\u00e4htp\u00e4ev!","publisher":{"@id":"https:\/\/kristall.ee\/ru\/#organization"},"potentialAction":[{"@type":"SearchAction","target":{"@type":"EntryPoint","urlTemplate":"https:\/\/kristall.ee\/ru\/?s={search_term_string}"},"query-input":{"@type":"PropertyValueSpecification","valueRequired":true,"valueName":"search_term_string"}}],"inLanguage":"ru-RU"},{"@type":"Organization","@id":"https:\/\/kristall.ee\/ru\/#organization","name":"Karlev O\u00dc","url":"https:\/\/kristall.ee\/ru\/","logo":{"@type":"ImageObject","inLanguage":"ru-RU","@id":"https:\/\/kristall.ee\/ru\/#\/schema\/logo\/image\/","url":"https:\/\/kristall.ee\/wp-content\/uploads\/2025\/01\/Karlev-anno2_LOGO-04.webp","contentUrl":"https:\/\/kristall.ee\/wp-content\/uploads\/2025\/01\/Karlev-anno2_LOGO-04.webp","width":767,"height":337,"caption":"Karlev O\u00dc"},"image":{"@id":"https:\/\/kristall.ee\/ru\/#\/schema\/logo\/image\/"}}]}},"_links":{"self":[{"href":"https:\/\/kristall.ee\/ru\/wp-json\/wp\/v2\/product\/53301","targetHints":{"allow":["GET"]}}],"collection":[{"href":"https:\/\/kristall.ee\/ru\/wp-json\/wp\/v2\/product"}],"about":[{"href":"https:\/\/kristall.ee\/ru\/wp-json\/wp\/v2\/types\/product"}],"wp:featuredmedia":[{"embeddable":true,"href":"https:\/\/kristall.ee\/ru\/wp-json\/wp\/v2\/media\/27465"}],"wp:attachment":[{"href":"https:\/\/kristall.ee\/ru\/wp-json\/wp\/v2\/media?parent=53301"}],"wp:term":[{"taxonomy":"product_brand","embeddable":true,"href":"https:\/\/kristall.ee\/ru\/wp-json\/wp\/v2\/product_brand?post=53301"},{"taxonomy":"product_cat","embeddable":true,"href":"https:\/\/kristall.ee\/ru\/wp-json\/wp\/v2\/product_cat?post=53301"},{"taxonomy":"product_tag","embeddable":true,"href":"https:\/\/kristall.ee\/ru\/wp-json\/wp\/v2\/product_tag?post=53301"}],"curies":[{"name":"wp","href":"https:\/\/api.w.org\/{rel}","templated":true}]}}