{"id":53254,"date":"2025-01-08T23:55:03","date_gmt":"2025-01-08T23:55:03","guid":{"rendered":"https:\/\/kristall.ee\/toode\/poly-carbon-glasses\/"},"modified":"2025-02-03T10:23:15","modified_gmt":"2025-02-03T10:23:15","slug":"poly-carbon-glasses","status":"publish","type":"product","link":"https:\/\/kristall.ee\/ru\/toode\/poly-carbon-glasses\/","title":{"rendered":"Poly Carbon glasses"},"content":{"rendered":"<p>The products are made of different kinds of specially developed plastic ensuring that the glasses never break; pieces of broken glass are not left lying around and cannot be used as a weapon.<\/p>\n<p>Our products are used wherever focus is on safety, working environment and economy. All our products have been tested by independent laboratories and are of course food approved.<\/p>\n<p>We offer the best quality in the market \ufffd our glasses look, weigh and feel exactly like ordinary glasses.<\/p>\n","protected":false},"excerpt":{"rendered":"<p>The products are made of different kinds of specially developed plastic ensuring that the glasses never break; pieces of broken glass are not left lying around and cannot be used as a weapon. Our products are used wherever focus is on safety, working environment and economy. All our products have been tested by independent laboratories &#8230;<\/p>\n","protected":false},"featured_media":0,"menu_order":3026,"template":"","meta":{"_acf_changed":false},"product_brand":[],"product_cat":[5698,6090],"product_tag":[],"class_list":{"0":"post-53254","1":"product","2":"type-product","3":"status-publish","5":"product_cat----horeca","6":"product_cat----horeca-poly-carbon-glasses-glass4ever","7":"product_shipping_class-standard","9":"first","10":"outofstock","11":"purchasable","12":"product-type-simple"},"acf":[],"yoast_head":"<!-- This site is optimized with the Yoast SEO plugin v26.6 - https:\/\/yoast.com\/wordpress\/plugins\/seo\/ -->\n<title>Poly Carbon glasses - Karlev O\u00dc<\/title>\n<meta name=\"robots\" content=\"index, follow, max-snippet:-1, max-image-preview:large, max-video-preview:-1\" \/>\n<link rel=\"canonical\" href=\"https:\/\/kristall.ee\/ru\/toode\/poly-carbon-glasses\/\" \/>\n<meta property=\"og:locale\" content=\"ru_RU\" \/>\n<meta property=\"og:type\" content=\"article\" \/>\n<meta property=\"og:title\" content=\"Poly Carbon glasses - Karlev O\u00dc\" \/>\n<meta property=\"og:description\" content=\"The products are made of different kinds of specially developed plastic ensuring that the glasses never break; pieces of broken glass are not left lying around and cannot be used as a weapon. Our products are used wherever focus is on safety, working environment and economy. All our products have been tested by independent laboratories ...\" \/>\n<meta property=\"og:url\" content=\"https:\/\/kristall.ee\/ru\/toode\/poly-carbon-glasses\/\" \/>\n<meta property=\"og:site_name\" content=\"Karlev O\u00dc\" \/>\n<meta property=\"article:modified_time\" content=\"2025-02-03T10:23:15+00:00\" \/>\n<meta property=\"og:image\" content=\"https:\/\/kristall.ee\/wp-content\/uploads\/2025\/03\/karlev-social-1.jpg\" \/>\n\t<meta property=\"og:image:width\" content=\"1200\" \/>\n\t<meta property=\"og:image:height\" content=\"675\" \/>\n\t<meta property=\"og:image:type\" content=\"image\/jpeg\" \/>\n<meta name=\"twitter:card\" content=\"summary_large_image\" \/>\n<script type=\"application\/ld+json\" class=\"yoast-schema-graph\">{\"@context\":\"https:\/\/schema.org\",\"@graph\":[{\"@type\":\"WebPage\",\"@id\":\"https:\/\/kristall.ee\/ru\/toode\/poly-carbon-glasses\/\",\"url\":\"https:\/\/kristall.ee\/ru\/toode\/poly-carbon-glasses\/\",\"name\":\"Poly Carbon glasses - Karlev O\u00dc\",\"isPartOf\":{\"@id\":\"https:\/\/kristall.ee\/ru\/#website\"},\"datePublished\":\"2025-01-08T23:55:03+00:00\",\"dateModified\":\"2025-02-03T10:23:15+00:00\",\"breadcrumb\":{\"@id\":\"https:\/\/kristall.ee\/ru\/toode\/poly-carbon-glasses\/#breadcrumb\"},\"inLanguage\":\"ru-RU\",\"potentialAction\":[{\"@type\":\"ReadAction\",\"target\":[\"https:\/\/kristall.ee\/ru\/toode\/poly-carbon-glasses\/\"]}]},{\"@type\":\"BreadcrumbList\",\"@id\":\"https:\/\/kristall.ee\/ru\/toode\/poly-carbon-glasses\/#breadcrumb\",\"itemListElement\":[{\"@type\":\"ListItem\",\"position\":1,\"name\":\"Home\",\"item\":\"https:\/\/kristall.ee\/ru\/%d0%b3%d0%bb%d0%b0%d0%b2%d0%bd%d0%b0%d1%8f-%d1%81%d1%82%d1%80%d0%b0%d0%bd%d0%b8%d1%86%d0%b0\/\"},{\"@type\":\"ListItem\",\"position\":2,\"name\":\"\u0418\u043d\u0442\u0435\u0440\u043d\u0435\u0442-\u043c\u0430\u0433\u0430\u0437\u0438\u043d\",\"item\":\"https:\/\/kristall.ee\/ru\/shop\/\"},{\"@type\":\"ListItem\",\"position\":3,\"name\":\"Poly Carbon glasses\"}]},{\"@type\":\"WebSite\",\"@id\":\"https:\/\/kristall.ee\/ru\/#website\",\"url\":\"https:\/\/kristall.ee\/ru\/\",\"name\":\"Karlev O\u00dc - Iga p\u00e4ev on t\u00e4htp\u00e4ev\",\"description\":\"Iga p\u00e4ev on t\u00e4htp\u00e4ev!\",\"publisher\":{\"@id\":\"https:\/\/kristall.ee\/ru\/#organization\"},\"potentialAction\":[{\"@type\":\"SearchAction\",\"target\":{\"@type\":\"EntryPoint\",\"urlTemplate\":\"https:\/\/kristall.ee\/ru\/?s={search_term_string}\"},\"query-input\":{\"@type\":\"PropertyValueSpecification\",\"valueRequired\":true,\"valueName\":\"search_term_string\"}}],\"inLanguage\":\"ru-RU\"},{\"@type\":\"Organization\",\"@id\":\"https:\/\/kristall.ee\/ru\/#organization\",\"name\":\"Karlev O\u00dc\",\"url\":\"https:\/\/kristall.ee\/ru\/\",\"logo\":{\"@type\":\"ImageObject\",\"inLanguage\":\"ru-RU\",\"@id\":\"https:\/\/kristall.ee\/ru\/#\/schema\/logo\/image\/\",\"url\":\"https:\/\/kristall.ee\/wp-content\/uploads\/2025\/01\/Karlev-anno2_LOGO-04.webp\",\"contentUrl\":\"https:\/\/kristall.ee\/wp-content\/uploads\/2025\/01\/Karlev-anno2_LOGO-04.webp\",\"width\":767,\"height\":337,\"caption\":\"Karlev O\u00dc\"},\"image\":{\"@id\":\"https:\/\/kristall.ee\/ru\/#\/schema\/logo\/image\/\"}}]}<\/script>\n<!-- \/ Yoast SEO plugin. -->","yoast_head_json":{"title":"Poly Carbon glasses - Karlev O\u00dc","robots":{"index":"index","follow":"follow","max-snippet":"max-snippet:-1","max-image-preview":"max-image-preview:large","max-video-preview":"max-video-preview:-1"},"canonical":"https:\/\/kristall.ee\/ru\/toode\/poly-carbon-glasses\/","og_locale":"ru_RU","og_type":"article","og_title":"Poly Carbon glasses - Karlev O\u00dc","og_description":"The products are made of different kinds of specially developed plastic ensuring that the glasses never break; pieces of broken glass are not left lying around and cannot be used as a weapon. Our products are used wherever focus is on safety, working environment and economy. All our products have been tested by independent laboratories ...","og_url":"https:\/\/kristall.ee\/ru\/toode\/poly-carbon-glasses\/","og_site_name":"Karlev O\u00dc","article_modified_time":"2025-02-03T10:23:15+00:00","og_image":[{"width":1200,"height":675,"url":"https:\/\/kristall.ee\/wp-content\/uploads\/2025\/03\/karlev-social-1.jpg","type":"image\/jpeg"}],"twitter_card":"summary_large_image","schema":{"@context":"https:\/\/schema.org","@graph":[{"@type":"WebPage","@id":"https:\/\/kristall.ee\/ru\/toode\/poly-carbon-glasses\/","url":"https:\/\/kristall.ee\/ru\/toode\/poly-carbon-glasses\/","name":"Poly Carbon glasses - Karlev O\u00dc","isPartOf":{"@id":"https:\/\/kristall.ee\/ru\/#website"},"datePublished":"2025-01-08T23:55:03+00:00","dateModified":"2025-02-03T10:23:15+00:00","breadcrumb":{"@id":"https:\/\/kristall.ee\/ru\/toode\/poly-carbon-glasses\/#breadcrumb"},"inLanguage":"ru-RU","potentialAction":[{"@type":"ReadAction","target":["https:\/\/kristall.ee\/ru\/toode\/poly-carbon-glasses\/"]}]},{"@type":"BreadcrumbList","@id":"https:\/\/kristall.ee\/ru\/toode\/poly-carbon-glasses\/#breadcrumb","itemListElement":[{"@type":"ListItem","position":1,"name":"Home","item":"https:\/\/kristall.ee\/ru\/%d0%b3%d0%bb%d0%b0%d0%b2%d0%bd%d0%b0%d1%8f-%d1%81%d1%82%d1%80%d0%b0%d0%bd%d0%b8%d1%86%d0%b0\/"},{"@type":"ListItem","position":2,"name":"\u0418\u043d\u0442\u0435\u0440\u043d\u0435\u0442-\u043c\u0430\u0433\u0430\u0437\u0438\u043d","item":"https:\/\/kristall.ee\/ru\/shop\/"},{"@type":"ListItem","position":3,"name":"Poly Carbon glasses"}]},{"@type":"WebSite","@id":"https:\/\/kristall.ee\/ru\/#website","url":"https:\/\/kristall.ee\/ru\/","name":"Karlev O\u00dc - Iga p\u00e4ev on t\u00e4htp\u00e4ev","description":"Iga p\u00e4ev on t\u00e4htp\u00e4ev!","publisher":{"@id":"https:\/\/kristall.ee\/ru\/#organization"},"potentialAction":[{"@type":"SearchAction","target":{"@type":"EntryPoint","urlTemplate":"https:\/\/kristall.ee\/ru\/?s={search_term_string}"},"query-input":{"@type":"PropertyValueSpecification","valueRequired":true,"valueName":"search_term_string"}}],"inLanguage":"ru-RU"},{"@type":"Organization","@id":"https:\/\/kristall.ee\/ru\/#organization","name":"Karlev O\u00dc","url":"https:\/\/kristall.ee\/ru\/","logo":{"@type":"ImageObject","inLanguage":"ru-RU","@id":"https:\/\/kristall.ee\/ru\/#\/schema\/logo\/image\/","url":"https:\/\/kristall.ee\/wp-content\/uploads\/2025\/01\/Karlev-anno2_LOGO-04.webp","contentUrl":"https:\/\/kristall.ee\/wp-content\/uploads\/2025\/01\/Karlev-anno2_LOGO-04.webp","width":767,"height":337,"caption":"Karlev O\u00dc"},"image":{"@id":"https:\/\/kristall.ee\/ru\/#\/schema\/logo\/image\/"}}]}},"_links":{"self":[{"href":"https:\/\/kristall.ee\/ru\/wp-json\/wp\/v2\/product\/53254","targetHints":{"allow":["GET"]}}],"collection":[{"href":"https:\/\/kristall.ee\/ru\/wp-json\/wp\/v2\/product"}],"about":[{"href":"https:\/\/kristall.ee\/ru\/wp-json\/wp\/v2\/types\/product"}],"wp:attachment":[{"href":"https:\/\/kristall.ee\/ru\/wp-json\/wp\/v2\/media?parent=53254"}],"wp:term":[{"taxonomy":"product_brand","embeddable":true,"href":"https:\/\/kristall.ee\/ru\/wp-json\/wp\/v2\/product_brand?post=53254"},{"taxonomy":"product_cat","embeddable":true,"href":"https:\/\/kristall.ee\/ru\/wp-json\/wp\/v2\/product_cat?post=53254"},{"taxonomy":"product_tag","embeddable":true,"href":"https:\/\/kristall.ee\/ru\/wp-json\/wp\/v2\/product_tag?post=53254"}],"curies":[{"name":"wp","href":"https:\/\/api.w.org\/{rel}","templated":true}]}}