{"id":53106,"date":"2025-01-08T15:56:37","date_gmt":"2025-01-08T15:56:37","guid":{"rendered":"https:\/\/kristall.ee\/toode\/%d1%81%d0%bf%d1%8f%d1%89%d0%b8%d0%b9-%d0%b0%d0%bd%d0%b3%d0%b5%d0%bb-%d1%80%d0%be%d0%b7%d0%be%d0%b2%d1%8b%d0%b5-%d1%80%d0%be%d0%b7%d1%8b\/"},"modified":"2025-02-03T10:22:43","modified_gmt":"2025-02-03T10:22:43","slug":"%d1%81%d0%bf%d1%8f%d1%89%d0%b8%d0%b9-%d0%b0%d0%bd%d0%b3%d0%b5%d0%bb-%d1%80%d0%be%d0%b7%d0%be%d0%b2%d1%8b%d0%b5-%d1%80%d0%be%d0%b7%d1%8b","status":"publish","type":"product","link":"https:\/\/kristall.ee\/ru\/toode\/%d1%81%d0%bf%d1%8f%d1%89%d0%b8%d0%b9-%d0%b0%d0%bd%d0%b3%d0%b5%d0%bb-%d1%80%d0%be%d0%b7%d0%be%d0%b2%d1%8b%d0%b5-%d1%80%d0%be%d0%b7%d1%8b\/","title":{"rendered":"\u0421\u043f\u044f\u0449\u0438\u0439 \u0430\u043d\u0433\u0435\u043b (\u0440\u043e\u0437\u043e\u0432\u044b\u0435 \u0440\u043e\u0437\u044b)"},"content":{"rendered":"<p>\u0410\u043d\u0433\u043b\u0438\u044f<\/p>\n<p>\u042d\u0442\u043e \u043e\u0442\u043b\u0438\u0447\u043d\u044b\u0439 \u043f\u043e\u0434\u0430\u0440\u043e\u043a \u043d\u0430 \u0414\u0435\u043d\u044c \u0421\u0432\u044f\u0442\u043e\u0433\u043e \u0412\u0430\u043b\u0435\u043d\u0442\u0438\u043d\u0430.<\/p>\n<p>\u0420\u0430\u0437\u043c\u0435\u0440 \u0444\u0438\u0433\u0443\u0440\u044b: B= 4x 6 x 2 cm.<\/p>\n<p>\u0426\u0435\u043d\u0430 \u0443\u043a\u0430\u0437\u0430\u043d\u0430 \u0437\u0430 \u043e\u0434\u043d\u0443 \u0448\u0442\u0443\u043a\u0443.<\/p>\n","protected":false},"excerpt":{"rendered":"<p>\u0410\u043d\u0433\u043b\u0438\u044f \u042d\u0442\u043e \u043e\u0442\u043b\u0438\u0447\u043d\u044b\u0439 \u043f\u043e\u0434\u0430\u0440\u043e\u043a \u043d\u0430 \u0414\u0435\u043d\u044c \u0421\u0432\u044f\u0442\u043e\u0433\u043e \u0412\u0430\u043b\u0435\u043d\u0442\u0438\u043d\u0430. \u0420\u0430\u0437\u043c\u0435\u0440 \u0444\u0438\u0433\u0443\u0440\u044b: B= 4x 6 x 2 cm. \u0426\u0435\u043d\u0430 \u0443\u043a\u0430\u0437\u0430\u043d\u0430 \u0437\u0430 \u043e\u0434\u043d\u0443 \u0448\u0442\u0443\u043a\u0443.<\/p>\n","protected":false},"featured_media":26477,"menu_order":2305,"template":"","meta":{"_acf_changed":false},"product_brand":[],"product_cat":[5678,6257,6293,5722,5814,5714],"product_tag":[],"class_list":{"0":"post-53106","1":"product","2":"type-product","3":"status-publish","4":"has-post-thumbnail","6":"product_cat-5678","7":"product_cat-6257","8":"product_cat-6293","9":"product_cat-5722","10":"product_cat-5814","11":"product_cat-5714","12":"product_shipping_class-standard-ru","14":"first","15":"outofstock","16":"purchasable","17":"product-type-simple"},"acf":[],"yoast_head":"<!-- This site is optimized with the Yoast SEO plugin v26.6 - https:\/\/yoast.com\/wordpress\/plugins\/seo\/ -->\n<title>\u0421\u043f\u044f\u0449\u0438\u0439 \u0430\u043d\u0433\u0435\u043b (\u0440\u043e\u0437\u043e\u0432\u044b\u0435 \u0440\u043e\u0437\u044b) - Karlev O\u00dc<\/title>\n<meta name=\"robots\" content=\"index, follow, max-snippet:-1, max-image-preview:large, max-video-preview:-1\" \/>\n<link rel=\"canonical\" href=\"https:\/\/kristall.ee\/ru\/toode\/\u0441\u043f\u044f\u0449\u0438\u0439-\u0430\u043d\u0433\u0435\u043b-\u0440\u043e\u0437\u043e\u0432\u044b\u0435-\u0440\u043e\u0437\u044b\/\" \/>\n<meta property=\"og:locale\" content=\"ru_RU\" \/>\n<meta property=\"og:type\" content=\"article\" \/>\n<meta property=\"og:title\" content=\"\u0421\u043f\u044f\u0449\u0438\u0439 \u0430\u043d\u0433\u0435\u043b (\u0440\u043e\u0437\u043e\u0432\u044b\u0435 \u0440\u043e\u0437\u044b) - Karlev O\u00dc\" \/>\n<meta property=\"og:description\" content=\"\u0410\u043d\u0433\u043b\u0438\u044f \u042d\u0442\u043e \u043e\u0442\u043b\u0438\u0447\u043d\u044b\u0439 \u043f\u043e\u0434\u0430\u0440\u043e\u043a \u043d\u0430 \u0414\u0435\u043d\u044c \u0421\u0432\u044f\u0442\u043e\u0433\u043e \u0412\u0430\u043b\u0435\u043d\u0442\u0438\u043d\u0430. \u0420\u0430\u0437\u043c\u0435\u0440 \u0444\u0438\u0433\u0443\u0440\u044b: B= 4x 6 x 2 cm. \u0426\u0435\u043d\u0430 \u0443\u043a\u0430\u0437\u0430\u043d\u0430 \u0437\u0430 \u043e\u0434\u043d\u0443 \u0448\u0442\u0443\u043a\u0443.\" \/>\n<meta property=\"og:url\" content=\"https:\/\/kristall.ee\/ru\/toode\/\u0441\u043f\u044f\u0449\u0438\u0439-\u0430\u043d\u0433\u0435\u043b-\u0440\u043e\u0437\u043e\u0432\u044b\u0435-\u0440\u043e\u0437\u044b\/\" \/>\n<meta property=\"og:site_name\" content=\"Karlev O\u00dc\" \/>\n<meta property=\"article:modified_time\" content=\"2025-02-03T10:22:43+00:00\" \/>\n<meta property=\"og:image\" content=\"https:\/\/kristall.ee\/wp-content\/uploads\/2025\/01\/7134.jpg\" \/>\n\t<meta property=\"og:image:width\" content=\"600\" \/>\n\t<meta property=\"og:image:height\" content=\"600\" \/>\n\t<meta property=\"og:image:type\" content=\"image\/jpeg\" \/>\n<meta name=\"twitter:card\" content=\"summary_large_image\" \/>\n<script type=\"application\/ld+json\" class=\"yoast-schema-graph\">{\"@context\":\"https:\/\/schema.org\",\"@graph\":[{\"@type\":\"WebPage\",\"@id\":\"https:\/\/kristall.ee\/ru\/toode\/%d1%81%d0%bf%d1%8f%d1%89%d0%b8%d0%b9-%d0%b0%d0%bd%d0%b3%d0%b5%d0%bb-%d1%80%d0%be%d0%b7%d0%be%d0%b2%d1%8b%d0%b5-%d1%80%d0%be%d0%b7%d1%8b\/\",\"url\":\"https:\/\/kristall.ee\/ru\/toode\/%d1%81%d0%bf%d1%8f%d1%89%d0%b8%d0%b9-%d0%b0%d0%bd%d0%b3%d0%b5%d0%bb-%d1%80%d0%be%d0%b7%d0%be%d0%b2%d1%8b%d0%b5-%d1%80%d0%be%d0%b7%d1%8b\/\",\"name\":\"\u0421\u043f\u044f\u0449\u0438\u0439 \u0430\u043d\u0433\u0435\u043b (\u0440\u043e\u0437\u043e\u0432\u044b\u0435 \u0440\u043e\u0437\u044b) - Karlev O\u00dc\",\"isPartOf\":{\"@id\":\"https:\/\/kristall.ee\/ru\/#website\"},\"primaryImageOfPage\":{\"@id\":\"https:\/\/kristall.ee\/ru\/toode\/%d1%81%d0%bf%d1%8f%d1%89%d0%b8%d0%b9-%d0%b0%d0%bd%d0%b3%d0%b5%d0%bb-%d1%80%d0%be%d0%b7%d0%be%d0%b2%d1%8b%d0%b5-%d1%80%d0%be%d0%b7%d1%8b\/#primaryimage\"},\"image\":{\"@id\":\"https:\/\/kristall.ee\/ru\/toode\/%d1%81%d0%bf%d1%8f%d1%89%d0%b8%d0%b9-%d0%b0%d0%bd%d0%b3%d0%b5%d0%bb-%d1%80%d0%be%d0%b7%d0%be%d0%b2%d1%8b%d0%b5-%d1%80%d0%be%d0%b7%d1%8b\/#primaryimage\"},\"thumbnailUrl\":\"https:\/\/kristall.ee\/wp-content\/uploads\/2025\/01\/7134.jpg\",\"datePublished\":\"2025-01-08T15:56:37+00:00\",\"dateModified\":\"2025-02-03T10:22:43+00:00\",\"breadcrumb\":{\"@id\":\"https:\/\/kristall.ee\/ru\/toode\/%d1%81%d0%bf%d1%8f%d1%89%d0%b8%d0%b9-%d0%b0%d0%bd%d0%b3%d0%b5%d0%bb-%d1%80%d0%be%d0%b7%d0%be%d0%b2%d1%8b%d0%b5-%d1%80%d0%be%d0%b7%d1%8b\/#breadcrumb\"},\"inLanguage\":\"ru-RU\",\"potentialAction\":[{\"@type\":\"ReadAction\",\"target\":[\"https:\/\/kristall.ee\/ru\/toode\/%d1%81%d0%bf%d1%8f%d1%89%d0%b8%d0%b9-%d0%b0%d0%bd%d0%b3%d0%b5%d0%bb-%d1%80%d0%be%d0%b7%d0%be%d0%b2%d1%8b%d0%b5-%d1%80%d0%be%d0%b7%d1%8b\/\"]}]},{\"@type\":\"ImageObject\",\"inLanguage\":\"ru-RU\",\"@id\":\"https:\/\/kristall.ee\/ru\/toode\/%d1%81%d0%bf%d1%8f%d1%89%d0%b8%d0%b9-%d0%b0%d0%bd%d0%b3%d0%b5%d0%bb-%d1%80%d0%be%d0%b7%d0%be%d0%b2%d1%8b%d0%b5-%d1%80%d0%be%d0%b7%d1%8b\/#primaryimage\",\"url\":\"https:\/\/kristall.ee\/wp-content\/uploads\/2025\/01\/7134.jpg\",\"contentUrl\":\"https:\/\/kristall.ee\/wp-content\/uploads\/2025\/01\/7134.jpg\",\"width\":600,\"height\":600},{\"@type\":\"BreadcrumbList\",\"@id\":\"https:\/\/kristall.ee\/ru\/toode\/%d1%81%d0%bf%d1%8f%d1%89%d0%b8%d0%b9-%d0%b0%d0%bd%d0%b3%d0%b5%d0%bb-%d1%80%d0%be%d0%b7%d0%be%d0%b2%d1%8b%d0%b5-%d1%80%d0%be%d0%b7%d1%8b\/#breadcrumb\",\"itemListElement\":[{\"@type\":\"ListItem\",\"position\":1,\"name\":\"Home\",\"item\":\"https:\/\/kristall.ee\/ru\/%d0%b3%d0%bb%d0%b0%d0%b2%d0%bd%d0%b0%d1%8f-%d1%81%d1%82%d1%80%d0%b0%d0%bd%d0%b8%d1%86%d0%b0\/\"},{\"@type\":\"ListItem\",\"position\":2,\"name\":\"\u0418\u043d\u0442\u0435\u0440\u043d\u0435\u0442-\u043c\u0430\u0433\u0430\u0437\u0438\u043d\",\"item\":\"https:\/\/kristall.ee\/ru\/shop\/\"},{\"@type\":\"ListItem\",\"position\":3,\"name\":\"\u0421\u043f\u044f\u0449\u0438\u0439 \u0430\u043d\u0433\u0435\u043b (\u0440\u043e\u0437\u043e\u0432\u044b\u0435 \u0440\u043e\u0437\u044b)\"}]},{\"@type\":\"WebSite\",\"@id\":\"https:\/\/kristall.ee\/ru\/#website\",\"url\":\"https:\/\/kristall.ee\/ru\/\",\"name\":\"Karlev O\u00dc - Iga p\u00e4ev on t\u00e4htp\u00e4ev\",\"description\":\"Iga p\u00e4ev on t\u00e4htp\u00e4ev!\",\"publisher\":{\"@id\":\"https:\/\/kristall.ee\/ru\/#organization\"},\"potentialAction\":[{\"@type\":\"SearchAction\",\"target\":{\"@type\":\"EntryPoint\",\"urlTemplate\":\"https:\/\/kristall.ee\/ru\/?s={search_term_string}\"},\"query-input\":{\"@type\":\"PropertyValueSpecification\",\"valueRequired\":true,\"valueName\":\"search_term_string\"}}],\"inLanguage\":\"ru-RU\"},{\"@type\":\"Organization\",\"@id\":\"https:\/\/kristall.ee\/ru\/#organization\",\"name\":\"Karlev O\u00dc\",\"url\":\"https:\/\/kristall.ee\/ru\/\",\"logo\":{\"@type\":\"ImageObject\",\"inLanguage\":\"ru-RU\",\"@id\":\"https:\/\/kristall.ee\/ru\/#\/schema\/logo\/image\/\",\"url\":\"https:\/\/kristall.ee\/wp-content\/uploads\/2025\/01\/Karlev-anno2_LOGO-04.webp\",\"contentUrl\":\"https:\/\/kristall.ee\/wp-content\/uploads\/2025\/01\/Karlev-anno2_LOGO-04.webp\",\"width\":767,\"height\":337,\"caption\":\"Karlev O\u00dc\"},\"image\":{\"@id\":\"https:\/\/kristall.ee\/ru\/#\/schema\/logo\/image\/\"}}]}<\/script>\n<!-- \/ Yoast SEO plugin. -->","yoast_head_json":{"title":"\u0421\u043f\u044f\u0449\u0438\u0439 \u0430\u043d\u0433\u0435\u043b (\u0440\u043e\u0437\u043e\u0432\u044b\u0435 \u0440\u043e\u0437\u044b) - Karlev O\u00dc","robots":{"index":"index","follow":"follow","max-snippet":"max-snippet:-1","max-image-preview":"max-image-preview:large","max-video-preview":"max-video-preview:-1"},"canonical":"https:\/\/kristall.ee\/ru\/toode\/\u0441\u043f\u044f\u0449\u0438\u0439-\u0430\u043d\u0433\u0435\u043b-\u0440\u043e\u0437\u043e\u0432\u044b\u0435-\u0440\u043e\u0437\u044b\/","og_locale":"ru_RU","og_type":"article","og_title":"\u0421\u043f\u044f\u0449\u0438\u0439 \u0430\u043d\u0433\u0435\u043b (\u0440\u043e\u0437\u043e\u0432\u044b\u0435 \u0440\u043e\u0437\u044b) - Karlev O\u00dc","og_description":"\u0410\u043d\u0433\u043b\u0438\u044f \u042d\u0442\u043e \u043e\u0442\u043b\u0438\u0447\u043d\u044b\u0439 \u043f\u043e\u0434\u0430\u0440\u043e\u043a \u043d\u0430 \u0414\u0435\u043d\u044c \u0421\u0432\u044f\u0442\u043e\u0433\u043e \u0412\u0430\u043b\u0435\u043d\u0442\u0438\u043d\u0430. \u0420\u0430\u0437\u043c\u0435\u0440 \u0444\u0438\u0433\u0443\u0440\u044b: B= 4x 6 x 2 cm. \u0426\u0435\u043d\u0430 \u0443\u043a\u0430\u0437\u0430\u043d\u0430 \u0437\u0430 \u043e\u0434\u043d\u0443 \u0448\u0442\u0443\u043a\u0443.","og_url":"https:\/\/kristall.ee\/ru\/toode\/\u0441\u043f\u044f\u0449\u0438\u0439-\u0430\u043d\u0433\u0435\u043b-\u0440\u043e\u0437\u043e\u0432\u044b\u0435-\u0440\u043e\u0437\u044b\/","og_site_name":"Karlev O\u00dc","article_modified_time":"2025-02-03T10:22:43+00:00","og_image":[{"width":600,"height":600,"url":"https:\/\/kristall.ee\/wp-content\/uploads\/2025\/01\/7134.jpg","type":"image\/jpeg"}],"twitter_card":"summary_large_image","schema":{"@context":"https:\/\/schema.org","@graph":[{"@type":"WebPage","@id":"https:\/\/kristall.ee\/ru\/toode\/%d1%81%d0%bf%d1%8f%d1%89%d0%b8%d0%b9-%d0%b0%d0%bd%d0%b3%d0%b5%d0%bb-%d1%80%d0%be%d0%b7%d0%be%d0%b2%d1%8b%d0%b5-%d1%80%d0%be%d0%b7%d1%8b\/","url":"https:\/\/kristall.ee\/ru\/toode\/%d1%81%d0%bf%d1%8f%d1%89%d0%b8%d0%b9-%d0%b0%d0%bd%d0%b3%d0%b5%d0%bb-%d1%80%d0%be%d0%b7%d0%be%d0%b2%d1%8b%d0%b5-%d1%80%d0%be%d0%b7%d1%8b\/","name":"\u0421\u043f\u044f\u0449\u0438\u0439 \u0430\u043d\u0433\u0435\u043b (\u0440\u043e\u0437\u043e\u0432\u044b\u0435 \u0440\u043e\u0437\u044b) - Karlev O\u00dc","isPartOf":{"@id":"https:\/\/kristall.ee\/ru\/#website"},"primaryImageOfPage":{"@id":"https:\/\/kristall.ee\/ru\/toode\/%d1%81%d0%bf%d1%8f%d1%89%d0%b8%d0%b9-%d0%b0%d0%bd%d0%b3%d0%b5%d0%bb-%d1%80%d0%be%d0%b7%d0%be%d0%b2%d1%8b%d0%b5-%d1%80%d0%be%d0%b7%d1%8b\/#primaryimage"},"image":{"@id":"https:\/\/kristall.ee\/ru\/toode\/%d1%81%d0%bf%d1%8f%d1%89%d0%b8%d0%b9-%d0%b0%d0%bd%d0%b3%d0%b5%d0%bb-%d1%80%d0%be%d0%b7%d0%be%d0%b2%d1%8b%d0%b5-%d1%80%d0%be%d0%b7%d1%8b\/#primaryimage"},"thumbnailUrl":"https:\/\/kristall.ee\/wp-content\/uploads\/2025\/01\/7134.jpg","datePublished":"2025-01-08T15:56:37+00:00","dateModified":"2025-02-03T10:22:43+00:00","breadcrumb":{"@id":"https:\/\/kristall.ee\/ru\/toode\/%d1%81%d0%bf%d1%8f%d1%89%d0%b8%d0%b9-%d0%b0%d0%bd%d0%b3%d0%b5%d0%bb-%d1%80%d0%be%d0%b7%d0%be%d0%b2%d1%8b%d0%b5-%d1%80%d0%be%d0%b7%d1%8b\/#breadcrumb"},"inLanguage":"ru-RU","potentialAction":[{"@type":"ReadAction","target":["https:\/\/kristall.ee\/ru\/toode\/%d1%81%d0%bf%d1%8f%d1%89%d0%b8%d0%b9-%d0%b0%d0%bd%d0%b3%d0%b5%d0%bb-%d1%80%d0%be%d0%b7%d0%be%d0%b2%d1%8b%d0%b5-%d1%80%d0%be%d0%b7%d1%8b\/"]}]},{"@type":"ImageObject","inLanguage":"ru-RU","@id":"https:\/\/kristall.ee\/ru\/toode\/%d1%81%d0%bf%d1%8f%d1%89%d0%b8%d0%b9-%d0%b0%d0%bd%d0%b3%d0%b5%d0%bb-%d1%80%d0%be%d0%b7%d0%be%d0%b2%d1%8b%d0%b5-%d1%80%d0%be%d0%b7%d1%8b\/#primaryimage","url":"https:\/\/kristall.ee\/wp-content\/uploads\/2025\/01\/7134.jpg","contentUrl":"https:\/\/kristall.ee\/wp-content\/uploads\/2025\/01\/7134.jpg","width":600,"height":600},{"@type":"BreadcrumbList","@id":"https:\/\/kristall.ee\/ru\/toode\/%d1%81%d0%bf%d1%8f%d1%89%d0%b8%d0%b9-%d0%b0%d0%bd%d0%b3%d0%b5%d0%bb-%d1%80%d0%be%d0%b7%d0%be%d0%b2%d1%8b%d0%b5-%d1%80%d0%be%d0%b7%d1%8b\/#breadcrumb","itemListElement":[{"@type":"ListItem","position":1,"name":"Home","item":"https:\/\/kristall.ee\/ru\/%d0%b3%d0%bb%d0%b0%d0%b2%d0%bd%d0%b0%d1%8f-%d1%81%d1%82%d1%80%d0%b0%d0%bd%d0%b8%d1%86%d0%b0\/"},{"@type":"ListItem","position":2,"name":"\u0418\u043d\u0442\u0435\u0440\u043d\u0435\u0442-\u043c\u0430\u0433\u0430\u0437\u0438\u043d","item":"https:\/\/kristall.ee\/ru\/shop\/"},{"@type":"ListItem","position":3,"name":"\u0421\u043f\u044f\u0449\u0438\u0439 \u0430\u043d\u0433\u0435\u043b (\u0440\u043e\u0437\u043e\u0432\u044b\u0435 \u0440\u043e\u0437\u044b)"}]},{"@type":"WebSite","@id":"https:\/\/kristall.ee\/ru\/#website","url":"https:\/\/kristall.ee\/ru\/","name":"Karlev O\u00dc - Iga p\u00e4ev on t\u00e4htp\u00e4ev","description":"Iga p\u00e4ev on t\u00e4htp\u00e4ev!","publisher":{"@id":"https:\/\/kristall.ee\/ru\/#organization"},"potentialAction":[{"@type":"SearchAction","target":{"@type":"EntryPoint","urlTemplate":"https:\/\/kristall.ee\/ru\/?s={search_term_string}"},"query-input":{"@type":"PropertyValueSpecification","valueRequired":true,"valueName":"search_term_string"}}],"inLanguage":"ru-RU"},{"@type":"Organization","@id":"https:\/\/kristall.ee\/ru\/#organization","name":"Karlev O\u00dc","url":"https:\/\/kristall.ee\/ru\/","logo":{"@type":"ImageObject","inLanguage":"ru-RU","@id":"https:\/\/kristall.ee\/ru\/#\/schema\/logo\/image\/","url":"https:\/\/kristall.ee\/wp-content\/uploads\/2025\/01\/Karlev-anno2_LOGO-04.webp","contentUrl":"https:\/\/kristall.ee\/wp-content\/uploads\/2025\/01\/Karlev-anno2_LOGO-04.webp","width":767,"height":337,"caption":"Karlev O\u00dc"},"image":{"@id":"https:\/\/kristall.ee\/ru\/#\/schema\/logo\/image\/"}}]}},"_links":{"self":[{"href":"https:\/\/kristall.ee\/ru\/wp-json\/wp\/v2\/product\/53106","targetHints":{"allow":["GET"]}}],"collection":[{"href":"https:\/\/kristall.ee\/ru\/wp-json\/wp\/v2\/product"}],"about":[{"href":"https:\/\/kristall.ee\/ru\/wp-json\/wp\/v2\/types\/product"}],"wp:featuredmedia":[{"embeddable":true,"href":"https:\/\/kristall.ee\/ru\/wp-json\/wp\/v2\/media\/26477"}],"wp:attachment":[{"href":"https:\/\/kristall.ee\/ru\/wp-json\/wp\/v2\/media?parent=53106"}],"wp:term":[{"taxonomy":"product_brand","embeddable":true,"href":"https:\/\/kristall.ee\/ru\/wp-json\/wp\/v2\/product_brand?post=53106"},{"taxonomy":"product_cat","embeddable":true,"href":"https:\/\/kristall.ee\/ru\/wp-json\/wp\/v2\/product_cat?post=53106"},{"taxonomy":"product_tag","embeddable":true,"href":"https:\/\/kristall.ee\/ru\/wp-json\/wp\/v2\/product_tag?post=53106"}],"curies":[{"name":"wp","href":"https:\/\/api.w.org\/{rel}","templated":true}]}}