{"id":52655,"date":"2025-01-03T09:40:19","date_gmt":"2025-01-03T09:40:19","guid":{"rendered":"https:\/\/kristall.ee\/toode\/%d1%85%d1%80%d1%83%d1%81%d1%82%d0%b0%d0%bb%d1%8c%d0%bd%d0%b0%d1%8f-%d0%b2%d0%b0%d0%b7%d0%b0-%d0%b4%d0%bb%d1%8f-%d1%84%d1%80%d1%83%d0%ba%d1%82%d0%be%d0%b2-%d0%bf%d0%b5%d1%87%d0%b5%d0%bd%d0%b8%d1%8f-2\/"},"modified":"2025-02-03T10:21:03","modified_gmt":"2025-02-03T10:21:03","slug":"%d1%85%d1%80%d1%83%d1%81%d1%82%d0%b0%d0%bb%d1%8c%d0%bd%d0%b0%d1%8f-%d0%b2%d0%b0%d0%b7%d0%b0-%d0%b4%d0%bb%d1%8f-%d1%84%d1%80%d1%83%d0%ba%d1%82%d0%be%d0%b2-%d0%bf%d0%b5%d1%87%d0%b5%d0%bd%d0%b8%d1%8f-2","status":"publish","type":"product","link":"https:\/\/kristall.ee\/ru\/toode\/%d1%85%d1%80%d1%83%d1%81%d1%82%d0%b0%d0%bb%d1%8c%d0%bd%d0%b0%d1%8f-%d0%b2%d0%b0%d0%b7%d0%b0-%d0%b4%d0%bb%d1%8f-%d1%84%d1%80%d1%83%d0%ba%d1%82%d0%be%d0%b2-%d0%bf%d0%b5%d1%87%d0%b5%d0%bd%d0%b8%d1%8f-2\/","title":{"rendered":"\u0425\u0440\u0443\u0441\u0442\u0430\u043b\u044c\u043d\u0430\u044f \u0432\u0430\u0437\u0430 \u0434\u043b\u044f (\u0444\u0440\u0443\u043a\u0442\u043e\u0432, \u043f\u0435\u0447\u0435\u043d\u0438\u044f, \u043a\u043e\u043d\u0444\u0435\u0442) 33cm. (65955)"},"content":{"rendered":"<p>\u0427\u0435\u0448\u0441\u043a\u0438\u0439 \u0411\u043e\u0433\u0435\u043c\u0441\u043a\u0438\u0439 \u0445\u0440\u0443\u0441\u0442\u0430\u043b\u044c<\/p>\n<p>C \u0443\u0437\u043e\u0440\u043e\u043c: 65955<\/p>\n<p>\u0420\u0430\u0437\u043c\u0435\u0440: \u0434\u0438\u0430\u043c\u0435\u0442\u0440= 33cm.<br \/>\n\u0426\u0435\u043d\u0430 \u0437\u0430 \u043e\u0434\u0438\u043d \u0448\u0442.<\/p>\n","protected":false},"excerpt":{"rendered":"<p>\u0427\u0435\u0448\u0441\u043a\u0438\u0439 \u0411\u043e\u0433\u0435\u043c\u0441\u043a\u0438\u0439 \u0445\u0440\u0443\u0441\u0442\u0430\u043b\u044c C \u0443\u0437\u043e\u0440\u043e\u043c: 65955 \u0420\u0430\u0437\u043c\u0435\u0440: \u0434\u0438\u0430\u043c\u0435\u0442\u0440= 33cm. \u0426\u0435\u043d\u0430 \u0437\u0430 \u043e\u0434\u0438\u043d \u0448\u0442.<\/p>\n","protected":false},"featured_media":23678,"menu_order":279,"template":"","meta":{"_acf_changed":false},"product_brand":[],"product_cat":[6305,5686,5907],"product_tag":[],"class_list":{"0":"post-52655","1":"product","2":"type-product","3":"status-publish","4":"has-post-thumbnail","6":"product_cat----x","7":"product_cat-5686","8":"product_cat---b---","9":"product_shipping_class-purunev-ru-2","11":"first","12":"instock","13":"purchasable","14":"product-type-simple"},"acf":[],"yoast_head":"<!-- This site is optimized with the Yoast SEO plugin v26.6 - https:\/\/yoast.com\/wordpress\/plugins\/seo\/ -->\n<title>\u0425\u0440\u0443\u0441\u0442\u0430\u043b\u044c\u043d\u0430\u044f \u0432\u0430\u0437\u0430 \u0434\u043b\u044f (\u0444\u0440\u0443\u043a\u0442\u043e\u0432, \u043f\u0435\u0447\u0435\u043d\u0438\u044f, \u043a\u043e\u043d\u0444\u0435\u0442) 33cm. (65955) - Karlev O\u00dc<\/title>\n<meta name=\"robots\" content=\"index, follow, max-snippet:-1, max-image-preview:large, max-video-preview:-1\" \/>\n<link rel=\"canonical\" href=\"https:\/\/kristall.ee\/ru\/toode\/\u0445\u0440\u0443\u0441\u0442\u0430\u043b\u044c\u043d\u0430\u044f-\u0432\u0430\u0437\u0430-\u0434\u043b\u044f-\u0444\u0440\u0443\u043a\u0442\u043e\u0432-\u043f\u0435\u0447\u0435\u043d\u0438\u044f-2\/\" \/>\n<meta property=\"og:locale\" content=\"ru_RU\" \/>\n<meta property=\"og:type\" content=\"article\" \/>\n<meta property=\"og:title\" content=\"\u0425\u0440\u0443\u0441\u0442\u0430\u043b\u044c\u043d\u0430\u044f \u0432\u0430\u0437\u0430 \u0434\u043b\u044f (\u0444\u0440\u0443\u043a\u0442\u043e\u0432, \u043f\u0435\u0447\u0435\u043d\u0438\u044f, \u043a\u043e\u043d\u0444\u0435\u0442) 33cm. (65955) - Karlev O\u00dc\" \/>\n<meta property=\"og:description\" content=\"\u0427\u0435\u0448\u0441\u043a\u0438\u0439 \u0411\u043e\u0433\u0435\u043c\u0441\u043a\u0438\u0439 \u0445\u0440\u0443\u0441\u0442\u0430\u043b\u044c C \u0443\u0437\u043e\u0440\u043e\u043c: 65955 \u0420\u0430\u0437\u043c\u0435\u0440: \u0434\u0438\u0430\u043c\u0435\u0442\u0440= 33cm. \u0426\u0435\u043d\u0430 \u0437\u0430 \u043e\u0434\u0438\u043d \u0448\u0442.\" \/>\n<meta property=\"og:url\" content=\"https:\/\/kristall.ee\/ru\/toode\/\u0445\u0440\u0443\u0441\u0442\u0430\u043b\u044c\u043d\u0430\u044f-\u0432\u0430\u0437\u0430-\u0434\u043b\u044f-\u0444\u0440\u0443\u043a\u0442\u043e\u0432-\u043f\u0435\u0447\u0435\u043d\u0438\u044f-2\/\" \/>\n<meta property=\"og:site_name\" content=\"Karlev O\u00dc\" \/>\n<meta property=\"article:modified_time\" content=\"2025-02-03T10:21:03+00:00\" \/>\n<meta property=\"og:image\" content=\"https:\/\/kristall.ee\/wp-content\/uploads\/2025\/01\/7688.jpg\" \/>\n\t<meta property=\"og:image:width\" content=\"600\" \/>\n\t<meta property=\"og:image:height\" content=\"600\" \/>\n\t<meta property=\"og:image:type\" content=\"image\/jpeg\" \/>\n<meta name=\"twitter:card\" content=\"summary_large_image\" \/>\n<script type=\"application\/ld+json\" class=\"yoast-schema-graph\">{\"@context\":\"https:\/\/schema.org\",\"@graph\":[{\"@type\":\"WebPage\",\"@id\":\"https:\/\/kristall.ee\/ru\/toode\/%d1%85%d1%80%d1%83%d1%81%d1%82%d0%b0%d0%bb%d1%8c%d0%bd%d0%b0%d1%8f-%d0%b2%d0%b0%d0%b7%d0%b0-%d0%b4%d0%bb%d1%8f-%d1%84%d1%80%d1%83%d0%ba%d1%82%d0%be%d0%b2-%d0%bf%d0%b5%d1%87%d0%b5%d0%bd%d0%b8%d1%8f-2\/\",\"url\":\"https:\/\/kristall.ee\/ru\/toode\/%d1%85%d1%80%d1%83%d1%81%d1%82%d0%b0%d0%bb%d1%8c%d0%bd%d0%b0%d1%8f-%d0%b2%d0%b0%d0%b7%d0%b0-%d0%b4%d0%bb%d1%8f-%d1%84%d1%80%d1%83%d0%ba%d1%82%d0%be%d0%b2-%d0%bf%d0%b5%d1%87%d0%b5%d0%bd%d0%b8%d1%8f-2\/\",\"name\":\"\u0425\u0440\u0443\u0441\u0442\u0430\u043b\u044c\u043d\u0430\u044f \u0432\u0430\u0437\u0430 \u0434\u043b\u044f (\u0444\u0440\u0443\u043a\u0442\u043e\u0432, \u043f\u0435\u0447\u0435\u043d\u0438\u044f, \u043a\u043e\u043d\u0444\u0435\u0442) 33cm. (65955) - Karlev O\u00dc\",\"isPartOf\":{\"@id\":\"https:\/\/kristall.ee\/ru\/#website\"},\"primaryImageOfPage\":{\"@id\":\"https:\/\/kristall.ee\/ru\/toode\/%d1%85%d1%80%d1%83%d1%81%d1%82%d0%b0%d0%bb%d1%8c%d0%bd%d0%b0%d1%8f-%d0%b2%d0%b0%d0%b7%d0%b0-%d0%b4%d0%bb%d1%8f-%d1%84%d1%80%d1%83%d0%ba%d1%82%d0%be%d0%b2-%d0%bf%d0%b5%d1%87%d0%b5%d0%bd%d0%b8%d1%8f-2\/#primaryimage\"},\"image\":{\"@id\":\"https:\/\/kristall.ee\/ru\/toode\/%d1%85%d1%80%d1%83%d1%81%d1%82%d0%b0%d0%bb%d1%8c%d0%bd%d0%b0%d1%8f-%d0%b2%d0%b0%d0%b7%d0%b0-%d0%b4%d0%bb%d1%8f-%d1%84%d1%80%d1%83%d0%ba%d1%82%d0%be%d0%b2-%d0%bf%d0%b5%d1%87%d0%b5%d0%bd%d0%b8%d1%8f-2\/#primaryimage\"},\"thumbnailUrl\":\"https:\/\/kristall.ee\/wp-content\/uploads\/2025\/01\/7688.jpg\",\"datePublished\":\"2025-01-03T09:40:19+00:00\",\"dateModified\":\"2025-02-03T10:21:03+00:00\",\"breadcrumb\":{\"@id\":\"https:\/\/kristall.ee\/ru\/toode\/%d1%85%d1%80%d1%83%d1%81%d1%82%d0%b0%d0%bb%d1%8c%d0%bd%d0%b0%d1%8f-%d0%b2%d0%b0%d0%b7%d0%b0-%d0%b4%d0%bb%d1%8f-%d1%84%d1%80%d1%83%d0%ba%d1%82%d0%be%d0%b2-%d0%bf%d0%b5%d1%87%d0%b5%d0%bd%d0%b8%d1%8f-2\/#breadcrumb\"},\"inLanguage\":\"ru-RU\",\"potentialAction\":[{\"@type\":\"ReadAction\",\"target\":[\"https:\/\/kristall.ee\/ru\/toode\/%d1%85%d1%80%d1%83%d1%81%d1%82%d0%b0%d0%bb%d1%8c%d0%bd%d0%b0%d1%8f-%d0%b2%d0%b0%d0%b7%d0%b0-%d0%b4%d0%bb%d1%8f-%d1%84%d1%80%d1%83%d0%ba%d1%82%d0%be%d0%b2-%d0%bf%d0%b5%d1%87%d0%b5%d0%bd%d0%b8%d1%8f-2\/\"]}]},{\"@type\":\"ImageObject\",\"inLanguage\":\"ru-RU\",\"@id\":\"https:\/\/kristall.ee\/ru\/toode\/%d1%85%d1%80%d1%83%d1%81%d1%82%d0%b0%d0%bb%d1%8c%d0%bd%d0%b0%d1%8f-%d0%b2%d0%b0%d0%b7%d0%b0-%d0%b4%d0%bb%d1%8f-%d1%84%d1%80%d1%83%d0%ba%d1%82%d0%be%d0%b2-%d0%bf%d0%b5%d1%87%d0%b5%d0%bd%d0%b8%d1%8f-2\/#primaryimage\",\"url\":\"https:\/\/kristall.ee\/wp-content\/uploads\/2025\/01\/7688.jpg\",\"contentUrl\":\"https:\/\/kristall.ee\/wp-content\/uploads\/2025\/01\/7688.jpg\",\"width\":600,\"height\":600},{\"@type\":\"BreadcrumbList\",\"@id\":\"https:\/\/kristall.ee\/ru\/toode\/%d1%85%d1%80%d1%83%d1%81%d1%82%d0%b0%d0%bb%d1%8c%d0%bd%d0%b0%d1%8f-%d0%b2%d0%b0%d0%b7%d0%b0-%d0%b4%d0%bb%d1%8f-%d1%84%d1%80%d1%83%d0%ba%d1%82%d0%be%d0%b2-%d0%bf%d0%b5%d1%87%d0%b5%d0%bd%d0%b8%d1%8f-2\/#breadcrumb\",\"itemListElement\":[{\"@type\":\"ListItem\",\"position\":1,\"name\":\"Home\",\"item\":\"https:\/\/kristall.ee\/ru\/%d0%b3%d0%bb%d0%b0%d0%b2%d0%bd%d0%b0%d1%8f-%d1%81%d1%82%d1%80%d0%b0%d0%bd%d0%b8%d1%86%d0%b0\/\"},{\"@type\":\"ListItem\",\"position\":2,\"name\":\"\u0418\u043d\u0442\u0435\u0440\u043d\u0435\u0442-\u043c\u0430\u0433\u0430\u0437\u0438\u043d\",\"item\":\"https:\/\/kristall.ee\/ru\/shop\/\"},{\"@type\":\"ListItem\",\"position\":3,\"name\":\"\u0425\u0440\u0443\u0441\u0442\u0430\u043b\u044c\u043d\u0430\u044f \u0432\u0430\u0437\u0430 \u0434\u043b\u044f (\u0444\u0440\u0443\u043a\u0442\u043e\u0432, \u043f\u0435\u0447\u0435\u043d\u0438\u044f, \u043a\u043e\u043d\u0444\u0435\u0442) 33cm. (65955)\"}]},{\"@type\":\"WebSite\",\"@id\":\"https:\/\/kristall.ee\/ru\/#website\",\"url\":\"https:\/\/kristall.ee\/ru\/\",\"name\":\"Karlev O\u00dc - Iga p\u00e4ev on t\u00e4htp\u00e4ev\",\"description\":\"Iga p\u00e4ev on t\u00e4htp\u00e4ev!\",\"publisher\":{\"@id\":\"https:\/\/kristall.ee\/ru\/#organization\"},\"potentialAction\":[{\"@type\":\"SearchAction\",\"target\":{\"@type\":\"EntryPoint\",\"urlTemplate\":\"https:\/\/kristall.ee\/ru\/?s={search_term_string}\"},\"query-input\":{\"@type\":\"PropertyValueSpecification\",\"valueRequired\":true,\"valueName\":\"search_term_string\"}}],\"inLanguage\":\"ru-RU\"},{\"@type\":\"Organization\",\"@id\":\"https:\/\/kristall.ee\/ru\/#organization\",\"name\":\"Karlev O\u00dc\",\"url\":\"https:\/\/kristall.ee\/ru\/\",\"logo\":{\"@type\":\"ImageObject\",\"inLanguage\":\"ru-RU\",\"@id\":\"https:\/\/kristall.ee\/ru\/#\/schema\/logo\/image\/\",\"url\":\"https:\/\/kristall.ee\/wp-content\/uploads\/2025\/01\/Karlev-anno2_LOGO-04.webp\",\"contentUrl\":\"https:\/\/kristall.ee\/wp-content\/uploads\/2025\/01\/Karlev-anno2_LOGO-04.webp\",\"width\":767,\"height\":337,\"caption\":\"Karlev O\u00dc\"},\"image\":{\"@id\":\"https:\/\/kristall.ee\/ru\/#\/schema\/logo\/image\/\"}}]}<\/script>\n<!-- \/ Yoast SEO plugin. -->","yoast_head_json":{"title":"\u0425\u0440\u0443\u0441\u0442\u0430\u043b\u044c\u043d\u0430\u044f \u0432\u0430\u0437\u0430 \u0434\u043b\u044f (\u0444\u0440\u0443\u043a\u0442\u043e\u0432, \u043f\u0435\u0447\u0435\u043d\u0438\u044f, \u043a\u043e\u043d\u0444\u0435\u0442) 33cm. (65955) - Karlev O\u00dc","robots":{"index":"index","follow":"follow","max-snippet":"max-snippet:-1","max-image-preview":"max-image-preview:large","max-video-preview":"max-video-preview:-1"},"canonical":"https:\/\/kristall.ee\/ru\/toode\/\u0445\u0440\u0443\u0441\u0442\u0430\u043b\u044c\u043d\u0430\u044f-\u0432\u0430\u0437\u0430-\u0434\u043b\u044f-\u0444\u0440\u0443\u043a\u0442\u043e\u0432-\u043f\u0435\u0447\u0435\u043d\u0438\u044f-2\/","og_locale":"ru_RU","og_type":"article","og_title":"\u0425\u0440\u0443\u0441\u0442\u0430\u043b\u044c\u043d\u0430\u044f \u0432\u0430\u0437\u0430 \u0434\u043b\u044f (\u0444\u0440\u0443\u043a\u0442\u043e\u0432, \u043f\u0435\u0447\u0435\u043d\u0438\u044f, \u043a\u043e\u043d\u0444\u0435\u0442) 33cm. (65955) - Karlev O\u00dc","og_description":"\u0427\u0435\u0448\u0441\u043a\u0438\u0439 \u0411\u043e\u0433\u0435\u043c\u0441\u043a\u0438\u0439 \u0445\u0440\u0443\u0441\u0442\u0430\u043b\u044c C \u0443\u0437\u043e\u0440\u043e\u043c: 65955 \u0420\u0430\u0437\u043c\u0435\u0440: \u0434\u0438\u0430\u043c\u0435\u0442\u0440= 33cm. \u0426\u0435\u043d\u0430 \u0437\u0430 \u043e\u0434\u0438\u043d \u0448\u0442.","og_url":"https:\/\/kristall.ee\/ru\/toode\/\u0445\u0440\u0443\u0441\u0442\u0430\u043b\u044c\u043d\u0430\u044f-\u0432\u0430\u0437\u0430-\u0434\u043b\u044f-\u0444\u0440\u0443\u043a\u0442\u043e\u0432-\u043f\u0435\u0447\u0435\u043d\u0438\u044f-2\/","og_site_name":"Karlev O\u00dc","article_modified_time":"2025-02-03T10:21:03+00:00","og_image":[{"width":600,"height":600,"url":"https:\/\/kristall.ee\/wp-content\/uploads\/2025\/01\/7688.jpg","type":"image\/jpeg"}],"twitter_card":"summary_large_image","schema":{"@context":"https:\/\/schema.org","@graph":[{"@type":"WebPage","@id":"https:\/\/kristall.ee\/ru\/toode\/%d1%85%d1%80%d1%83%d1%81%d1%82%d0%b0%d0%bb%d1%8c%d0%bd%d0%b0%d1%8f-%d0%b2%d0%b0%d0%b7%d0%b0-%d0%b4%d0%bb%d1%8f-%d1%84%d1%80%d1%83%d0%ba%d1%82%d0%be%d0%b2-%d0%bf%d0%b5%d1%87%d0%b5%d0%bd%d0%b8%d1%8f-2\/","url":"https:\/\/kristall.ee\/ru\/toode\/%d1%85%d1%80%d1%83%d1%81%d1%82%d0%b0%d0%bb%d1%8c%d0%bd%d0%b0%d1%8f-%d0%b2%d0%b0%d0%b7%d0%b0-%d0%b4%d0%bb%d1%8f-%d1%84%d1%80%d1%83%d0%ba%d1%82%d0%be%d0%b2-%d0%bf%d0%b5%d1%87%d0%b5%d0%bd%d0%b8%d1%8f-2\/","name":"\u0425\u0440\u0443\u0441\u0442\u0430\u043b\u044c\u043d\u0430\u044f \u0432\u0430\u0437\u0430 \u0434\u043b\u044f (\u0444\u0440\u0443\u043a\u0442\u043e\u0432, \u043f\u0435\u0447\u0435\u043d\u0438\u044f, \u043a\u043e\u043d\u0444\u0435\u0442) 33cm. (65955) - Karlev O\u00dc","isPartOf":{"@id":"https:\/\/kristall.ee\/ru\/#website"},"primaryImageOfPage":{"@id":"https:\/\/kristall.ee\/ru\/toode\/%d1%85%d1%80%d1%83%d1%81%d1%82%d0%b0%d0%bb%d1%8c%d0%bd%d0%b0%d1%8f-%d0%b2%d0%b0%d0%b7%d0%b0-%d0%b4%d0%bb%d1%8f-%d1%84%d1%80%d1%83%d0%ba%d1%82%d0%be%d0%b2-%d0%bf%d0%b5%d1%87%d0%b5%d0%bd%d0%b8%d1%8f-2\/#primaryimage"},"image":{"@id":"https:\/\/kristall.ee\/ru\/toode\/%d1%85%d1%80%d1%83%d1%81%d1%82%d0%b0%d0%bb%d1%8c%d0%bd%d0%b0%d1%8f-%d0%b2%d0%b0%d0%b7%d0%b0-%d0%b4%d0%bb%d1%8f-%d1%84%d1%80%d1%83%d0%ba%d1%82%d0%be%d0%b2-%d0%bf%d0%b5%d1%87%d0%b5%d0%bd%d0%b8%d1%8f-2\/#primaryimage"},"thumbnailUrl":"https:\/\/kristall.ee\/wp-content\/uploads\/2025\/01\/7688.jpg","datePublished":"2025-01-03T09:40:19+00:00","dateModified":"2025-02-03T10:21:03+00:00","breadcrumb":{"@id":"https:\/\/kristall.ee\/ru\/toode\/%d1%85%d1%80%d1%83%d1%81%d1%82%d0%b0%d0%bb%d1%8c%d0%bd%d0%b0%d1%8f-%d0%b2%d0%b0%d0%b7%d0%b0-%d0%b4%d0%bb%d1%8f-%d1%84%d1%80%d1%83%d0%ba%d1%82%d0%be%d0%b2-%d0%bf%d0%b5%d1%87%d0%b5%d0%bd%d0%b8%d1%8f-2\/#breadcrumb"},"inLanguage":"ru-RU","potentialAction":[{"@type":"ReadAction","target":["https:\/\/kristall.ee\/ru\/toode\/%d1%85%d1%80%d1%83%d1%81%d1%82%d0%b0%d0%bb%d1%8c%d0%bd%d0%b0%d1%8f-%d0%b2%d0%b0%d0%b7%d0%b0-%d0%b4%d0%bb%d1%8f-%d1%84%d1%80%d1%83%d0%ba%d1%82%d0%be%d0%b2-%d0%bf%d0%b5%d1%87%d0%b5%d0%bd%d0%b8%d1%8f-2\/"]}]},{"@type":"ImageObject","inLanguage":"ru-RU","@id":"https:\/\/kristall.ee\/ru\/toode\/%d1%85%d1%80%d1%83%d1%81%d1%82%d0%b0%d0%bb%d1%8c%d0%bd%d0%b0%d1%8f-%d0%b2%d0%b0%d0%b7%d0%b0-%d0%b4%d0%bb%d1%8f-%d1%84%d1%80%d1%83%d0%ba%d1%82%d0%be%d0%b2-%d0%bf%d0%b5%d1%87%d0%b5%d0%bd%d0%b8%d1%8f-2\/#primaryimage","url":"https:\/\/kristall.ee\/wp-content\/uploads\/2025\/01\/7688.jpg","contentUrl":"https:\/\/kristall.ee\/wp-content\/uploads\/2025\/01\/7688.jpg","width":600,"height":600},{"@type":"BreadcrumbList","@id":"https:\/\/kristall.ee\/ru\/toode\/%d1%85%d1%80%d1%83%d1%81%d1%82%d0%b0%d0%bb%d1%8c%d0%bd%d0%b0%d1%8f-%d0%b2%d0%b0%d0%b7%d0%b0-%d0%b4%d0%bb%d1%8f-%d1%84%d1%80%d1%83%d0%ba%d1%82%d0%be%d0%b2-%d0%bf%d0%b5%d1%87%d0%b5%d0%bd%d0%b8%d1%8f-2\/#breadcrumb","itemListElement":[{"@type":"ListItem","position":1,"name":"Home","item":"https:\/\/kristall.ee\/ru\/%d0%b3%d0%bb%d0%b0%d0%b2%d0%bd%d0%b0%d1%8f-%d1%81%d1%82%d1%80%d0%b0%d0%bd%d0%b8%d1%86%d0%b0\/"},{"@type":"ListItem","position":2,"name":"\u0418\u043d\u0442\u0435\u0440\u043d\u0435\u0442-\u043c\u0430\u0433\u0430\u0437\u0438\u043d","item":"https:\/\/kristall.ee\/ru\/shop\/"},{"@type":"ListItem","position":3,"name":"\u0425\u0440\u0443\u0441\u0442\u0430\u043b\u044c\u043d\u0430\u044f \u0432\u0430\u0437\u0430 \u0434\u043b\u044f (\u0444\u0440\u0443\u043a\u0442\u043e\u0432, \u043f\u0435\u0447\u0435\u043d\u0438\u044f, \u043a\u043e\u043d\u0444\u0435\u0442) 33cm. (65955)"}]},{"@type":"WebSite","@id":"https:\/\/kristall.ee\/ru\/#website","url":"https:\/\/kristall.ee\/ru\/","name":"Karlev O\u00dc - Iga p\u00e4ev on t\u00e4htp\u00e4ev","description":"Iga p\u00e4ev on t\u00e4htp\u00e4ev!","publisher":{"@id":"https:\/\/kristall.ee\/ru\/#organization"},"potentialAction":[{"@type":"SearchAction","target":{"@type":"EntryPoint","urlTemplate":"https:\/\/kristall.ee\/ru\/?s={search_term_string}"},"query-input":{"@type":"PropertyValueSpecification","valueRequired":true,"valueName":"search_term_string"}}],"inLanguage":"ru-RU"},{"@type":"Organization","@id":"https:\/\/kristall.ee\/ru\/#organization","name":"Karlev O\u00dc","url":"https:\/\/kristall.ee\/ru\/","logo":{"@type":"ImageObject","inLanguage":"ru-RU","@id":"https:\/\/kristall.ee\/ru\/#\/schema\/logo\/image\/","url":"https:\/\/kristall.ee\/wp-content\/uploads\/2025\/01\/Karlev-anno2_LOGO-04.webp","contentUrl":"https:\/\/kristall.ee\/wp-content\/uploads\/2025\/01\/Karlev-anno2_LOGO-04.webp","width":767,"height":337,"caption":"Karlev O\u00dc"},"image":{"@id":"https:\/\/kristall.ee\/ru\/#\/schema\/logo\/image\/"}}]}},"_links":{"self":[{"href":"https:\/\/kristall.ee\/ru\/wp-json\/wp\/v2\/product\/52655","targetHints":{"allow":["GET"]}}],"collection":[{"href":"https:\/\/kristall.ee\/ru\/wp-json\/wp\/v2\/product"}],"about":[{"href":"https:\/\/kristall.ee\/ru\/wp-json\/wp\/v2\/types\/product"}],"wp:featuredmedia":[{"embeddable":true,"href":"https:\/\/kristall.ee\/ru\/wp-json\/wp\/v2\/media\/23678"}],"wp:attachment":[{"href":"https:\/\/kristall.ee\/ru\/wp-json\/wp\/v2\/media?parent=52655"}],"wp:term":[{"taxonomy":"product_brand","embeddable":true,"href":"https:\/\/kristall.ee\/ru\/wp-json\/wp\/v2\/product_brand?post=52655"},{"taxonomy":"product_cat","embeddable":true,"href":"https:\/\/kristall.ee\/ru\/wp-json\/wp\/v2\/product_cat?post=52655"},{"taxonomy":"product_tag","embeddable":true,"href":"https:\/\/kristall.ee\/ru\/wp-json\/wp\/v2\/product_tag?post=52655"}],"curies":[{"name":"wp","href":"https:\/\/api.w.org\/{rel}","templated":true}]}}