{"id":51559,"date":"2025-01-10T22:52:09","date_gmt":"2025-01-10T22:52:09","guid":{"rendered":"https:\/\/kristall.ee\/toode\/fortuna\/"},"modified":"2025-02-03T10:17:08","modified_gmt":"2025-02-03T10:17:08","slug":"fortuna","status":"publish","type":"product","link":"https:\/\/kristall.ee\/ru\/toode\/fortuna\/","title":{"rendered":"&#1062;&#1077;&#1087;&#1086;&#1095;&#1082;&#1072; &#8211; Fortuna, &#1073;&#1077;&#1083;&#1099;&#1081;"},"content":{"rendered":"<p>Oliver Weber Jewellery<br \/><!--[if gte mso 9]><xml>\n <w_WordDocument>\n  <w_View>Normal<\/w_View>\n  <w_Zoom>0<\/w_Zoom>\n  <w_PunctuationKerning\/>\n  <w_ValidateAgainstSchemas\/>\n  <w_SaveIfXMLInvalid>false<\/w_SaveIfXMLInvalid>\n  <w_IgnoreMixedContent>false<\/w_IgnoreMixedContent>\n  <w_AlwaysShowPlaceholderText>false<\/w_AlwaysShowPlaceholderText>\n  <w_Compatibility>\n   <w_BreakWrappedTables\/>\n   <w_SnapToGridInCell\/>\n   <w_WrapTextWithPunct\/>\n   <w_UseAsianBreakRules\/>\n   <w_DontGrowAutofit\/>\n  <\/w_Compatibility>\n  <w_BrowserLevel>MicrosoftInternetExplorer4<\/w_BrowserLevel>\n <\/w_WordDocument>\n<\/xml><![endif]--> <\/p>\n<p class=\"MsoBodyText\">\u0423\u043a\u0440\u0430\u0448\u0435\u043d\u0430 \u043d\u0430\u0441\u0442\u043e\u044f\u0449\u0438\u043c\u0438 \u043a\u0440\u0438\u0441\u0442\u0430\u043b\u043b\u0430\u043c\u0438 \u0421\u0432\u0430\u0440\u043e\u0432\u0441\u043a\u0438 <\/p>\n<p class=\"MsoBodyText\">(Made with Swarovski elements)<\/p>\n<p class=\"MsoBodyText\">\u041f\u043e\u043a\u0440\u044b\u0442\u0438\u0435 \u0438\u0437 \u0440\u043e\u0434\u0438\u044f<\/p>\n<p class=\"MsoBodyText\">\u0414\u043b\u0438\u043d\u0430 \u0446\u0435\u043f\u043e\u0447\u043a\u0438: 40 &#8211; 50 cm.<\/p>\n<p class=\"MsoBodyText\">\u0420\u0430\u0437\u043c\u0435\u0440 \u043a\u0443\u043b\u043e\u043d\u0430: 3,0 cm.<\/p>\n<p> <!--[if gte mso 9]><xml>\n <w_LatentStyles DefLockedState=\"false\" LatentStyleCount=\"156\">\n <\/w_LatentStyles>\n<\/xml><![endif]--><!--[if gte mso 10]>\n\n\n<style>\n \/* Style Definitions *\/\n table.MsoNormalTable\n\t{mso-style-name:\"Table Normal\";\n\tmso-tstyle-rowband-size:0;\n\tmso-tstyle-colband-size:0;\n\tmso-style-noshow:yes;\n\tmso-style-parent:\"\";\n\tmso-padding-alt:0cm 5.4pt 0cm 5.4pt;\n\tmso-para-margin:0cm;\n\tmso-para-margin-bottom:.0001pt;\n\tmso-pagination:widow-orphan;\n\tfont-size:10.0pt;\n\tfont-family:\"Times New Roman\";\n\tmso-ansi-language:#0400;\n\tmso-fareast-language:#0400;\n\tmso-bidi-language:#0400;}\n<\/style>\n\n\n<![endif]--><\/p>\n","protected":false},"excerpt":{"rendered":"<p>Oliver Weber Jewellery \u0423\u043a\u0440\u0430\u0448\u0435\u043d\u0430 \u043d\u0430\u0441\u0442\u043e\u044f\u0449\u0438\u043c\u0438 \u043a\u0440\u0438\u0441\u0442\u0430\u043b\u043b\u0430\u043c\u0438 \u0421\u0432\u0430\u0440\u043e\u0432\u0441\u043a\u0438 (Made with Swarovski elements) \u041f\u043e\u043a\u0440\u044b\u0442\u0438\u0435 \u0438\u0437 \u0440\u043e\u0434\u0438\u044f \u0414\u043b\u0438\u043d\u0430 \u0446\u0435\u043f\u043e\u0447\u043a\u0438: 40 &#8211; 50 cm. \u0420\u0430\u0437\u043c\u0435\u0440 \u043a\u0443\u043b\u043e\u043d\u0430: 3,0 cm.<\/p>\n","protected":false},"featured_media":18007,"menu_order":10135,"template":"","meta":{"_acf_changed":false},"product_brand":[],"product_cat":[5682,5830],"product_tag":[],"class_list":{"0":"post-51559","1":"product","2":"type-product","3":"status-publish","4":"has-post-thumbnail","6":"product_cat-5682","7":"product_cat-5830","8":"product_shipping_class-standard-ru","10":"first","11":"instock","12":"purchasable","13":"product-type-simple"},"acf":[],"yoast_head":"<!-- This site is optimized with the Yoast SEO plugin v26.6 - https:\/\/yoast.com\/wordpress\/plugins\/seo\/ -->\n<title>&#1062;&#1077;&#1087;&#1086;&#1095;&#1082;&#1072; - Fortuna, &#1073;&#1077;&#1083;&#1099;&#1081; - Karlev O\u00dc<\/title>\n<meta name=\"robots\" content=\"index, follow, max-snippet:-1, max-image-preview:large, max-video-preview:-1\" \/>\n<link rel=\"canonical\" href=\"https:\/\/kristall.ee\/ru\/toode\/fortuna\/\" \/>\n<meta property=\"og:locale\" content=\"ru_RU\" \/>\n<meta property=\"og:type\" content=\"article\" \/>\n<meta property=\"og:title\" content=\"&#1062;&#1077;&#1087;&#1086;&#1095;&#1082;&#1072; - Fortuna, &#1073;&#1077;&#1083;&#1099;&#1081; - Karlev O\u00dc\" \/>\n<meta property=\"og:description\" content=\"Oliver Weber Jewellery \u0423\u043a\u0440\u0430\u0448\u0435\u043d\u0430 \u043d\u0430\u0441\u0442\u043e\u044f\u0449\u0438\u043c\u0438 \u043a\u0440\u0438\u0441\u0442\u0430\u043b\u043b\u0430\u043c\u0438 \u0421\u0432\u0430\u0440\u043e\u0432\u0441\u043a\u0438 (Made with Swarovski elements) \u041f\u043e\u043a\u0440\u044b\u0442\u0438\u0435 \u0438\u0437 \u0440\u043e\u0434\u0438\u044f \u0414\u043b\u0438\u043d\u0430 \u0446\u0435\u043f\u043e\u0447\u043a\u0438: 40 &#8211; 50 cm. \u0420\u0430\u0437\u043c\u0435\u0440 \u043a\u0443\u043b\u043e\u043d\u0430: 3,0 cm.\" \/>\n<meta property=\"og:url\" content=\"https:\/\/kristall.ee\/ru\/toode\/fortuna\/\" \/>\n<meta property=\"og:site_name\" content=\"Karlev O\u00dc\" \/>\n<meta property=\"article:modified_time\" content=\"2025-02-03T10:17:08+00:00\" \/>\n<meta property=\"og:image\" content=\"https:\/\/kristall.ee\/wp-content\/uploads\/2025\/01\/1711.jpg\" \/>\n\t<meta property=\"og:image:width\" content=\"472\" \/>\n\t<meta property=\"og:image:height\" content=\"472\" \/>\n\t<meta property=\"og:image:type\" content=\"image\/jpeg\" \/>\n<meta name=\"twitter:card\" content=\"summary_large_image\" \/>\n<script type=\"application\/ld+json\" class=\"yoast-schema-graph\">{\"@context\":\"https:\/\/schema.org\",\"@graph\":[{\"@type\":\"WebPage\",\"@id\":\"https:\/\/kristall.ee\/ru\/toode\/fortuna\/\",\"url\":\"https:\/\/kristall.ee\/ru\/toode\/fortuna\/\",\"name\":\"&#1062;&#1077;&#1087;&#1086;&#1095;&#1082;&#1072; - Fortuna, &#1073;&#1077;&#1083;&#1099;&#1081; - Karlev O\u00dc\",\"isPartOf\":{\"@id\":\"https:\/\/kristall.ee\/ru\/#website\"},\"primaryImageOfPage\":{\"@id\":\"https:\/\/kristall.ee\/ru\/toode\/fortuna\/#primaryimage\"},\"image\":{\"@id\":\"https:\/\/kristall.ee\/ru\/toode\/fortuna\/#primaryimage\"},\"thumbnailUrl\":\"https:\/\/kristall.ee\/wp-content\/uploads\/2025\/01\/1711.jpg\",\"datePublished\":\"2025-01-10T22:52:09+00:00\",\"dateModified\":\"2025-02-03T10:17:08+00:00\",\"breadcrumb\":{\"@id\":\"https:\/\/kristall.ee\/ru\/toode\/fortuna\/#breadcrumb\"},\"inLanguage\":\"ru-RU\",\"potentialAction\":[{\"@type\":\"ReadAction\",\"target\":[\"https:\/\/kristall.ee\/ru\/toode\/fortuna\/\"]}]},{\"@type\":\"ImageObject\",\"inLanguage\":\"ru-RU\",\"@id\":\"https:\/\/kristall.ee\/ru\/toode\/fortuna\/#primaryimage\",\"url\":\"https:\/\/kristall.ee\/wp-content\/uploads\/2025\/01\/1711.jpg\",\"contentUrl\":\"https:\/\/kristall.ee\/wp-content\/uploads\/2025\/01\/1711.jpg\",\"width\":472,\"height\":472},{\"@type\":\"BreadcrumbList\",\"@id\":\"https:\/\/kristall.ee\/ru\/toode\/fortuna\/#breadcrumb\",\"itemListElement\":[{\"@type\":\"ListItem\",\"position\":1,\"name\":\"Home\",\"item\":\"https:\/\/kristall.ee\/ru\/%d0%b3%d0%bb%d0%b0%d0%b2%d0%bd%d0%b0%d1%8f-%d1%81%d1%82%d1%80%d0%b0%d0%bd%d0%b8%d1%86%d0%b0\/\"},{\"@type\":\"ListItem\",\"position\":2,\"name\":\"\u0418\u043d\u0442\u0435\u0440\u043d\u0435\u0442-\u043c\u0430\u0433\u0430\u0437\u0438\u043d\",\"item\":\"https:\/\/kristall.ee\/ru\/shop\/\"},{\"@type\":\"ListItem\",\"position\":3,\"name\":\"&#1062;&#1077;&#1087;&#1086;&#1095;&#1082;&#1072; &#8212; Fortuna, &#1073;&#1077;&#1083;&#1099;&#1081;\"}]},{\"@type\":\"WebSite\",\"@id\":\"https:\/\/kristall.ee\/ru\/#website\",\"url\":\"https:\/\/kristall.ee\/ru\/\",\"name\":\"Karlev O\u00dc - Iga p\u00e4ev on t\u00e4htp\u00e4ev\",\"description\":\"Iga p\u00e4ev on t\u00e4htp\u00e4ev!\",\"publisher\":{\"@id\":\"https:\/\/kristall.ee\/ru\/#organization\"},\"potentialAction\":[{\"@type\":\"SearchAction\",\"target\":{\"@type\":\"EntryPoint\",\"urlTemplate\":\"https:\/\/kristall.ee\/ru\/?s={search_term_string}\"},\"query-input\":{\"@type\":\"PropertyValueSpecification\",\"valueRequired\":true,\"valueName\":\"search_term_string\"}}],\"inLanguage\":\"ru-RU\"},{\"@type\":\"Organization\",\"@id\":\"https:\/\/kristall.ee\/ru\/#organization\",\"name\":\"Karlev O\u00dc\",\"url\":\"https:\/\/kristall.ee\/ru\/\",\"logo\":{\"@type\":\"ImageObject\",\"inLanguage\":\"ru-RU\",\"@id\":\"https:\/\/kristall.ee\/ru\/#\/schema\/logo\/image\/\",\"url\":\"https:\/\/kristall.ee\/wp-content\/uploads\/2025\/01\/Karlev-anno2_LOGO-04.webp\",\"contentUrl\":\"https:\/\/kristall.ee\/wp-content\/uploads\/2025\/01\/Karlev-anno2_LOGO-04.webp\",\"width\":767,\"height\":337,\"caption\":\"Karlev O\u00dc\"},\"image\":{\"@id\":\"https:\/\/kristall.ee\/ru\/#\/schema\/logo\/image\/\"}}]}<\/script>\n<!-- \/ Yoast SEO plugin. -->","yoast_head_json":{"title":"&#1062;&#1077;&#1087;&#1086;&#1095;&#1082;&#1072; - Fortuna, &#1073;&#1077;&#1083;&#1099;&#1081; - Karlev O\u00dc","robots":{"index":"index","follow":"follow","max-snippet":"max-snippet:-1","max-image-preview":"max-image-preview:large","max-video-preview":"max-video-preview:-1"},"canonical":"https:\/\/kristall.ee\/ru\/toode\/fortuna\/","og_locale":"ru_RU","og_type":"article","og_title":"&#1062;&#1077;&#1087;&#1086;&#1095;&#1082;&#1072; - Fortuna, &#1073;&#1077;&#1083;&#1099;&#1081; - Karlev O\u00dc","og_description":"Oliver Weber Jewellery \u0423\u043a\u0440\u0430\u0448\u0435\u043d\u0430 \u043d\u0430\u0441\u0442\u043e\u044f\u0449\u0438\u043c\u0438 \u043a\u0440\u0438\u0441\u0442\u0430\u043b\u043b\u0430\u043c\u0438 \u0421\u0432\u0430\u0440\u043e\u0432\u0441\u043a\u0438 (Made with Swarovski elements) \u041f\u043e\u043a\u0440\u044b\u0442\u0438\u0435 \u0438\u0437 \u0440\u043e\u0434\u0438\u044f \u0414\u043b\u0438\u043d\u0430 \u0446\u0435\u043f\u043e\u0447\u043a\u0438: 40 &#8211; 50 cm. \u0420\u0430\u0437\u043c\u0435\u0440 \u043a\u0443\u043b\u043e\u043d\u0430: 3,0 cm.","og_url":"https:\/\/kristall.ee\/ru\/toode\/fortuna\/","og_site_name":"Karlev O\u00dc","article_modified_time":"2025-02-03T10:17:08+00:00","og_image":[{"width":472,"height":472,"url":"https:\/\/kristall.ee\/wp-content\/uploads\/2025\/01\/1711.jpg","type":"image\/jpeg"}],"twitter_card":"summary_large_image","schema":{"@context":"https:\/\/schema.org","@graph":[{"@type":"WebPage","@id":"https:\/\/kristall.ee\/ru\/toode\/fortuna\/","url":"https:\/\/kristall.ee\/ru\/toode\/fortuna\/","name":"&#1062;&#1077;&#1087;&#1086;&#1095;&#1082;&#1072; - Fortuna, &#1073;&#1077;&#1083;&#1099;&#1081; - Karlev O\u00dc","isPartOf":{"@id":"https:\/\/kristall.ee\/ru\/#website"},"primaryImageOfPage":{"@id":"https:\/\/kristall.ee\/ru\/toode\/fortuna\/#primaryimage"},"image":{"@id":"https:\/\/kristall.ee\/ru\/toode\/fortuna\/#primaryimage"},"thumbnailUrl":"https:\/\/kristall.ee\/wp-content\/uploads\/2025\/01\/1711.jpg","datePublished":"2025-01-10T22:52:09+00:00","dateModified":"2025-02-03T10:17:08+00:00","breadcrumb":{"@id":"https:\/\/kristall.ee\/ru\/toode\/fortuna\/#breadcrumb"},"inLanguage":"ru-RU","potentialAction":[{"@type":"ReadAction","target":["https:\/\/kristall.ee\/ru\/toode\/fortuna\/"]}]},{"@type":"ImageObject","inLanguage":"ru-RU","@id":"https:\/\/kristall.ee\/ru\/toode\/fortuna\/#primaryimage","url":"https:\/\/kristall.ee\/wp-content\/uploads\/2025\/01\/1711.jpg","contentUrl":"https:\/\/kristall.ee\/wp-content\/uploads\/2025\/01\/1711.jpg","width":472,"height":472},{"@type":"BreadcrumbList","@id":"https:\/\/kristall.ee\/ru\/toode\/fortuna\/#breadcrumb","itemListElement":[{"@type":"ListItem","position":1,"name":"Home","item":"https:\/\/kristall.ee\/ru\/%d0%b3%d0%bb%d0%b0%d0%b2%d0%bd%d0%b0%d1%8f-%d1%81%d1%82%d1%80%d0%b0%d0%bd%d0%b8%d1%86%d0%b0\/"},{"@type":"ListItem","position":2,"name":"\u0418\u043d\u0442\u0435\u0440\u043d\u0435\u0442-\u043c\u0430\u0433\u0430\u0437\u0438\u043d","item":"https:\/\/kristall.ee\/ru\/shop\/"},{"@type":"ListItem","position":3,"name":"&#1062;&#1077;&#1087;&#1086;&#1095;&#1082;&#1072; &#8212; Fortuna, &#1073;&#1077;&#1083;&#1099;&#1081;"}]},{"@type":"WebSite","@id":"https:\/\/kristall.ee\/ru\/#website","url":"https:\/\/kristall.ee\/ru\/","name":"Karlev O\u00dc - Iga p\u00e4ev on t\u00e4htp\u00e4ev","description":"Iga p\u00e4ev on t\u00e4htp\u00e4ev!","publisher":{"@id":"https:\/\/kristall.ee\/ru\/#organization"},"potentialAction":[{"@type":"SearchAction","target":{"@type":"EntryPoint","urlTemplate":"https:\/\/kristall.ee\/ru\/?s={search_term_string}"},"query-input":{"@type":"PropertyValueSpecification","valueRequired":true,"valueName":"search_term_string"}}],"inLanguage":"ru-RU"},{"@type":"Organization","@id":"https:\/\/kristall.ee\/ru\/#organization","name":"Karlev O\u00dc","url":"https:\/\/kristall.ee\/ru\/","logo":{"@type":"ImageObject","inLanguage":"ru-RU","@id":"https:\/\/kristall.ee\/ru\/#\/schema\/logo\/image\/","url":"https:\/\/kristall.ee\/wp-content\/uploads\/2025\/01\/Karlev-anno2_LOGO-04.webp","contentUrl":"https:\/\/kristall.ee\/wp-content\/uploads\/2025\/01\/Karlev-anno2_LOGO-04.webp","width":767,"height":337,"caption":"Karlev O\u00dc"},"image":{"@id":"https:\/\/kristall.ee\/ru\/#\/schema\/logo\/image\/"}}]}},"_links":{"self":[{"href":"https:\/\/kristall.ee\/ru\/wp-json\/wp\/v2\/product\/51559","targetHints":{"allow":["GET"]}}],"collection":[{"href":"https:\/\/kristall.ee\/ru\/wp-json\/wp\/v2\/product"}],"about":[{"href":"https:\/\/kristall.ee\/ru\/wp-json\/wp\/v2\/types\/product"}],"wp:featuredmedia":[{"embeddable":true,"href":"https:\/\/kristall.ee\/ru\/wp-json\/wp\/v2\/media\/18007"}],"wp:attachment":[{"href":"https:\/\/kristall.ee\/ru\/wp-json\/wp\/v2\/media?parent=51559"}],"wp:term":[{"taxonomy":"product_brand","embeddable":true,"href":"https:\/\/kristall.ee\/ru\/wp-json\/wp\/v2\/product_brand?post=51559"},{"taxonomy":"product_cat","embeddable":true,"href":"https:\/\/kristall.ee\/ru\/wp-json\/wp\/v2\/product_cat?post=51559"},{"taxonomy":"product_tag","embeddable":true,"href":"https:\/\/kristall.ee\/ru\/wp-json\/wp\/v2\/product_tag?post=51559"}],"curies":[{"name":"wp","href":"https:\/\/api.w.org\/{rel}","templated":true}]}}