{"id":51449,"date":"2025-01-10T03:14:11","date_gmt":"2025-01-10T03:14:11","guid":{"rendered":"https:\/\/kristall.ee\/toode\/ideal-43249-2\/"},"modified":"2025-02-03T10:16:46","modified_gmt":"2025-02-03T10:16:46","slug":"ideal-43249-2","status":"publish","type":"product","link":"https:\/\/kristall.ee\/ru\/toode\/ideal-43249-2\/","title":{"rendered":"&#1057;&#1090;&#1072;&#1082;&#1072;&#1085;&#1099; &#1076;&#1083;&#1103; &#1074;&#1080;&#1089;&#1082;&#1080; &#8211; Ideal (43249)"},"content":{"rendered":"<p  class=\"MsoBodyText\">\u0427\u0435\u0448\u0441\u043a\u043e\u0435 \u0411\u043e\u0433\u0435\u043c\u0441\u043a\u043e\u0435\u00a0\u0441\u0442\u0435\u043a\u043b\u043e<\/p>\n<p  class=\"MsoBodyText\">C \u0443\u0437\u043e\u0440\u043e\u043c: 43249<\/p>\n<p>\u00a0<\/p>\n<p  class=\"MsoBodyText\">P\u0430\u0437\u043c\u0435\u0440: 230\u00a0ml.<\/p>\n<p>\u00a0<\/p>\n<p  class=\"MsoBodyText\">1 \u043a\u043e\u043c\u043f\u043b\u0435\u043a\u0442 =\u00a06 \u0431\u043e\u043a\u0430\u043b\u043e\u0432<\/p>\n","protected":false},"excerpt":{"rendered":"<p>\u0427\u0435\u0448\u0441\u043a\u043e\u0435 \u0411\u043e\u0433\u0435\u043c\u0441\u043a\u043e\u0435\u00a0\u0441\u0442\u0435\u043a\u043b\u043e C \u0443\u0437\u043e\u0440\u043e\u043c: 43249 \u00a0 P\u0430\u0437\u043c\u0435\u0440: 230\u00a0ml. \u00a0 1 \u043a\u043e\u043c\u043f\u043b\u0435\u043a\u0442 =\u00a06 \u0431\u043e\u043a\u0430\u043b\u043e\u0432<\/p>\n","protected":false},"featured_media":17341,"menu_order":9686,"template":"","meta":{"_acf_changed":false},"product_brand":[],"product_cat":[5694,6019],"product_tag":[],"class_list":{"0":"post-51449","1":"product","2":"type-product","3":"status-publish","4":"has-post-thumbnail","6":"product_cat-5694","7":"product_cat-6019","8":"product_shipping_class-purunev-ru-2","10":"first","11":"instock","12":"purchasable","13":"product-type-simple"},"acf":[],"yoast_head":"<!-- This site is optimized with the Yoast SEO plugin v26.6 - https:\/\/yoast.com\/wordpress\/plugins\/seo\/ -->\n<title>&#1057;&#1090;&#1072;&#1082;&#1072;&#1085;&#1099; &#1076;&#1083;&#1103; &#1074;&#1080;&#1089;&#1082;&#1080; - Ideal (43249) - Karlev O\u00dc<\/title>\n<meta name=\"robots\" content=\"index, follow, max-snippet:-1, max-image-preview:large, max-video-preview:-1\" \/>\n<link rel=\"canonical\" href=\"https:\/\/kristall.ee\/ru\/toode\/ideal-43249-2\/\" \/>\n<meta property=\"og:locale\" content=\"ru_RU\" \/>\n<meta property=\"og:type\" content=\"article\" \/>\n<meta property=\"og:title\" content=\"&#1057;&#1090;&#1072;&#1082;&#1072;&#1085;&#1099; &#1076;&#1083;&#1103; &#1074;&#1080;&#1089;&#1082;&#1080; - Ideal (43249) - Karlev O\u00dc\" \/>\n<meta property=\"og:description\" content=\"\u0427\u0435\u0448\u0441\u043a\u043e\u0435 \u0411\u043e\u0433\u0435\u043c\u0441\u043a\u043e\u0435\u00a0\u0441\u0442\u0435\u043a\u043b\u043e C \u0443\u0437\u043e\u0440\u043e\u043c: 43249 \u00a0 P\u0430\u0437\u043c\u0435\u0440: 230\u00a0ml. \u00a0 1 \u043a\u043e\u043c\u043f\u043b\u0435\u043a\u0442 =\u00a06 \u0431\u043e\u043a\u0430\u043b\u043e\u0432\" \/>\n<meta property=\"og:url\" content=\"https:\/\/kristall.ee\/ru\/toode\/ideal-43249-2\/\" \/>\n<meta property=\"og:site_name\" content=\"Karlev O\u00dc\" \/>\n<meta property=\"article:modified_time\" content=\"2025-02-03T10:16:46+00:00\" \/>\n<meta property=\"og:image\" content=\"https:\/\/kristall.ee\/wp-content\/uploads\/2025\/01\/1521.jpg\" \/>\n\t<meta property=\"og:image:width\" content=\"600\" \/>\n\t<meta property=\"og:image:height\" content=\"600\" \/>\n\t<meta property=\"og:image:type\" content=\"image\/jpeg\" \/>\n<meta name=\"twitter:card\" content=\"summary_large_image\" \/>\n<script type=\"application\/ld+json\" class=\"yoast-schema-graph\">{\"@context\":\"https:\/\/schema.org\",\"@graph\":[{\"@type\":\"WebPage\",\"@id\":\"https:\/\/kristall.ee\/ru\/toode\/ideal-43249-2\/\",\"url\":\"https:\/\/kristall.ee\/ru\/toode\/ideal-43249-2\/\",\"name\":\"&#1057;&#1090;&#1072;&#1082;&#1072;&#1085;&#1099; &#1076;&#1083;&#1103; &#1074;&#1080;&#1089;&#1082;&#1080; - Ideal (43249) - Karlev O\u00dc\",\"isPartOf\":{\"@id\":\"https:\/\/kristall.ee\/ru\/#website\"},\"primaryImageOfPage\":{\"@id\":\"https:\/\/kristall.ee\/ru\/toode\/ideal-43249-2\/#primaryimage\"},\"image\":{\"@id\":\"https:\/\/kristall.ee\/ru\/toode\/ideal-43249-2\/#primaryimage\"},\"thumbnailUrl\":\"https:\/\/kristall.ee\/wp-content\/uploads\/2025\/01\/1521.jpg\",\"datePublished\":\"2025-01-10T03:14:11+00:00\",\"dateModified\":\"2025-02-03T10:16:46+00:00\",\"breadcrumb\":{\"@id\":\"https:\/\/kristall.ee\/ru\/toode\/ideal-43249-2\/#breadcrumb\"},\"inLanguage\":\"ru-RU\",\"potentialAction\":[{\"@type\":\"ReadAction\",\"target\":[\"https:\/\/kristall.ee\/ru\/toode\/ideal-43249-2\/\"]}]},{\"@type\":\"ImageObject\",\"inLanguage\":\"ru-RU\",\"@id\":\"https:\/\/kristall.ee\/ru\/toode\/ideal-43249-2\/#primaryimage\",\"url\":\"https:\/\/kristall.ee\/wp-content\/uploads\/2025\/01\/1521.jpg\",\"contentUrl\":\"https:\/\/kristall.ee\/wp-content\/uploads\/2025\/01\/1521.jpg\",\"width\":600,\"height\":600},{\"@type\":\"BreadcrumbList\",\"@id\":\"https:\/\/kristall.ee\/ru\/toode\/ideal-43249-2\/#breadcrumb\",\"itemListElement\":[{\"@type\":\"ListItem\",\"position\":1,\"name\":\"Home\",\"item\":\"https:\/\/kristall.ee\/ru\/%d0%b3%d0%bb%d0%b0%d0%b2%d0%bd%d0%b0%d1%8f-%d1%81%d1%82%d1%80%d0%b0%d0%bd%d0%b8%d1%86%d0%b0\/\"},{\"@type\":\"ListItem\",\"position\":2,\"name\":\"\u0418\u043d\u0442\u0435\u0440\u043d\u0435\u0442-\u043c\u0430\u0433\u0430\u0437\u0438\u043d\",\"item\":\"https:\/\/kristall.ee\/ru\/shop\/\"},{\"@type\":\"ListItem\",\"position\":3,\"name\":\"&#1057;&#1090;&#1072;&#1082;&#1072;&#1085;&#1099; &#1076;&#1083;&#1103; &#1074;&#1080;&#1089;&#1082;&#1080; &#8212; Ideal (43249)\"}]},{\"@type\":\"WebSite\",\"@id\":\"https:\/\/kristall.ee\/ru\/#website\",\"url\":\"https:\/\/kristall.ee\/ru\/\",\"name\":\"Karlev O\u00dc - Iga p\u00e4ev on t\u00e4htp\u00e4ev\",\"description\":\"Iga p\u00e4ev on t\u00e4htp\u00e4ev!\",\"publisher\":{\"@id\":\"https:\/\/kristall.ee\/ru\/#organization\"},\"potentialAction\":[{\"@type\":\"SearchAction\",\"target\":{\"@type\":\"EntryPoint\",\"urlTemplate\":\"https:\/\/kristall.ee\/ru\/?s={search_term_string}\"},\"query-input\":{\"@type\":\"PropertyValueSpecification\",\"valueRequired\":true,\"valueName\":\"search_term_string\"}}],\"inLanguage\":\"ru-RU\"},{\"@type\":\"Organization\",\"@id\":\"https:\/\/kristall.ee\/ru\/#organization\",\"name\":\"Karlev O\u00dc\",\"url\":\"https:\/\/kristall.ee\/ru\/\",\"logo\":{\"@type\":\"ImageObject\",\"inLanguage\":\"ru-RU\",\"@id\":\"https:\/\/kristall.ee\/ru\/#\/schema\/logo\/image\/\",\"url\":\"https:\/\/kristall.ee\/wp-content\/uploads\/2025\/01\/Karlev-anno2_LOGO-04.webp\",\"contentUrl\":\"https:\/\/kristall.ee\/wp-content\/uploads\/2025\/01\/Karlev-anno2_LOGO-04.webp\",\"width\":767,\"height\":337,\"caption\":\"Karlev O\u00dc\"},\"image\":{\"@id\":\"https:\/\/kristall.ee\/ru\/#\/schema\/logo\/image\/\"}}]}<\/script>\n<!-- \/ Yoast SEO plugin. -->","yoast_head_json":{"title":"&#1057;&#1090;&#1072;&#1082;&#1072;&#1085;&#1099; &#1076;&#1083;&#1103; &#1074;&#1080;&#1089;&#1082;&#1080; - Ideal (43249) - Karlev O\u00dc","robots":{"index":"index","follow":"follow","max-snippet":"max-snippet:-1","max-image-preview":"max-image-preview:large","max-video-preview":"max-video-preview:-1"},"canonical":"https:\/\/kristall.ee\/ru\/toode\/ideal-43249-2\/","og_locale":"ru_RU","og_type":"article","og_title":"&#1057;&#1090;&#1072;&#1082;&#1072;&#1085;&#1099; &#1076;&#1083;&#1103; &#1074;&#1080;&#1089;&#1082;&#1080; - Ideal (43249) - Karlev O\u00dc","og_description":"\u0427\u0435\u0448\u0441\u043a\u043e\u0435 \u0411\u043e\u0433\u0435\u043c\u0441\u043a\u043e\u0435\u00a0\u0441\u0442\u0435\u043a\u043b\u043e C \u0443\u0437\u043e\u0440\u043e\u043c: 43249 \u00a0 P\u0430\u0437\u043c\u0435\u0440: 230\u00a0ml. \u00a0 1 \u043a\u043e\u043c\u043f\u043b\u0435\u043a\u0442 =\u00a06 \u0431\u043e\u043a\u0430\u043b\u043e\u0432","og_url":"https:\/\/kristall.ee\/ru\/toode\/ideal-43249-2\/","og_site_name":"Karlev O\u00dc","article_modified_time":"2025-02-03T10:16:46+00:00","og_image":[{"width":600,"height":600,"url":"https:\/\/kristall.ee\/wp-content\/uploads\/2025\/01\/1521.jpg","type":"image\/jpeg"}],"twitter_card":"summary_large_image","schema":{"@context":"https:\/\/schema.org","@graph":[{"@type":"WebPage","@id":"https:\/\/kristall.ee\/ru\/toode\/ideal-43249-2\/","url":"https:\/\/kristall.ee\/ru\/toode\/ideal-43249-2\/","name":"&#1057;&#1090;&#1072;&#1082;&#1072;&#1085;&#1099; &#1076;&#1083;&#1103; &#1074;&#1080;&#1089;&#1082;&#1080; - Ideal (43249) - Karlev O\u00dc","isPartOf":{"@id":"https:\/\/kristall.ee\/ru\/#website"},"primaryImageOfPage":{"@id":"https:\/\/kristall.ee\/ru\/toode\/ideal-43249-2\/#primaryimage"},"image":{"@id":"https:\/\/kristall.ee\/ru\/toode\/ideal-43249-2\/#primaryimage"},"thumbnailUrl":"https:\/\/kristall.ee\/wp-content\/uploads\/2025\/01\/1521.jpg","datePublished":"2025-01-10T03:14:11+00:00","dateModified":"2025-02-03T10:16:46+00:00","breadcrumb":{"@id":"https:\/\/kristall.ee\/ru\/toode\/ideal-43249-2\/#breadcrumb"},"inLanguage":"ru-RU","potentialAction":[{"@type":"ReadAction","target":["https:\/\/kristall.ee\/ru\/toode\/ideal-43249-2\/"]}]},{"@type":"ImageObject","inLanguage":"ru-RU","@id":"https:\/\/kristall.ee\/ru\/toode\/ideal-43249-2\/#primaryimage","url":"https:\/\/kristall.ee\/wp-content\/uploads\/2025\/01\/1521.jpg","contentUrl":"https:\/\/kristall.ee\/wp-content\/uploads\/2025\/01\/1521.jpg","width":600,"height":600},{"@type":"BreadcrumbList","@id":"https:\/\/kristall.ee\/ru\/toode\/ideal-43249-2\/#breadcrumb","itemListElement":[{"@type":"ListItem","position":1,"name":"Home","item":"https:\/\/kristall.ee\/ru\/%d0%b3%d0%bb%d0%b0%d0%b2%d0%bd%d0%b0%d1%8f-%d1%81%d1%82%d1%80%d0%b0%d0%bd%d0%b8%d1%86%d0%b0\/"},{"@type":"ListItem","position":2,"name":"\u0418\u043d\u0442\u0435\u0440\u043d\u0435\u0442-\u043c\u0430\u0433\u0430\u0437\u0438\u043d","item":"https:\/\/kristall.ee\/ru\/shop\/"},{"@type":"ListItem","position":3,"name":"&#1057;&#1090;&#1072;&#1082;&#1072;&#1085;&#1099; &#1076;&#1083;&#1103; &#1074;&#1080;&#1089;&#1082;&#1080; &#8212; Ideal (43249)"}]},{"@type":"WebSite","@id":"https:\/\/kristall.ee\/ru\/#website","url":"https:\/\/kristall.ee\/ru\/","name":"Karlev O\u00dc - Iga p\u00e4ev on t\u00e4htp\u00e4ev","description":"Iga p\u00e4ev on t\u00e4htp\u00e4ev!","publisher":{"@id":"https:\/\/kristall.ee\/ru\/#organization"},"potentialAction":[{"@type":"SearchAction","target":{"@type":"EntryPoint","urlTemplate":"https:\/\/kristall.ee\/ru\/?s={search_term_string}"},"query-input":{"@type":"PropertyValueSpecification","valueRequired":true,"valueName":"search_term_string"}}],"inLanguage":"ru-RU"},{"@type":"Organization","@id":"https:\/\/kristall.ee\/ru\/#organization","name":"Karlev O\u00dc","url":"https:\/\/kristall.ee\/ru\/","logo":{"@type":"ImageObject","inLanguage":"ru-RU","@id":"https:\/\/kristall.ee\/ru\/#\/schema\/logo\/image\/","url":"https:\/\/kristall.ee\/wp-content\/uploads\/2025\/01\/Karlev-anno2_LOGO-04.webp","contentUrl":"https:\/\/kristall.ee\/wp-content\/uploads\/2025\/01\/Karlev-anno2_LOGO-04.webp","width":767,"height":337,"caption":"Karlev O\u00dc"},"image":{"@id":"https:\/\/kristall.ee\/ru\/#\/schema\/logo\/image\/"}}]}},"_links":{"self":[{"href":"https:\/\/kristall.ee\/ru\/wp-json\/wp\/v2\/product\/51449","targetHints":{"allow":["GET"]}}],"collection":[{"href":"https:\/\/kristall.ee\/ru\/wp-json\/wp\/v2\/product"}],"about":[{"href":"https:\/\/kristall.ee\/ru\/wp-json\/wp\/v2\/types\/product"}],"wp:featuredmedia":[{"embeddable":true,"href":"https:\/\/kristall.ee\/ru\/wp-json\/wp\/v2\/media\/17341"}],"wp:attachment":[{"href":"https:\/\/kristall.ee\/ru\/wp-json\/wp\/v2\/media?parent=51449"}],"wp:term":[{"taxonomy":"product_brand","embeddable":true,"href":"https:\/\/kristall.ee\/ru\/wp-json\/wp\/v2\/product_brand?post=51449"},{"taxonomy":"product_cat","embeddable":true,"href":"https:\/\/kristall.ee\/ru\/wp-json\/wp\/v2\/product_cat?post=51449"},{"taxonomy":"product_tag","embeddable":true,"href":"https:\/\/kristall.ee\/ru\/wp-json\/wp\/v2\/product_tag?post=51449"}],"curies":[{"name":"wp","href":"https:\/\/api.w.org\/{rel}","templated":true}]}}