{"id":59160,"date":"2025-11-10T10:50:12","date_gmt":"2025-11-10T10:50:12","guid":{"rendered":"https:\/\/kristall.ee\/toode\/porcelain-mug-christmas-gang-dog-and-cat-350ml\/"},"modified":"2025-11-10T10:50:12","modified_gmt":"2025-11-10T10:50:12","slug":"porcelain-mug-christmas-gang-dog-and-cat-350ml","status":"publish","type":"product","link":"https:\/\/kristall.ee\/en\/toode\/porcelain-mug-christmas-gang-dog-and-cat-350ml\/","title":{"rendered":"Porcelain mug  &#8211; Christmas Gang (dog and cat) 350ml."},"content":{"rendered":"<p>Italy<\/p>\n<p>Porcelain<\/p>\n<p>Series: Christmas Gang<\/p>\n<p>Size of the mug: 350ml.<\/p>\n<p>The price is for one (1) mug in the metal gift box.<\/p>\n<p>The set depicts dogs and cats making trouble during Christmas.<br \/>\nMatch with other products from the Christmas Gang series.<\/p>\n","protected":false},"excerpt":{"rendered":"<p>Italy Porcelain Series: Christmas Gang Size of the mug: 350ml. The price is for one (1) mug in the metal gift box. The set depicts dogs and cats making trouble during Christmas. Match with other products from the Christmas Gang series.<\/p>\n","protected":false},"featured_media":57980,"menu_order":37,"template":"","meta":{"_acf_changed":false},"product_brand":[],"product_cat":[5929,6263],"product_tag":[],"class_list":{"0":"post-59160","1":"product","2":"type-product","3":"status-publish","4":"has-post-thumbnail","6":"product_cat-tableware-porcelain-mugs","7":"product_cat-for-christmas-porcelain-for-christmas","8":"product_shipping_class-purunev","10":"first","11":"instock","12":"taxable","13":"shipping-taxable","14":"purchasable","15":"product-type-simple"},"acf":[],"yoast_head":"<!-- This site is optimized with the Yoast SEO plugin v26.6 - https:\/\/yoast.com\/wordpress\/plugins\/seo\/ -->\n<title>Porcelain mug - Christmas Gang (dog and cat) 350ml. - Karlev O\u00dc<\/title>\n<meta name=\"robots\" content=\"index, follow, max-snippet:-1, max-image-preview:large, max-video-preview:-1\" \/>\n<link rel=\"canonical\" href=\"https:\/\/kristall.ee\/en\/toode\/porcelain-mug-christmas-gang-dog-and-cat-350ml\/\" \/>\n<meta property=\"og:locale\" content=\"en_US\" \/>\n<meta property=\"og:type\" content=\"article\" \/>\n<meta property=\"og:title\" content=\"Porcelain mug - Christmas Gang (dog and cat) 350ml. - Karlev O\u00dc\" \/>\n<meta property=\"og:description\" content=\"Italy Porcelain Series: Christmas Gang Size of the mug: 350ml. The price is for one (1) mug in the metal gift box. The set depicts dogs and cats making trouble during Christmas. Match with other products from the Christmas Gang series.\" \/>\n<meta property=\"og:url\" content=\"https:\/\/kristall.ee\/en\/toode\/porcelain-mug-christmas-gang-dog-and-cat-350ml\/\" \/>\n<meta property=\"og:site_name\" content=\"Karlev O\u00dc\" \/>\n<meta property=\"og:image\" content=\"https:\/\/kristall.ee\/wp-content\/uploads\/2025\/11\/R0217CHGA.jpg\" \/>\n\t<meta property=\"og:image:width\" content=\"600\" \/>\n\t<meta property=\"og:image:height\" content=\"600\" \/>\n\t<meta property=\"og:image:type\" content=\"image\/jpeg\" \/>\n<meta name=\"twitter:card\" content=\"summary_large_image\" \/>\n<script type=\"application\/ld+json\" class=\"yoast-schema-graph\">{\"@context\":\"https:\/\/schema.org\",\"@graph\":[{\"@type\":\"WebPage\",\"@id\":\"https:\/\/kristall.ee\/en\/toode\/porcelain-mug-christmas-gang-dog-and-cat-350ml\/\",\"url\":\"https:\/\/kristall.ee\/en\/toode\/porcelain-mug-christmas-gang-dog-and-cat-350ml\/\",\"name\":\"Porcelain mug - Christmas Gang (dog and cat) 350ml. - Karlev O\u00dc\",\"isPartOf\":{\"@id\":\"https:\/\/kristall.ee\/ru\/#website\"},\"primaryImageOfPage\":{\"@id\":\"https:\/\/kristall.ee\/en\/toode\/porcelain-mug-christmas-gang-dog-and-cat-350ml\/#primaryimage\"},\"image\":{\"@id\":\"https:\/\/kristall.ee\/en\/toode\/porcelain-mug-christmas-gang-dog-and-cat-350ml\/#primaryimage\"},\"thumbnailUrl\":\"https:\/\/kristall.ee\/wp-content\/uploads\/2025\/11\/R0217CHGA.jpg\",\"datePublished\":\"2025-11-10T10:50:12+00:00\",\"breadcrumb\":{\"@id\":\"https:\/\/kristall.ee\/en\/toode\/porcelain-mug-christmas-gang-dog-and-cat-350ml\/#breadcrumb\"},\"inLanguage\":\"en-US\",\"potentialAction\":[{\"@type\":\"ReadAction\",\"target\":[\"https:\/\/kristall.ee\/en\/toode\/porcelain-mug-christmas-gang-dog-and-cat-350ml\/\"]}]},{\"@type\":\"ImageObject\",\"inLanguage\":\"en-US\",\"@id\":\"https:\/\/kristall.ee\/en\/toode\/porcelain-mug-christmas-gang-dog-and-cat-350ml\/#primaryimage\",\"url\":\"https:\/\/kristall.ee\/wp-content\/uploads\/2025\/11\/R0217CHGA.jpg\",\"contentUrl\":\"https:\/\/kristall.ee\/wp-content\/uploads\/2025\/11\/R0217CHGA.jpg\",\"width\":600,\"height\":600},{\"@type\":\"BreadcrumbList\",\"@id\":\"https:\/\/kristall.ee\/en\/toode\/porcelain-mug-christmas-gang-dog-and-cat-350ml\/#breadcrumb\",\"itemListElement\":[{\"@type\":\"ListItem\",\"position\":1,\"name\":\"Home\",\"item\":\"https:\/\/kristall.ee\/en\/avaleht\/\"},{\"@type\":\"ListItem\",\"position\":2,\"name\":\"E-Shop\",\"item\":\"https:\/\/kristall.ee\/en\/shop\/\"},{\"@type\":\"ListItem\",\"position\":3,\"name\":\"Porcelain mug &#8211; Christmas Gang (dog and cat) 350ml.\"}]},{\"@type\":\"WebSite\",\"@id\":\"https:\/\/kristall.ee\/ru\/#website\",\"url\":\"https:\/\/kristall.ee\/ru\/\",\"name\":\"Karlev O\u00dc - Iga p\u00e4ev on t\u00e4htp\u00e4ev\",\"description\":\"Iga p\u00e4ev on t\u00e4htp\u00e4ev!\",\"publisher\":{\"@id\":\"https:\/\/kristall.ee\/ru\/#organization\"},\"potentialAction\":[{\"@type\":\"SearchAction\",\"target\":{\"@type\":\"EntryPoint\",\"urlTemplate\":\"https:\/\/kristall.ee\/ru\/?s={search_term_string}\"},\"query-input\":{\"@type\":\"PropertyValueSpecification\",\"valueRequired\":true,\"valueName\":\"search_term_string\"}}],\"inLanguage\":\"en-US\"},{\"@type\":\"Organization\",\"@id\":\"https:\/\/kristall.ee\/ru\/#organization\",\"name\":\"Karlev O\u00dc\",\"url\":\"https:\/\/kristall.ee\/ru\/\",\"logo\":{\"@type\":\"ImageObject\",\"inLanguage\":\"en-US\",\"@id\":\"https:\/\/kristall.ee\/ru\/#\/schema\/logo\/image\/\",\"url\":\"https:\/\/kristall.ee\/wp-content\/uploads\/2025\/01\/Karlev-anno2_LOGO-04.webp\",\"contentUrl\":\"https:\/\/kristall.ee\/wp-content\/uploads\/2025\/01\/Karlev-anno2_LOGO-04.webp\",\"width\":767,\"height\":337,\"caption\":\"Karlev O\u00dc\"},\"image\":{\"@id\":\"https:\/\/kristall.ee\/ru\/#\/schema\/logo\/image\/\"}}]}<\/script>\n<!-- \/ Yoast SEO plugin. -->","yoast_head_json":{"title":"Porcelain mug - Christmas Gang (dog and cat) 350ml. - Karlev O\u00dc","robots":{"index":"index","follow":"follow","max-snippet":"max-snippet:-1","max-image-preview":"max-image-preview:large","max-video-preview":"max-video-preview:-1"},"canonical":"https:\/\/kristall.ee\/en\/toode\/porcelain-mug-christmas-gang-dog-and-cat-350ml\/","og_locale":"en_US","og_type":"article","og_title":"Porcelain mug - Christmas Gang (dog and cat) 350ml. - Karlev O\u00dc","og_description":"Italy Porcelain Series: Christmas Gang Size of the mug: 350ml. The price is for one (1) mug in the metal gift box. The set depicts dogs and cats making trouble during Christmas. Match with other products from the Christmas Gang series.","og_url":"https:\/\/kristall.ee\/en\/toode\/porcelain-mug-christmas-gang-dog-and-cat-350ml\/","og_site_name":"Karlev O\u00dc","og_image":[{"width":600,"height":600,"url":"https:\/\/kristall.ee\/wp-content\/uploads\/2025\/11\/R0217CHGA.jpg","type":"image\/jpeg"}],"twitter_card":"summary_large_image","schema":{"@context":"https:\/\/schema.org","@graph":[{"@type":"WebPage","@id":"https:\/\/kristall.ee\/en\/toode\/porcelain-mug-christmas-gang-dog-and-cat-350ml\/","url":"https:\/\/kristall.ee\/en\/toode\/porcelain-mug-christmas-gang-dog-and-cat-350ml\/","name":"Porcelain mug - Christmas Gang (dog and cat) 350ml. - Karlev O\u00dc","isPartOf":{"@id":"https:\/\/kristall.ee\/ru\/#website"},"primaryImageOfPage":{"@id":"https:\/\/kristall.ee\/en\/toode\/porcelain-mug-christmas-gang-dog-and-cat-350ml\/#primaryimage"},"image":{"@id":"https:\/\/kristall.ee\/en\/toode\/porcelain-mug-christmas-gang-dog-and-cat-350ml\/#primaryimage"},"thumbnailUrl":"https:\/\/kristall.ee\/wp-content\/uploads\/2025\/11\/R0217CHGA.jpg","datePublished":"2025-11-10T10:50:12+00:00","breadcrumb":{"@id":"https:\/\/kristall.ee\/en\/toode\/porcelain-mug-christmas-gang-dog-and-cat-350ml\/#breadcrumb"},"inLanguage":"en-US","potentialAction":[{"@type":"ReadAction","target":["https:\/\/kristall.ee\/en\/toode\/porcelain-mug-christmas-gang-dog-and-cat-350ml\/"]}]},{"@type":"ImageObject","inLanguage":"en-US","@id":"https:\/\/kristall.ee\/en\/toode\/porcelain-mug-christmas-gang-dog-and-cat-350ml\/#primaryimage","url":"https:\/\/kristall.ee\/wp-content\/uploads\/2025\/11\/R0217CHGA.jpg","contentUrl":"https:\/\/kristall.ee\/wp-content\/uploads\/2025\/11\/R0217CHGA.jpg","width":600,"height":600},{"@type":"BreadcrumbList","@id":"https:\/\/kristall.ee\/en\/toode\/porcelain-mug-christmas-gang-dog-and-cat-350ml\/#breadcrumb","itemListElement":[{"@type":"ListItem","position":1,"name":"Home","item":"https:\/\/kristall.ee\/en\/avaleht\/"},{"@type":"ListItem","position":2,"name":"E-Shop","item":"https:\/\/kristall.ee\/en\/shop\/"},{"@type":"ListItem","position":3,"name":"Porcelain mug &#8211; Christmas Gang (dog and cat) 350ml."}]},{"@type":"WebSite","@id":"https:\/\/kristall.ee\/ru\/#website","url":"https:\/\/kristall.ee\/ru\/","name":"Karlev O\u00dc - Iga p\u00e4ev on t\u00e4htp\u00e4ev","description":"Iga p\u00e4ev on t\u00e4htp\u00e4ev!","publisher":{"@id":"https:\/\/kristall.ee\/ru\/#organization"},"potentialAction":[{"@type":"SearchAction","target":{"@type":"EntryPoint","urlTemplate":"https:\/\/kristall.ee\/ru\/?s={search_term_string}"},"query-input":{"@type":"PropertyValueSpecification","valueRequired":true,"valueName":"search_term_string"}}],"inLanguage":"en-US"},{"@type":"Organization","@id":"https:\/\/kristall.ee\/ru\/#organization","name":"Karlev O\u00dc","url":"https:\/\/kristall.ee\/ru\/","logo":{"@type":"ImageObject","inLanguage":"en-US","@id":"https:\/\/kristall.ee\/ru\/#\/schema\/logo\/image\/","url":"https:\/\/kristall.ee\/wp-content\/uploads\/2025\/01\/Karlev-anno2_LOGO-04.webp","contentUrl":"https:\/\/kristall.ee\/wp-content\/uploads\/2025\/01\/Karlev-anno2_LOGO-04.webp","width":767,"height":337,"caption":"Karlev O\u00dc"},"image":{"@id":"https:\/\/kristall.ee\/ru\/#\/schema\/logo\/image\/"}}]}},"_links":{"self":[{"href":"https:\/\/kristall.ee\/en\/wp-json\/wp\/v2\/product\/59160","targetHints":{"allow":["GET"]}}],"collection":[{"href":"https:\/\/kristall.ee\/en\/wp-json\/wp\/v2\/product"}],"about":[{"href":"https:\/\/kristall.ee\/en\/wp-json\/wp\/v2\/types\/product"}],"wp:featuredmedia":[{"embeddable":true,"href":"https:\/\/kristall.ee\/en\/wp-json\/wp\/v2\/media\/57980"}],"wp:attachment":[{"href":"https:\/\/kristall.ee\/en\/wp-json\/wp\/v2\/media?parent=59160"}],"wp:term":[{"taxonomy":"product_brand","embeddable":true,"href":"https:\/\/kristall.ee\/en\/wp-json\/wp\/v2\/product_brand?post=59160"},{"taxonomy":"product_cat","embeddable":true,"href":"https:\/\/kristall.ee\/en\/wp-json\/wp\/v2\/product_cat?post=59160"},{"taxonomy":"product_tag","embeddable":true,"href":"https:\/\/kristall.ee\/en\/wp-json\/wp\/v2\/product_tag?post=59160"}],"curies":[{"name":"wp","href":"https:\/\/api.w.org\/{rel}","templated":true}]}}