{"id":59095,"date":"2026-03-30T10:59:17","date_gmt":"2026-03-30T10:59:17","guid":{"rendered":"https:\/\/kristall.ee\/?post_type=product&#038;p=59095"},"modified":"2026-04-09T16:25:29","modified_gmt":"2026-04-09T16:25:29","slug":"kauss-janes-12cm","status":"publish","type":"product","link":"https:\/\/kristall.ee\/en\/toode\/kauss-janes-12cm\/","title":{"rendered":"Kauss &#8211; J\u00e4nes 12cm."},"content":{"rendered":"<p>Itaalia<\/p>\n<p>Portselan<\/p>\n<p>Kausi suurus: diam. 12cm.<br \/>\nSarja nimi: Tres Jolie<\/p>\n<p>Hind kehtib \u00fchele (1) kausile.<\/p>\n<p>Sobib suurep\u00e4raselt nii hommiku pudrukausiks, magustoidukausiks, kommi, p\u00e4hkli kausiks v\u00f5i miks mitte serveerida Eestimaa metsa- aiamarju, kirsstomateid, oliive jne. kodusel p\u00fchap\u00e4eva l\u00f5unapeol.\u00a0 Lisaks t\u00e4iesti ideaalse suurusega j\u00e4\u00e4tisekauss ;).<\/p>\n<p>Osta vaid see Tres Jolie sarja portselanist v\u00e4ike kauss v\u00f5i loo imeline kevad\/suvine komplekt koos teiste Tres Jolie, Happy Easter v\u00f5i Spring Bloom sarja toodetega. Loo koju kevadine \u00f5hkkond imeilusate kevadiste kvaliteetsete portselanist lauan\u00f5udega.<\/p>\n<p>Kaussi v\u00f5ib pesta ka n\u00f5udepesumasinas.<\/p>\n","protected":false},"excerpt":{"rendered":"<p>Itaalia Portselan Kausi suurus: diam. 12cm. Sarja nimi: Tres Jolie Hind kehtib \u00fchele (1) kausile. Sobib suurep\u00e4raselt nii hommiku pudrukausiks, magustoidukausiks, kommi, p\u00e4hkli kausiks v\u00f5i miks mitte serveerida Eestimaa metsa- aiamarju, kirsstomateid, oliive jne. kodusel p\u00fchap\u00e4eva l\u00f5unapeol.\u00a0 Lisaks t\u00e4iesti ideaalse suurusega j\u00e4\u00e4tisekauss ;). Osta vaid see Tres Jolie sarja portselanist v\u00e4ike kauss v\u00f5i loo imeline &#8230;<\/p>\n","protected":false},"featured_media":59099,"menu_order":0,"template":"","meta":{"_acf_changed":false},"product_brand":[],"product_cat":[5904,5940],"product_tag":[],"class_list":{"0":"post-59095","1":"product","2":"type-product","3":"status-publish","4":"has-post-thumbnail","6":"product_cat-lauanoud-kausid","7":"product_cat-lauanoud-magustoidukausid","8":"product_shipping_class-purunev","10":"first","11":"instock","12":"taxable","13":"shipping-taxable","14":"purchasable","15":"product-type-simple"},"acf":[],"yoast_head":"<!-- This site is optimized with the Yoast SEO plugin v26.6 - https:\/\/yoast.com\/wordpress\/plugins\/seo\/ -->\n<title>Kauss - J\u00e4nes 12cm. - Karlev O\u00dc<\/title>\n<meta name=\"robots\" content=\"index, follow, max-snippet:-1, max-image-preview:large, max-video-preview:-1\" \/>\n<link rel=\"canonical\" href=\"https:\/\/kristall.ee\/toode\/kauss-janes-12cm\/\" \/>\n<meta property=\"og:locale\" content=\"en_US\" \/>\n<meta property=\"og:type\" content=\"article\" \/>\n<meta property=\"og:title\" content=\"Kauss - J\u00e4nes 12cm. - Karlev O\u00dc\" \/>\n<meta property=\"og:description\" content=\"Itaalia Portselan Kausi suurus: diam. 12cm. Sarja nimi: Tres Jolie Hind kehtib \u00fchele (1) kausile. Sobib suurep\u00e4raselt nii hommiku pudrukausiks, magustoidukausiks, kommi, p\u00e4hkli kausiks v\u00f5i miks mitte serveerida Eestimaa metsa- aiamarju, kirsstomateid, oliive jne. kodusel p\u00fchap\u00e4eva l\u00f5unapeol.\u00a0 Lisaks t\u00e4iesti ideaalse suurusega j\u00e4\u00e4tisekauss ;). Osta vaid see Tres Jolie sarja portselanist v\u00e4ike kauss v\u00f5i loo imeline ...\" \/>\n<meta property=\"og:url\" content=\"https:\/\/kristall.ee\/toode\/kauss-janes-12cm\/\" \/>\n<meta property=\"og:site_name\" content=\"Karlev O\u00dc\" \/>\n<meta property=\"article:modified_time\" content=\"2026-04-09T16:25:29+00:00\" \/>\n<meta property=\"og:image\" content=\"https:\/\/kristall.ee\/wp-content\/uploads\/2026\/03\/R3363TJOL_1.jpg\" \/>\n\t<meta property=\"og:image:width\" content=\"600\" \/>\n\t<meta property=\"og:image:height\" content=\"600\" \/>\n\t<meta property=\"og:image:type\" content=\"image\/jpeg\" \/>\n<meta name=\"twitter:card\" content=\"summary_large_image\" \/>\n<meta name=\"twitter:label1\" content=\"Est. reading time\" \/>\n\t<meta name=\"twitter:data1\" content=\"1 minute\" \/>\n<script type=\"application\/ld+json\" class=\"yoast-schema-graph\">{\"@context\":\"https:\/\/schema.org\",\"@graph\":[{\"@type\":\"WebPage\",\"@id\":\"https:\/\/kristall.ee\/toode\/kauss-janes-12cm\/\",\"url\":\"https:\/\/kristall.ee\/toode\/kauss-janes-12cm\/\",\"name\":\"Kauss - J\u00e4nes 12cm. - Karlev O\u00dc\",\"isPartOf\":{\"@id\":\"https:\/\/kristall.ee\/ru\/#website\"},\"primaryImageOfPage\":{\"@id\":\"https:\/\/kristall.ee\/toode\/kauss-janes-12cm\/#primaryimage\"},\"image\":{\"@id\":\"https:\/\/kristall.ee\/toode\/kauss-janes-12cm\/#primaryimage\"},\"thumbnailUrl\":\"https:\/\/kristall.ee\/wp-content\/uploads\/2026\/03\/R3363TJOL_1.jpg\",\"datePublished\":\"2026-03-30T10:59:17+00:00\",\"dateModified\":\"2026-04-09T16:25:29+00:00\",\"breadcrumb\":{\"@id\":\"https:\/\/kristall.ee\/toode\/kauss-janes-12cm\/#breadcrumb\"},\"inLanguage\":\"en-US\",\"potentialAction\":[{\"@type\":\"ReadAction\",\"target\":[\"https:\/\/kristall.ee\/toode\/kauss-janes-12cm\/\"]}]},{\"@type\":\"ImageObject\",\"inLanguage\":\"en-US\",\"@id\":\"https:\/\/kristall.ee\/toode\/kauss-janes-12cm\/#primaryimage\",\"url\":\"https:\/\/kristall.ee\/wp-content\/uploads\/2026\/03\/R3363TJOL_1.jpg\",\"contentUrl\":\"https:\/\/kristall.ee\/wp-content\/uploads\/2026\/03\/R3363TJOL_1.jpg\",\"width\":600,\"height\":600},{\"@type\":\"BreadcrumbList\",\"@id\":\"https:\/\/kristall.ee\/toode\/kauss-janes-12cm\/#breadcrumb\",\"itemListElement\":[{\"@type\":\"ListItem\",\"position\":1,\"name\":\"Home\",\"item\":\"https:\/\/kristall.ee\/en\/avaleht\/\"},{\"@type\":\"ListItem\",\"position\":2,\"name\":\"E-Shop\",\"item\":\"https:\/\/kristall.ee\/en\/shop\/\"},{\"@type\":\"ListItem\",\"position\":3,\"name\":\"Kauss &#8211; J\u00e4nes 12cm.\"}]},{\"@type\":\"WebSite\",\"@id\":\"https:\/\/kristall.ee\/ru\/#website\",\"url\":\"https:\/\/kristall.ee\/ru\/\",\"name\":\"Karlev O\u00dc - Iga p\u00e4ev on t\u00e4htp\u00e4ev\",\"description\":\"Iga p\u00e4ev on t\u00e4htp\u00e4ev!\",\"publisher\":{\"@id\":\"https:\/\/kristall.ee\/ru\/#organization\"},\"potentialAction\":[{\"@type\":\"SearchAction\",\"target\":{\"@type\":\"EntryPoint\",\"urlTemplate\":\"https:\/\/kristall.ee\/ru\/?s={search_term_string}\"},\"query-input\":{\"@type\":\"PropertyValueSpecification\",\"valueRequired\":true,\"valueName\":\"search_term_string\"}}],\"inLanguage\":\"en-US\"},{\"@type\":\"Organization\",\"@id\":\"https:\/\/kristall.ee\/ru\/#organization\",\"name\":\"Karlev O\u00dc\",\"url\":\"https:\/\/kristall.ee\/ru\/\",\"logo\":{\"@type\":\"ImageObject\",\"inLanguage\":\"en-US\",\"@id\":\"https:\/\/kristall.ee\/ru\/#\/schema\/logo\/image\/\",\"url\":\"https:\/\/kristall.ee\/wp-content\/uploads\/2025\/01\/Karlev-anno2_LOGO-04.webp\",\"contentUrl\":\"https:\/\/kristall.ee\/wp-content\/uploads\/2025\/01\/Karlev-anno2_LOGO-04.webp\",\"width\":767,\"height\":337,\"caption\":\"Karlev O\u00dc\"},\"image\":{\"@id\":\"https:\/\/kristall.ee\/ru\/#\/schema\/logo\/image\/\"}}]}<\/script>\n<!-- \/ Yoast SEO plugin. -->","yoast_head_json":{"title":"Kauss - J\u00e4nes 12cm. - Karlev O\u00dc","robots":{"index":"index","follow":"follow","max-snippet":"max-snippet:-1","max-image-preview":"max-image-preview:large","max-video-preview":"max-video-preview:-1"},"canonical":"https:\/\/kristall.ee\/toode\/kauss-janes-12cm\/","og_locale":"en_US","og_type":"article","og_title":"Kauss - J\u00e4nes 12cm. - Karlev O\u00dc","og_description":"Itaalia Portselan Kausi suurus: diam. 12cm. Sarja nimi: Tres Jolie Hind kehtib \u00fchele (1) kausile. Sobib suurep\u00e4raselt nii hommiku pudrukausiks, magustoidukausiks, kommi, p\u00e4hkli kausiks v\u00f5i miks mitte serveerida Eestimaa metsa- aiamarju, kirsstomateid, oliive jne. kodusel p\u00fchap\u00e4eva l\u00f5unapeol.\u00a0 Lisaks t\u00e4iesti ideaalse suurusega j\u00e4\u00e4tisekauss ;). Osta vaid see Tres Jolie sarja portselanist v\u00e4ike kauss v\u00f5i loo imeline ...","og_url":"https:\/\/kristall.ee\/toode\/kauss-janes-12cm\/","og_site_name":"Karlev O\u00dc","article_modified_time":"2026-04-09T16:25:29+00:00","og_image":[{"width":600,"height":600,"url":"https:\/\/kristall.ee\/wp-content\/uploads\/2026\/03\/R3363TJOL_1.jpg","type":"image\/jpeg"}],"twitter_card":"summary_large_image","twitter_misc":{"Est. reading time":"1 minute"},"schema":{"@context":"https:\/\/schema.org","@graph":[{"@type":"WebPage","@id":"https:\/\/kristall.ee\/toode\/kauss-janes-12cm\/","url":"https:\/\/kristall.ee\/toode\/kauss-janes-12cm\/","name":"Kauss - J\u00e4nes 12cm. - Karlev O\u00dc","isPartOf":{"@id":"https:\/\/kristall.ee\/ru\/#website"},"primaryImageOfPage":{"@id":"https:\/\/kristall.ee\/toode\/kauss-janes-12cm\/#primaryimage"},"image":{"@id":"https:\/\/kristall.ee\/toode\/kauss-janes-12cm\/#primaryimage"},"thumbnailUrl":"https:\/\/kristall.ee\/wp-content\/uploads\/2026\/03\/R3363TJOL_1.jpg","datePublished":"2026-03-30T10:59:17+00:00","dateModified":"2026-04-09T16:25:29+00:00","breadcrumb":{"@id":"https:\/\/kristall.ee\/toode\/kauss-janes-12cm\/#breadcrumb"},"inLanguage":"en-US","potentialAction":[{"@type":"ReadAction","target":["https:\/\/kristall.ee\/toode\/kauss-janes-12cm\/"]}]},{"@type":"ImageObject","inLanguage":"en-US","@id":"https:\/\/kristall.ee\/toode\/kauss-janes-12cm\/#primaryimage","url":"https:\/\/kristall.ee\/wp-content\/uploads\/2026\/03\/R3363TJOL_1.jpg","contentUrl":"https:\/\/kristall.ee\/wp-content\/uploads\/2026\/03\/R3363TJOL_1.jpg","width":600,"height":600},{"@type":"BreadcrumbList","@id":"https:\/\/kristall.ee\/toode\/kauss-janes-12cm\/#breadcrumb","itemListElement":[{"@type":"ListItem","position":1,"name":"Home","item":"https:\/\/kristall.ee\/en\/avaleht\/"},{"@type":"ListItem","position":2,"name":"E-Shop","item":"https:\/\/kristall.ee\/en\/shop\/"},{"@type":"ListItem","position":3,"name":"Kauss &#8211; J\u00e4nes 12cm."}]},{"@type":"WebSite","@id":"https:\/\/kristall.ee\/ru\/#website","url":"https:\/\/kristall.ee\/ru\/","name":"Karlev O\u00dc - Iga p\u00e4ev on t\u00e4htp\u00e4ev","description":"Iga p\u00e4ev on t\u00e4htp\u00e4ev!","publisher":{"@id":"https:\/\/kristall.ee\/ru\/#organization"},"potentialAction":[{"@type":"SearchAction","target":{"@type":"EntryPoint","urlTemplate":"https:\/\/kristall.ee\/ru\/?s={search_term_string}"},"query-input":{"@type":"PropertyValueSpecification","valueRequired":true,"valueName":"search_term_string"}}],"inLanguage":"en-US"},{"@type":"Organization","@id":"https:\/\/kristall.ee\/ru\/#organization","name":"Karlev O\u00dc","url":"https:\/\/kristall.ee\/ru\/","logo":{"@type":"ImageObject","inLanguage":"en-US","@id":"https:\/\/kristall.ee\/ru\/#\/schema\/logo\/image\/","url":"https:\/\/kristall.ee\/wp-content\/uploads\/2025\/01\/Karlev-anno2_LOGO-04.webp","contentUrl":"https:\/\/kristall.ee\/wp-content\/uploads\/2025\/01\/Karlev-anno2_LOGO-04.webp","width":767,"height":337,"caption":"Karlev O\u00dc"},"image":{"@id":"https:\/\/kristall.ee\/ru\/#\/schema\/logo\/image\/"}}]}},"_links":{"self":[{"href":"https:\/\/kristall.ee\/en\/wp-json\/wp\/v2\/product\/59095","targetHints":{"allow":["GET"]}}],"collection":[{"href":"https:\/\/kristall.ee\/en\/wp-json\/wp\/v2\/product"}],"about":[{"href":"https:\/\/kristall.ee\/en\/wp-json\/wp\/v2\/types\/product"}],"wp:featuredmedia":[{"embeddable":true,"href":"https:\/\/kristall.ee\/en\/wp-json\/wp\/v2\/media\/59099"}],"wp:attachment":[{"href":"https:\/\/kristall.ee\/en\/wp-json\/wp\/v2\/media?parent=59095"}],"wp:term":[{"taxonomy":"product_brand","embeddable":true,"href":"https:\/\/kristall.ee\/en\/wp-json\/wp\/v2\/product_brand?post=59095"},{"taxonomy":"product_cat","embeddable":true,"href":"https:\/\/kristall.ee\/en\/wp-json\/wp\/v2\/product_cat?post=59095"},{"taxonomy":"product_tag","embeddable":true,"href":"https:\/\/kristall.ee\/en\/wp-json\/wp\/v2\/product_tag?post=59095"}],"curies":[{"name":"wp","href":"https:\/\/api.w.org\/{rel}","templated":true}]}}