{"id":58952,"date":"2026-03-09T11:29:11","date_gmt":"2026-03-09T11:29:11","guid":{"rendered":"https:\/\/kristall.ee\/?post_type=product&#038;p=58952"},"modified":"2026-04-09T15:25:03","modified_gmt":"2026-04-09T15:25:03","slug":"magustoidukausid-blomme-3tk","status":"publish","type":"product","link":"https:\/\/kristall.ee\/en\/toode\/magustoidukausid-blomme-3tk\/","title":{"rendered":"Magustoidukausid &#8211; Blomme (3tk.)"},"content":{"rendered":"<p>T\u0161ehhi<\/p>\n<p>Crystalex<\/p>\n<p>Bohemia klaas<\/p>\n<p>Magustoidukausi suurus: 220ml.<br \/>\nSarja nimi: Blomme<\/p>\n<p>1 kompl.= 3 magustoidukaussi<\/p>\n<p>Hind kehtib \u00fchele (1) komplektile.<\/p>\n<p>V\u00f5ib pesta ka n\u00f5udepesumasinas.<\/p>\n<p>Bohemia kaubam\u00e4rgi k\u00f5rgekvaliteediga v\u00e4iksel jalal magustoidukausid sobivad suurep\u00e4raselt nii j\u00e4\u00e4tise, jogurti, tiramisu kui kihilise magustoidu, moosi v\u00f5i kommide, p\u00e4hklite serveerimiseks, kasuta oma fantasiat.<\/p>\n<p>Blomme magustoidukausid on pakitud 3 tk. \u00fchte kinkekarpi, kuna teatavasti kingitakse lilli paaritu arvuna.<\/p>\n<p>Osta vaid Blomme magustoidu kausid v\u00f5i loo komplekt koos Blomme kokteiliklaaside v\u00f5i teiste Optic sarja klaasidega.<\/p>\n","protected":false},"excerpt":{"rendered":"<p>T\u0161ehhi Crystalex Bohemia klaas Magustoidukausi suurus: 220ml. Sarja nimi: Blomme 1 kompl.= 3 magustoidukaussi Hind kehtib \u00fchele (1) komplektile. V\u00f5ib pesta ka n\u00f5udepesumasinas. Bohemia kaubam\u00e4rgi k\u00f5rgekvaliteediga v\u00e4iksel jalal magustoidukausid sobivad suurep\u00e4raselt nii j\u00e4\u00e4tise, jogurti, tiramisu kui kihilise magustoidu, moosi v\u00f5i kommide, p\u00e4hklite serveerimiseks, kasuta oma fantasiat. Blomme magustoidukausid on pakitud 3 tk. \u00fchte kinkekarpi, kuna &#8230;<\/p>\n","protected":false},"featured_media":58953,"menu_order":0,"template":"","meta":{"_acf_changed":false},"product_brand":[],"product_cat":[5940],"product_tag":[],"class_list":{"0":"post-58952","1":"product","2":"type-product","3":"status-publish","4":"has-post-thumbnail","6":"product_cat-lauanoud-magustoidukausid","7":"product_shipping_class-purunev","9":"first","10":"instock","11":"taxable","12":"shipping-taxable","13":"purchasable","14":"product-type-simple"},"acf":[],"yoast_head":"<!-- This site is optimized with the Yoast SEO plugin v26.6 - https:\/\/yoast.com\/wordpress\/plugins\/seo\/ -->\n<title>Magustoidukausid - Blomme (3tk.) - Karlev O\u00dc<\/title>\n<meta name=\"robots\" content=\"index, follow, max-snippet:-1, max-image-preview:large, max-video-preview:-1\" \/>\n<link rel=\"canonical\" href=\"https:\/\/kristall.ee\/toode\/magustoidukausid-blomme-3tk\/\" \/>\n<meta property=\"og:locale\" content=\"en_US\" \/>\n<meta property=\"og:type\" content=\"article\" \/>\n<meta property=\"og:title\" content=\"Magustoidukausid - Blomme (3tk.) - Karlev O\u00dc\" \/>\n<meta property=\"og:description\" content=\"T\u0161ehhi Crystalex Bohemia klaas Magustoidukausi suurus: 220ml. Sarja nimi: Blomme 1 kompl.= 3 magustoidukaussi Hind kehtib \u00fchele (1) komplektile. V\u00f5ib pesta ka n\u00f5udepesumasinas. Bohemia kaubam\u00e4rgi k\u00f5rgekvaliteediga v\u00e4iksel jalal magustoidukausid sobivad suurep\u00e4raselt nii j\u00e4\u00e4tise, jogurti, tiramisu kui kihilise magustoidu, moosi v\u00f5i kommide, p\u00e4hklite serveerimiseks, kasuta oma fantasiat. Blomme magustoidukausid on pakitud 3 tk. \u00fchte kinkekarpi, kuna ...\" \/>\n<meta property=\"og:url\" content=\"https:\/\/kristall.ee\/toode\/magustoidukausid-blomme-3tk\/\" \/>\n<meta property=\"og:site_name\" content=\"Karlev O\u00dc\" \/>\n<meta property=\"article:modified_time\" content=\"2026-04-09T15:25:03+00:00\" \/>\n<meta property=\"og:image\" content=\"https:\/\/kristall.ee\/wp-content\/uploads\/2026\/03\/40998220.jpg\" \/>\n\t<meta property=\"og:image:width\" content=\"600\" \/>\n\t<meta property=\"og:image:height\" content=\"600\" \/>\n\t<meta property=\"og:image:type\" content=\"image\/jpeg\" \/>\n<meta name=\"twitter:card\" content=\"summary_large_image\" \/>\n<meta name=\"twitter:label1\" content=\"Est. reading time\" \/>\n\t<meta name=\"twitter:data1\" content=\"1 minute\" \/>\n<script type=\"application\/ld+json\" class=\"yoast-schema-graph\">{\"@context\":\"https:\/\/schema.org\",\"@graph\":[{\"@type\":\"WebPage\",\"@id\":\"https:\/\/kristall.ee\/toode\/magustoidukausid-blomme-3tk\/\",\"url\":\"https:\/\/kristall.ee\/toode\/magustoidukausid-blomme-3tk\/\",\"name\":\"Magustoidukausid - Blomme (3tk.) - Karlev O\u00dc\",\"isPartOf\":{\"@id\":\"https:\/\/kristall.ee\/ru\/#website\"},\"primaryImageOfPage\":{\"@id\":\"https:\/\/kristall.ee\/toode\/magustoidukausid-blomme-3tk\/#primaryimage\"},\"image\":{\"@id\":\"https:\/\/kristall.ee\/toode\/magustoidukausid-blomme-3tk\/#primaryimage\"},\"thumbnailUrl\":\"https:\/\/kristall.ee\/wp-content\/uploads\/2026\/03\/40998220.jpg\",\"datePublished\":\"2026-03-09T11:29:11+00:00\",\"dateModified\":\"2026-04-09T15:25:03+00:00\",\"breadcrumb\":{\"@id\":\"https:\/\/kristall.ee\/toode\/magustoidukausid-blomme-3tk\/#breadcrumb\"},\"inLanguage\":\"en-US\",\"potentialAction\":[{\"@type\":\"ReadAction\",\"target\":[\"https:\/\/kristall.ee\/toode\/magustoidukausid-blomme-3tk\/\"]}]},{\"@type\":\"ImageObject\",\"inLanguage\":\"en-US\",\"@id\":\"https:\/\/kristall.ee\/toode\/magustoidukausid-blomme-3tk\/#primaryimage\",\"url\":\"https:\/\/kristall.ee\/wp-content\/uploads\/2026\/03\/40998220.jpg\",\"contentUrl\":\"https:\/\/kristall.ee\/wp-content\/uploads\/2026\/03\/40998220.jpg\",\"width\":600,\"height\":600},{\"@type\":\"BreadcrumbList\",\"@id\":\"https:\/\/kristall.ee\/toode\/magustoidukausid-blomme-3tk\/#breadcrumb\",\"itemListElement\":[{\"@type\":\"ListItem\",\"position\":1,\"name\":\"Home\",\"item\":\"https:\/\/kristall.ee\/en\/avaleht\/\"},{\"@type\":\"ListItem\",\"position\":2,\"name\":\"E-Shop\",\"item\":\"https:\/\/kristall.ee\/en\/shop\/\"},{\"@type\":\"ListItem\",\"position\":3,\"name\":\"Magustoidukausid &#8211; Blomme (3tk.)\"}]},{\"@type\":\"WebSite\",\"@id\":\"https:\/\/kristall.ee\/ru\/#website\",\"url\":\"https:\/\/kristall.ee\/ru\/\",\"name\":\"Karlev O\u00dc - Iga p\u00e4ev on t\u00e4htp\u00e4ev\",\"description\":\"Iga p\u00e4ev on t\u00e4htp\u00e4ev!\",\"publisher\":{\"@id\":\"https:\/\/kristall.ee\/ru\/#organization\"},\"potentialAction\":[{\"@type\":\"SearchAction\",\"target\":{\"@type\":\"EntryPoint\",\"urlTemplate\":\"https:\/\/kristall.ee\/ru\/?s={search_term_string}\"},\"query-input\":{\"@type\":\"PropertyValueSpecification\",\"valueRequired\":true,\"valueName\":\"search_term_string\"}}],\"inLanguage\":\"en-US\"},{\"@type\":\"Organization\",\"@id\":\"https:\/\/kristall.ee\/ru\/#organization\",\"name\":\"Karlev O\u00dc\",\"url\":\"https:\/\/kristall.ee\/ru\/\",\"logo\":{\"@type\":\"ImageObject\",\"inLanguage\":\"en-US\",\"@id\":\"https:\/\/kristall.ee\/ru\/#\/schema\/logo\/image\/\",\"url\":\"https:\/\/kristall.ee\/wp-content\/uploads\/2025\/01\/Karlev-anno2_LOGO-04.webp\",\"contentUrl\":\"https:\/\/kristall.ee\/wp-content\/uploads\/2025\/01\/Karlev-anno2_LOGO-04.webp\",\"width\":767,\"height\":337,\"caption\":\"Karlev O\u00dc\"},\"image\":{\"@id\":\"https:\/\/kristall.ee\/ru\/#\/schema\/logo\/image\/\"}}]}<\/script>\n<!-- \/ Yoast SEO plugin. -->","yoast_head_json":{"title":"Magustoidukausid - Blomme (3tk.) - Karlev O\u00dc","robots":{"index":"index","follow":"follow","max-snippet":"max-snippet:-1","max-image-preview":"max-image-preview:large","max-video-preview":"max-video-preview:-1"},"canonical":"https:\/\/kristall.ee\/toode\/magustoidukausid-blomme-3tk\/","og_locale":"en_US","og_type":"article","og_title":"Magustoidukausid - Blomme (3tk.) - Karlev O\u00dc","og_description":"T\u0161ehhi Crystalex Bohemia klaas Magustoidukausi suurus: 220ml. Sarja nimi: Blomme 1 kompl.= 3 magustoidukaussi Hind kehtib \u00fchele (1) komplektile. V\u00f5ib pesta ka n\u00f5udepesumasinas. Bohemia kaubam\u00e4rgi k\u00f5rgekvaliteediga v\u00e4iksel jalal magustoidukausid sobivad suurep\u00e4raselt nii j\u00e4\u00e4tise, jogurti, tiramisu kui kihilise magustoidu, moosi v\u00f5i kommide, p\u00e4hklite serveerimiseks, kasuta oma fantasiat. Blomme magustoidukausid on pakitud 3 tk. \u00fchte kinkekarpi, kuna ...","og_url":"https:\/\/kristall.ee\/toode\/magustoidukausid-blomme-3tk\/","og_site_name":"Karlev O\u00dc","article_modified_time":"2026-04-09T15:25:03+00:00","og_image":[{"width":600,"height":600,"url":"https:\/\/kristall.ee\/wp-content\/uploads\/2026\/03\/40998220.jpg","type":"image\/jpeg"}],"twitter_card":"summary_large_image","twitter_misc":{"Est. reading time":"1 minute"},"schema":{"@context":"https:\/\/schema.org","@graph":[{"@type":"WebPage","@id":"https:\/\/kristall.ee\/toode\/magustoidukausid-blomme-3tk\/","url":"https:\/\/kristall.ee\/toode\/magustoidukausid-blomme-3tk\/","name":"Magustoidukausid - Blomme (3tk.) - Karlev O\u00dc","isPartOf":{"@id":"https:\/\/kristall.ee\/ru\/#website"},"primaryImageOfPage":{"@id":"https:\/\/kristall.ee\/toode\/magustoidukausid-blomme-3tk\/#primaryimage"},"image":{"@id":"https:\/\/kristall.ee\/toode\/magustoidukausid-blomme-3tk\/#primaryimage"},"thumbnailUrl":"https:\/\/kristall.ee\/wp-content\/uploads\/2026\/03\/40998220.jpg","datePublished":"2026-03-09T11:29:11+00:00","dateModified":"2026-04-09T15:25:03+00:00","breadcrumb":{"@id":"https:\/\/kristall.ee\/toode\/magustoidukausid-blomme-3tk\/#breadcrumb"},"inLanguage":"en-US","potentialAction":[{"@type":"ReadAction","target":["https:\/\/kristall.ee\/toode\/magustoidukausid-blomme-3tk\/"]}]},{"@type":"ImageObject","inLanguage":"en-US","@id":"https:\/\/kristall.ee\/toode\/magustoidukausid-blomme-3tk\/#primaryimage","url":"https:\/\/kristall.ee\/wp-content\/uploads\/2026\/03\/40998220.jpg","contentUrl":"https:\/\/kristall.ee\/wp-content\/uploads\/2026\/03\/40998220.jpg","width":600,"height":600},{"@type":"BreadcrumbList","@id":"https:\/\/kristall.ee\/toode\/magustoidukausid-blomme-3tk\/#breadcrumb","itemListElement":[{"@type":"ListItem","position":1,"name":"Home","item":"https:\/\/kristall.ee\/en\/avaleht\/"},{"@type":"ListItem","position":2,"name":"E-Shop","item":"https:\/\/kristall.ee\/en\/shop\/"},{"@type":"ListItem","position":3,"name":"Magustoidukausid &#8211; Blomme (3tk.)"}]},{"@type":"WebSite","@id":"https:\/\/kristall.ee\/ru\/#website","url":"https:\/\/kristall.ee\/ru\/","name":"Karlev O\u00dc - Iga p\u00e4ev on t\u00e4htp\u00e4ev","description":"Iga p\u00e4ev on t\u00e4htp\u00e4ev!","publisher":{"@id":"https:\/\/kristall.ee\/ru\/#organization"},"potentialAction":[{"@type":"SearchAction","target":{"@type":"EntryPoint","urlTemplate":"https:\/\/kristall.ee\/ru\/?s={search_term_string}"},"query-input":{"@type":"PropertyValueSpecification","valueRequired":true,"valueName":"search_term_string"}}],"inLanguage":"en-US"},{"@type":"Organization","@id":"https:\/\/kristall.ee\/ru\/#organization","name":"Karlev O\u00dc","url":"https:\/\/kristall.ee\/ru\/","logo":{"@type":"ImageObject","inLanguage":"en-US","@id":"https:\/\/kristall.ee\/ru\/#\/schema\/logo\/image\/","url":"https:\/\/kristall.ee\/wp-content\/uploads\/2025\/01\/Karlev-anno2_LOGO-04.webp","contentUrl":"https:\/\/kristall.ee\/wp-content\/uploads\/2025\/01\/Karlev-anno2_LOGO-04.webp","width":767,"height":337,"caption":"Karlev O\u00dc"},"image":{"@id":"https:\/\/kristall.ee\/ru\/#\/schema\/logo\/image\/"}}]}},"_links":{"self":[{"href":"https:\/\/kristall.ee\/en\/wp-json\/wp\/v2\/product\/58952","targetHints":{"allow":["GET"]}}],"collection":[{"href":"https:\/\/kristall.ee\/en\/wp-json\/wp\/v2\/product"}],"about":[{"href":"https:\/\/kristall.ee\/en\/wp-json\/wp\/v2\/types\/product"}],"wp:featuredmedia":[{"embeddable":true,"href":"https:\/\/kristall.ee\/en\/wp-json\/wp\/v2\/media\/58953"}],"wp:attachment":[{"href":"https:\/\/kristall.ee\/en\/wp-json\/wp\/v2\/media?parent=58952"}],"wp:term":[{"taxonomy":"product_brand","embeddable":true,"href":"https:\/\/kristall.ee\/en\/wp-json\/wp\/v2\/product_brand?post=58952"},{"taxonomy":"product_cat","embeddable":true,"href":"https:\/\/kristall.ee\/en\/wp-json\/wp\/v2\/product_cat?post=58952"},{"taxonomy":"product_tag","embeddable":true,"href":"https:\/\/kristall.ee\/en\/wp-json\/wp\/v2\/product_tag?post=58952"}],"curies":[{"name":"wp","href":"https:\/\/api.w.org\/{rel}","templated":true}]}}