{"id":58902,"date":"2026-03-03T09:01:32","date_gmt":"2026-03-03T09:01:32","guid":{"rendered":"https:\/\/kristall.ee\/?post_type=product&#038;p=58902"},"modified":"2026-04-09T15:50:27","modified_gmt":"2026-04-09T15:50:27","slug":"portselanist-kruus-english-roses-must-480ml","status":"publish","type":"product","link":"https:\/\/kristall.ee\/en\/toode\/portselanist-kruus-english-roses-must-480ml\/","title":{"rendered":"Portselanist kruus &#8211; English Roses (must) 480ml."},"content":{"rendered":"<p>EU<\/p>\n<p>Portselan<\/p>\n<p>Pilt on kruusi m\u00f5lemal k\u00fcljel ja kruusi sees on \u00fchel k\u00fcljel roosi motiiv.<\/p>\n<p>Kruusi suurus: 480ml.<\/p>\n<p>Hind kehtib \u00fchele (1) kruusile kinkepakendis.<\/p>\n<p>Mugava suure sangaga kruus. Osta vaid see English Roses kruus v\u00f5i loo komplekt teiste sama sarja toodetega.<\/p>\n","protected":false},"excerpt":{"rendered":"<p>EU Portselan Pilt on kruusi m\u00f5lemal k\u00fcljel ja kruusi sees on \u00fchel k\u00fcljel roosi motiiv. Kruusi suurus: 480ml. Hind kehtib \u00fchele (1) kruusile kinkepakendis. Mugava suure sangaga kruus. Osta vaid see English Roses kruus v\u00f5i loo komplekt teiste sama sarja toodetega.<\/p>\n","protected":false},"featured_media":58903,"menu_order":0,"template":"","meta":{"_acf_changed":false},"product_brand":[],"product_cat":[5928],"product_tag":[],"class_list":{"0":"post-58902","1":"product","2":"type-product","3":"status-publish","4":"has-post-thumbnail","6":"product_cat-lauanoud-portselan-kruusid","7":"product_shipping_class-purunev","9":"first","10":"instock","11":"taxable","12":"shipping-taxable","13":"purchasable","14":"product-type-simple"},"acf":[],"yoast_head":"<!-- This site is optimized with the Yoast SEO plugin v26.6 - https:\/\/yoast.com\/wordpress\/plugins\/seo\/ -->\n<title>Portselanist kruus - English Roses (must) 480ml. - Karlev O\u00dc<\/title>\n<meta name=\"robots\" content=\"index, follow, max-snippet:-1, max-image-preview:large, max-video-preview:-1\" \/>\n<link rel=\"canonical\" href=\"https:\/\/kristall.ee\/toode\/portselanist-kruus-english-roses-must-480ml\/\" \/>\n<meta property=\"og:locale\" content=\"en_US\" \/>\n<meta property=\"og:type\" content=\"article\" \/>\n<meta property=\"og:title\" content=\"Portselanist kruus - English Roses (must) 480ml. - Karlev O\u00dc\" \/>\n<meta property=\"og:description\" content=\"EU Portselan Pilt on kruusi m\u00f5lemal k\u00fcljel ja kruusi sees on \u00fchel k\u00fcljel roosi motiiv. Kruusi suurus: 480ml. Hind kehtib \u00fchele (1) kruusile kinkepakendis. Mugava suure sangaga kruus. Osta vaid see English Roses kruus v\u00f5i loo komplekt teiste sama sarja toodetega.\" \/>\n<meta property=\"og:url\" content=\"https:\/\/kristall.ee\/toode\/portselanist-kruus-english-roses-must-480ml\/\" \/>\n<meta property=\"og:site_name\" content=\"Karlev O\u00dc\" \/>\n<meta property=\"article:modified_time\" content=\"2026-04-09T15:50:27+00:00\" \/>\n<meta property=\"og:image\" content=\"https:\/\/kristall.ee\/wp-content\/uploads\/2026\/03\/D949510.jpg\" \/>\n\t<meta property=\"og:image:width\" content=\"600\" \/>\n\t<meta property=\"og:image:height\" content=\"600\" \/>\n\t<meta property=\"og:image:type\" content=\"image\/jpeg\" \/>\n<meta name=\"twitter:card\" content=\"summary_large_image\" \/>\n<meta name=\"twitter:label1\" content=\"Est. reading time\" \/>\n\t<meta name=\"twitter:data1\" content=\"1 minute\" \/>\n<script type=\"application\/ld+json\" class=\"yoast-schema-graph\">{\"@context\":\"https:\/\/schema.org\",\"@graph\":[{\"@type\":\"WebPage\",\"@id\":\"https:\/\/kristall.ee\/toode\/portselanist-kruus-english-roses-must-480ml\/\",\"url\":\"https:\/\/kristall.ee\/toode\/portselanist-kruus-english-roses-must-480ml\/\",\"name\":\"Portselanist kruus - English Roses (must) 480ml. - Karlev O\u00dc\",\"isPartOf\":{\"@id\":\"https:\/\/kristall.ee\/ru\/#website\"},\"primaryImageOfPage\":{\"@id\":\"https:\/\/kristall.ee\/toode\/portselanist-kruus-english-roses-must-480ml\/#primaryimage\"},\"image\":{\"@id\":\"https:\/\/kristall.ee\/toode\/portselanist-kruus-english-roses-must-480ml\/#primaryimage\"},\"thumbnailUrl\":\"https:\/\/kristall.ee\/wp-content\/uploads\/2026\/03\/D949510.jpg\",\"datePublished\":\"2026-03-03T09:01:32+00:00\",\"dateModified\":\"2026-04-09T15:50:27+00:00\",\"breadcrumb\":{\"@id\":\"https:\/\/kristall.ee\/toode\/portselanist-kruus-english-roses-must-480ml\/#breadcrumb\"},\"inLanguage\":\"en-US\",\"potentialAction\":[{\"@type\":\"ReadAction\",\"target\":[\"https:\/\/kristall.ee\/toode\/portselanist-kruus-english-roses-must-480ml\/\"]}]},{\"@type\":\"ImageObject\",\"inLanguage\":\"en-US\",\"@id\":\"https:\/\/kristall.ee\/toode\/portselanist-kruus-english-roses-must-480ml\/#primaryimage\",\"url\":\"https:\/\/kristall.ee\/wp-content\/uploads\/2026\/03\/D949510.jpg\",\"contentUrl\":\"https:\/\/kristall.ee\/wp-content\/uploads\/2026\/03\/D949510.jpg\",\"width\":600,\"height\":600},{\"@type\":\"BreadcrumbList\",\"@id\":\"https:\/\/kristall.ee\/toode\/portselanist-kruus-english-roses-must-480ml\/#breadcrumb\",\"itemListElement\":[{\"@type\":\"ListItem\",\"position\":1,\"name\":\"Home\",\"item\":\"https:\/\/kristall.ee\/en\/avaleht\/\"},{\"@type\":\"ListItem\",\"position\":2,\"name\":\"E-Shop\",\"item\":\"https:\/\/kristall.ee\/en\/shop\/\"},{\"@type\":\"ListItem\",\"position\":3,\"name\":\"Portselanist kruus &#8211; English Roses (must) 480ml.\"}]},{\"@type\":\"WebSite\",\"@id\":\"https:\/\/kristall.ee\/ru\/#website\",\"url\":\"https:\/\/kristall.ee\/ru\/\",\"name\":\"Karlev O\u00dc - Iga p\u00e4ev on t\u00e4htp\u00e4ev\",\"description\":\"Iga p\u00e4ev on t\u00e4htp\u00e4ev!\",\"publisher\":{\"@id\":\"https:\/\/kristall.ee\/ru\/#organization\"},\"potentialAction\":[{\"@type\":\"SearchAction\",\"target\":{\"@type\":\"EntryPoint\",\"urlTemplate\":\"https:\/\/kristall.ee\/ru\/?s={search_term_string}\"},\"query-input\":{\"@type\":\"PropertyValueSpecification\",\"valueRequired\":true,\"valueName\":\"search_term_string\"}}],\"inLanguage\":\"en-US\"},{\"@type\":\"Organization\",\"@id\":\"https:\/\/kristall.ee\/ru\/#organization\",\"name\":\"Karlev O\u00dc\",\"url\":\"https:\/\/kristall.ee\/ru\/\",\"logo\":{\"@type\":\"ImageObject\",\"inLanguage\":\"en-US\",\"@id\":\"https:\/\/kristall.ee\/ru\/#\/schema\/logo\/image\/\",\"url\":\"https:\/\/kristall.ee\/wp-content\/uploads\/2025\/01\/Karlev-anno2_LOGO-04.webp\",\"contentUrl\":\"https:\/\/kristall.ee\/wp-content\/uploads\/2025\/01\/Karlev-anno2_LOGO-04.webp\",\"width\":767,\"height\":337,\"caption\":\"Karlev O\u00dc\"},\"image\":{\"@id\":\"https:\/\/kristall.ee\/ru\/#\/schema\/logo\/image\/\"}}]}<\/script>\n<!-- \/ Yoast SEO plugin. -->","yoast_head_json":{"title":"Portselanist kruus - English Roses (must) 480ml. - Karlev O\u00dc","robots":{"index":"index","follow":"follow","max-snippet":"max-snippet:-1","max-image-preview":"max-image-preview:large","max-video-preview":"max-video-preview:-1"},"canonical":"https:\/\/kristall.ee\/toode\/portselanist-kruus-english-roses-must-480ml\/","og_locale":"en_US","og_type":"article","og_title":"Portselanist kruus - English Roses (must) 480ml. - Karlev O\u00dc","og_description":"EU Portselan Pilt on kruusi m\u00f5lemal k\u00fcljel ja kruusi sees on \u00fchel k\u00fcljel roosi motiiv. Kruusi suurus: 480ml. Hind kehtib \u00fchele (1) kruusile kinkepakendis. Mugava suure sangaga kruus. Osta vaid see English Roses kruus v\u00f5i loo komplekt teiste sama sarja toodetega.","og_url":"https:\/\/kristall.ee\/toode\/portselanist-kruus-english-roses-must-480ml\/","og_site_name":"Karlev O\u00dc","article_modified_time":"2026-04-09T15:50:27+00:00","og_image":[{"width":600,"height":600,"url":"https:\/\/kristall.ee\/wp-content\/uploads\/2026\/03\/D949510.jpg","type":"image\/jpeg"}],"twitter_card":"summary_large_image","twitter_misc":{"Est. reading time":"1 minute"},"schema":{"@context":"https:\/\/schema.org","@graph":[{"@type":"WebPage","@id":"https:\/\/kristall.ee\/toode\/portselanist-kruus-english-roses-must-480ml\/","url":"https:\/\/kristall.ee\/toode\/portselanist-kruus-english-roses-must-480ml\/","name":"Portselanist kruus - English Roses (must) 480ml. - Karlev O\u00dc","isPartOf":{"@id":"https:\/\/kristall.ee\/ru\/#website"},"primaryImageOfPage":{"@id":"https:\/\/kristall.ee\/toode\/portselanist-kruus-english-roses-must-480ml\/#primaryimage"},"image":{"@id":"https:\/\/kristall.ee\/toode\/portselanist-kruus-english-roses-must-480ml\/#primaryimage"},"thumbnailUrl":"https:\/\/kristall.ee\/wp-content\/uploads\/2026\/03\/D949510.jpg","datePublished":"2026-03-03T09:01:32+00:00","dateModified":"2026-04-09T15:50:27+00:00","breadcrumb":{"@id":"https:\/\/kristall.ee\/toode\/portselanist-kruus-english-roses-must-480ml\/#breadcrumb"},"inLanguage":"en-US","potentialAction":[{"@type":"ReadAction","target":["https:\/\/kristall.ee\/toode\/portselanist-kruus-english-roses-must-480ml\/"]}]},{"@type":"ImageObject","inLanguage":"en-US","@id":"https:\/\/kristall.ee\/toode\/portselanist-kruus-english-roses-must-480ml\/#primaryimage","url":"https:\/\/kristall.ee\/wp-content\/uploads\/2026\/03\/D949510.jpg","contentUrl":"https:\/\/kristall.ee\/wp-content\/uploads\/2026\/03\/D949510.jpg","width":600,"height":600},{"@type":"BreadcrumbList","@id":"https:\/\/kristall.ee\/toode\/portselanist-kruus-english-roses-must-480ml\/#breadcrumb","itemListElement":[{"@type":"ListItem","position":1,"name":"Home","item":"https:\/\/kristall.ee\/en\/avaleht\/"},{"@type":"ListItem","position":2,"name":"E-Shop","item":"https:\/\/kristall.ee\/en\/shop\/"},{"@type":"ListItem","position":3,"name":"Portselanist kruus &#8211; English Roses (must) 480ml."}]},{"@type":"WebSite","@id":"https:\/\/kristall.ee\/ru\/#website","url":"https:\/\/kristall.ee\/ru\/","name":"Karlev O\u00dc - Iga p\u00e4ev on t\u00e4htp\u00e4ev","description":"Iga p\u00e4ev on t\u00e4htp\u00e4ev!","publisher":{"@id":"https:\/\/kristall.ee\/ru\/#organization"},"potentialAction":[{"@type":"SearchAction","target":{"@type":"EntryPoint","urlTemplate":"https:\/\/kristall.ee\/ru\/?s={search_term_string}"},"query-input":{"@type":"PropertyValueSpecification","valueRequired":true,"valueName":"search_term_string"}}],"inLanguage":"en-US"},{"@type":"Organization","@id":"https:\/\/kristall.ee\/ru\/#organization","name":"Karlev O\u00dc","url":"https:\/\/kristall.ee\/ru\/","logo":{"@type":"ImageObject","inLanguage":"en-US","@id":"https:\/\/kristall.ee\/ru\/#\/schema\/logo\/image\/","url":"https:\/\/kristall.ee\/wp-content\/uploads\/2025\/01\/Karlev-anno2_LOGO-04.webp","contentUrl":"https:\/\/kristall.ee\/wp-content\/uploads\/2025\/01\/Karlev-anno2_LOGO-04.webp","width":767,"height":337,"caption":"Karlev O\u00dc"},"image":{"@id":"https:\/\/kristall.ee\/ru\/#\/schema\/logo\/image\/"}}]}},"_links":{"self":[{"href":"https:\/\/kristall.ee\/en\/wp-json\/wp\/v2\/product\/58902","targetHints":{"allow":["GET"]}}],"collection":[{"href":"https:\/\/kristall.ee\/en\/wp-json\/wp\/v2\/product"}],"about":[{"href":"https:\/\/kristall.ee\/en\/wp-json\/wp\/v2\/types\/product"}],"wp:featuredmedia":[{"embeddable":true,"href":"https:\/\/kristall.ee\/en\/wp-json\/wp\/v2\/media\/58903"}],"wp:attachment":[{"href":"https:\/\/kristall.ee\/en\/wp-json\/wp\/v2\/media?parent=58902"}],"wp:term":[{"taxonomy":"product_brand","embeddable":true,"href":"https:\/\/kristall.ee\/en\/wp-json\/wp\/v2\/product_brand?post=58902"},{"taxonomy":"product_cat","embeddable":true,"href":"https:\/\/kristall.ee\/en\/wp-json\/wp\/v2\/product_cat?post=58902"},{"taxonomy":"product_tag","embeddable":true,"href":"https:\/\/kristall.ee\/en\/wp-json\/wp\/v2\/product_tag?post=58902"}],"curies":[{"name":"wp","href":"https:\/\/api.w.org\/{rel}","templated":true}]}}