{"id":58875,"date":"2026-02-27T07:47:54","date_gmt":"2026-02-27T07:47:54","guid":{"rendered":"https:\/\/kristall.ee\/?post_type=product&#038;p=58875"},"modified":"2026-04-27T09:20:25","modified_gmt":"2026-04-27T09:20:25","slug":"morsiklaas-kokteiliklaas-cora-optic-380ml","status":"publish","type":"product","link":"https:\/\/kristall.ee\/en\/toode\/morsiklaas-kokteiliklaas-cora-optic-380ml\/","title":{"rendered":"Morsiklaas, kokteiliklaas \u2013 Cora (Optic) 380ml."},"content":{"rendered":"<p>T\u0161ehhi<\/p>\n<p>Bohemia klaas<\/p>\n<p>Klaasi suurus: 380ml.<br \/>\nSarja nimi: Cora<\/p>\n<p>1 kompl.= 6 klaasi<\/p>\n<p>Hind kehtib \u00fchele (1) komplektile.<\/p>\n<p>Bohemia kaubam\u00e4rgi k\u00f5rgekvaliteediga morsi-, kokteiliklaasid sobivad suurep\u00e4raselt ka morsi, mahla, kokteilide, smuutide, vee jne. joomiseks.<br \/>\nV\u00e4ga lahedad spiraalse optilise efektiga klaasid kaunistavad nii pidulauda kui muudavad ka argip\u00e4eva erilisemaks.<\/p>\n<p>Osta vaid need klaasid v\u00f5i loo terve komplekt teiste Cora sarja toodetega.<\/p>\n","protected":false},"excerpt":{"rendered":"<p>T\u0161ehhi Bohemia klaas Klaasi suurus: 380ml. Sarja nimi: Cora 1 kompl.= 6 klaasi Hind kehtib \u00fchele (1) komplektile. Bohemia kaubam\u00e4rgi k\u00f5rgekvaliteediga morsi-, kokteiliklaasid sobivad suurep\u00e4raselt ka morsi, mahla, kokteilide, smuutide, vee jne. joomiseks. V\u00e4ga lahedad spiraalse optilise efektiga klaasid kaunistavad nii pidulauda kui muudavad ka argip\u00e4eva erilisemaks. Osta vaid need klaasid v\u00f5i loo terve komplekt &#8230;<\/p>\n","protected":false},"featured_media":58876,"menu_order":0,"template":"","meta":{"_acf_changed":false},"product_brand":[],"product_cat":[6028,6020],"product_tag":[],"class_list":{"0":"post-58875","1":"product","2":"type-product","3":"status-publish","4":"has-post-thumbnail","6":"product_cat-joogiklaasid-kokteiliklaasid","7":"product_cat-joogiklaasid-morsiklaasid","8":"product_shipping_class-purunev","10":"first","11":"instock","12":"taxable","13":"shipping-taxable","14":"purchasable","15":"product-type-simple"},"acf":[],"yoast_head":"<!-- This site is optimized with the Yoast SEO plugin v26.6 - https:\/\/yoast.com\/wordpress\/plugins\/seo\/ -->\n<title>Morsiklaas, kokteiliklaas \u2013 Cora (Optic) 380ml. - Karlev O\u00dc<\/title>\n<meta name=\"robots\" content=\"index, follow, max-snippet:-1, max-image-preview:large, max-video-preview:-1\" \/>\n<link rel=\"canonical\" href=\"https:\/\/kristall.ee\/toode\/morsiklaas-kokteiliklaas-cora-optic-380ml\/\" \/>\n<meta property=\"og:locale\" content=\"en_US\" \/>\n<meta property=\"og:type\" content=\"article\" \/>\n<meta property=\"og:title\" content=\"Morsiklaas, kokteiliklaas \u2013 Cora (Optic) 380ml. - Karlev O\u00dc\" \/>\n<meta property=\"og:description\" content=\"T\u0161ehhi Bohemia klaas Klaasi suurus: 380ml. Sarja nimi: Cora 1 kompl.= 6 klaasi Hind kehtib \u00fchele (1) komplektile. Bohemia kaubam\u00e4rgi k\u00f5rgekvaliteediga morsi-, kokteiliklaasid sobivad suurep\u00e4raselt ka morsi, mahla, kokteilide, smuutide, vee jne. joomiseks. V\u00e4ga lahedad spiraalse optilise efektiga klaasid kaunistavad nii pidulauda kui muudavad ka argip\u00e4eva erilisemaks. Osta vaid need klaasid v\u00f5i loo terve komplekt ...\" \/>\n<meta property=\"og:url\" content=\"https:\/\/kristall.ee\/toode\/morsiklaas-kokteiliklaas-cora-optic-380ml\/\" \/>\n<meta property=\"og:site_name\" content=\"Karlev O\u00dc\" \/>\n<meta property=\"article:modified_time\" content=\"2026-04-27T09:20:25+00:00\" \/>\n<meta property=\"og:image\" content=\"https:\/\/kristall.ee\/wp-content\/uploads\/2026\/02\/2SG850380_Cora.jpg\" \/>\n\t<meta property=\"og:image:width\" content=\"600\" \/>\n\t<meta property=\"og:image:height\" content=\"600\" \/>\n\t<meta property=\"og:image:type\" content=\"image\/jpeg\" \/>\n<meta name=\"twitter:card\" content=\"summary_large_image\" \/>\n<meta name=\"twitter:label1\" content=\"Est. reading time\" \/>\n\t<meta name=\"twitter:data1\" content=\"1 minute\" \/>\n<script type=\"application\/ld+json\" class=\"yoast-schema-graph\">{\"@context\":\"https:\/\/schema.org\",\"@graph\":[{\"@type\":\"WebPage\",\"@id\":\"https:\/\/kristall.ee\/toode\/morsiklaas-kokteiliklaas-cora-optic-380ml\/\",\"url\":\"https:\/\/kristall.ee\/toode\/morsiklaas-kokteiliklaas-cora-optic-380ml\/\",\"name\":\"Morsiklaas, kokteiliklaas \u2013 Cora (Optic) 380ml. - Karlev O\u00dc\",\"isPartOf\":{\"@id\":\"https:\/\/kristall.ee\/ru\/#website\"},\"primaryImageOfPage\":{\"@id\":\"https:\/\/kristall.ee\/toode\/morsiklaas-kokteiliklaas-cora-optic-380ml\/#primaryimage\"},\"image\":{\"@id\":\"https:\/\/kristall.ee\/toode\/morsiklaas-kokteiliklaas-cora-optic-380ml\/#primaryimage\"},\"thumbnailUrl\":\"https:\/\/kristall.ee\/wp-content\/uploads\/2026\/02\/2SG850380_Cora.jpg\",\"datePublished\":\"2026-02-27T07:47:54+00:00\",\"dateModified\":\"2026-04-27T09:20:25+00:00\",\"breadcrumb\":{\"@id\":\"https:\/\/kristall.ee\/toode\/morsiklaas-kokteiliklaas-cora-optic-380ml\/#breadcrumb\"},\"inLanguage\":\"en-US\",\"potentialAction\":[{\"@type\":\"ReadAction\",\"target\":[\"https:\/\/kristall.ee\/toode\/morsiklaas-kokteiliklaas-cora-optic-380ml\/\"]}]},{\"@type\":\"ImageObject\",\"inLanguage\":\"en-US\",\"@id\":\"https:\/\/kristall.ee\/toode\/morsiklaas-kokteiliklaas-cora-optic-380ml\/#primaryimage\",\"url\":\"https:\/\/kristall.ee\/wp-content\/uploads\/2026\/02\/2SG850380_Cora.jpg\",\"contentUrl\":\"https:\/\/kristall.ee\/wp-content\/uploads\/2026\/02\/2SG850380_Cora.jpg\",\"width\":600,\"height\":600},{\"@type\":\"BreadcrumbList\",\"@id\":\"https:\/\/kristall.ee\/toode\/morsiklaas-kokteiliklaas-cora-optic-380ml\/#breadcrumb\",\"itemListElement\":[{\"@type\":\"ListItem\",\"position\":1,\"name\":\"Home\",\"item\":\"https:\/\/kristall.ee\/en\/avaleht\/\"},{\"@type\":\"ListItem\",\"position\":2,\"name\":\"E-Shop\",\"item\":\"https:\/\/kristall.ee\/en\/shop\/\"},{\"@type\":\"ListItem\",\"position\":3,\"name\":\"Morsiklaas, kokteiliklaas \u2013 Cora (Optic) 380ml.\"}]},{\"@type\":\"WebSite\",\"@id\":\"https:\/\/kristall.ee\/ru\/#website\",\"url\":\"https:\/\/kristall.ee\/ru\/\",\"name\":\"Karlev O\u00dc - Iga p\u00e4ev on t\u00e4htp\u00e4ev\",\"description\":\"Iga p\u00e4ev on t\u00e4htp\u00e4ev!\",\"publisher\":{\"@id\":\"https:\/\/kristall.ee\/ru\/#organization\"},\"potentialAction\":[{\"@type\":\"SearchAction\",\"target\":{\"@type\":\"EntryPoint\",\"urlTemplate\":\"https:\/\/kristall.ee\/ru\/?s={search_term_string}\"},\"query-input\":{\"@type\":\"PropertyValueSpecification\",\"valueRequired\":true,\"valueName\":\"search_term_string\"}}],\"inLanguage\":\"en-US\"},{\"@type\":\"Organization\",\"@id\":\"https:\/\/kristall.ee\/ru\/#organization\",\"name\":\"Karlev O\u00dc\",\"url\":\"https:\/\/kristall.ee\/ru\/\",\"logo\":{\"@type\":\"ImageObject\",\"inLanguage\":\"en-US\",\"@id\":\"https:\/\/kristall.ee\/ru\/#\/schema\/logo\/image\/\",\"url\":\"https:\/\/kristall.ee\/wp-content\/uploads\/2025\/01\/Karlev-anno2_LOGO-04.webp\",\"contentUrl\":\"https:\/\/kristall.ee\/wp-content\/uploads\/2025\/01\/Karlev-anno2_LOGO-04.webp\",\"width\":767,\"height\":337,\"caption\":\"Karlev O\u00dc\"},\"image\":{\"@id\":\"https:\/\/kristall.ee\/ru\/#\/schema\/logo\/image\/\"}}]}<\/script>\n<!-- \/ Yoast SEO plugin. -->","yoast_head_json":{"title":"Morsiklaas, kokteiliklaas \u2013 Cora (Optic) 380ml. - Karlev O\u00dc","robots":{"index":"index","follow":"follow","max-snippet":"max-snippet:-1","max-image-preview":"max-image-preview:large","max-video-preview":"max-video-preview:-1"},"canonical":"https:\/\/kristall.ee\/toode\/morsiklaas-kokteiliklaas-cora-optic-380ml\/","og_locale":"en_US","og_type":"article","og_title":"Morsiklaas, kokteiliklaas \u2013 Cora (Optic) 380ml. - Karlev O\u00dc","og_description":"T\u0161ehhi Bohemia klaas Klaasi suurus: 380ml. Sarja nimi: Cora 1 kompl.= 6 klaasi Hind kehtib \u00fchele (1) komplektile. Bohemia kaubam\u00e4rgi k\u00f5rgekvaliteediga morsi-, kokteiliklaasid sobivad suurep\u00e4raselt ka morsi, mahla, kokteilide, smuutide, vee jne. joomiseks. V\u00e4ga lahedad spiraalse optilise efektiga klaasid kaunistavad nii pidulauda kui muudavad ka argip\u00e4eva erilisemaks. Osta vaid need klaasid v\u00f5i loo terve komplekt ...","og_url":"https:\/\/kristall.ee\/toode\/morsiklaas-kokteiliklaas-cora-optic-380ml\/","og_site_name":"Karlev O\u00dc","article_modified_time":"2026-04-27T09:20:25+00:00","og_image":[{"width":600,"height":600,"url":"https:\/\/kristall.ee\/wp-content\/uploads\/2026\/02\/2SG850380_Cora.jpg","type":"image\/jpeg"}],"twitter_card":"summary_large_image","twitter_misc":{"Est. reading time":"1 minute"},"schema":{"@context":"https:\/\/schema.org","@graph":[{"@type":"WebPage","@id":"https:\/\/kristall.ee\/toode\/morsiklaas-kokteiliklaas-cora-optic-380ml\/","url":"https:\/\/kristall.ee\/toode\/morsiklaas-kokteiliklaas-cora-optic-380ml\/","name":"Morsiklaas, kokteiliklaas \u2013 Cora (Optic) 380ml. - Karlev O\u00dc","isPartOf":{"@id":"https:\/\/kristall.ee\/ru\/#website"},"primaryImageOfPage":{"@id":"https:\/\/kristall.ee\/toode\/morsiklaas-kokteiliklaas-cora-optic-380ml\/#primaryimage"},"image":{"@id":"https:\/\/kristall.ee\/toode\/morsiklaas-kokteiliklaas-cora-optic-380ml\/#primaryimage"},"thumbnailUrl":"https:\/\/kristall.ee\/wp-content\/uploads\/2026\/02\/2SG850380_Cora.jpg","datePublished":"2026-02-27T07:47:54+00:00","dateModified":"2026-04-27T09:20:25+00:00","breadcrumb":{"@id":"https:\/\/kristall.ee\/toode\/morsiklaas-kokteiliklaas-cora-optic-380ml\/#breadcrumb"},"inLanguage":"en-US","potentialAction":[{"@type":"ReadAction","target":["https:\/\/kristall.ee\/toode\/morsiklaas-kokteiliklaas-cora-optic-380ml\/"]}]},{"@type":"ImageObject","inLanguage":"en-US","@id":"https:\/\/kristall.ee\/toode\/morsiklaas-kokteiliklaas-cora-optic-380ml\/#primaryimage","url":"https:\/\/kristall.ee\/wp-content\/uploads\/2026\/02\/2SG850380_Cora.jpg","contentUrl":"https:\/\/kristall.ee\/wp-content\/uploads\/2026\/02\/2SG850380_Cora.jpg","width":600,"height":600},{"@type":"BreadcrumbList","@id":"https:\/\/kristall.ee\/toode\/morsiklaas-kokteiliklaas-cora-optic-380ml\/#breadcrumb","itemListElement":[{"@type":"ListItem","position":1,"name":"Home","item":"https:\/\/kristall.ee\/en\/avaleht\/"},{"@type":"ListItem","position":2,"name":"E-Shop","item":"https:\/\/kristall.ee\/en\/shop\/"},{"@type":"ListItem","position":3,"name":"Morsiklaas, kokteiliklaas \u2013 Cora (Optic) 380ml."}]},{"@type":"WebSite","@id":"https:\/\/kristall.ee\/ru\/#website","url":"https:\/\/kristall.ee\/ru\/","name":"Karlev O\u00dc - Iga p\u00e4ev on t\u00e4htp\u00e4ev","description":"Iga p\u00e4ev on t\u00e4htp\u00e4ev!","publisher":{"@id":"https:\/\/kristall.ee\/ru\/#organization"},"potentialAction":[{"@type":"SearchAction","target":{"@type":"EntryPoint","urlTemplate":"https:\/\/kristall.ee\/ru\/?s={search_term_string}"},"query-input":{"@type":"PropertyValueSpecification","valueRequired":true,"valueName":"search_term_string"}}],"inLanguage":"en-US"},{"@type":"Organization","@id":"https:\/\/kristall.ee\/ru\/#organization","name":"Karlev O\u00dc","url":"https:\/\/kristall.ee\/ru\/","logo":{"@type":"ImageObject","inLanguage":"en-US","@id":"https:\/\/kristall.ee\/ru\/#\/schema\/logo\/image\/","url":"https:\/\/kristall.ee\/wp-content\/uploads\/2025\/01\/Karlev-anno2_LOGO-04.webp","contentUrl":"https:\/\/kristall.ee\/wp-content\/uploads\/2025\/01\/Karlev-anno2_LOGO-04.webp","width":767,"height":337,"caption":"Karlev O\u00dc"},"image":{"@id":"https:\/\/kristall.ee\/ru\/#\/schema\/logo\/image\/"}}]}},"_links":{"self":[{"href":"https:\/\/kristall.ee\/en\/wp-json\/wp\/v2\/product\/58875","targetHints":{"allow":["GET"]}}],"collection":[{"href":"https:\/\/kristall.ee\/en\/wp-json\/wp\/v2\/product"}],"about":[{"href":"https:\/\/kristall.ee\/en\/wp-json\/wp\/v2\/types\/product"}],"wp:featuredmedia":[{"embeddable":true,"href":"https:\/\/kristall.ee\/en\/wp-json\/wp\/v2\/media\/58876"}],"wp:attachment":[{"href":"https:\/\/kristall.ee\/en\/wp-json\/wp\/v2\/media?parent=58875"}],"wp:term":[{"taxonomy":"product_brand","embeddable":true,"href":"https:\/\/kristall.ee\/en\/wp-json\/wp\/v2\/product_brand?post=58875"},{"taxonomy":"product_cat","embeddable":true,"href":"https:\/\/kristall.ee\/en\/wp-json\/wp\/v2\/product_cat?post=58875"},{"taxonomy":"product_tag","embeddable":true,"href":"https:\/\/kristall.ee\/en\/wp-json\/wp\/v2\/product_tag?post=58875"}],"curies":[{"name":"wp","href":"https:\/\/api.w.org\/{rel}","templated":true}]}}