{"id":58629,"date":"2025-12-15T12:38:19","date_gmt":"2025-12-15T12:38:19","guid":{"rendered":"https:\/\/kristall.ee\/?post_type=product&#038;p=58629"},"modified":"2026-04-18T10:55:27","modified_gmt":"2026-04-18T10:55:27","slug":"portselan-kruus-korge-magusad-hetked-600ml","status":"publish","type":"product","link":"https:\/\/kristall.ee\/en\/toode\/portselan-kruus-korge-magusad-hetked-600ml\/","title":{"rendered":"Portselan kruus k\u00f5rge &#8211; Magusad hetked 600ml."},"content":{"rendered":"<p>Itaalia<\/p>\n<p>Portselan<\/p>\n<p>Kruusi suurus: 600ml.<br \/>\nSarja nimi: Sweet Moments<\/p>\n<p>Hind kehtib \u00fchele (1) kruusile kinke karbis.<\/p>\n<p>Kui Sulle meeldib oma lemmik jooki juua suuremast kruusist, siis see kruus on just Sulle!<br \/>\nIlus, sihvakas, suure mahutavusega.<br \/>\n\u00dclimugav sang ka suurema k\u00e4ega mees saab mugavalt kruusi k\u00e4tte v\u00f5tta.<\/p>\n<p>Sobita teiste Sweet Moments, Barista v\u00f5i Sweet Christmas\u00a0 sarja toodetega.<br \/>\nSobib suurep\u00e4raselt suurele magusa armastajale.<\/p>\n<p>V\u00f5ib pesta n\u00f5udepesumasinas ja kasutada ka mikrolaineahjus.<\/p>\n","protected":false},"excerpt":{"rendered":"<p>Itaalia Portselan Kruusi suurus: 600ml. Sarja nimi: Sweet Moments Hind kehtib \u00fchele (1) kruusile kinke karbis. Kui Sulle meeldib oma lemmik jooki juua suuremast kruusist, siis see kruus on just Sulle! Ilus, sihvakas, suure mahutavusega. \u00dclimugav sang ka suurema k\u00e4ega mees saab mugavalt kruusi k\u00e4tte v\u00f5tta. Sobita teiste Sweet Moments, Barista v\u00f5i Sweet Christmas\u00a0 sarja &#8230;<\/p>\n","protected":false},"featured_media":58633,"menu_order":5,"template":"","meta":{"_acf_changed":false},"product_brand":[],"product_cat":[5928],"product_tag":[],"class_list":{"0":"post-58629","1":"product","2":"type-product","3":"status-publish","4":"has-post-thumbnail","6":"product_cat-lauanoud-portselan-kruusid","7":"product_shipping_class-purunev","9":"first","10":"instock","11":"taxable","12":"shipping-taxable","13":"purchasable","14":"product-type-simple"},"acf":[],"yoast_head":"<!-- This site is optimized with the Yoast SEO plugin v26.6 - https:\/\/yoast.com\/wordpress\/plugins\/seo\/ -->\n<title>Portselan kruus k\u00f5rge - Magusad hetked 600ml. - Karlev O\u00dc<\/title>\n<meta name=\"robots\" content=\"index, follow, max-snippet:-1, max-image-preview:large, max-video-preview:-1\" \/>\n<link rel=\"canonical\" href=\"https:\/\/kristall.ee\/toode\/portselan-kruus-korge-magusad-hetked-600ml\/\" \/>\n<meta property=\"og:locale\" content=\"en_US\" \/>\n<meta property=\"og:type\" content=\"article\" \/>\n<meta property=\"og:title\" content=\"Portselan kruus k\u00f5rge - Magusad hetked 600ml. - Karlev O\u00dc\" \/>\n<meta property=\"og:description\" content=\"Itaalia Portselan Kruusi suurus: 600ml. Sarja nimi: Sweet Moments Hind kehtib \u00fchele (1) kruusile kinke karbis. Kui Sulle meeldib oma lemmik jooki juua suuremast kruusist, siis see kruus on just Sulle! Ilus, sihvakas, suure mahutavusega. \u00dclimugav sang ka suurema k\u00e4ega mees saab mugavalt kruusi k\u00e4tte v\u00f5tta. Sobita teiste Sweet Moments, Barista v\u00f5i Sweet Christmas\u00a0 sarja ...\" \/>\n<meta property=\"og:url\" content=\"https:\/\/kristall.ee\/toode\/portselan-kruus-korge-magusad-hetked-600ml\/\" \/>\n<meta property=\"og:site_name\" content=\"Karlev O\u00dc\" \/>\n<meta property=\"article:modified_time\" content=\"2026-04-18T10:55:27+00:00\" \/>\n<meta property=\"og:image\" content=\"https:\/\/kristall.ee\/wp-content\/uploads\/2025\/12\/R1462SWEM.jpg\" \/>\n\t<meta property=\"og:image:width\" content=\"600\" \/>\n\t<meta property=\"og:image:height\" content=\"600\" \/>\n\t<meta property=\"og:image:type\" content=\"image\/jpeg\" \/>\n<meta name=\"twitter:card\" content=\"summary_large_image\" \/>\n<meta name=\"twitter:label1\" content=\"Est. reading time\" \/>\n\t<meta name=\"twitter:data1\" content=\"1 minute\" \/>\n<script type=\"application\/ld+json\" class=\"yoast-schema-graph\">{\"@context\":\"https:\/\/schema.org\",\"@graph\":[{\"@type\":\"WebPage\",\"@id\":\"https:\/\/kristall.ee\/toode\/portselan-kruus-korge-magusad-hetked-600ml\/\",\"url\":\"https:\/\/kristall.ee\/toode\/portselan-kruus-korge-magusad-hetked-600ml\/\",\"name\":\"Portselan kruus k\u00f5rge - Magusad hetked 600ml. - Karlev O\u00dc\",\"isPartOf\":{\"@id\":\"https:\/\/kristall.ee\/ru\/#website\"},\"primaryImageOfPage\":{\"@id\":\"https:\/\/kristall.ee\/toode\/portselan-kruus-korge-magusad-hetked-600ml\/#primaryimage\"},\"image\":{\"@id\":\"https:\/\/kristall.ee\/toode\/portselan-kruus-korge-magusad-hetked-600ml\/#primaryimage\"},\"thumbnailUrl\":\"https:\/\/kristall.ee\/wp-content\/uploads\/2025\/12\/R1462SWEM.jpg\",\"datePublished\":\"2025-12-15T12:38:19+00:00\",\"dateModified\":\"2026-04-18T10:55:27+00:00\",\"breadcrumb\":{\"@id\":\"https:\/\/kristall.ee\/toode\/portselan-kruus-korge-magusad-hetked-600ml\/#breadcrumb\"},\"inLanguage\":\"en-US\",\"potentialAction\":[{\"@type\":\"ReadAction\",\"target\":[\"https:\/\/kristall.ee\/toode\/portselan-kruus-korge-magusad-hetked-600ml\/\"]}]},{\"@type\":\"ImageObject\",\"inLanguage\":\"en-US\",\"@id\":\"https:\/\/kristall.ee\/toode\/portselan-kruus-korge-magusad-hetked-600ml\/#primaryimage\",\"url\":\"https:\/\/kristall.ee\/wp-content\/uploads\/2025\/12\/R1462SWEM.jpg\",\"contentUrl\":\"https:\/\/kristall.ee\/wp-content\/uploads\/2025\/12\/R1462SWEM.jpg\",\"width\":600,\"height\":600},{\"@type\":\"BreadcrumbList\",\"@id\":\"https:\/\/kristall.ee\/toode\/portselan-kruus-korge-magusad-hetked-600ml\/#breadcrumb\",\"itemListElement\":[{\"@type\":\"ListItem\",\"position\":1,\"name\":\"Home\",\"item\":\"https:\/\/kristall.ee\/en\/avaleht\/\"},{\"@type\":\"ListItem\",\"position\":2,\"name\":\"E-Shop\",\"item\":\"https:\/\/kristall.ee\/en\/shop\/\"},{\"@type\":\"ListItem\",\"position\":3,\"name\":\"Portselan kruus k\u00f5rge &#8211; Magusad hetked 600ml.\"}]},{\"@type\":\"WebSite\",\"@id\":\"https:\/\/kristall.ee\/ru\/#website\",\"url\":\"https:\/\/kristall.ee\/ru\/\",\"name\":\"Karlev O\u00dc - Iga p\u00e4ev on t\u00e4htp\u00e4ev\",\"description\":\"Iga p\u00e4ev on t\u00e4htp\u00e4ev!\",\"publisher\":{\"@id\":\"https:\/\/kristall.ee\/ru\/#organization\"},\"potentialAction\":[{\"@type\":\"SearchAction\",\"target\":{\"@type\":\"EntryPoint\",\"urlTemplate\":\"https:\/\/kristall.ee\/ru\/?s={search_term_string}\"},\"query-input\":{\"@type\":\"PropertyValueSpecification\",\"valueRequired\":true,\"valueName\":\"search_term_string\"}}],\"inLanguage\":\"en-US\"},{\"@type\":\"Organization\",\"@id\":\"https:\/\/kristall.ee\/ru\/#organization\",\"name\":\"Karlev O\u00dc\",\"url\":\"https:\/\/kristall.ee\/ru\/\",\"logo\":{\"@type\":\"ImageObject\",\"inLanguage\":\"en-US\",\"@id\":\"https:\/\/kristall.ee\/ru\/#\/schema\/logo\/image\/\",\"url\":\"https:\/\/kristall.ee\/wp-content\/uploads\/2025\/01\/Karlev-anno2_LOGO-04.webp\",\"contentUrl\":\"https:\/\/kristall.ee\/wp-content\/uploads\/2025\/01\/Karlev-anno2_LOGO-04.webp\",\"width\":767,\"height\":337,\"caption\":\"Karlev O\u00dc\"},\"image\":{\"@id\":\"https:\/\/kristall.ee\/ru\/#\/schema\/logo\/image\/\"}}]}<\/script>\n<!-- \/ Yoast SEO plugin. -->","yoast_head_json":{"title":"Portselan kruus k\u00f5rge - Magusad hetked 600ml. - Karlev O\u00dc","robots":{"index":"index","follow":"follow","max-snippet":"max-snippet:-1","max-image-preview":"max-image-preview:large","max-video-preview":"max-video-preview:-1"},"canonical":"https:\/\/kristall.ee\/toode\/portselan-kruus-korge-magusad-hetked-600ml\/","og_locale":"en_US","og_type":"article","og_title":"Portselan kruus k\u00f5rge - Magusad hetked 600ml. - Karlev O\u00dc","og_description":"Itaalia Portselan Kruusi suurus: 600ml. Sarja nimi: Sweet Moments Hind kehtib \u00fchele (1) kruusile kinke karbis. Kui Sulle meeldib oma lemmik jooki juua suuremast kruusist, siis see kruus on just Sulle! Ilus, sihvakas, suure mahutavusega. \u00dclimugav sang ka suurema k\u00e4ega mees saab mugavalt kruusi k\u00e4tte v\u00f5tta. Sobita teiste Sweet Moments, Barista v\u00f5i Sweet Christmas\u00a0 sarja ...","og_url":"https:\/\/kristall.ee\/toode\/portselan-kruus-korge-magusad-hetked-600ml\/","og_site_name":"Karlev O\u00dc","article_modified_time":"2026-04-18T10:55:27+00:00","og_image":[{"width":600,"height":600,"url":"https:\/\/kristall.ee\/wp-content\/uploads\/2025\/12\/R1462SWEM.jpg","type":"image\/jpeg"}],"twitter_card":"summary_large_image","twitter_misc":{"Est. reading time":"1 minute"},"schema":{"@context":"https:\/\/schema.org","@graph":[{"@type":"WebPage","@id":"https:\/\/kristall.ee\/toode\/portselan-kruus-korge-magusad-hetked-600ml\/","url":"https:\/\/kristall.ee\/toode\/portselan-kruus-korge-magusad-hetked-600ml\/","name":"Portselan kruus k\u00f5rge - Magusad hetked 600ml. - Karlev O\u00dc","isPartOf":{"@id":"https:\/\/kristall.ee\/ru\/#website"},"primaryImageOfPage":{"@id":"https:\/\/kristall.ee\/toode\/portselan-kruus-korge-magusad-hetked-600ml\/#primaryimage"},"image":{"@id":"https:\/\/kristall.ee\/toode\/portselan-kruus-korge-magusad-hetked-600ml\/#primaryimage"},"thumbnailUrl":"https:\/\/kristall.ee\/wp-content\/uploads\/2025\/12\/R1462SWEM.jpg","datePublished":"2025-12-15T12:38:19+00:00","dateModified":"2026-04-18T10:55:27+00:00","breadcrumb":{"@id":"https:\/\/kristall.ee\/toode\/portselan-kruus-korge-magusad-hetked-600ml\/#breadcrumb"},"inLanguage":"en-US","potentialAction":[{"@type":"ReadAction","target":["https:\/\/kristall.ee\/toode\/portselan-kruus-korge-magusad-hetked-600ml\/"]}]},{"@type":"ImageObject","inLanguage":"en-US","@id":"https:\/\/kristall.ee\/toode\/portselan-kruus-korge-magusad-hetked-600ml\/#primaryimage","url":"https:\/\/kristall.ee\/wp-content\/uploads\/2025\/12\/R1462SWEM.jpg","contentUrl":"https:\/\/kristall.ee\/wp-content\/uploads\/2025\/12\/R1462SWEM.jpg","width":600,"height":600},{"@type":"BreadcrumbList","@id":"https:\/\/kristall.ee\/toode\/portselan-kruus-korge-magusad-hetked-600ml\/#breadcrumb","itemListElement":[{"@type":"ListItem","position":1,"name":"Home","item":"https:\/\/kristall.ee\/en\/avaleht\/"},{"@type":"ListItem","position":2,"name":"E-Shop","item":"https:\/\/kristall.ee\/en\/shop\/"},{"@type":"ListItem","position":3,"name":"Portselan kruus k\u00f5rge &#8211; Magusad hetked 600ml."}]},{"@type":"WebSite","@id":"https:\/\/kristall.ee\/ru\/#website","url":"https:\/\/kristall.ee\/ru\/","name":"Karlev O\u00dc - Iga p\u00e4ev on t\u00e4htp\u00e4ev","description":"Iga p\u00e4ev on t\u00e4htp\u00e4ev!","publisher":{"@id":"https:\/\/kristall.ee\/ru\/#organization"},"potentialAction":[{"@type":"SearchAction","target":{"@type":"EntryPoint","urlTemplate":"https:\/\/kristall.ee\/ru\/?s={search_term_string}"},"query-input":{"@type":"PropertyValueSpecification","valueRequired":true,"valueName":"search_term_string"}}],"inLanguage":"en-US"},{"@type":"Organization","@id":"https:\/\/kristall.ee\/ru\/#organization","name":"Karlev O\u00dc","url":"https:\/\/kristall.ee\/ru\/","logo":{"@type":"ImageObject","inLanguage":"en-US","@id":"https:\/\/kristall.ee\/ru\/#\/schema\/logo\/image\/","url":"https:\/\/kristall.ee\/wp-content\/uploads\/2025\/01\/Karlev-anno2_LOGO-04.webp","contentUrl":"https:\/\/kristall.ee\/wp-content\/uploads\/2025\/01\/Karlev-anno2_LOGO-04.webp","width":767,"height":337,"caption":"Karlev O\u00dc"},"image":{"@id":"https:\/\/kristall.ee\/ru\/#\/schema\/logo\/image\/"}}]}},"_links":{"self":[{"href":"https:\/\/kristall.ee\/en\/wp-json\/wp\/v2\/product\/58629","targetHints":{"allow":["GET"]}}],"collection":[{"href":"https:\/\/kristall.ee\/en\/wp-json\/wp\/v2\/product"}],"about":[{"href":"https:\/\/kristall.ee\/en\/wp-json\/wp\/v2\/types\/product"}],"wp:featuredmedia":[{"embeddable":true,"href":"https:\/\/kristall.ee\/en\/wp-json\/wp\/v2\/media\/58633"}],"wp:attachment":[{"href":"https:\/\/kristall.ee\/en\/wp-json\/wp\/v2\/media?parent=58629"}],"wp:term":[{"taxonomy":"product_brand","embeddable":true,"href":"https:\/\/kristall.ee\/en\/wp-json\/wp\/v2\/product_brand?post=58629"},{"taxonomy":"product_cat","embeddable":true,"href":"https:\/\/kristall.ee\/en\/wp-json\/wp\/v2\/product_cat?post=58629"},{"taxonomy":"product_tag","embeddable":true,"href":"https:\/\/kristall.ee\/en\/wp-json\/wp\/v2\/product_tag?post=58629"}],"curies":[{"name":"wp","href":"https:\/\/api.w.org\/{rel}","templated":true}]}}