{"id":58479,"date":"2025-12-02T12:47:23","date_gmt":"2025-12-02T12:47:23","guid":{"rendered":"https:\/\/kristall.ee\/?post_type=product&#038;p=58479"},"modified":"2026-04-09T21:35:37","modified_gmt":"2026-04-09T21:35:37","slug":"kauss-madal-globus-33cm","status":"publish","type":"product","link":"https:\/\/kristall.ee\/en\/toode\/kauss-madal-globus-33cm\/","title":{"rendered":"Kauss (madal) &#8211; Globus 33cm."},"content":{"rendered":"<p>T\u0161ehhi<\/p>\n<p>Bohemia<\/p>\n<p>ECO kristall<\/p>\n<p>Sari: Globus<\/p>\n<p>Kausi suurus: 33 x 22,5cm x h = 7cm.<\/p>\n<p>Hind kehtib \u00fchele (1) kausile karbis.<\/p>\n<p>Oma lihtsusega sobib suurep\u00e4raselt erineva kodusisustus stiiliga koju. V\u00e4ga praktiline kauss, vaagen puuviljade v\u00f5i miks mitte ka salati serveerimiseks. Lihtsuses peitub nii ilu kui v\u00f5lu.<\/p>\n","protected":false},"excerpt":{"rendered":"<p>T\u0161ehhi Bohemia ECO kristall Sari: Globus Kausi suurus: 33 x 22,5cm x h = 7cm. Hind kehtib \u00fchele (1) kausile karbis. Oma lihtsusega sobib suurep\u00e4raselt erineva kodusisustus stiiliga koju. V\u00e4ga praktiline kauss, vaagen puuviljade v\u00f5i miks mitte ka salati serveerimiseks. Lihtsuses peitub nii ilu kui v\u00f5lu.<\/p>\n","protected":false},"featured_media":58480,"menu_order":11,"template":"","meta":{"_acf_changed":false},"product_brand":[],"product_cat":[5904,5908],"product_tag":[],"class_list":{"0":"post-58479","1":"product","2":"type-product","3":"status-publish","4":"has-post-thumbnail","6":"product_cat-lauanoud-kausid","7":"product_cat-lauanoud-kandikud-vaagnad-tordialused-alused","8":"product_shipping_class-purunev","10":"first","11":"instock","12":"taxable","13":"shipping-taxable","14":"purchasable","15":"product-type-simple"},"acf":[],"yoast_head":"<!-- This site is optimized with the Yoast SEO plugin v26.6 - https:\/\/yoast.com\/wordpress\/plugins\/seo\/ -->\n<title>Kauss (madal) - Globus 33cm. - Karlev O\u00dc<\/title>\n<meta name=\"robots\" content=\"index, follow, max-snippet:-1, max-image-preview:large, max-video-preview:-1\" \/>\n<link rel=\"canonical\" href=\"https:\/\/kristall.ee\/toode\/kauss-madal-globus-33cm\/\" \/>\n<meta property=\"og:locale\" content=\"en_US\" \/>\n<meta property=\"og:type\" content=\"article\" \/>\n<meta property=\"og:title\" content=\"Kauss (madal) - Globus 33cm. - Karlev O\u00dc\" \/>\n<meta property=\"og:description\" content=\"T\u0161ehhi Bohemia ECO kristall Sari: Globus Kausi suurus: 33 x 22,5cm x h = 7cm. Hind kehtib \u00fchele (1) kausile karbis. Oma lihtsusega sobib suurep\u00e4raselt erineva kodusisustus stiiliga koju. V\u00e4ga praktiline kauss, vaagen puuviljade v\u00f5i miks mitte ka salati serveerimiseks. Lihtsuses peitub nii ilu kui v\u00f5lu.\" \/>\n<meta property=\"og:url\" content=\"https:\/\/kristall.ee\/toode\/kauss-madal-globus-33cm\/\" \/>\n<meta property=\"og:site_name\" content=\"Karlev O\u00dc\" \/>\n<meta property=\"article:modified_time\" content=\"2026-04-09T21:35:37+00:00\" \/>\n<meta property=\"og:image\" content=\"https:\/\/kristall.ee\/wp-content\/uploads\/2025\/12\/6KB873301199_Globus.jpg\" \/>\n\t<meta property=\"og:image:width\" content=\"600\" \/>\n\t<meta property=\"og:image:height\" content=\"600\" \/>\n\t<meta property=\"og:image:type\" content=\"image\/jpeg\" \/>\n<meta name=\"twitter:card\" content=\"summary_large_image\" \/>\n<meta name=\"twitter:label1\" content=\"Est. reading time\" \/>\n\t<meta name=\"twitter:data1\" content=\"1 minute\" \/>\n<script type=\"application\/ld+json\" class=\"yoast-schema-graph\">{\"@context\":\"https:\/\/schema.org\",\"@graph\":[{\"@type\":\"WebPage\",\"@id\":\"https:\/\/kristall.ee\/toode\/kauss-madal-globus-33cm\/\",\"url\":\"https:\/\/kristall.ee\/toode\/kauss-madal-globus-33cm\/\",\"name\":\"Kauss (madal) - Globus 33cm. - Karlev O\u00dc\",\"isPartOf\":{\"@id\":\"https:\/\/kristall.ee\/ru\/#website\"},\"primaryImageOfPage\":{\"@id\":\"https:\/\/kristall.ee\/toode\/kauss-madal-globus-33cm\/#primaryimage\"},\"image\":{\"@id\":\"https:\/\/kristall.ee\/toode\/kauss-madal-globus-33cm\/#primaryimage\"},\"thumbnailUrl\":\"https:\/\/kristall.ee\/wp-content\/uploads\/2025\/12\/6KB873301199_Globus.jpg\",\"datePublished\":\"2025-12-02T12:47:23+00:00\",\"dateModified\":\"2026-04-09T21:35:37+00:00\",\"breadcrumb\":{\"@id\":\"https:\/\/kristall.ee\/toode\/kauss-madal-globus-33cm\/#breadcrumb\"},\"inLanguage\":\"en-US\",\"potentialAction\":[{\"@type\":\"ReadAction\",\"target\":[\"https:\/\/kristall.ee\/toode\/kauss-madal-globus-33cm\/\"]}]},{\"@type\":\"ImageObject\",\"inLanguage\":\"en-US\",\"@id\":\"https:\/\/kristall.ee\/toode\/kauss-madal-globus-33cm\/#primaryimage\",\"url\":\"https:\/\/kristall.ee\/wp-content\/uploads\/2025\/12\/6KB873301199_Globus.jpg\",\"contentUrl\":\"https:\/\/kristall.ee\/wp-content\/uploads\/2025\/12\/6KB873301199_Globus.jpg\",\"width\":600,\"height\":600},{\"@type\":\"BreadcrumbList\",\"@id\":\"https:\/\/kristall.ee\/toode\/kauss-madal-globus-33cm\/#breadcrumb\",\"itemListElement\":[{\"@type\":\"ListItem\",\"position\":1,\"name\":\"Home\",\"item\":\"https:\/\/kristall.ee\/en\/avaleht\/\"},{\"@type\":\"ListItem\",\"position\":2,\"name\":\"E-Shop\",\"item\":\"https:\/\/kristall.ee\/en\/shop\/\"},{\"@type\":\"ListItem\",\"position\":3,\"name\":\"Kauss (madal) &#8211; Globus 33cm.\"}]},{\"@type\":\"WebSite\",\"@id\":\"https:\/\/kristall.ee\/ru\/#website\",\"url\":\"https:\/\/kristall.ee\/ru\/\",\"name\":\"Karlev O\u00dc - Iga p\u00e4ev on t\u00e4htp\u00e4ev\",\"description\":\"Iga p\u00e4ev on t\u00e4htp\u00e4ev!\",\"publisher\":{\"@id\":\"https:\/\/kristall.ee\/ru\/#organization\"},\"potentialAction\":[{\"@type\":\"SearchAction\",\"target\":{\"@type\":\"EntryPoint\",\"urlTemplate\":\"https:\/\/kristall.ee\/ru\/?s={search_term_string}\"},\"query-input\":{\"@type\":\"PropertyValueSpecification\",\"valueRequired\":true,\"valueName\":\"search_term_string\"}}],\"inLanguage\":\"en-US\"},{\"@type\":\"Organization\",\"@id\":\"https:\/\/kristall.ee\/ru\/#organization\",\"name\":\"Karlev O\u00dc\",\"url\":\"https:\/\/kristall.ee\/ru\/\",\"logo\":{\"@type\":\"ImageObject\",\"inLanguage\":\"en-US\",\"@id\":\"https:\/\/kristall.ee\/ru\/#\/schema\/logo\/image\/\",\"url\":\"https:\/\/kristall.ee\/wp-content\/uploads\/2025\/01\/Karlev-anno2_LOGO-04.webp\",\"contentUrl\":\"https:\/\/kristall.ee\/wp-content\/uploads\/2025\/01\/Karlev-anno2_LOGO-04.webp\",\"width\":767,\"height\":337,\"caption\":\"Karlev O\u00dc\"},\"image\":{\"@id\":\"https:\/\/kristall.ee\/ru\/#\/schema\/logo\/image\/\"}}]}<\/script>\n<!-- \/ Yoast SEO plugin. -->","yoast_head_json":{"title":"Kauss (madal) - Globus 33cm. - Karlev O\u00dc","robots":{"index":"index","follow":"follow","max-snippet":"max-snippet:-1","max-image-preview":"max-image-preview:large","max-video-preview":"max-video-preview:-1"},"canonical":"https:\/\/kristall.ee\/toode\/kauss-madal-globus-33cm\/","og_locale":"en_US","og_type":"article","og_title":"Kauss (madal) - Globus 33cm. - Karlev O\u00dc","og_description":"T\u0161ehhi Bohemia ECO kristall Sari: Globus Kausi suurus: 33 x 22,5cm x h = 7cm. Hind kehtib \u00fchele (1) kausile karbis. Oma lihtsusega sobib suurep\u00e4raselt erineva kodusisustus stiiliga koju. V\u00e4ga praktiline kauss, vaagen puuviljade v\u00f5i miks mitte ka salati serveerimiseks. Lihtsuses peitub nii ilu kui v\u00f5lu.","og_url":"https:\/\/kristall.ee\/toode\/kauss-madal-globus-33cm\/","og_site_name":"Karlev O\u00dc","article_modified_time":"2026-04-09T21:35:37+00:00","og_image":[{"width":600,"height":600,"url":"https:\/\/kristall.ee\/wp-content\/uploads\/2025\/12\/6KB873301199_Globus.jpg","type":"image\/jpeg"}],"twitter_card":"summary_large_image","twitter_misc":{"Est. reading time":"1 minute"},"schema":{"@context":"https:\/\/schema.org","@graph":[{"@type":"WebPage","@id":"https:\/\/kristall.ee\/toode\/kauss-madal-globus-33cm\/","url":"https:\/\/kristall.ee\/toode\/kauss-madal-globus-33cm\/","name":"Kauss (madal) - Globus 33cm. - Karlev O\u00dc","isPartOf":{"@id":"https:\/\/kristall.ee\/ru\/#website"},"primaryImageOfPage":{"@id":"https:\/\/kristall.ee\/toode\/kauss-madal-globus-33cm\/#primaryimage"},"image":{"@id":"https:\/\/kristall.ee\/toode\/kauss-madal-globus-33cm\/#primaryimage"},"thumbnailUrl":"https:\/\/kristall.ee\/wp-content\/uploads\/2025\/12\/6KB873301199_Globus.jpg","datePublished":"2025-12-02T12:47:23+00:00","dateModified":"2026-04-09T21:35:37+00:00","breadcrumb":{"@id":"https:\/\/kristall.ee\/toode\/kauss-madal-globus-33cm\/#breadcrumb"},"inLanguage":"en-US","potentialAction":[{"@type":"ReadAction","target":["https:\/\/kristall.ee\/toode\/kauss-madal-globus-33cm\/"]}]},{"@type":"ImageObject","inLanguage":"en-US","@id":"https:\/\/kristall.ee\/toode\/kauss-madal-globus-33cm\/#primaryimage","url":"https:\/\/kristall.ee\/wp-content\/uploads\/2025\/12\/6KB873301199_Globus.jpg","contentUrl":"https:\/\/kristall.ee\/wp-content\/uploads\/2025\/12\/6KB873301199_Globus.jpg","width":600,"height":600},{"@type":"BreadcrumbList","@id":"https:\/\/kristall.ee\/toode\/kauss-madal-globus-33cm\/#breadcrumb","itemListElement":[{"@type":"ListItem","position":1,"name":"Home","item":"https:\/\/kristall.ee\/en\/avaleht\/"},{"@type":"ListItem","position":2,"name":"E-Shop","item":"https:\/\/kristall.ee\/en\/shop\/"},{"@type":"ListItem","position":3,"name":"Kauss (madal) &#8211; Globus 33cm."}]},{"@type":"WebSite","@id":"https:\/\/kristall.ee\/ru\/#website","url":"https:\/\/kristall.ee\/ru\/","name":"Karlev O\u00dc - Iga p\u00e4ev on t\u00e4htp\u00e4ev","description":"Iga p\u00e4ev on t\u00e4htp\u00e4ev!","publisher":{"@id":"https:\/\/kristall.ee\/ru\/#organization"},"potentialAction":[{"@type":"SearchAction","target":{"@type":"EntryPoint","urlTemplate":"https:\/\/kristall.ee\/ru\/?s={search_term_string}"},"query-input":{"@type":"PropertyValueSpecification","valueRequired":true,"valueName":"search_term_string"}}],"inLanguage":"en-US"},{"@type":"Organization","@id":"https:\/\/kristall.ee\/ru\/#organization","name":"Karlev O\u00dc","url":"https:\/\/kristall.ee\/ru\/","logo":{"@type":"ImageObject","inLanguage":"en-US","@id":"https:\/\/kristall.ee\/ru\/#\/schema\/logo\/image\/","url":"https:\/\/kristall.ee\/wp-content\/uploads\/2025\/01\/Karlev-anno2_LOGO-04.webp","contentUrl":"https:\/\/kristall.ee\/wp-content\/uploads\/2025\/01\/Karlev-anno2_LOGO-04.webp","width":767,"height":337,"caption":"Karlev O\u00dc"},"image":{"@id":"https:\/\/kristall.ee\/ru\/#\/schema\/logo\/image\/"}}]}},"_links":{"self":[{"href":"https:\/\/kristall.ee\/en\/wp-json\/wp\/v2\/product\/58479","targetHints":{"allow":["GET"]}}],"collection":[{"href":"https:\/\/kristall.ee\/en\/wp-json\/wp\/v2\/product"}],"about":[{"href":"https:\/\/kristall.ee\/en\/wp-json\/wp\/v2\/types\/product"}],"wp:featuredmedia":[{"embeddable":true,"href":"https:\/\/kristall.ee\/en\/wp-json\/wp\/v2\/media\/58480"}],"wp:attachment":[{"href":"https:\/\/kristall.ee\/en\/wp-json\/wp\/v2\/media?parent=58479"}],"wp:term":[{"taxonomy":"product_brand","embeddable":true,"href":"https:\/\/kristall.ee\/en\/wp-json\/wp\/v2\/product_brand?post=58479"},{"taxonomy":"product_cat","embeddable":true,"href":"https:\/\/kristall.ee\/en\/wp-json\/wp\/v2\/product_cat?post=58479"},{"taxonomy":"product_tag","embeddable":true,"href":"https:\/\/kristall.ee\/en\/wp-json\/wp\/v2\/product_tag?post=58479"}],"curies":[{"name":"wp","href":"https:\/\/api.w.org\/{rel}","templated":true}]}}