{"id":58424,"date":"2025-12-01T11:28:18","date_gmt":"2025-12-01T11:28:18","guid":{"rendered":"https:\/\/kristall.ee\/?post_type=product&#038;p=58424"},"modified":"2026-04-06T16:20:44","modified_gmt":"2026-04-06T16:20:44","slug":"toos-lepatriinudega","status":"publish","type":"product","link":"https:\/\/kristall.ee\/en\/toode\/toos-lepatriinudega\/","title":{"rendered":"Toos &#8211; lepatriinudega"},"content":{"rendered":"<p>Itaalia<\/p>\n<p>Pierre Cardin<\/p>\n<p>Valmistatud: klaasist h\u00f5beda detailidega.<\/p>\n<p>Toosi suurus: diam.: 6cm. x h = 6,5cm.<\/p>\n<p>Hind kehtib \u00fchele (1) toosile karbis.<\/p>\n<p>Sobib suurep\u00e4raselt v\u00e4iksemaks ehete toosiks.<\/p>\n","protected":false},"excerpt":{"rendered":"<p>Itaalia Pierre Cardin Valmistatud: klaasist h\u00f5beda detailidega. Toosi suurus: diam.: 6cm. x h = 6,5cm. Hind kehtib \u00fchele (1) toosile karbis. Sobib suurep\u00e4raselt v\u00e4iksemaks ehete toosiks.<\/p>\n","protected":false},"featured_media":58425,"menu_order":16,"template":"","meta":{"_acf_changed":false},"product_brand":[],"product_cat":[6566,5924,5779],"product_tag":[],"class_list":{"0":"post-58424","1":"product","2":"type-product","3":"status-publish","4":"has-post-thumbnail","6":"product_cat-outlet-koju","7":"product_cat-lauanoud-toosid","8":"product_cat-kingitused-aksessuaarid","9":"product_shipping_class-purunev","11":"first","12":"instock","13":"sale","14":"taxable","15":"shipping-taxable","16":"purchasable","17":"product-type-simple"},"acf":[],"yoast_head":"<!-- This site is optimized with the Yoast SEO plugin v26.6 - https:\/\/yoast.com\/wordpress\/plugins\/seo\/ -->\n<title>Toos - lepatriinudega - Karlev O\u00dc<\/title>\n<meta name=\"robots\" content=\"index, follow, max-snippet:-1, max-image-preview:large, max-video-preview:-1\" \/>\n<link rel=\"canonical\" href=\"https:\/\/kristall.ee\/toode\/toos-lepatriinudega\/\" \/>\n<meta property=\"og:locale\" content=\"en_US\" \/>\n<meta property=\"og:type\" content=\"article\" \/>\n<meta property=\"og:title\" content=\"Toos - lepatriinudega - Karlev O\u00dc\" \/>\n<meta property=\"og:description\" content=\"Itaalia Pierre Cardin Valmistatud: klaasist h\u00f5beda detailidega. Toosi suurus: diam.: 6cm. x h = 6,5cm. Hind kehtib \u00fchele (1) toosile karbis. Sobib suurep\u00e4raselt v\u00e4iksemaks ehete toosiks.\" \/>\n<meta property=\"og:url\" content=\"https:\/\/kristall.ee\/toode\/toos-lepatriinudega\/\" \/>\n<meta property=\"og:site_name\" content=\"Karlev O\u00dc\" \/>\n<meta property=\"article:modified_time\" content=\"2026-04-06T16:20:44+00:00\" \/>\n<meta property=\"og:image\" content=\"https:\/\/kristall.ee\/wp-content\/uploads\/2025\/12\/7_toos.jpg\" \/>\n\t<meta property=\"og:image:width\" content=\"600\" \/>\n\t<meta property=\"og:image:height\" content=\"600\" \/>\n\t<meta property=\"og:image:type\" content=\"image\/jpeg\" \/>\n<meta name=\"twitter:card\" content=\"summary_large_image\" \/>\n<meta name=\"twitter:label1\" content=\"Est. reading time\" \/>\n\t<meta name=\"twitter:data1\" content=\"1 minute\" \/>\n<script type=\"application\/ld+json\" class=\"yoast-schema-graph\">{\"@context\":\"https:\/\/schema.org\",\"@graph\":[{\"@type\":\"WebPage\",\"@id\":\"https:\/\/kristall.ee\/toode\/toos-lepatriinudega\/\",\"url\":\"https:\/\/kristall.ee\/toode\/toos-lepatriinudega\/\",\"name\":\"Toos - lepatriinudega - Karlev O\u00dc\",\"isPartOf\":{\"@id\":\"https:\/\/kristall.ee\/ru\/#website\"},\"primaryImageOfPage\":{\"@id\":\"https:\/\/kristall.ee\/toode\/toos-lepatriinudega\/#primaryimage\"},\"image\":{\"@id\":\"https:\/\/kristall.ee\/toode\/toos-lepatriinudega\/#primaryimage\"},\"thumbnailUrl\":\"https:\/\/kristall.ee\/wp-content\/uploads\/2025\/12\/7_toos.jpg\",\"datePublished\":\"2025-12-01T11:28:18+00:00\",\"dateModified\":\"2026-04-06T16:20:44+00:00\",\"breadcrumb\":{\"@id\":\"https:\/\/kristall.ee\/toode\/toos-lepatriinudega\/#breadcrumb\"},\"inLanguage\":\"en-US\",\"potentialAction\":[{\"@type\":\"ReadAction\",\"target\":[\"https:\/\/kristall.ee\/toode\/toos-lepatriinudega\/\"]}]},{\"@type\":\"ImageObject\",\"inLanguage\":\"en-US\",\"@id\":\"https:\/\/kristall.ee\/toode\/toos-lepatriinudega\/#primaryimage\",\"url\":\"https:\/\/kristall.ee\/wp-content\/uploads\/2025\/12\/7_toos.jpg\",\"contentUrl\":\"https:\/\/kristall.ee\/wp-content\/uploads\/2025\/12\/7_toos.jpg\",\"width\":600,\"height\":600},{\"@type\":\"BreadcrumbList\",\"@id\":\"https:\/\/kristall.ee\/toode\/toos-lepatriinudega\/#breadcrumb\",\"itemListElement\":[{\"@type\":\"ListItem\",\"position\":1,\"name\":\"Home\",\"item\":\"https:\/\/kristall.ee\/en\/avaleht\/\"},{\"@type\":\"ListItem\",\"position\":2,\"name\":\"E-Shop\",\"item\":\"https:\/\/kristall.ee\/en\/shop\/\"},{\"@type\":\"ListItem\",\"position\":3,\"name\":\"Toos &#8211; lepatriinudega\"}]},{\"@type\":\"WebSite\",\"@id\":\"https:\/\/kristall.ee\/ru\/#website\",\"url\":\"https:\/\/kristall.ee\/ru\/\",\"name\":\"Karlev O\u00dc - Iga p\u00e4ev on t\u00e4htp\u00e4ev\",\"description\":\"Iga p\u00e4ev on t\u00e4htp\u00e4ev!\",\"publisher\":{\"@id\":\"https:\/\/kristall.ee\/ru\/#organization\"},\"potentialAction\":[{\"@type\":\"SearchAction\",\"target\":{\"@type\":\"EntryPoint\",\"urlTemplate\":\"https:\/\/kristall.ee\/ru\/?s={search_term_string}\"},\"query-input\":{\"@type\":\"PropertyValueSpecification\",\"valueRequired\":true,\"valueName\":\"search_term_string\"}}],\"inLanguage\":\"en-US\"},{\"@type\":\"Organization\",\"@id\":\"https:\/\/kristall.ee\/ru\/#organization\",\"name\":\"Karlev O\u00dc\",\"url\":\"https:\/\/kristall.ee\/ru\/\",\"logo\":{\"@type\":\"ImageObject\",\"inLanguage\":\"en-US\",\"@id\":\"https:\/\/kristall.ee\/ru\/#\/schema\/logo\/image\/\",\"url\":\"https:\/\/kristall.ee\/wp-content\/uploads\/2025\/01\/Karlev-anno2_LOGO-04.webp\",\"contentUrl\":\"https:\/\/kristall.ee\/wp-content\/uploads\/2025\/01\/Karlev-anno2_LOGO-04.webp\",\"width\":767,\"height\":337,\"caption\":\"Karlev O\u00dc\"},\"image\":{\"@id\":\"https:\/\/kristall.ee\/ru\/#\/schema\/logo\/image\/\"}}]}<\/script>\n<!-- \/ Yoast SEO plugin. -->","yoast_head_json":{"title":"Toos - lepatriinudega - Karlev O\u00dc","robots":{"index":"index","follow":"follow","max-snippet":"max-snippet:-1","max-image-preview":"max-image-preview:large","max-video-preview":"max-video-preview:-1"},"canonical":"https:\/\/kristall.ee\/toode\/toos-lepatriinudega\/","og_locale":"en_US","og_type":"article","og_title":"Toos - lepatriinudega - Karlev O\u00dc","og_description":"Itaalia Pierre Cardin Valmistatud: klaasist h\u00f5beda detailidega. Toosi suurus: diam.: 6cm. x h = 6,5cm. Hind kehtib \u00fchele (1) toosile karbis. Sobib suurep\u00e4raselt v\u00e4iksemaks ehete toosiks.","og_url":"https:\/\/kristall.ee\/toode\/toos-lepatriinudega\/","og_site_name":"Karlev O\u00dc","article_modified_time":"2026-04-06T16:20:44+00:00","og_image":[{"width":600,"height":600,"url":"https:\/\/kristall.ee\/wp-content\/uploads\/2025\/12\/7_toos.jpg","type":"image\/jpeg"}],"twitter_card":"summary_large_image","twitter_misc":{"Est. reading time":"1 minute"},"schema":{"@context":"https:\/\/schema.org","@graph":[{"@type":"WebPage","@id":"https:\/\/kristall.ee\/toode\/toos-lepatriinudega\/","url":"https:\/\/kristall.ee\/toode\/toos-lepatriinudega\/","name":"Toos - lepatriinudega - Karlev O\u00dc","isPartOf":{"@id":"https:\/\/kristall.ee\/ru\/#website"},"primaryImageOfPage":{"@id":"https:\/\/kristall.ee\/toode\/toos-lepatriinudega\/#primaryimage"},"image":{"@id":"https:\/\/kristall.ee\/toode\/toos-lepatriinudega\/#primaryimage"},"thumbnailUrl":"https:\/\/kristall.ee\/wp-content\/uploads\/2025\/12\/7_toos.jpg","datePublished":"2025-12-01T11:28:18+00:00","dateModified":"2026-04-06T16:20:44+00:00","breadcrumb":{"@id":"https:\/\/kristall.ee\/toode\/toos-lepatriinudega\/#breadcrumb"},"inLanguage":"en-US","potentialAction":[{"@type":"ReadAction","target":["https:\/\/kristall.ee\/toode\/toos-lepatriinudega\/"]}]},{"@type":"ImageObject","inLanguage":"en-US","@id":"https:\/\/kristall.ee\/toode\/toos-lepatriinudega\/#primaryimage","url":"https:\/\/kristall.ee\/wp-content\/uploads\/2025\/12\/7_toos.jpg","contentUrl":"https:\/\/kristall.ee\/wp-content\/uploads\/2025\/12\/7_toos.jpg","width":600,"height":600},{"@type":"BreadcrumbList","@id":"https:\/\/kristall.ee\/toode\/toos-lepatriinudega\/#breadcrumb","itemListElement":[{"@type":"ListItem","position":1,"name":"Home","item":"https:\/\/kristall.ee\/en\/avaleht\/"},{"@type":"ListItem","position":2,"name":"E-Shop","item":"https:\/\/kristall.ee\/en\/shop\/"},{"@type":"ListItem","position":3,"name":"Toos &#8211; lepatriinudega"}]},{"@type":"WebSite","@id":"https:\/\/kristall.ee\/ru\/#website","url":"https:\/\/kristall.ee\/ru\/","name":"Karlev O\u00dc - Iga p\u00e4ev on t\u00e4htp\u00e4ev","description":"Iga p\u00e4ev on t\u00e4htp\u00e4ev!","publisher":{"@id":"https:\/\/kristall.ee\/ru\/#organization"},"potentialAction":[{"@type":"SearchAction","target":{"@type":"EntryPoint","urlTemplate":"https:\/\/kristall.ee\/ru\/?s={search_term_string}"},"query-input":{"@type":"PropertyValueSpecification","valueRequired":true,"valueName":"search_term_string"}}],"inLanguage":"en-US"},{"@type":"Organization","@id":"https:\/\/kristall.ee\/ru\/#organization","name":"Karlev O\u00dc","url":"https:\/\/kristall.ee\/ru\/","logo":{"@type":"ImageObject","inLanguage":"en-US","@id":"https:\/\/kristall.ee\/ru\/#\/schema\/logo\/image\/","url":"https:\/\/kristall.ee\/wp-content\/uploads\/2025\/01\/Karlev-anno2_LOGO-04.webp","contentUrl":"https:\/\/kristall.ee\/wp-content\/uploads\/2025\/01\/Karlev-anno2_LOGO-04.webp","width":767,"height":337,"caption":"Karlev O\u00dc"},"image":{"@id":"https:\/\/kristall.ee\/ru\/#\/schema\/logo\/image\/"}}]}},"_links":{"self":[{"href":"https:\/\/kristall.ee\/en\/wp-json\/wp\/v2\/product\/58424","targetHints":{"allow":["GET"]}}],"collection":[{"href":"https:\/\/kristall.ee\/en\/wp-json\/wp\/v2\/product"}],"about":[{"href":"https:\/\/kristall.ee\/en\/wp-json\/wp\/v2\/types\/product"}],"wp:featuredmedia":[{"embeddable":true,"href":"https:\/\/kristall.ee\/en\/wp-json\/wp\/v2\/media\/58425"}],"wp:attachment":[{"href":"https:\/\/kristall.ee\/en\/wp-json\/wp\/v2\/media?parent=58424"}],"wp:term":[{"taxonomy":"product_brand","embeddable":true,"href":"https:\/\/kristall.ee\/en\/wp-json\/wp\/v2\/product_brand?post=58424"},{"taxonomy":"product_cat","embeddable":true,"href":"https:\/\/kristall.ee\/en\/wp-json\/wp\/v2\/product_cat?post=58424"},{"taxonomy":"product_tag","embeddable":true,"href":"https:\/\/kristall.ee\/en\/wp-json\/wp\/v2\/product_tag?post=58424"}],"curies":[{"name":"wp","href":"https:\/\/api.w.org\/{rel}","templated":true}]}}