{"id":58147,"date":"2025-11-19T12:55:23","date_gmt":"2025-11-19T12:55:23","guid":{"rendered":"https:\/\/kristall.ee\/?post_type=product&#038;p=58147"},"modified":"2026-04-06T16:05:16","modified_gmt":"2026-04-06T16:05:16","slug":"pross-pebble-sinine-hobe-voi-kuld-ja-hobe-magnetiga","status":"publish","type":"product","link":"https:\/\/kristall.ee\/en\/toode\/pross-pebble-sinine-hobe-voi-kuld-ja-hobe-magnetiga\/","title":{"rendered":"Pross &#8211; Pebble (sinine h\u00f5be v\u00f5i kuld ja h\u00f5be) magnetiga"},"content":{"rendered":"<p>Inglismaa<\/p>\n<p>Pross kinnitub riietele MAGNETIGA!!!<br \/>\nKaunistatud kristallidega.<br \/>\nProssi suurus: diam.: 4,7 cm.<\/p>\n<p>HIND KEHTIB \u00dcHELE (1) PROSSILE kinke karbis!!!<\/p>\n<p>Ise valid kas h\u00f5beda ja sinisega v\u00f5i kulla ja h\u00f5beda\u00a0 tooni.<br \/>\nSobib suurep\u00e4raselt siidist riietele kuna kinnitub magnetiga ja ei l\u00f5hu kangast.<br \/>\nSamas sobib ka k\u00f5ikidele teistel kanagastele ja kudumitele.<\/p>\n","protected":false},"excerpt":{"rendered":"<p>Inglismaa Pross kinnitub riietele MAGNETIGA!!! Kaunistatud kristallidega. Prossi suurus: diam.: 4,7 cm. HIND KEHTIB \u00dcHELE (1) PROSSILE kinke karbis!!! Ise valid kas h\u00f5beda ja sinisega v\u00f5i kulla ja h\u00f5beda\u00a0 tooni. Sobib suurep\u00e4raselt siidist riietele kuna kinnitub magnetiga ja ei l\u00f5hu kangast. Samas sobib ka k\u00f5ikidele teistel kanagastele ja kudumitele.<\/p>\n","protected":false},"featured_media":58148,"menu_order":27,"template":"","meta":{"_acf_changed":false},"product_brand":[],"product_cat":[5831,6278],"product_tag":[],"class_list":{"0":"post-58147","1":"product","2":"type-product","3":"status-publish","4":"has-post-thumbnail","6":"product_cat-moeehted-prossid","7":"product_cat-varsti-kohal-2025-detsember","8":"product_shipping_class-standard","10":"first","11":"outofstock","12":"taxable","13":"shipping-taxable","14":"purchasable","15":"product-type-simple"},"acf":[],"yoast_head":"<!-- This site is optimized with the Yoast SEO plugin v26.6 - https:\/\/yoast.com\/wordpress\/plugins\/seo\/ -->\n<title>Pross - Pebble (sinine h\u00f5be v\u00f5i kuld ja h\u00f5be) magnetiga - Karlev O\u00dc<\/title>\n<meta name=\"robots\" content=\"index, follow, max-snippet:-1, max-image-preview:large, max-video-preview:-1\" \/>\n<link rel=\"canonical\" href=\"https:\/\/kristall.ee\/toode\/pross-pebble-sinine-hobe-voi-kuld-ja-hobe-magnetiga\/\" \/>\n<meta property=\"og:locale\" content=\"en_US\" \/>\n<meta property=\"og:type\" content=\"article\" \/>\n<meta property=\"og:title\" content=\"Pross - Pebble (sinine h\u00f5be v\u00f5i kuld ja h\u00f5be) magnetiga - Karlev O\u00dc\" \/>\n<meta property=\"og:description\" content=\"Inglismaa Pross kinnitub riietele MAGNETIGA!!! Kaunistatud kristallidega. Prossi suurus: diam.: 4,7 cm. HIND KEHTIB \u00dcHELE (1) PROSSILE kinke karbis!!! Ise valid kas h\u00f5beda ja sinisega v\u00f5i kulla ja h\u00f5beda\u00a0 tooni. Sobib suurep\u00e4raselt siidist riietele kuna kinnitub magnetiga ja ei l\u00f5hu kangast. Samas sobib ka k\u00f5ikidele teistel kanagastele ja kudumitele.\" \/>\n<meta property=\"og:url\" content=\"https:\/\/kristall.ee\/toode\/pross-pebble-sinine-hobe-voi-kuld-ja-hobe-magnetiga\/\" \/>\n<meta property=\"og:site_name\" content=\"Karlev O\u00dc\" \/>\n<meta property=\"article:modified_time\" content=\"2026-04-06T16:05:16+00:00\" \/>\n<meta property=\"og:image\" content=\"https:\/\/kristall.ee\/wp-content\/uploads\/2025\/11\/JD359515.jpg\" \/>\n\t<meta property=\"og:image:width\" content=\"600\" \/>\n\t<meta property=\"og:image:height\" content=\"600\" \/>\n\t<meta property=\"og:image:type\" content=\"image\/jpeg\" \/>\n<meta name=\"twitter:card\" content=\"summary_large_image\" \/>\n<meta name=\"twitter:label1\" content=\"Est. reading time\" \/>\n\t<meta name=\"twitter:data1\" content=\"1 minute\" \/>\n<script type=\"application\/ld+json\" class=\"yoast-schema-graph\">{\"@context\":\"https:\/\/schema.org\",\"@graph\":[{\"@type\":\"WebPage\",\"@id\":\"https:\/\/kristall.ee\/toode\/pross-pebble-sinine-hobe-voi-kuld-ja-hobe-magnetiga\/\",\"url\":\"https:\/\/kristall.ee\/toode\/pross-pebble-sinine-hobe-voi-kuld-ja-hobe-magnetiga\/\",\"name\":\"Pross - Pebble (sinine h\u00f5be v\u00f5i kuld ja h\u00f5be) magnetiga - Karlev O\u00dc\",\"isPartOf\":{\"@id\":\"https:\/\/kristall.ee\/ru\/#website\"},\"primaryImageOfPage\":{\"@id\":\"https:\/\/kristall.ee\/toode\/pross-pebble-sinine-hobe-voi-kuld-ja-hobe-magnetiga\/#primaryimage\"},\"image\":{\"@id\":\"https:\/\/kristall.ee\/toode\/pross-pebble-sinine-hobe-voi-kuld-ja-hobe-magnetiga\/#primaryimage\"},\"thumbnailUrl\":\"https:\/\/kristall.ee\/wp-content\/uploads\/2025\/11\/JD359515.jpg\",\"datePublished\":\"2025-11-19T12:55:23+00:00\",\"dateModified\":\"2026-04-06T16:05:16+00:00\",\"breadcrumb\":{\"@id\":\"https:\/\/kristall.ee\/toode\/pross-pebble-sinine-hobe-voi-kuld-ja-hobe-magnetiga\/#breadcrumb\"},\"inLanguage\":\"en-US\",\"potentialAction\":[{\"@type\":\"ReadAction\",\"target\":[\"https:\/\/kristall.ee\/toode\/pross-pebble-sinine-hobe-voi-kuld-ja-hobe-magnetiga\/\"]}]},{\"@type\":\"ImageObject\",\"inLanguage\":\"en-US\",\"@id\":\"https:\/\/kristall.ee\/toode\/pross-pebble-sinine-hobe-voi-kuld-ja-hobe-magnetiga\/#primaryimage\",\"url\":\"https:\/\/kristall.ee\/wp-content\/uploads\/2025\/11\/JD359515.jpg\",\"contentUrl\":\"https:\/\/kristall.ee\/wp-content\/uploads\/2025\/11\/JD359515.jpg\",\"width\":600,\"height\":600},{\"@type\":\"BreadcrumbList\",\"@id\":\"https:\/\/kristall.ee\/toode\/pross-pebble-sinine-hobe-voi-kuld-ja-hobe-magnetiga\/#breadcrumb\",\"itemListElement\":[{\"@type\":\"ListItem\",\"position\":1,\"name\":\"Home\",\"item\":\"https:\/\/kristall.ee\/en\/avaleht\/\"},{\"@type\":\"ListItem\",\"position\":2,\"name\":\"E-Shop\",\"item\":\"https:\/\/kristall.ee\/en\/shop\/\"},{\"@type\":\"ListItem\",\"position\":3,\"name\":\"Pross &#8211; Pebble (sinine h\u00f5be v\u00f5i kuld ja h\u00f5be) magnetiga\"}]},{\"@type\":\"WebSite\",\"@id\":\"https:\/\/kristall.ee\/ru\/#website\",\"url\":\"https:\/\/kristall.ee\/ru\/\",\"name\":\"Karlev O\u00dc - Iga p\u00e4ev on t\u00e4htp\u00e4ev\",\"description\":\"Iga p\u00e4ev on t\u00e4htp\u00e4ev!\",\"publisher\":{\"@id\":\"https:\/\/kristall.ee\/ru\/#organization\"},\"potentialAction\":[{\"@type\":\"SearchAction\",\"target\":{\"@type\":\"EntryPoint\",\"urlTemplate\":\"https:\/\/kristall.ee\/ru\/?s={search_term_string}\"},\"query-input\":{\"@type\":\"PropertyValueSpecification\",\"valueRequired\":true,\"valueName\":\"search_term_string\"}}],\"inLanguage\":\"en-US\"},{\"@type\":\"Organization\",\"@id\":\"https:\/\/kristall.ee\/ru\/#organization\",\"name\":\"Karlev O\u00dc\",\"url\":\"https:\/\/kristall.ee\/ru\/\",\"logo\":{\"@type\":\"ImageObject\",\"inLanguage\":\"en-US\",\"@id\":\"https:\/\/kristall.ee\/ru\/#\/schema\/logo\/image\/\",\"url\":\"https:\/\/kristall.ee\/wp-content\/uploads\/2025\/01\/Karlev-anno2_LOGO-04.webp\",\"contentUrl\":\"https:\/\/kristall.ee\/wp-content\/uploads\/2025\/01\/Karlev-anno2_LOGO-04.webp\",\"width\":767,\"height\":337,\"caption\":\"Karlev O\u00dc\"},\"image\":{\"@id\":\"https:\/\/kristall.ee\/ru\/#\/schema\/logo\/image\/\"}}]}<\/script>\n<!-- \/ Yoast SEO plugin. -->","yoast_head_json":{"title":"Pross - Pebble (sinine h\u00f5be v\u00f5i kuld ja h\u00f5be) magnetiga - Karlev O\u00dc","robots":{"index":"index","follow":"follow","max-snippet":"max-snippet:-1","max-image-preview":"max-image-preview:large","max-video-preview":"max-video-preview:-1"},"canonical":"https:\/\/kristall.ee\/toode\/pross-pebble-sinine-hobe-voi-kuld-ja-hobe-magnetiga\/","og_locale":"en_US","og_type":"article","og_title":"Pross - Pebble (sinine h\u00f5be v\u00f5i kuld ja h\u00f5be) magnetiga - Karlev O\u00dc","og_description":"Inglismaa Pross kinnitub riietele MAGNETIGA!!! Kaunistatud kristallidega. Prossi suurus: diam.: 4,7 cm. HIND KEHTIB \u00dcHELE (1) PROSSILE kinke karbis!!! Ise valid kas h\u00f5beda ja sinisega v\u00f5i kulla ja h\u00f5beda\u00a0 tooni. Sobib suurep\u00e4raselt siidist riietele kuna kinnitub magnetiga ja ei l\u00f5hu kangast. Samas sobib ka k\u00f5ikidele teistel kanagastele ja kudumitele.","og_url":"https:\/\/kristall.ee\/toode\/pross-pebble-sinine-hobe-voi-kuld-ja-hobe-magnetiga\/","og_site_name":"Karlev O\u00dc","article_modified_time":"2026-04-06T16:05:16+00:00","og_image":[{"width":600,"height":600,"url":"https:\/\/kristall.ee\/wp-content\/uploads\/2025\/11\/JD359515.jpg","type":"image\/jpeg"}],"twitter_card":"summary_large_image","twitter_misc":{"Est. reading time":"1 minute"},"schema":{"@context":"https:\/\/schema.org","@graph":[{"@type":"WebPage","@id":"https:\/\/kristall.ee\/toode\/pross-pebble-sinine-hobe-voi-kuld-ja-hobe-magnetiga\/","url":"https:\/\/kristall.ee\/toode\/pross-pebble-sinine-hobe-voi-kuld-ja-hobe-magnetiga\/","name":"Pross - Pebble (sinine h\u00f5be v\u00f5i kuld ja h\u00f5be) magnetiga - Karlev O\u00dc","isPartOf":{"@id":"https:\/\/kristall.ee\/ru\/#website"},"primaryImageOfPage":{"@id":"https:\/\/kristall.ee\/toode\/pross-pebble-sinine-hobe-voi-kuld-ja-hobe-magnetiga\/#primaryimage"},"image":{"@id":"https:\/\/kristall.ee\/toode\/pross-pebble-sinine-hobe-voi-kuld-ja-hobe-magnetiga\/#primaryimage"},"thumbnailUrl":"https:\/\/kristall.ee\/wp-content\/uploads\/2025\/11\/JD359515.jpg","datePublished":"2025-11-19T12:55:23+00:00","dateModified":"2026-04-06T16:05:16+00:00","breadcrumb":{"@id":"https:\/\/kristall.ee\/toode\/pross-pebble-sinine-hobe-voi-kuld-ja-hobe-magnetiga\/#breadcrumb"},"inLanguage":"en-US","potentialAction":[{"@type":"ReadAction","target":["https:\/\/kristall.ee\/toode\/pross-pebble-sinine-hobe-voi-kuld-ja-hobe-magnetiga\/"]}]},{"@type":"ImageObject","inLanguage":"en-US","@id":"https:\/\/kristall.ee\/toode\/pross-pebble-sinine-hobe-voi-kuld-ja-hobe-magnetiga\/#primaryimage","url":"https:\/\/kristall.ee\/wp-content\/uploads\/2025\/11\/JD359515.jpg","contentUrl":"https:\/\/kristall.ee\/wp-content\/uploads\/2025\/11\/JD359515.jpg","width":600,"height":600},{"@type":"BreadcrumbList","@id":"https:\/\/kristall.ee\/toode\/pross-pebble-sinine-hobe-voi-kuld-ja-hobe-magnetiga\/#breadcrumb","itemListElement":[{"@type":"ListItem","position":1,"name":"Home","item":"https:\/\/kristall.ee\/en\/avaleht\/"},{"@type":"ListItem","position":2,"name":"E-Shop","item":"https:\/\/kristall.ee\/en\/shop\/"},{"@type":"ListItem","position":3,"name":"Pross &#8211; Pebble (sinine h\u00f5be v\u00f5i kuld ja h\u00f5be) magnetiga"}]},{"@type":"WebSite","@id":"https:\/\/kristall.ee\/ru\/#website","url":"https:\/\/kristall.ee\/ru\/","name":"Karlev O\u00dc - Iga p\u00e4ev on t\u00e4htp\u00e4ev","description":"Iga p\u00e4ev on t\u00e4htp\u00e4ev!","publisher":{"@id":"https:\/\/kristall.ee\/ru\/#organization"},"potentialAction":[{"@type":"SearchAction","target":{"@type":"EntryPoint","urlTemplate":"https:\/\/kristall.ee\/ru\/?s={search_term_string}"},"query-input":{"@type":"PropertyValueSpecification","valueRequired":true,"valueName":"search_term_string"}}],"inLanguage":"en-US"},{"@type":"Organization","@id":"https:\/\/kristall.ee\/ru\/#organization","name":"Karlev O\u00dc","url":"https:\/\/kristall.ee\/ru\/","logo":{"@type":"ImageObject","inLanguage":"en-US","@id":"https:\/\/kristall.ee\/ru\/#\/schema\/logo\/image\/","url":"https:\/\/kristall.ee\/wp-content\/uploads\/2025\/01\/Karlev-anno2_LOGO-04.webp","contentUrl":"https:\/\/kristall.ee\/wp-content\/uploads\/2025\/01\/Karlev-anno2_LOGO-04.webp","width":767,"height":337,"caption":"Karlev O\u00dc"},"image":{"@id":"https:\/\/kristall.ee\/ru\/#\/schema\/logo\/image\/"}}]}},"_links":{"self":[{"href":"https:\/\/kristall.ee\/en\/wp-json\/wp\/v2\/product\/58147","targetHints":{"allow":["GET"]}}],"collection":[{"href":"https:\/\/kristall.ee\/en\/wp-json\/wp\/v2\/product"}],"about":[{"href":"https:\/\/kristall.ee\/en\/wp-json\/wp\/v2\/types\/product"}],"wp:featuredmedia":[{"embeddable":true,"href":"https:\/\/kristall.ee\/en\/wp-json\/wp\/v2\/media\/58148"}],"wp:attachment":[{"href":"https:\/\/kristall.ee\/en\/wp-json\/wp\/v2\/media?parent=58147"}],"wp:term":[{"taxonomy":"product_brand","embeddable":true,"href":"https:\/\/kristall.ee\/en\/wp-json\/wp\/v2\/product_brand?post=58147"},{"taxonomy":"product_cat","embeddable":true,"href":"https:\/\/kristall.ee\/en\/wp-json\/wp\/v2\/product_cat?post=58147"},{"taxonomy":"product_tag","embeddable":true,"href":"https:\/\/kristall.ee\/en\/wp-json\/wp\/v2\/product_tag?post=58147"}],"curies":[{"name":"wp","href":"https:\/\/api.w.org\/{rel}","templated":true}]}}