{"id":58026,"date":"2025-10-19T16:16:09","date_gmt":"2025-10-19T16:16:09","guid":{"rendered":"https:\/\/kristall.ee\/toode\/porcelain-mug-urban-art-blond-200ml\/"},"modified":"2025-11-12T10:31:40","modified_gmt":"2025-11-12T10:31:40","slug":"porcelain-mug-urban-art-blond-200ml","status":"publish","type":"product","link":"https:\/\/kristall.ee\/en\/toode\/porcelain-mug-urban-art-blond-200ml\/","title":{"rendered":"Porcelain mug \u2013 Urban Art, Blond 200ml."},"content":{"rendered":"<p>Leonardo Collection<\/p>\n<p>England<\/p>\n<p>Porcelain mug. The picture is on both sides of the mug. <\/p>\n<p>Size of the mug: 200ml.<\/p>\n<p>The price is for one (1) porcelain mug in the giftbox.<\/p>\n<p>Can also be washed in the dishwasher and used in the microwave.<\/p>\n<p>Buy just this mug from the Urban Art collection or create a set with other mugs from the same series. It is a great gift for some &#8220;Atomic&#8221; Blond girl ;).<\/p>\n","protected":false},"excerpt":{"rendered":"<p>Leonardo Collection England Porcelain mug. The picture is on both sides of the mug. Size of the mug: 200ml. The price is for one (1) porcelain mug in the giftbox. Can also be washed in the dishwasher and used in the microwave. Buy just this mug from the Urban Art collection or create a set &#8230;<\/p>\n","protected":false},"featured_media":57524,"menu_order":73,"template":"","meta":{"_acf_changed":false},"product_brand":[],"product_cat":[5929],"product_tag":[],"class_list":{"0":"post-58026","1":"product","2":"type-product","3":"status-publish","4":"has-post-thumbnail","6":"product_cat-tableware-porcelain-mugs","7":"product_shipping_class-purunev","9":"first","10":"instock","11":"taxable","12":"shipping-taxable","13":"purchasable","14":"product-type-simple"},"acf":[],"yoast_head":"<!-- This site is optimized with the Yoast SEO plugin v26.6 - https:\/\/yoast.com\/wordpress\/plugins\/seo\/ -->\n<title>Porcelain mug \u2013 Urban Art, Blond 200ml. - Karlev O\u00dc<\/title>\n<meta name=\"robots\" content=\"index, follow, max-snippet:-1, max-image-preview:large, max-video-preview:-1\" \/>\n<link rel=\"canonical\" href=\"https:\/\/kristall.ee\/en\/toode\/porcelain-mug-urban-art-blond-200ml\/\" \/>\n<meta property=\"og:locale\" content=\"en_US\" \/>\n<meta property=\"og:type\" content=\"article\" \/>\n<meta property=\"og:title\" content=\"Porcelain mug \u2013 Urban Art, Blond 200ml. - Karlev O\u00dc\" \/>\n<meta property=\"og:description\" content=\"Leonardo Collection England Porcelain mug. The picture is on both sides of the mug. Size of the mug: 200ml. The price is for one (1) porcelain mug in the giftbox. Can also be washed in the dishwasher and used in the microwave. Buy just this mug from the Urban Art collection or create a set ...\" \/>\n<meta property=\"og:url\" content=\"https:\/\/kristall.ee\/en\/toode\/porcelain-mug-urban-art-blond-200ml\/\" \/>\n<meta property=\"og:site_name\" content=\"Karlev O\u00dc\" \/>\n<meta property=\"article:modified_time\" content=\"2025-11-12T10:31:40+00:00\" \/>\n<meta property=\"og:image\" content=\"https:\/\/kristall.ee\/wp-content\/uploads\/2025\/10\/96684.jpg\" \/>\n\t<meta property=\"og:image:width\" content=\"600\" \/>\n\t<meta property=\"og:image:height\" content=\"600\" \/>\n\t<meta property=\"og:image:type\" content=\"image\/jpeg\" \/>\n<meta name=\"twitter:card\" content=\"summary_large_image\" \/>\n<script type=\"application\/ld+json\" class=\"yoast-schema-graph\">{\"@context\":\"https:\/\/schema.org\",\"@graph\":[{\"@type\":\"WebPage\",\"@id\":\"https:\/\/kristall.ee\/en\/toode\/porcelain-mug-urban-art-blond-200ml\/\",\"url\":\"https:\/\/kristall.ee\/en\/toode\/porcelain-mug-urban-art-blond-200ml\/\",\"name\":\"Porcelain mug \u2013 Urban Art, Blond 200ml. - Karlev O\u00dc\",\"isPartOf\":{\"@id\":\"https:\/\/kristall.ee\/ru\/#website\"},\"primaryImageOfPage\":{\"@id\":\"https:\/\/kristall.ee\/en\/toode\/porcelain-mug-urban-art-blond-200ml\/#primaryimage\"},\"image\":{\"@id\":\"https:\/\/kristall.ee\/en\/toode\/porcelain-mug-urban-art-blond-200ml\/#primaryimage\"},\"thumbnailUrl\":\"https:\/\/kristall.ee\/wp-content\/uploads\/2025\/10\/96684.jpg\",\"datePublished\":\"2025-10-19T16:16:09+00:00\",\"dateModified\":\"2025-11-12T10:31:40+00:00\",\"breadcrumb\":{\"@id\":\"https:\/\/kristall.ee\/en\/toode\/porcelain-mug-urban-art-blond-200ml\/#breadcrumb\"},\"inLanguage\":\"en-US\",\"potentialAction\":[{\"@type\":\"ReadAction\",\"target\":[\"https:\/\/kristall.ee\/en\/toode\/porcelain-mug-urban-art-blond-200ml\/\"]}]},{\"@type\":\"ImageObject\",\"inLanguage\":\"en-US\",\"@id\":\"https:\/\/kristall.ee\/en\/toode\/porcelain-mug-urban-art-blond-200ml\/#primaryimage\",\"url\":\"https:\/\/kristall.ee\/wp-content\/uploads\/2025\/10\/96684.jpg\",\"contentUrl\":\"https:\/\/kristall.ee\/wp-content\/uploads\/2025\/10\/96684.jpg\",\"width\":600,\"height\":600},{\"@type\":\"BreadcrumbList\",\"@id\":\"https:\/\/kristall.ee\/en\/toode\/porcelain-mug-urban-art-blond-200ml\/#breadcrumb\",\"itemListElement\":[{\"@type\":\"ListItem\",\"position\":1,\"name\":\"Home\",\"item\":\"https:\/\/kristall.ee\/en\/avaleht\/\"},{\"@type\":\"ListItem\",\"position\":2,\"name\":\"E-Shop\",\"item\":\"https:\/\/kristall.ee\/en\/shop\/\"},{\"@type\":\"ListItem\",\"position\":3,\"name\":\"Porcelain mug \u2013 Urban Art, Blond 200ml.\"}]},{\"@type\":\"WebSite\",\"@id\":\"https:\/\/kristall.ee\/ru\/#website\",\"url\":\"https:\/\/kristall.ee\/ru\/\",\"name\":\"Karlev O\u00dc - Iga p\u00e4ev on t\u00e4htp\u00e4ev\",\"description\":\"Iga p\u00e4ev on t\u00e4htp\u00e4ev!\",\"publisher\":{\"@id\":\"https:\/\/kristall.ee\/ru\/#organization\"},\"potentialAction\":[{\"@type\":\"SearchAction\",\"target\":{\"@type\":\"EntryPoint\",\"urlTemplate\":\"https:\/\/kristall.ee\/ru\/?s={search_term_string}\"},\"query-input\":{\"@type\":\"PropertyValueSpecification\",\"valueRequired\":true,\"valueName\":\"search_term_string\"}}],\"inLanguage\":\"en-US\"},{\"@type\":\"Organization\",\"@id\":\"https:\/\/kristall.ee\/ru\/#organization\",\"name\":\"Karlev O\u00dc\",\"url\":\"https:\/\/kristall.ee\/ru\/\",\"logo\":{\"@type\":\"ImageObject\",\"inLanguage\":\"en-US\",\"@id\":\"https:\/\/kristall.ee\/ru\/#\/schema\/logo\/image\/\",\"url\":\"https:\/\/kristall.ee\/wp-content\/uploads\/2025\/01\/Karlev-anno2_LOGO-04.webp\",\"contentUrl\":\"https:\/\/kristall.ee\/wp-content\/uploads\/2025\/01\/Karlev-anno2_LOGO-04.webp\",\"width\":767,\"height\":337,\"caption\":\"Karlev O\u00dc\"},\"image\":{\"@id\":\"https:\/\/kristall.ee\/ru\/#\/schema\/logo\/image\/\"}}]}<\/script>\n<!-- \/ Yoast SEO plugin. -->","yoast_head_json":{"title":"Porcelain mug \u2013 Urban Art, Blond 200ml. - Karlev O\u00dc","robots":{"index":"index","follow":"follow","max-snippet":"max-snippet:-1","max-image-preview":"max-image-preview:large","max-video-preview":"max-video-preview:-1"},"canonical":"https:\/\/kristall.ee\/en\/toode\/porcelain-mug-urban-art-blond-200ml\/","og_locale":"en_US","og_type":"article","og_title":"Porcelain mug \u2013 Urban Art, Blond 200ml. - Karlev O\u00dc","og_description":"Leonardo Collection England Porcelain mug. The picture is on both sides of the mug. Size of the mug: 200ml. The price is for one (1) porcelain mug in the giftbox. Can also be washed in the dishwasher and used in the microwave. Buy just this mug from the Urban Art collection or create a set ...","og_url":"https:\/\/kristall.ee\/en\/toode\/porcelain-mug-urban-art-blond-200ml\/","og_site_name":"Karlev O\u00dc","article_modified_time":"2025-11-12T10:31:40+00:00","og_image":[{"width":600,"height":600,"url":"https:\/\/kristall.ee\/wp-content\/uploads\/2025\/10\/96684.jpg","type":"image\/jpeg"}],"twitter_card":"summary_large_image","schema":{"@context":"https:\/\/schema.org","@graph":[{"@type":"WebPage","@id":"https:\/\/kristall.ee\/en\/toode\/porcelain-mug-urban-art-blond-200ml\/","url":"https:\/\/kristall.ee\/en\/toode\/porcelain-mug-urban-art-blond-200ml\/","name":"Porcelain mug \u2013 Urban Art, Blond 200ml. - Karlev O\u00dc","isPartOf":{"@id":"https:\/\/kristall.ee\/ru\/#website"},"primaryImageOfPage":{"@id":"https:\/\/kristall.ee\/en\/toode\/porcelain-mug-urban-art-blond-200ml\/#primaryimage"},"image":{"@id":"https:\/\/kristall.ee\/en\/toode\/porcelain-mug-urban-art-blond-200ml\/#primaryimage"},"thumbnailUrl":"https:\/\/kristall.ee\/wp-content\/uploads\/2025\/10\/96684.jpg","datePublished":"2025-10-19T16:16:09+00:00","dateModified":"2025-11-12T10:31:40+00:00","breadcrumb":{"@id":"https:\/\/kristall.ee\/en\/toode\/porcelain-mug-urban-art-blond-200ml\/#breadcrumb"},"inLanguage":"en-US","potentialAction":[{"@type":"ReadAction","target":["https:\/\/kristall.ee\/en\/toode\/porcelain-mug-urban-art-blond-200ml\/"]}]},{"@type":"ImageObject","inLanguage":"en-US","@id":"https:\/\/kristall.ee\/en\/toode\/porcelain-mug-urban-art-blond-200ml\/#primaryimage","url":"https:\/\/kristall.ee\/wp-content\/uploads\/2025\/10\/96684.jpg","contentUrl":"https:\/\/kristall.ee\/wp-content\/uploads\/2025\/10\/96684.jpg","width":600,"height":600},{"@type":"BreadcrumbList","@id":"https:\/\/kristall.ee\/en\/toode\/porcelain-mug-urban-art-blond-200ml\/#breadcrumb","itemListElement":[{"@type":"ListItem","position":1,"name":"Home","item":"https:\/\/kristall.ee\/en\/avaleht\/"},{"@type":"ListItem","position":2,"name":"E-Shop","item":"https:\/\/kristall.ee\/en\/shop\/"},{"@type":"ListItem","position":3,"name":"Porcelain mug \u2013 Urban Art, Blond 200ml."}]},{"@type":"WebSite","@id":"https:\/\/kristall.ee\/ru\/#website","url":"https:\/\/kristall.ee\/ru\/","name":"Karlev O\u00dc - Iga p\u00e4ev on t\u00e4htp\u00e4ev","description":"Iga p\u00e4ev on t\u00e4htp\u00e4ev!","publisher":{"@id":"https:\/\/kristall.ee\/ru\/#organization"},"potentialAction":[{"@type":"SearchAction","target":{"@type":"EntryPoint","urlTemplate":"https:\/\/kristall.ee\/ru\/?s={search_term_string}"},"query-input":{"@type":"PropertyValueSpecification","valueRequired":true,"valueName":"search_term_string"}}],"inLanguage":"en-US"},{"@type":"Organization","@id":"https:\/\/kristall.ee\/ru\/#organization","name":"Karlev O\u00dc","url":"https:\/\/kristall.ee\/ru\/","logo":{"@type":"ImageObject","inLanguage":"en-US","@id":"https:\/\/kristall.ee\/ru\/#\/schema\/logo\/image\/","url":"https:\/\/kristall.ee\/wp-content\/uploads\/2025\/01\/Karlev-anno2_LOGO-04.webp","contentUrl":"https:\/\/kristall.ee\/wp-content\/uploads\/2025\/01\/Karlev-anno2_LOGO-04.webp","width":767,"height":337,"caption":"Karlev O\u00dc"},"image":{"@id":"https:\/\/kristall.ee\/ru\/#\/schema\/logo\/image\/"}}]}},"_links":{"self":[{"href":"https:\/\/kristall.ee\/en\/wp-json\/wp\/v2\/product\/58026","targetHints":{"allow":["GET"]}}],"collection":[{"href":"https:\/\/kristall.ee\/en\/wp-json\/wp\/v2\/product"}],"about":[{"href":"https:\/\/kristall.ee\/en\/wp-json\/wp\/v2\/types\/product"}],"wp:featuredmedia":[{"embeddable":true,"href":"https:\/\/kristall.ee\/en\/wp-json\/wp\/v2\/media\/57524"}],"wp:attachment":[{"href":"https:\/\/kristall.ee\/en\/wp-json\/wp\/v2\/media?parent=58026"}],"wp:term":[{"taxonomy":"product_brand","embeddable":true,"href":"https:\/\/kristall.ee\/en\/wp-json\/wp\/v2\/product_brand?post=58026"},{"taxonomy":"product_cat","embeddable":true,"href":"https:\/\/kristall.ee\/en\/wp-json\/wp\/v2\/product_cat?post=58026"},{"taxonomy":"product_tag","embeddable":true,"href":"https:\/\/kristall.ee\/en\/wp-json\/wp\/v2\/product_tag?post=58026"}],"curies":[{"name":"wp","href":"https:\/\/api.w.org\/{rel}","templated":true}]}}