{"id":57950,"date":"2025-11-10T08:50:52","date_gmt":"2025-11-10T08:50:52","guid":{"rendered":"https:\/\/kristall.ee\/?post_type=product&#038;p=57950"},"modified":"2026-04-06T22:10:31","modified_gmt":"2026-04-06T22:10:31","slug":"pross-kiil-lilla-voi-sinine","status":"publish","type":"product","link":"https:\/\/kristall.ee\/en\/toode\/pross-kiil-lilla-voi-sinine\/","title":{"rendered":"Pross &#8211; Kiil (lilla v\u00f5i sinine)"},"content":{"rendered":"<p>Inglismaa<br \/>\nEquilibrium<\/p>\n<p>Kristallidega<br \/>\nProssi suurus: h= 4,1 x 5 cm.<\/p>\n<p>Hind kehtib \u00fchele (1) prossile kinkekarbis.<\/p>\n<p>Ise valid kas h\u00f5beda ja siniste kristallidega v\u00f5i h\u00f5bedase ja lillade kristallidega.<br \/>\nSoliidne suurte kristallidega kiili pross lisab s\u00e4ra nii kost\u00fc\u00fcmile, kleidile, kampsunile, peakattele kui mantlile.<\/p>\n<p>Suurep\u00e4rane kingitus nii endast lugpidavale prouale kui ennast v\u00e4\u00e4rtustavale noorele daamile.<\/p>\n","protected":false},"excerpt":{"rendered":"<p>Inglismaa Equilibrium Kristallidega Prossi suurus: h= 4,1 x 5 cm. Hind kehtib \u00fchele (1) prossile kinkekarbis. Ise valid kas h\u00f5beda ja siniste kristallidega v\u00f5i h\u00f5bedase ja lillade kristallidega. Soliidne suurte kristallidega kiili pross lisab s\u00e4ra nii kost\u00fc\u00fcmile, kleidile, kampsunile, peakattele kui mantlile. Suurep\u00e4rane kingitus nii endast lugpidavale prouale kui ennast v\u00e4\u00e4rtustavale noorele daamile.<\/p>\n","protected":false},"featured_media":57957,"menu_order":38,"template":"","meta":{"_acf_changed":false},"product_brand":[],"product_cat":[5831,5715],"product_tag":[],"class_list":{"0":"post-57950","1":"product","2":"type-product","3":"status-publish","4":"has-post-thumbnail","6":"product_cat-moeehted-prossid","7":"product_cat-varsti-kohal","8":"product_shipping_class-standard","10":"first","11":"instock","12":"taxable","13":"shipping-taxable","14":"purchasable","15":"product-type-simple"},"acf":[],"yoast_head":"<!-- This site is optimized with the Yoast SEO plugin v26.6 - https:\/\/yoast.com\/wordpress\/plugins\/seo\/ -->\n<title>Pross - Kiil (lilla v\u00f5i sinine) - Karlev O\u00dc<\/title>\n<meta name=\"robots\" content=\"index, follow, max-snippet:-1, max-image-preview:large, max-video-preview:-1\" \/>\n<link rel=\"canonical\" href=\"https:\/\/kristall.ee\/toode\/pross-kiil-lilla-voi-sinine\/\" \/>\n<meta property=\"og:locale\" content=\"en_US\" \/>\n<meta property=\"og:type\" content=\"article\" \/>\n<meta property=\"og:title\" content=\"Pross - Kiil (lilla v\u00f5i sinine) - Karlev O\u00dc\" \/>\n<meta property=\"og:description\" content=\"Inglismaa Equilibrium Kristallidega Prossi suurus: h= 4,1 x 5 cm. Hind kehtib \u00fchele (1) prossile kinkekarbis. Ise valid kas h\u00f5beda ja siniste kristallidega v\u00f5i h\u00f5bedase ja lillade kristallidega. Soliidne suurte kristallidega kiili pross lisab s\u00e4ra nii kost\u00fc\u00fcmile, kleidile, kampsunile, peakattele kui mantlile. Suurep\u00e4rane kingitus nii endast lugpidavale prouale kui ennast v\u00e4\u00e4rtustavale noorele daamile.\" \/>\n<meta property=\"og:url\" content=\"https:\/\/kristall.ee\/toode\/pross-kiil-lilla-voi-sinine\/\" \/>\n<meta property=\"og:site_name\" content=\"Karlev O\u00dc\" \/>\n<meta property=\"article:modified_time\" content=\"2026-04-06T22:10:31+00:00\" \/>\n<meta property=\"og:image\" content=\"https:\/\/kristall.ee\/wp-content\/uploads\/2025\/11\/JD359505_1.jpg\" \/>\n\t<meta property=\"og:image:width\" content=\"600\" \/>\n\t<meta property=\"og:image:height\" content=\"600\" \/>\n\t<meta property=\"og:image:type\" content=\"image\/jpeg\" \/>\n<meta name=\"twitter:card\" content=\"summary_large_image\" \/>\n<meta name=\"twitter:label1\" content=\"Est. reading time\" \/>\n\t<meta name=\"twitter:data1\" content=\"1 minute\" \/>\n<script type=\"application\/ld+json\" class=\"yoast-schema-graph\">{\"@context\":\"https:\/\/schema.org\",\"@graph\":[{\"@type\":\"WebPage\",\"@id\":\"https:\/\/kristall.ee\/toode\/pross-kiil-lilla-voi-sinine\/\",\"url\":\"https:\/\/kristall.ee\/toode\/pross-kiil-lilla-voi-sinine\/\",\"name\":\"Pross - Kiil (lilla v\u00f5i sinine) - Karlev O\u00dc\",\"isPartOf\":{\"@id\":\"https:\/\/kristall.ee\/ru\/#website\"},\"primaryImageOfPage\":{\"@id\":\"https:\/\/kristall.ee\/toode\/pross-kiil-lilla-voi-sinine\/#primaryimage\"},\"image\":{\"@id\":\"https:\/\/kristall.ee\/toode\/pross-kiil-lilla-voi-sinine\/#primaryimage\"},\"thumbnailUrl\":\"https:\/\/kristall.ee\/wp-content\/uploads\/2025\/11\/JD359505_1.jpg\",\"datePublished\":\"2025-11-10T08:50:52+00:00\",\"dateModified\":\"2026-04-06T22:10:31+00:00\",\"breadcrumb\":{\"@id\":\"https:\/\/kristall.ee\/toode\/pross-kiil-lilla-voi-sinine\/#breadcrumb\"},\"inLanguage\":\"en-US\",\"potentialAction\":[{\"@type\":\"ReadAction\",\"target\":[\"https:\/\/kristall.ee\/toode\/pross-kiil-lilla-voi-sinine\/\"]}]},{\"@type\":\"ImageObject\",\"inLanguage\":\"en-US\",\"@id\":\"https:\/\/kristall.ee\/toode\/pross-kiil-lilla-voi-sinine\/#primaryimage\",\"url\":\"https:\/\/kristall.ee\/wp-content\/uploads\/2025\/11\/JD359505_1.jpg\",\"contentUrl\":\"https:\/\/kristall.ee\/wp-content\/uploads\/2025\/11\/JD359505_1.jpg\",\"width\":600,\"height\":600},{\"@type\":\"BreadcrumbList\",\"@id\":\"https:\/\/kristall.ee\/toode\/pross-kiil-lilla-voi-sinine\/#breadcrumb\",\"itemListElement\":[{\"@type\":\"ListItem\",\"position\":1,\"name\":\"Home\",\"item\":\"https:\/\/kristall.ee\/en\/avaleht\/\"},{\"@type\":\"ListItem\",\"position\":2,\"name\":\"E-Shop\",\"item\":\"https:\/\/kristall.ee\/en\/shop\/\"},{\"@type\":\"ListItem\",\"position\":3,\"name\":\"Pross &#8211; Kiil (lilla v\u00f5i sinine)\"}]},{\"@type\":\"WebSite\",\"@id\":\"https:\/\/kristall.ee\/ru\/#website\",\"url\":\"https:\/\/kristall.ee\/ru\/\",\"name\":\"Karlev O\u00dc - Iga p\u00e4ev on t\u00e4htp\u00e4ev\",\"description\":\"Iga p\u00e4ev on t\u00e4htp\u00e4ev!\",\"publisher\":{\"@id\":\"https:\/\/kristall.ee\/ru\/#organization\"},\"potentialAction\":[{\"@type\":\"SearchAction\",\"target\":{\"@type\":\"EntryPoint\",\"urlTemplate\":\"https:\/\/kristall.ee\/ru\/?s={search_term_string}\"},\"query-input\":{\"@type\":\"PropertyValueSpecification\",\"valueRequired\":true,\"valueName\":\"search_term_string\"}}],\"inLanguage\":\"en-US\"},{\"@type\":\"Organization\",\"@id\":\"https:\/\/kristall.ee\/ru\/#organization\",\"name\":\"Karlev O\u00dc\",\"url\":\"https:\/\/kristall.ee\/ru\/\",\"logo\":{\"@type\":\"ImageObject\",\"inLanguage\":\"en-US\",\"@id\":\"https:\/\/kristall.ee\/ru\/#\/schema\/logo\/image\/\",\"url\":\"https:\/\/kristall.ee\/wp-content\/uploads\/2025\/01\/Karlev-anno2_LOGO-04.webp\",\"contentUrl\":\"https:\/\/kristall.ee\/wp-content\/uploads\/2025\/01\/Karlev-anno2_LOGO-04.webp\",\"width\":767,\"height\":337,\"caption\":\"Karlev O\u00dc\"},\"image\":{\"@id\":\"https:\/\/kristall.ee\/ru\/#\/schema\/logo\/image\/\"}}]}<\/script>\n<!-- \/ Yoast SEO plugin. -->","yoast_head_json":{"title":"Pross - Kiil (lilla v\u00f5i sinine) - Karlev O\u00dc","robots":{"index":"index","follow":"follow","max-snippet":"max-snippet:-1","max-image-preview":"max-image-preview:large","max-video-preview":"max-video-preview:-1"},"canonical":"https:\/\/kristall.ee\/toode\/pross-kiil-lilla-voi-sinine\/","og_locale":"en_US","og_type":"article","og_title":"Pross - Kiil (lilla v\u00f5i sinine) - Karlev O\u00dc","og_description":"Inglismaa Equilibrium Kristallidega Prossi suurus: h= 4,1 x 5 cm. Hind kehtib \u00fchele (1) prossile kinkekarbis. Ise valid kas h\u00f5beda ja siniste kristallidega v\u00f5i h\u00f5bedase ja lillade kristallidega. Soliidne suurte kristallidega kiili pross lisab s\u00e4ra nii kost\u00fc\u00fcmile, kleidile, kampsunile, peakattele kui mantlile. Suurep\u00e4rane kingitus nii endast lugpidavale prouale kui ennast v\u00e4\u00e4rtustavale noorele daamile.","og_url":"https:\/\/kristall.ee\/toode\/pross-kiil-lilla-voi-sinine\/","og_site_name":"Karlev O\u00dc","article_modified_time":"2026-04-06T22:10:31+00:00","og_image":[{"width":600,"height":600,"url":"https:\/\/kristall.ee\/wp-content\/uploads\/2025\/11\/JD359505_1.jpg","type":"image\/jpeg"}],"twitter_card":"summary_large_image","twitter_misc":{"Est. reading time":"1 minute"},"schema":{"@context":"https:\/\/schema.org","@graph":[{"@type":"WebPage","@id":"https:\/\/kristall.ee\/toode\/pross-kiil-lilla-voi-sinine\/","url":"https:\/\/kristall.ee\/toode\/pross-kiil-lilla-voi-sinine\/","name":"Pross - Kiil (lilla v\u00f5i sinine) - Karlev O\u00dc","isPartOf":{"@id":"https:\/\/kristall.ee\/ru\/#website"},"primaryImageOfPage":{"@id":"https:\/\/kristall.ee\/toode\/pross-kiil-lilla-voi-sinine\/#primaryimage"},"image":{"@id":"https:\/\/kristall.ee\/toode\/pross-kiil-lilla-voi-sinine\/#primaryimage"},"thumbnailUrl":"https:\/\/kristall.ee\/wp-content\/uploads\/2025\/11\/JD359505_1.jpg","datePublished":"2025-11-10T08:50:52+00:00","dateModified":"2026-04-06T22:10:31+00:00","breadcrumb":{"@id":"https:\/\/kristall.ee\/toode\/pross-kiil-lilla-voi-sinine\/#breadcrumb"},"inLanguage":"en-US","potentialAction":[{"@type":"ReadAction","target":["https:\/\/kristall.ee\/toode\/pross-kiil-lilla-voi-sinine\/"]}]},{"@type":"ImageObject","inLanguage":"en-US","@id":"https:\/\/kristall.ee\/toode\/pross-kiil-lilla-voi-sinine\/#primaryimage","url":"https:\/\/kristall.ee\/wp-content\/uploads\/2025\/11\/JD359505_1.jpg","contentUrl":"https:\/\/kristall.ee\/wp-content\/uploads\/2025\/11\/JD359505_1.jpg","width":600,"height":600},{"@type":"BreadcrumbList","@id":"https:\/\/kristall.ee\/toode\/pross-kiil-lilla-voi-sinine\/#breadcrumb","itemListElement":[{"@type":"ListItem","position":1,"name":"Home","item":"https:\/\/kristall.ee\/en\/avaleht\/"},{"@type":"ListItem","position":2,"name":"E-Shop","item":"https:\/\/kristall.ee\/en\/shop\/"},{"@type":"ListItem","position":3,"name":"Pross &#8211; Kiil (lilla v\u00f5i sinine)"}]},{"@type":"WebSite","@id":"https:\/\/kristall.ee\/ru\/#website","url":"https:\/\/kristall.ee\/ru\/","name":"Karlev O\u00dc - Iga p\u00e4ev on t\u00e4htp\u00e4ev","description":"Iga p\u00e4ev on t\u00e4htp\u00e4ev!","publisher":{"@id":"https:\/\/kristall.ee\/ru\/#organization"},"potentialAction":[{"@type":"SearchAction","target":{"@type":"EntryPoint","urlTemplate":"https:\/\/kristall.ee\/ru\/?s={search_term_string}"},"query-input":{"@type":"PropertyValueSpecification","valueRequired":true,"valueName":"search_term_string"}}],"inLanguage":"en-US"},{"@type":"Organization","@id":"https:\/\/kristall.ee\/ru\/#organization","name":"Karlev O\u00dc","url":"https:\/\/kristall.ee\/ru\/","logo":{"@type":"ImageObject","inLanguage":"en-US","@id":"https:\/\/kristall.ee\/ru\/#\/schema\/logo\/image\/","url":"https:\/\/kristall.ee\/wp-content\/uploads\/2025\/01\/Karlev-anno2_LOGO-04.webp","contentUrl":"https:\/\/kristall.ee\/wp-content\/uploads\/2025\/01\/Karlev-anno2_LOGO-04.webp","width":767,"height":337,"caption":"Karlev O\u00dc"},"image":{"@id":"https:\/\/kristall.ee\/ru\/#\/schema\/logo\/image\/"}}]}},"_links":{"self":[{"href":"https:\/\/kristall.ee\/en\/wp-json\/wp\/v2\/product\/57950","targetHints":{"allow":["GET"]}}],"collection":[{"href":"https:\/\/kristall.ee\/en\/wp-json\/wp\/v2\/product"}],"about":[{"href":"https:\/\/kristall.ee\/en\/wp-json\/wp\/v2\/types\/product"}],"wp:featuredmedia":[{"embeddable":true,"href":"https:\/\/kristall.ee\/en\/wp-json\/wp\/v2\/media\/57957"}],"wp:attachment":[{"href":"https:\/\/kristall.ee\/en\/wp-json\/wp\/v2\/media?parent=57950"}],"wp:term":[{"taxonomy":"product_brand","embeddable":true,"href":"https:\/\/kristall.ee\/en\/wp-json\/wp\/v2\/product_brand?post=57950"},{"taxonomy":"product_cat","embeddable":true,"href":"https:\/\/kristall.ee\/en\/wp-json\/wp\/v2\/product_cat?post=57950"},{"taxonomy":"product_tag","embeddable":true,"href":"https:\/\/kristall.ee\/en\/wp-json\/wp\/v2\/product_tag?post=57950"}],"curies":[{"name":"wp","href":"https:\/\/api.w.org\/{rel}","templated":true}]}}