{"id":57789,"date":"2025-10-07T09:30:48","date_gmt":"2025-10-07T09:30:48","guid":{"rendered":"https:\/\/kristall.ee\/toode\/porcelain-mug-with-strainer-forest-dreams-450ml\/"},"modified":"2025-10-21T16:19:33","modified_gmt":"2025-10-21T16:19:33","slug":"porcelain-mug-with-strainer-forest-dreams-450ml","status":"publish","type":"product","link":"https:\/\/kristall.ee\/en\/toode\/porcelain-mug-with-strainer-forest-dreams-450ml\/","title":{"rendered":"Porcelain mug with strainer &#8211; Forest Dreams 450ml."},"content":{"rendered":"<p>Italy<\/p>\n<p>Porcelain<\/p>\n<p>Mug size: 450ml.<br \/>\n1 set = 1 mug + 1 strainer + 1 lid<\/p>\n<p>The price is for one (1) set in the gift box.<\/p>\n<p>A lovely autumn, holiday mug matches other products from the Forest Dreams and Autumn Breeze series.<br \/>\nA very nice mug to use for drinking coffee or herbal tea. You can also conveniently put the lid on right away if you leave the tea to steep. You can also conveniently put the lid on right away if you leave the tea to steep <\/p>\n","protected":false},"excerpt":{"rendered":"<p>Italy Porcelain Mug size: 450ml. 1 set = 1 mug + 1 strainer + 1 lid The price is for one (1) set in the gift box. A lovely autumn, holiday mug matches other products from the Forest Dreams and Autumn Breeze series. A very nice mug to use for drinking coffee or herbal tea. &#8230;<\/p>\n","protected":false},"featured_media":57240,"menu_order":44,"template":"","meta":{"_acf_changed":false},"product_brand":[],"product_cat":[5929,6279],"product_tag":[],"class_list":{"0":"post-57789","1":"product","2":"type-product","3":"status-publish","4":"has-post-thumbnail","6":"product_cat-tableware-porcelain-mugs","7":"product_cat-coming-soon-2025-december","8":"product_shipping_class-purunev","10":"first","11":"instock","12":"taxable","13":"shipping-taxable","14":"purchasable","15":"product-type-simple"},"acf":[],"yoast_head":"<!-- This site is optimized with the Yoast SEO plugin v26.6 - https:\/\/yoast.com\/wordpress\/plugins\/seo\/ -->\n<title>Porcelain mug with strainer - Forest Dreams 450ml. - Karlev O\u00dc<\/title>\n<meta name=\"robots\" content=\"index, follow, max-snippet:-1, max-image-preview:large, max-video-preview:-1\" \/>\n<link rel=\"canonical\" href=\"https:\/\/kristall.ee\/en\/toode\/porcelain-mug-with-strainer-forest-dreams-450ml\/\" \/>\n<meta property=\"og:locale\" content=\"en_US\" \/>\n<meta property=\"og:type\" content=\"article\" \/>\n<meta property=\"og:title\" content=\"Porcelain mug with strainer - Forest Dreams 450ml. - Karlev O\u00dc\" \/>\n<meta property=\"og:description\" content=\"Italy Porcelain Mug size: 450ml. 1 set = 1 mug + 1 strainer + 1 lid The price is for one (1) set in the gift box. A lovely autumn, holiday mug matches other products from the Forest Dreams and Autumn Breeze series. A very nice mug to use for drinking coffee or herbal tea. ...\" \/>\n<meta property=\"og:url\" content=\"https:\/\/kristall.ee\/en\/toode\/porcelain-mug-with-strainer-forest-dreams-450ml\/\" \/>\n<meta property=\"og:site_name\" content=\"Karlev O\u00dc\" \/>\n<meta property=\"article:modified_time\" content=\"2025-10-21T16:19:33+00:00\" \/>\n<meta property=\"og:image\" content=\"https:\/\/kristall.ee\/wp-content\/uploads\/2025\/10\/R1197FODR.jpg\" \/>\n\t<meta property=\"og:image:width\" content=\"600\" \/>\n\t<meta property=\"og:image:height\" content=\"600\" \/>\n\t<meta property=\"og:image:type\" content=\"image\/jpeg\" \/>\n<meta name=\"twitter:card\" content=\"summary_large_image\" \/>\n<script type=\"application\/ld+json\" class=\"yoast-schema-graph\">{\"@context\":\"https:\/\/schema.org\",\"@graph\":[{\"@type\":\"WebPage\",\"@id\":\"https:\/\/kristall.ee\/en\/toode\/porcelain-mug-with-strainer-forest-dreams-450ml\/\",\"url\":\"https:\/\/kristall.ee\/en\/toode\/porcelain-mug-with-strainer-forest-dreams-450ml\/\",\"name\":\"Porcelain mug with strainer - Forest Dreams 450ml. - Karlev O\u00dc\",\"isPartOf\":{\"@id\":\"https:\/\/kristall.ee\/ru\/#website\"},\"primaryImageOfPage\":{\"@id\":\"https:\/\/kristall.ee\/en\/toode\/porcelain-mug-with-strainer-forest-dreams-450ml\/#primaryimage\"},\"image\":{\"@id\":\"https:\/\/kristall.ee\/en\/toode\/porcelain-mug-with-strainer-forest-dreams-450ml\/#primaryimage\"},\"thumbnailUrl\":\"https:\/\/kristall.ee\/wp-content\/uploads\/2025\/10\/R1197FODR.jpg\",\"datePublished\":\"2025-10-07T09:30:48+00:00\",\"dateModified\":\"2025-10-21T16:19:33+00:00\",\"breadcrumb\":{\"@id\":\"https:\/\/kristall.ee\/en\/toode\/porcelain-mug-with-strainer-forest-dreams-450ml\/#breadcrumb\"},\"inLanguage\":\"en-US\",\"potentialAction\":[{\"@type\":\"ReadAction\",\"target\":[\"https:\/\/kristall.ee\/en\/toode\/porcelain-mug-with-strainer-forest-dreams-450ml\/\"]}]},{\"@type\":\"ImageObject\",\"inLanguage\":\"en-US\",\"@id\":\"https:\/\/kristall.ee\/en\/toode\/porcelain-mug-with-strainer-forest-dreams-450ml\/#primaryimage\",\"url\":\"https:\/\/kristall.ee\/wp-content\/uploads\/2025\/10\/R1197FODR.jpg\",\"contentUrl\":\"https:\/\/kristall.ee\/wp-content\/uploads\/2025\/10\/R1197FODR.jpg\",\"width\":600,\"height\":600},{\"@type\":\"BreadcrumbList\",\"@id\":\"https:\/\/kristall.ee\/en\/toode\/porcelain-mug-with-strainer-forest-dreams-450ml\/#breadcrumb\",\"itemListElement\":[{\"@type\":\"ListItem\",\"position\":1,\"name\":\"Home\",\"item\":\"https:\/\/kristall.ee\/en\/avaleht\/\"},{\"@type\":\"ListItem\",\"position\":2,\"name\":\"E-Shop\",\"item\":\"https:\/\/kristall.ee\/en\/shop\/\"},{\"@type\":\"ListItem\",\"position\":3,\"name\":\"Porcelain mug with strainer &#8211; Forest Dreams 450ml.\"}]},{\"@type\":\"WebSite\",\"@id\":\"https:\/\/kristall.ee\/ru\/#website\",\"url\":\"https:\/\/kristall.ee\/ru\/\",\"name\":\"Karlev O\u00dc - Iga p\u00e4ev on t\u00e4htp\u00e4ev\",\"description\":\"Iga p\u00e4ev on t\u00e4htp\u00e4ev!\",\"publisher\":{\"@id\":\"https:\/\/kristall.ee\/ru\/#organization\"},\"potentialAction\":[{\"@type\":\"SearchAction\",\"target\":{\"@type\":\"EntryPoint\",\"urlTemplate\":\"https:\/\/kristall.ee\/ru\/?s={search_term_string}\"},\"query-input\":{\"@type\":\"PropertyValueSpecification\",\"valueRequired\":true,\"valueName\":\"search_term_string\"}}],\"inLanguage\":\"en-US\"},{\"@type\":\"Organization\",\"@id\":\"https:\/\/kristall.ee\/ru\/#organization\",\"name\":\"Karlev O\u00dc\",\"url\":\"https:\/\/kristall.ee\/ru\/\",\"logo\":{\"@type\":\"ImageObject\",\"inLanguage\":\"en-US\",\"@id\":\"https:\/\/kristall.ee\/ru\/#\/schema\/logo\/image\/\",\"url\":\"https:\/\/kristall.ee\/wp-content\/uploads\/2025\/01\/Karlev-anno2_LOGO-04.webp\",\"contentUrl\":\"https:\/\/kristall.ee\/wp-content\/uploads\/2025\/01\/Karlev-anno2_LOGO-04.webp\",\"width\":767,\"height\":337,\"caption\":\"Karlev O\u00dc\"},\"image\":{\"@id\":\"https:\/\/kristall.ee\/ru\/#\/schema\/logo\/image\/\"}}]}<\/script>\n<!-- \/ Yoast SEO plugin. -->","yoast_head_json":{"title":"Porcelain mug with strainer - Forest Dreams 450ml. - Karlev O\u00dc","robots":{"index":"index","follow":"follow","max-snippet":"max-snippet:-1","max-image-preview":"max-image-preview:large","max-video-preview":"max-video-preview:-1"},"canonical":"https:\/\/kristall.ee\/en\/toode\/porcelain-mug-with-strainer-forest-dreams-450ml\/","og_locale":"en_US","og_type":"article","og_title":"Porcelain mug with strainer - Forest Dreams 450ml. - Karlev O\u00dc","og_description":"Italy Porcelain Mug size: 450ml. 1 set = 1 mug + 1 strainer + 1 lid The price is for one (1) set in the gift box. A lovely autumn, holiday mug matches other products from the Forest Dreams and Autumn Breeze series. A very nice mug to use for drinking coffee or herbal tea. ...","og_url":"https:\/\/kristall.ee\/en\/toode\/porcelain-mug-with-strainer-forest-dreams-450ml\/","og_site_name":"Karlev O\u00dc","article_modified_time":"2025-10-21T16:19:33+00:00","og_image":[{"width":600,"height":600,"url":"https:\/\/kristall.ee\/wp-content\/uploads\/2025\/10\/R1197FODR.jpg","type":"image\/jpeg"}],"twitter_card":"summary_large_image","schema":{"@context":"https:\/\/schema.org","@graph":[{"@type":"WebPage","@id":"https:\/\/kristall.ee\/en\/toode\/porcelain-mug-with-strainer-forest-dreams-450ml\/","url":"https:\/\/kristall.ee\/en\/toode\/porcelain-mug-with-strainer-forest-dreams-450ml\/","name":"Porcelain mug with strainer - Forest Dreams 450ml. - Karlev O\u00dc","isPartOf":{"@id":"https:\/\/kristall.ee\/ru\/#website"},"primaryImageOfPage":{"@id":"https:\/\/kristall.ee\/en\/toode\/porcelain-mug-with-strainer-forest-dreams-450ml\/#primaryimage"},"image":{"@id":"https:\/\/kristall.ee\/en\/toode\/porcelain-mug-with-strainer-forest-dreams-450ml\/#primaryimage"},"thumbnailUrl":"https:\/\/kristall.ee\/wp-content\/uploads\/2025\/10\/R1197FODR.jpg","datePublished":"2025-10-07T09:30:48+00:00","dateModified":"2025-10-21T16:19:33+00:00","breadcrumb":{"@id":"https:\/\/kristall.ee\/en\/toode\/porcelain-mug-with-strainer-forest-dreams-450ml\/#breadcrumb"},"inLanguage":"en-US","potentialAction":[{"@type":"ReadAction","target":["https:\/\/kristall.ee\/en\/toode\/porcelain-mug-with-strainer-forest-dreams-450ml\/"]}]},{"@type":"ImageObject","inLanguage":"en-US","@id":"https:\/\/kristall.ee\/en\/toode\/porcelain-mug-with-strainer-forest-dreams-450ml\/#primaryimage","url":"https:\/\/kristall.ee\/wp-content\/uploads\/2025\/10\/R1197FODR.jpg","contentUrl":"https:\/\/kristall.ee\/wp-content\/uploads\/2025\/10\/R1197FODR.jpg","width":600,"height":600},{"@type":"BreadcrumbList","@id":"https:\/\/kristall.ee\/en\/toode\/porcelain-mug-with-strainer-forest-dreams-450ml\/#breadcrumb","itemListElement":[{"@type":"ListItem","position":1,"name":"Home","item":"https:\/\/kristall.ee\/en\/avaleht\/"},{"@type":"ListItem","position":2,"name":"E-Shop","item":"https:\/\/kristall.ee\/en\/shop\/"},{"@type":"ListItem","position":3,"name":"Porcelain mug with strainer &#8211; Forest Dreams 450ml."}]},{"@type":"WebSite","@id":"https:\/\/kristall.ee\/ru\/#website","url":"https:\/\/kristall.ee\/ru\/","name":"Karlev O\u00dc - Iga p\u00e4ev on t\u00e4htp\u00e4ev","description":"Iga p\u00e4ev on t\u00e4htp\u00e4ev!","publisher":{"@id":"https:\/\/kristall.ee\/ru\/#organization"},"potentialAction":[{"@type":"SearchAction","target":{"@type":"EntryPoint","urlTemplate":"https:\/\/kristall.ee\/ru\/?s={search_term_string}"},"query-input":{"@type":"PropertyValueSpecification","valueRequired":true,"valueName":"search_term_string"}}],"inLanguage":"en-US"},{"@type":"Organization","@id":"https:\/\/kristall.ee\/ru\/#organization","name":"Karlev O\u00dc","url":"https:\/\/kristall.ee\/ru\/","logo":{"@type":"ImageObject","inLanguage":"en-US","@id":"https:\/\/kristall.ee\/ru\/#\/schema\/logo\/image\/","url":"https:\/\/kristall.ee\/wp-content\/uploads\/2025\/01\/Karlev-anno2_LOGO-04.webp","contentUrl":"https:\/\/kristall.ee\/wp-content\/uploads\/2025\/01\/Karlev-anno2_LOGO-04.webp","width":767,"height":337,"caption":"Karlev O\u00dc"},"image":{"@id":"https:\/\/kristall.ee\/ru\/#\/schema\/logo\/image\/"}}]}},"_links":{"self":[{"href":"https:\/\/kristall.ee\/en\/wp-json\/wp\/v2\/product\/57789","targetHints":{"allow":["GET"]}}],"collection":[{"href":"https:\/\/kristall.ee\/en\/wp-json\/wp\/v2\/product"}],"about":[{"href":"https:\/\/kristall.ee\/en\/wp-json\/wp\/v2\/types\/product"}],"wp:featuredmedia":[{"embeddable":true,"href":"https:\/\/kristall.ee\/en\/wp-json\/wp\/v2\/media\/57240"}],"wp:attachment":[{"href":"https:\/\/kristall.ee\/en\/wp-json\/wp\/v2\/media?parent=57789"}],"wp:term":[{"taxonomy":"product_brand","embeddable":true,"href":"https:\/\/kristall.ee\/en\/wp-json\/wp\/v2\/product_brand?post=57789"},{"taxonomy":"product_cat","embeddable":true,"href":"https:\/\/kristall.ee\/en\/wp-json\/wp\/v2\/product_cat?post=57789"},{"taxonomy":"product_tag","embeddable":true,"href":"https:\/\/kristall.ee\/en\/wp-json\/wp\/v2\/product_tag?post=57789"}],"curies":[{"name":"wp","href":"https:\/\/api.w.org\/{rel}","templated":true}]}}