{"id":57389,"date":"2025-09-24T11:05:35","date_gmt":"2025-09-24T11:05:35","guid":{"rendered":"https:\/\/kristall.ee\/toode\/crystal-bowl-lisboa-30cm-in-mediterranean-tones\/"},"modified":"2025-09-24T11:05:35","modified_gmt":"2025-09-24T11:05:35","slug":"crystal-bowl-lisboa-30cm-in-mediterranean-tones","status":"publish","type":"product","link":"https:\/\/kristall.ee\/en\/toode\/crystal-bowl-lisboa-30cm-in-mediterranean-tones\/","title":{"rendered":"Crystal bowl \u2013 Lisboa 30cm. In Mediterranean tones"},"content":{"rendered":"<p>Czech<\/p>\n<p>Bohemia crystal<\/p>\n<p>The crystal bowl is hand-decorated in several different colors.<\/p>\n<p>The siz of the crystal bowl: diam. = 30cm. <\/p>\n<p>The price is for one (1) crystal bowl.<\/p>\n<p>The extremely elegant and stylish bowl in Mediterranean colors is both an eye-catching and practical interior element.<br \/>\nBuy just the bowl or create a perfect set with the Lisboa Mediterranean Colors Vase.<\/p>\n","protected":false},"excerpt":{"rendered":"<p>Czech Bohemia crystal The crystal bowl is hand-decorated in several different colors. The siz of the crystal bowl: diam. = 30cm. The price is for one (1) crystal bowl. The extremely elegant and stylish bowl in Mediterranean colors is both an eye-catching and practical interior element. Buy just the bowl or create a perfect set &#8230;<\/p>\n","protected":false},"featured_media":57156,"menu_order":33,"template":"","meta":{"_acf_changed":false},"product_brand":[],"product_cat":[6279,6303,5905],"product_tag":[],"class_list":{"0":"post-57389","1":"product","2":"type-product","3":"status-publish","4":"has-post-thumbnail","6":"product_cat-coming-soon-2025-december","7":"product_cat-special-crystal","8":"product_cat-tableware-bowls","9":"product_shipping_class-purunev","11":"first","12":"instock","13":"taxable","14":"shipping-taxable","15":"purchasable","16":"product-type-simple"},"acf":[],"yoast_head":"<!-- This site is optimized with the Yoast SEO plugin v26.6 - https:\/\/yoast.com\/wordpress\/plugins\/seo\/ -->\n<title>Crystal bowl \u2013 Lisboa 30cm. In Mediterranean tones - Karlev O\u00dc<\/title>\n<meta name=\"robots\" content=\"index, follow, max-snippet:-1, max-image-preview:large, max-video-preview:-1\" \/>\n<link rel=\"canonical\" href=\"https:\/\/kristall.ee\/en\/toode\/crystal-bowl-lisboa-30cm-in-mediterranean-tones\/\" \/>\n<meta property=\"og:locale\" content=\"en_US\" \/>\n<meta property=\"og:type\" content=\"article\" \/>\n<meta property=\"og:title\" content=\"Crystal bowl \u2013 Lisboa 30cm. In Mediterranean tones - Karlev O\u00dc\" \/>\n<meta property=\"og:description\" content=\"Czech Bohemia crystal The crystal bowl is hand-decorated in several different colors. The siz of the crystal bowl: diam. = 30cm. The price is for one (1) crystal bowl. The extremely elegant and stylish bowl in Mediterranean colors is both an eye-catching and practical interior element. Buy just the bowl or create a perfect set ...\" \/>\n<meta property=\"og:url\" content=\"https:\/\/kristall.ee\/en\/toode\/crystal-bowl-lisboa-30cm-in-mediterranean-tones\/\" \/>\n<meta property=\"og:site_name\" content=\"Karlev O\u00dc\" \/>\n<meta property=\"og:image\" content=\"https:\/\/kristall.ee\/wp-content\/uploads\/2025\/09\/69K2930005C05.jpg\" \/>\n\t<meta property=\"og:image:width\" content=\"600\" \/>\n\t<meta property=\"og:image:height\" content=\"600\" \/>\n\t<meta property=\"og:image:type\" content=\"image\/jpeg\" \/>\n<meta name=\"twitter:card\" content=\"summary_large_image\" \/>\n<script type=\"application\/ld+json\" class=\"yoast-schema-graph\">{\"@context\":\"https:\/\/schema.org\",\"@graph\":[{\"@type\":\"WebPage\",\"@id\":\"https:\/\/kristall.ee\/en\/toode\/crystal-bowl-lisboa-30cm-in-mediterranean-tones\/\",\"url\":\"https:\/\/kristall.ee\/en\/toode\/crystal-bowl-lisboa-30cm-in-mediterranean-tones\/\",\"name\":\"Crystal bowl \u2013 Lisboa 30cm. In Mediterranean tones - Karlev O\u00dc\",\"isPartOf\":{\"@id\":\"https:\/\/kristall.ee\/ru\/#website\"},\"primaryImageOfPage\":{\"@id\":\"https:\/\/kristall.ee\/en\/toode\/crystal-bowl-lisboa-30cm-in-mediterranean-tones\/#primaryimage\"},\"image\":{\"@id\":\"https:\/\/kristall.ee\/en\/toode\/crystal-bowl-lisboa-30cm-in-mediterranean-tones\/#primaryimage\"},\"thumbnailUrl\":\"https:\/\/kristall.ee\/wp-content\/uploads\/2025\/09\/69K2930005C05.jpg\",\"datePublished\":\"2025-09-24T11:05:35+00:00\",\"breadcrumb\":{\"@id\":\"https:\/\/kristall.ee\/en\/toode\/crystal-bowl-lisboa-30cm-in-mediterranean-tones\/#breadcrumb\"},\"inLanguage\":\"en-US\",\"potentialAction\":[{\"@type\":\"ReadAction\",\"target\":[\"https:\/\/kristall.ee\/en\/toode\/crystal-bowl-lisboa-30cm-in-mediterranean-tones\/\"]}]},{\"@type\":\"ImageObject\",\"inLanguage\":\"en-US\",\"@id\":\"https:\/\/kristall.ee\/en\/toode\/crystal-bowl-lisboa-30cm-in-mediterranean-tones\/#primaryimage\",\"url\":\"https:\/\/kristall.ee\/wp-content\/uploads\/2025\/09\/69K2930005C05.jpg\",\"contentUrl\":\"https:\/\/kristall.ee\/wp-content\/uploads\/2025\/09\/69K2930005C05.jpg\",\"width\":600,\"height\":600},{\"@type\":\"BreadcrumbList\",\"@id\":\"https:\/\/kristall.ee\/en\/toode\/crystal-bowl-lisboa-30cm-in-mediterranean-tones\/#breadcrumb\",\"itemListElement\":[{\"@type\":\"ListItem\",\"position\":1,\"name\":\"Home\",\"item\":\"https:\/\/kristall.ee\/en\/avaleht\/\"},{\"@type\":\"ListItem\",\"position\":2,\"name\":\"E-Shop\",\"item\":\"https:\/\/kristall.ee\/en\/shop\/\"},{\"@type\":\"ListItem\",\"position\":3,\"name\":\"Crystal bowl \u2013 Lisboa 30cm. In Mediterranean tones\"}]},{\"@type\":\"WebSite\",\"@id\":\"https:\/\/kristall.ee\/ru\/#website\",\"url\":\"https:\/\/kristall.ee\/ru\/\",\"name\":\"Karlev O\u00dc - Iga p\u00e4ev on t\u00e4htp\u00e4ev\",\"description\":\"Iga p\u00e4ev on t\u00e4htp\u00e4ev!\",\"publisher\":{\"@id\":\"https:\/\/kristall.ee\/ru\/#organization\"},\"potentialAction\":[{\"@type\":\"SearchAction\",\"target\":{\"@type\":\"EntryPoint\",\"urlTemplate\":\"https:\/\/kristall.ee\/ru\/?s={search_term_string}\"},\"query-input\":{\"@type\":\"PropertyValueSpecification\",\"valueRequired\":true,\"valueName\":\"search_term_string\"}}],\"inLanguage\":\"en-US\"},{\"@type\":\"Organization\",\"@id\":\"https:\/\/kristall.ee\/ru\/#organization\",\"name\":\"Karlev O\u00dc\",\"url\":\"https:\/\/kristall.ee\/ru\/\",\"logo\":{\"@type\":\"ImageObject\",\"inLanguage\":\"en-US\",\"@id\":\"https:\/\/kristall.ee\/ru\/#\/schema\/logo\/image\/\",\"url\":\"https:\/\/kristall.ee\/wp-content\/uploads\/2025\/01\/Karlev-anno2_LOGO-04.webp\",\"contentUrl\":\"https:\/\/kristall.ee\/wp-content\/uploads\/2025\/01\/Karlev-anno2_LOGO-04.webp\",\"width\":767,\"height\":337,\"caption\":\"Karlev O\u00dc\"},\"image\":{\"@id\":\"https:\/\/kristall.ee\/ru\/#\/schema\/logo\/image\/\"}}]}<\/script>\n<!-- \/ Yoast SEO plugin. -->","yoast_head_json":{"title":"Crystal bowl \u2013 Lisboa 30cm. In Mediterranean tones - Karlev O\u00dc","robots":{"index":"index","follow":"follow","max-snippet":"max-snippet:-1","max-image-preview":"max-image-preview:large","max-video-preview":"max-video-preview:-1"},"canonical":"https:\/\/kristall.ee\/en\/toode\/crystal-bowl-lisboa-30cm-in-mediterranean-tones\/","og_locale":"en_US","og_type":"article","og_title":"Crystal bowl \u2013 Lisboa 30cm. In Mediterranean tones - Karlev O\u00dc","og_description":"Czech Bohemia crystal The crystal bowl is hand-decorated in several different colors. The siz of the crystal bowl: diam. = 30cm. The price is for one (1) crystal bowl. The extremely elegant and stylish bowl in Mediterranean colors is both an eye-catching and practical interior element. Buy just the bowl or create a perfect set ...","og_url":"https:\/\/kristall.ee\/en\/toode\/crystal-bowl-lisboa-30cm-in-mediterranean-tones\/","og_site_name":"Karlev O\u00dc","og_image":[{"width":600,"height":600,"url":"https:\/\/kristall.ee\/wp-content\/uploads\/2025\/09\/69K2930005C05.jpg","type":"image\/jpeg"}],"twitter_card":"summary_large_image","schema":{"@context":"https:\/\/schema.org","@graph":[{"@type":"WebPage","@id":"https:\/\/kristall.ee\/en\/toode\/crystal-bowl-lisboa-30cm-in-mediterranean-tones\/","url":"https:\/\/kristall.ee\/en\/toode\/crystal-bowl-lisboa-30cm-in-mediterranean-tones\/","name":"Crystal bowl \u2013 Lisboa 30cm. In Mediterranean tones - Karlev O\u00dc","isPartOf":{"@id":"https:\/\/kristall.ee\/ru\/#website"},"primaryImageOfPage":{"@id":"https:\/\/kristall.ee\/en\/toode\/crystal-bowl-lisboa-30cm-in-mediterranean-tones\/#primaryimage"},"image":{"@id":"https:\/\/kristall.ee\/en\/toode\/crystal-bowl-lisboa-30cm-in-mediterranean-tones\/#primaryimage"},"thumbnailUrl":"https:\/\/kristall.ee\/wp-content\/uploads\/2025\/09\/69K2930005C05.jpg","datePublished":"2025-09-24T11:05:35+00:00","breadcrumb":{"@id":"https:\/\/kristall.ee\/en\/toode\/crystal-bowl-lisboa-30cm-in-mediterranean-tones\/#breadcrumb"},"inLanguage":"en-US","potentialAction":[{"@type":"ReadAction","target":["https:\/\/kristall.ee\/en\/toode\/crystal-bowl-lisboa-30cm-in-mediterranean-tones\/"]}]},{"@type":"ImageObject","inLanguage":"en-US","@id":"https:\/\/kristall.ee\/en\/toode\/crystal-bowl-lisboa-30cm-in-mediterranean-tones\/#primaryimage","url":"https:\/\/kristall.ee\/wp-content\/uploads\/2025\/09\/69K2930005C05.jpg","contentUrl":"https:\/\/kristall.ee\/wp-content\/uploads\/2025\/09\/69K2930005C05.jpg","width":600,"height":600},{"@type":"BreadcrumbList","@id":"https:\/\/kristall.ee\/en\/toode\/crystal-bowl-lisboa-30cm-in-mediterranean-tones\/#breadcrumb","itemListElement":[{"@type":"ListItem","position":1,"name":"Home","item":"https:\/\/kristall.ee\/en\/avaleht\/"},{"@type":"ListItem","position":2,"name":"E-Shop","item":"https:\/\/kristall.ee\/en\/shop\/"},{"@type":"ListItem","position":3,"name":"Crystal bowl \u2013 Lisboa 30cm. In Mediterranean tones"}]},{"@type":"WebSite","@id":"https:\/\/kristall.ee\/ru\/#website","url":"https:\/\/kristall.ee\/ru\/","name":"Karlev O\u00dc - Iga p\u00e4ev on t\u00e4htp\u00e4ev","description":"Iga p\u00e4ev on t\u00e4htp\u00e4ev!","publisher":{"@id":"https:\/\/kristall.ee\/ru\/#organization"},"potentialAction":[{"@type":"SearchAction","target":{"@type":"EntryPoint","urlTemplate":"https:\/\/kristall.ee\/ru\/?s={search_term_string}"},"query-input":{"@type":"PropertyValueSpecification","valueRequired":true,"valueName":"search_term_string"}}],"inLanguage":"en-US"},{"@type":"Organization","@id":"https:\/\/kristall.ee\/ru\/#organization","name":"Karlev O\u00dc","url":"https:\/\/kristall.ee\/ru\/","logo":{"@type":"ImageObject","inLanguage":"en-US","@id":"https:\/\/kristall.ee\/ru\/#\/schema\/logo\/image\/","url":"https:\/\/kristall.ee\/wp-content\/uploads\/2025\/01\/Karlev-anno2_LOGO-04.webp","contentUrl":"https:\/\/kristall.ee\/wp-content\/uploads\/2025\/01\/Karlev-anno2_LOGO-04.webp","width":767,"height":337,"caption":"Karlev O\u00dc"},"image":{"@id":"https:\/\/kristall.ee\/ru\/#\/schema\/logo\/image\/"}}]}},"_links":{"self":[{"href":"https:\/\/kristall.ee\/en\/wp-json\/wp\/v2\/product\/57389","targetHints":{"allow":["GET"]}}],"collection":[{"href":"https:\/\/kristall.ee\/en\/wp-json\/wp\/v2\/product"}],"about":[{"href":"https:\/\/kristall.ee\/en\/wp-json\/wp\/v2\/types\/product"}],"wp:featuredmedia":[{"embeddable":true,"href":"https:\/\/kristall.ee\/en\/wp-json\/wp\/v2\/media\/57156"}],"wp:attachment":[{"href":"https:\/\/kristall.ee\/en\/wp-json\/wp\/v2\/media?parent=57389"}],"wp:term":[{"taxonomy":"product_brand","embeddable":true,"href":"https:\/\/kristall.ee\/en\/wp-json\/wp\/v2\/product_brand?post=57389"},{"taxonomy":"product_cat","embeddable":true,"href":"https:\/\/kristall.ee\/en\/wp-json\/wp\/v2\/product_cat?post=57389"},{"taxonomy":"product_tag","embeddable":true,"href":"https:\/\/kristall.ee\/en\/wp-json\/wp\/v2\/product_tag?post=57389"}],"curies":[{"name":"wp","href":"https:\/\/api.w.org\/{rel}","templated":true}]}}