{"id":56800,"date":"2025-08-06T17:29:08","date_gmt":"2025-08-06T17:29:08","guid":{"rendered":"https:\/\/kristall.ee\/toode\/latte-cup-and-saucer-barista-400ml\/"},"modified":"2025-08-06T17:29:08","modified_gmt":"2025-08-06T17:29:08","slug":"latte-cup-and-saucer-barista-400ml","status":"publish","type":"product","link":"https:\/\/kristall.ee\/en\/toode\/latte-cup-and-saucer-barista-400ml\/","title":{"rendered":"Latte cup and saucer &#8211; Barista 400ml."},"content":{"rendered":"<p>Italy<\/p>\n<p>Porcelain<\/p>\n<p>Name: Barista<\/p>\n<p>Size of the latte cup: 400ml.<\/p>\n<p>The price is for one (1) cup with saucer in the gift box.<\/p>\n<p>Match with other products from the Barista series.<br \/>\nPerfect for the big coffee lover.<\/p>\n<p>Can also be washed in the dishwasher and used in the microwave.<\/p>\n","protected":false},"excerpt":{"rendered":"<p>Italy Porcelain Name: Barista Size of the latte cup: 400ml. The price is for one (1) cup with saucer in the gift box. Match with other products from the Barista series. Perfect for the big coffee lover. Can also be washed in the dishwasher and used in the microwave.<\/p>\n","protected":false},"featured_media":56726,"menu_order":163,"template":"","meta":{"_acf_changed":false},"product_brand":[],"product_cat":[6279,5945],"product_tag":[],"class_list":{"0":"post-56800","1":"product","2":"type-product","3":"status-publish","4":"has-post-thumbnail","6":"product_cat-coming-soon-2025-december","7":"product_cat-tableware-porcelain-tea-coffee-sets","8":"product_shipping_class-purunev","10":"first","11":"instock","12":"taxable","13":"shipping-taxable","14":"purchasable","15":"product-type-simple"},"acf":[],"yoast_head":"<!-- This site is optimized with the Yoast SEO plugin v26.6 - https:\/\/yoast.com\/wordpress\/plugins\/seo\/ -->\n<title>Latte cup and saucer - Barista 400ml. - Karlev O\u00dc<\/title>\n<meta name=\"robots\" content=\"index, follow, max-snippet:-1, max-image-preview:large, max-video-preview:-1\" \/>\n<link rel=\"canonical\" href=\"https:\/\/kristall.ee\/en\/toode\/latte-cup-and-saucer-barista-400ml\/\" \/>\n<meta property=\"og:locale\" content=\"en_US\" \/>\n<meta property=\"og:type\" content=\"article\" \/>\n<meta property=\"og:title\" content=\"Latte cup and saucer - Barista 400ml. - Karlev O\u00dc\" \/>\n<meta property=\"og:description\" content=\"Italy Porcelain Name: Barista Size of the latte cup: 400ml. The price is for one (1) cup with saucer in the gift box. Match with other products from the Barista series. Perfect for the big coffee lover. Can also be washed in the dishwasher and used in the microwave.\" \/>\n<meta property=\"og:url\" content=\"https:\/\/kristall.ee\/en\/toode\/latte-cup-and-saucer-barista-400ml\/\" \/>\n<meta property=\"og:site_name\" content=\"Karlev O\u00dc\" \/>\n<meta property=\"og:image\" content=\"https:\/\/kristall.ee\/wp-content\/uploads\/2025\/08\/R1454BRST.jpg\" \/>\n\t<meta property=\"og:image:width\" content=\"600\" \/>\n\t<meta property=\"og:image:height\" content=\"600\" \/>\n\t<meta property=\"og:image:type\" content=\"image\/jpeg\" \/>\n<meta name=\"twitter:card\" content=\"summary_large_image\" \/>\n<script type=\"application\/ld+json\" class=\"yoast-schema-graph\">{\"@context\":\"https:\/\/schema.org\",\"@graph\":[{\"@type\":\"WebPage\",\"@id\":\"https:\/\/kristall.ee\/en\/toode\/latte-cup-and-saucer-barista-400ml\/\",\"url\":\"https:\/\/kristall.ee\/en\/toode\/latte-cup-and-saucer-barista-400ml\/\",\"name\":\"Latte cup and saucer - Barista 400ml. - Karlev O\u00dc\",\"isPartOf\":{\"@id\":\"https:\/\/kristall.ee\/ru\/#website\"},\"primaryImageOfPage\":{\"@id\":\"https:\/\/kristall.ee\/en\/toode\/latte-cup-and-saucer-barista-400ml\/#primaryimage\"},\"image\":{\"@id\":\"https:\/\/kristall.ee\/en\/toode\/latte-cup-and-saucer-barista-400ml\/#primaryimage\"},\"thumbnailUrl\":\"https:\/\/kristall.ee\/wp-content\/uploads\/2025\/08\/R1454BRST.jpg\",\"datePublished\":\"2025-08-06T17:29:08+00:00\",\"breadcrumb\":{\"@id\":\"https:\/\/kristall.ee\/en\/toode\/latte-cup-and-saucer-barista-400ml\/#breadcrumb\"},\"inLanguage\":\"en-US\",\"potentialAction\":[{\"@type\":\"ReadAction\",\"target\":[\"https:\/\/kristall.ee\/en\/toode\/latte-cup-and-saucer-barista-400ml\/\"]}]},{\"@type\":\"ImageObject\",\"inLanguage\":\"en-US\",\"@id\":\"https:\/\/kristall.ee\/en\/toode\/latte-cup-and-saucer-barista-400ml\/#primaryimage\",\"url\":\"https:\/\/kristall.ee\/wp-content\/uploads\/2025\/08\/R1454BRST.jpg\",\"contentUrl\":\"https:\/\/kristall.ee\/wp-content\/uploads\/2025\/08\/R1454BRST.jpg\",\"width\":600,\"height\":600},{\"@type\":\"BreadcrumbList\",\"@id\":\"https:\/\/kristall.ee\/en\/toode\/latte-cup-and-saucer-barista-400ml\/#breadcrumb\",\"itemListElement\":[{\"@type\":\"ListItem\",\"position\":1,\"name\":\"Home\",\"item\":\"https:\/\/kristall.ee\/en\/avaleht\/\"},{\"@type\":\"ListItem\",\"position\":2,\"name\":\"E-Shop\",\"item\":\"https:\/\/kristall.ee\/en\/shop\/\"},{\"@type\":\"ListItem\",\"position\":3,\"name\":\"Latte cup and saucer &#8211; Barista 400ml.\"}]},{\"@type\":\"WebSite\",\"@id\":\"https:\/\/kristall.ee\/ru\/#website\",\"url\":\"https:\/\/kristall.ee\/ru\/\",\"name\":\"Karlev O\u00dc - Iga p\u00e4ev on t\u00e4htp\u00e4ev\",\"description\":\"Iga p\u00e4ev on t\u00e4htp\u00e4ev!\",\"publisher\":{\"@id\":\"https:\/\/kristall.ee\/ru\/#organization\"},\"potentialAction\":[{\"@type\":\"SearchAction\",\"target\":{\"@type\":\"EntryPoint\",\"urlTemplate\":\"https:\/\/kristall.ee\/ru\/?s={search_term_string}\"},\"query-input\":{\"@type\":\"PropertyValueSpecification\",\"valueRequired\":true,\"valueName\":\"search_term_string\"}}],\"inLanguage\":\"en-US\"},{\"@type\":\"Organization\",\"@id\":\"https:\/\/kristall.ee\/ru\/#organization\",\"name\":\"Karlev O\u00dc\",\"url\":\"https:\/\/kristall.ee\/ru\/\",\"logo\":{\"@type\":\"ImageObject\",\"inLanguage\":\"en-US\",\"@id\":\"https:\/\/kristall.ee\/ru\/#\/schema\/logo\/image\/\",\"url\":\"https:\/\/kristall.ee\/wp-content\/uploads\/2025\/01\/Karlev-anno2_LOGO-04.webp\",\"contentUrl\":\"https:\/\/kristall.ee\/wp-content\/uploads\/2025\/01\/Karlev-anno2_LOGO-04.webp\",\"width\":767,\"height\":337,\"caption\":\"Karlev O\u00dc\"},\"image\":{\"@id\":\"https:\/\/kristall.ee\/ru\/#\/schema\/logo\/image\/\"}}]}<\/script>\n<!-- \/ Yoast SEO plugin. -->","yoast_head_json":{"title":"Latte cup and saucer - Barista 400ml. - Karlev O\u00dc","robots":{"index":"index","follow":"follow","max-snippet":"max-snippet:-1","max-image-preview":"max-image-preview:large","max-video-preview":"max-video-preview:-1"},"canonical":"https:\/\/kristall.ee\/en\/toode\/latte-cup-and-saucer-barista-400ml\/","og_locale":"en_US","og_type":"article","og_title":"Latte cup and saucer - Barista 400ml. - Karlev O\u00dc","og_description":"Italy Porcelain Name: Barista Size of the latte cup: 400ml. The price is for one (1) cup with saucer in the gift box. Match with other products from the Barista series. Perfect for the big coffee lover. Can also be washed in the dishwasher and used in the microwave.","og_url":"https:\/\/kristall.ee\/en\/toode\/latte-cup-and-saucer-barista-400ml\/","og_site_name":"Karlev O\u00dc","og_image":[{"width":600,"height":600,"url":"https:\/\/kristall.ee\/wp-content\/uploads\/2025\/08\/R1454BRST.jpg","type":"image\/jpeg"}],"twitter_card":"summary_large_image","schema":{"@context":"https:\/\/schema.org","@graph":[{"@type":"WebPage","@id":"https:\/\/kristall.ee\/en\/toode\/latte-cup-and-saucer-barista-400ml\/","url":"https:\/\/kristall.ee\/en\/toode\/latte-cup-and-saucer-barista-400ml\/","name":"Latte cup and saucer - Barista 400ml. - Karlev O\u00dc","isPartOf":{"@id":"https:\/\/kristall.ee\/ru\/#website"},"primaryImageOfPage":{"@id":"https:\/\/kristall.ee\/en\/toode\/latte-cup-and-saucer-barista-400ml\/#primaryimage"},"image":{"@id":"https:\/\/kristall.ee\/en\/toode\/latte-cup-and-saucer-barista-400ml\/#primaryimage"},"thumbnailUrl":"https:\/\/kristall.ee\/wp-content\/uploads\/2025\/08\/R1454BRST.jpg","datePublished":"2025-08-06T17:29:08+00:00","breadcrumb":{"@id":"https:\/\/kristall.ee\/en\/toode\/latte-cup-and-saucer-barista-400ml\/#breadcrumb"},"inLanguage":"en-US","potentialAction":[{"@type":"ReadAction","target":["https:\/\/kristall.ee\/en\/toode\/latte-cup-and-saucer-barista-400ml\/"]}]},{"@type":"ImageObject","inLanguage":"en-US","@id":"https:\/\/kristall.ee\/en\/toode\/latte-cup-and-saucer-barista-400ml\/#primaryimage","url":"https:\/\/kristall.ee\/wp-content\/uploads\/2025\/08\/R1454BRST.jpg","contentUrl":"https:\/\/kristall.ee\/wp-content\/uploads\/2025\/08\/R1454BRST.jpg","width":600,"height":600},{"@type":"BreadcrumbList","@id":"https:\/\/kristall.ee\/en\/toode\/latte-cup-and-saucer-barista-400ml\/#breadcrumb","itemListElement":[{"@type":"ListItem","position":1,"name":"Home","item":"https:\/\/kristall.ee\/en\/avaleht\/"},{"@type":"ListItem","position":2,"name":"E-Shop","item":"https:\/\/kristall.ee\/en\/shop\/"},{"@type":"ListItem","position":3,"name":"Latte cup and saucer &#8211; Barista 400ml."}]},{"@type":"WebSite","@id":"https:\/\/kristall.ee\/ru\/#website","url":"https:\/\/kristall.ee\/ru\/","name":"Karlev O\u00dc - Iga p\u00e4ev on t\u00e4htp\u00e4ev","description":"Iga p\u00e4ev on t\u00e4htp\u00e4ev!","publisher":{"@id":"https:\/\/kristall.ee\/ru\/#organization"},"potentialAction":[{"@type":"SearchAction","target":{"@type":"EntryPoint","urlTemplate":"https:\/\/kristall.ee\/ru\/?s={search_term_string}"},"query-input":{"@type":"PropertyValueSpecification","valueRequired":true,"valueName":"search_term_string"}}],"inLanguage":"en-US"},{"@type":"Organization","@id":"https:\/\/kristall.ee\/ru\/#organization","name":"Karlev O\u00dc","url":"https:\/\/kristall.ee\/ru\/","logo":{"@type":"ImageObject","inLanguage":"en-US","@id":"https:\/\/kristall.ee\/ru\/#\/schema\/logo\/image\/","url":"https:\/\/kristall.ee\/wp-content\/uploads\/2025\/01\/Karlev-anno2_LOGO-04.webp","contentUrl":"https:\/\/kristall.ee\/wp-content\/uploads\/2025\/01\/Karlev-anno2_LOGO-04.webp","width":767,"height":337,"caption":"Karlev O\u00dc"},"image":{"@id":"https:\/\/kristall.ee\/ru\/#\/schema\/logo\/image\/"}}]}},"_links":{"self":[{"href":"https:\/\/kristall.ee\/en\/wp-json\/wp\/v2\/product\/56800","targetHints":{"allow":["GET"]}}],"collection":[{"href":"https:\/\/kristall.ee\/en\/wp-json\/wp\/v2\/product"}],"about":[{"href":"https:\/\/kristall.ee\/en\/wp-json\/wp\/v2\/types\/product"}],"wp:featuredmedia":[{"embeddable":true,"href":"https:\/\/kristall.ee\/en\/wp-json\/wp\/v2\/media\/56726"}],"wp:attachment":[{"href":"https:\/\/kristall.ee\/en\/wp-json\/wp\/v2\/media?parent=56800"}],"wp:term":[{"taxonomy":"product_brand","embeddable":true,"href":"https:\/\/kristall.ee\/en\/wp-json\/wp\/v2\/product_brand?post=56800"},{"taxonomy":"product_cat","embeddable":true,"href":"https:\/\/kristall.ee\/en\/wp-json\/wp\/v2\/product_cat?post=56800"},{"taxonomy":"product_tag","embeddable":true,"href":"https:\/\/kristall.ee\/en\/wp-json\/wp\/v2\/product_tag?post=56800"}],"curies":[{"name":"wp","href":"https:\/\/api.w.org\/{rel}","templated":true}]}}