{"id":56423,"date":"2025-07-02T11:03:58","date_gmt":"2025-07-02T11:03:58","guid":{"rendered":"https:\/\/kristall.ee\/toode\/champagne-glasses-cora-optic-260ml\/"},"modified":"2025-07-02T11:03:58","modified_gmt":"2025-07-02T11:03:58","slug":"champagne-glasses-cora-optic-260ml","status":"publish","type":"product","link":"https:\/\/kristall.ee\/en\/toode\/champagne-glasses-cora-optic-260ml\/","title":{"rendered":"Champagne glasses \u2013 Cora (Optic) 260ml."},"content":{"rendered":"<p>Czech<\/p>\n<p>Bohemia glass<\/p>\n<p>The glass size is 260ml.<\/p>\n<p>1 set = 6 glasses<\/p>\n<p>The price is for one (1) set.<\/p>\n<p>The high-quality champagne glasses from the Bohemia brand are actually perfect for drinking cocktails.<br \/>\nThe very cool spiral optical effect glasses will decorate both the festive table and make everyday life more special.<\/p>\n","protected":false},"excerpt":{"rendered":"<p>Czech Bohemia glass The glass size is 260ml. 1 set = 6 glasses The price is for one (1) set. The high-quality champagne glasses from the Bohemia brand are actually perfect for drinking cocktails. The very cool spiral optical effect glasses will decorate both the festive table and make everyday life more special.<\/p>\n","protected":false},"featured_media":56362,"menu_order":251,"template":"","meta":{"_acf_changed":false},"product_brand":[],"product_cat":[6279,6001],"product_tag":[],"class_list":{"0":"post-56423","1":"product","2":"type-product","3":"status-publish","4":"has-post-thumbnail","6":"product_cat-coming-soon-2025-december","7":"product_cat-glasses-flute-glasses","8":"product_shipping_class-purunev","10":"first","11":"instock","12":"taxable","13":"shipping-taxable","14":"purchasable","15":"product-type-simple"},"acf":[],"yoast_head":"<!-- This site is optimized with the Yoast SEO plugin v26.6 - https:\/\/yoast.com\/wordpress\/plugins\/seo\/ -->\n<title>Champagne glasses \u2013 Cora (Optic) 260ml. - Karlev O\u00dc<\/title>\n<meta name=\"robots\" content=\"index, follow, max-snippet:-1, max-image-preview:large, max-video-preview:-1\" \/>\n<link rel=\"canonical\" href=\"https:\/\/kristall.ee\/en\/toode\/champagne-glasses-cora-optic-260ml\/\" \/>\n<meta property=\"og:locale\" content=\"en_US\" \/>\n<meta property=\"og:type\" content=\"article\" \/>\n<meta property=\"og:title\" content=\"Champagne glasses \u2013 Cora (Optic) 260ml. - Karlev O\u00dc\" \/>\n<meta property=\"og:description\" content=\"Czech Bohemia glass The glass size is 260ml. 1 set = 6 glasses The price is for one (1) set. The high-quality champagne glasses from the Bohemia brand are actually perfect for drinking cocktails. The very cool spiral optical effect glasses will decorate both the festive table and make everyday life more special.\" \/>\n<meta property=\"og:url\" content=\"https:\/\/kristall.ee\/en\/toode\/champagne-glasses-cora-optic-260ml\/\" \/>\n<meta property=\"og:site_name\" content=\"Karlev O\u00dc\" \/>\n<meta property=\"og:image\" content=\"https:\/\/kristall.ee\/wp-content\/uploads\/2025\/07\/1SJ70260_Cora.jpg\" \/>\n\t<meta property=\"og:image:width\" content=\"600\" \/>\n\t<meta property=\"og:image:height\" content=\"600\" \/>\n\t<meta property=\"og:image:type\" content=\"image\/jpeg\" \/>\n<meta name=\"twitter:card\" content=\"summary_large_image\" \/>\n<script type=\"application\/ld+json\" class=\"yoast-schema-graph\">{\"@context\":\"https:\/\/schema.org\",\"@graph\":[{\"@type\":\"WebPage\",\"@id\":\"https:\/\/kristall.ee\/en\/toode\/champagne-glasses-cora-optic-260ml\/\",\"url\":\"https:\/\/kristall.ee\/en\/toode\/champagne-glasses-cora-optic-260ml\/\",\"name\":\"Champagne glasses \u2013 Cora (Optic) 260ml. - Karlev O\u00dc\",\"isPartOf\":{\"@id\":\"https:\/\/kristall.ee\/ru\/#website\"},\"primaryImageOfPage\":{\"@id\":\"https:\/\/kristall.ee\/en\/toode\/champagne-glasses-cora-optic-260ml\/#primaryimage\"},\"image\":{\"@id\":\"https:\/\/kristall.ee\/en\/toode\/champagne-glasses-cora-optic-260ml\/#primaryimage\"},\"thumbnailUrl\":\"https:\/\/kristall.ee\/wp-content\/uploads\/2025\/07\/1SJ70260_Cora.jpg\",\"datePublished\":\"2025-07-02T11:03:58+00:00\",\"breadcrumb\":{\"@id\":\"https:\/\/kristall.ee\/en\/toode\/champagne-glasses-cora-optic-260ml\/#breadcrumb\"},\"inLanguage\":\"en-US\",\"potentialAction\":[{\"@type\":\"ReadAction\",\"target\":[\"https:\/\/kristall.ee\/en\/toode\/champagne-glasses-cora-optic-260ml\/\"]}]},{\"@type\":\"ImageObject\",\"inLanguage\":\"en-US\",\"@id\":\"https:\/\/kristall.ee\/en\/toode\/champagne-glasses-cora-optic-260ml\/#primaryimage\",\"url\":\"https:\/\/kristall.ee\/wp-content\/uploads\/2025\/07\/1SJ70260_Cora.jpg\",\"contentUrl\":\"https:\/\/kristall.ee\/wp-content\/uploads\/2025\/07\/1SJ70260_Cora.jpg\",\"width\":600,\"height\":600},{\"@type\":\"BreadcrumbList\",\"@id\":\"https:\/\/kristall.ee\/en\/toode\/champagne-glasses-cora-optic-260ml\/#breadcrumb\",\"itemListElement\":[{\"@type\":\"ListItem\",\"position\":1,\"name\":\"Home\",\"item\":\"https:\/\/kristall.ee\/en\/avaleht\/\"},{\"@type\":\"ListItem\",\"position\":2,\"name\":\"E-Shop\",\"item\":\"https:\/\/kristall.ee\/en\/shop\/\"},{\"@type\":\"ListItem\",\"position\":3,\"name\":\"Champagne glasses \u2013 Cora (Optic) 260ml.\"}]},{\"@type\":\"WebSite\",\"@id\":\"https:\/\/kristall.ee\/ru\/#website\",\"url\":\"https:\/\/kristall.ee\/ru\/\",\"name\":\"Karlev O\u00dc - Iga p\u00e4ev on t\u00e4htp\u00e4ev\",\"description\":\"Iga p\u00e4ev on t\u00e4htp\u00e4ev!\",\"publisher\":{\"@id\":\"https:\/\/kristall.ee\/ru\/#organization\"},\"potentialAction\":[{\"@type\":\"SearchAction\",\"target\":{\"@type\":\"EntryPoint\",\"urlTemplate\":\"https:\/\/kristall.ee\/ru\/?s={search_term_string}\"},\"query-input\":{\"@type\":\"PropertyValueSpecification\",\"valueRequired\":true,\"valueName\":\"search_term_string\"}}],\"inLanguage\":\"en-US\"},{\"@type\":\"Organization\",\"@id\":\"https:\/\/kristall.ee\/ru\/#organization\",\"name\":\"Karlev O\u00dc\",\"url\":\"https:\/\/kristall.ee\/ru\/\",\"logo\":{\"@type\":\"ImageObject\",\"inLanguage\":\"en-US\",\"@id\":\"https:\/\/kristall.ee\/ru\/#\/schema\/logo\/image\/\",\"url\":\"https:\/\/kristall.ee\/wp-content\/uploads\/2025\/01\/Karlev-anno2_LOGO-04.webp\",\"contentUrl\":\"https:\/\/kristall.ee\/wp-content\/uploads\/2025\/01\/Karlev-anno2_LOGO-04.webp\",\"width\":767,\"height\":337,\"caption\":\"Karlev O\u00dc\"},\"image\":{\"@id\":\"https:\/\/kristall.ee\/ru\/#\/schema\/logo\/image\/\"}}]}<\/script>\n<!-- \/ Yoast SEO plugin. -->","yoast_head_json":{"title":"Champagne glasses \u2013 Cora (Optic) 260ml. - Karlev O\u00dc","robots":{"index":"index","follow":"follow","max-snippet":"max-snippet:-1","max-image-preview":"max-image-preview:large","max-video-preview":"max-video-preview:-1"},"canonical":"https:\/\/kristall.ee\/en\/toode\/champagne-glasses-cora-optic-260ml\/","og_locale":"en_US","og_type":"article","og_title":"Champagne glasses \u2013 Cora (Optic) 260ml. - Karlev O\u00dc","og_description":"Czech Bohemia glass The glass size is 260ml. 1 set = 6 glasses The price is for one (1) set. The high-quality champagne glasses from the Bohemia brand are actually perfect for drinking cocktails. The very cool spiral optical effect glasses will decorate both the festive table and make everyday life more special.","og_url":"https:\/\/kristall.ee\/en\/toode\/champagne-glasses-cora-optic-260ml\/","og_site_name":"Karlev O\u00dc","og_image":[{"width":600,"height":600,"url":"https:\/\/kristall.ee\/wp-content\/uploads\/2025\/07\/1SJ70260_Cora.jpg","type":"image\/jpeg"}],"twitter_card":"summary_large_image","schema":{"@context":"https:\/\/schema.org","@graph":[{"@type":"WebPage","@id":"https:\/\/kristall.ee\/en\/toode\/champagne-glasses-cora-optic-260ml\/","url":"https:\/\/kristall.ee\/en\/toode\/champagne-glasses-cora-optic-260ml\/","name":"Champagne glasses \u2013 Cora (Optic) 260ml. - Karlev O\u00dc","isPartOf":{"@id":"https:\/\/kristall.ee\/ru\/#website"},"primaryImageOfPage":{"@id":"https:\/\/kristall.ee\/en\/toode\/champagne-glasses-cora-optic-260ml\/#primaryimage"},"image":{"@id":"https:\/\/kristall.ee\/en\/toode\/champagne-glasses-cora-optic-260ml\/#primaryimage"},"thumbnailUrl":"https:\/\/kristall.ee\/wp-content\/uploads\/2025\/07\/1SJ70260_Cora.jpg","datePublished":"2025-07-02T11:03:58+00:00","breadcrumb":{"@id":"https:\/\/kristall.ee\/en\/toode\/champagne-glasses-cora-optic-260ml\/#breadcrumb"},"inLanguage":"en-US","potentialAction":[{"@type":"ReadAction","target":["https:\/\/kristall.ee\/en\/toode\/champagne-glasses-cora-optic-260ml\/"]}]},{"@type":"ImageObject","inLanguage":"en-US","@id":"https:\/\/kristall.ee\/en\/toode\/champagne-glasses-cora-optic-260ml\/#primaryimage","url":"https:\/\/kristall.ee\/wp-content\/uploads\/2025\/07\/1SJ70260_Cora.jpg","contentUrl":"https:\/\/kristall.ee\/wp-content\/uploads\/2025\/07\/1SJ70260_Cora.jpg","width":600,"height":600},{"@type":"BreadcrumbList","@id":"https:\/\/kristall.ee\/en\/toode\/champagne-glasses-cora-optic-260ml\/#breadcrumb","itemListElement":[{"@type":"ListItem","position":1,"name":"Home","item":"https:\/\/kristall.ee\/en\/avaleht\/"},{"@type":"ListItem","position":2,"name":"E-Shop","item":"https:\/\/kristall.ee\/en\/shop\/"},{"@type":"ListItem","position":3,"name":"Champagne glasses \u2013 Cora (Optic) 260ml."}]},{"@type":"WebSite","@id":"https:\/\/kristall.ee\/ru\/#website","url":"https:\/\/kristall.ee\/ru\/","name":"Karlev O\u00dc - Iga p\u00e4ev on t\u00e4htp\u00e4ev","description":"Iga p\u00e4ev on t\u00e4htp\u00e4ev!","publisher":{"@id":"https:\/\/kristall.ee\/ru\/#organization"},"potentialAction":[{"@type":"SearchAction","target":{"@type":"EntryPoint","urlTemplate":"https:\/\/kristall.ee\/ru\/?s={search_term_string}"},"query-input":{"@type":"PropertyValueSpecification","valueRequired":true,"valueName":"search_term_string"}}],"inLanguage":"en-US"},{"@type":"Organization","@id":"https:\/\/kristall.ee\/ru\/#organization","name":"Karlev O\u00dc","url":"https:\/\/kristall.ee\/ru\/","logo":{"@type":"ImageObject","inLanguage":"en-US","@id":"https:\/\/kristall.ee\/ru\/#\/schema\/logo\/image\/","url":"https:\/\/kristall.ee\/wp-content\/uploads\/2025\/01\/Karlev-anno2_LOGO-04.webp","contentUrl":"https:\/\/kristall.ee\/wp-content\/uploads\/2025\/01\/Karlev-anno2_LOGO-04.webp","width":767,"height":337,"caption":"Karlev O\u00dc"},"image":{"@id":"https:\/\/kristall.ee\/ru\/#\/schema\/logo\/image\/"}}]}},"_links":{"self":[{"href":"https:\/\/kristall.ee\/en\/wp-json\/wp\/v2\/product\/56423","targetHints":{"allow":["GET"]}}],"collection":[{"href":"https:\/\/kristall.ee\/en\/wp-json\/wp\/v2\/product"}],"about":[{"href":"https:\/\/kristall.ee\/en\/wp-json\/wp\/v2\/types\/product"}],"wp:featuredmedia":[{"embeddable":true,"href":"https:\/\/kristall.ee\/en\/wp-json\/wp\/v2\/media\/56362"}],"wp:attachment":[{"href":"https:\/\/kristall.ee\/en\/wp-json\/wp\/v2\/media?parent=56423"}],"wp:term":[{"taxonomy":"product_brand","embeddable":true,"href":"https:\/\/kristall.ee\/en\/wp-json\/wp\/v2\/product_brand?post=56423"},{"taxonomy":"product_cat","embeddable":true,"href":"https:\/\/kristall.ee\/en\/wp-json\/wp\/v2\/product_cat?post=56423"},{"taxonomy":"product_tag","embeddable":true,"href":"https:\/\/kristall.ee\/en\/wp-json\/wp\/v2\/product_tag?post=56423"}],"curies":[{"name":"wp","href":"https:\/\/api.w.org\/{rel}","templated":true}]}}