{"id":56358,"date":"2025-06-13T11:39:19","date_gmt":"2025-06-13T11:39:19","guid":{"rendered":"https:\/\/kristall.ee\/toode\/teaspoon-meadow-flowers\/"},"modified":"2025-06-13T11:39:19","modified_gmt":"2025-06-13T11:39:19","slug":"teaspoon-meadow-flowers","status":"publish","type":"product","link":"https:\/\/kristall.ee\/en\/toode\/teaspoon-meadow-flowers\/","title":{"rendered":"Teaspoon &#8211; Meadow flowers"},"content":{"rendered":"<p>Italy<\/p>\n<p>STEEL with porcelain<\/p>\n<p>Size of the spoon: 2,6 x 14 cm.<\/p>\n<p>The price is for one (1) teaspoon.<\/p>\n<p>A very cute teaspoon with a spring-summer feel.<br \/>\nSince it is made of stainless steel, it is also perfect for eating boiled eggs.<\/p>\n<p>&nbsp;<\/p>\n","protected":false},"excerpt":{"rendered":"<p>Italy STEEL with porcelain Size of the spoon: 2,6 x 14 cm. The price is for one (1) teaspoon. A very cute teaspoon with a spring-summer feel. Since it is made of stainless steel, it is also perfect for eating boiled eggs. &nbsp;<\/p>\n","protected":false},"featured_media":56327,"menu_order":269,"template":"","meta":{"_acf_changed":false},"product_brand":[],"product_cat":[6279,6399,5933],"product_tag":[],"class_list":{"0":"post-56358","1":"product","2":"type-product","3":"status-publish","4":"has-post-thumbnail","6":"product_cat-coming-soon-2025-december","7":"product_cat-spring-summer-porcelain-ceramic","8":"product_cat-tableware-porcelain-spoons-forks-cake-slice","9":"product_shipping_class-standard","11":"first","12":"outofstock","13":"taxable","14":"shipping-taxable","15":"purchasable","16":"product-type-simple"},"acf":[],"yoast_head":"<!-- This site is optimized with the Yoast SEO plugin v26.6 - https:\/\/yoast.com\/wordpress\/plugins\/seo\/ -->\n<title>Teaspoon - Meadow flowers - Karlev O\u00dc<\/title>\n<meta name=\"robots\" content=\"index, follow, max-snippet:-1, max-image-preview:large, max-video-preview:-1\" \/>\n<link rel=\"canonical\" href=\"https:\/\/kristall.ee\/en\/toode\/teaspoon-meadow-flowers\/\" \/>\n<meta property=\"og:locale\" content=\"en_US\" \/>\n<meta property=\"og:type\" content=\"article\" \/>\n<meta property=\"og:title\" content=\"Teaspoon - Meadow flowers - Karlev O\u00dc\" \/>\n<meta property=\"og:description\" content=\"Italy STEEL with porcelain Size of the spoon: 2,6 x 14 cm. The price is for one (1) teaspoon. A very cute teaspoon with a spring-summer feel. Since it is made of stainless steel, it is also perfect for eating boiled eggs. &nbsp;\" \/>\n<meta property=\"og:url\" content=\"https:\/\/kristall.ee\/en\/toode\/teaspoon-meadow-flowers\/\" \/>\n<meta property=\"og:site_name\" content=\"Karlev O\u00dc\" \/>\n<meta property=\"og:image\" content=\"https:\/\/kristall.ee\/wp-content\/uploads\/2025\/06\/R2273EAST.jpg\" \/>\n\t<meta property=\"og:image:width\" content=\"600\" \/>\n\t<meta property=\"og:image:height\" content=\"600\" \/>\n\t<meta property=\"og:image:type\" content=\"image\/jpeg\" \/>\n<meta name=\"twitter:card\" content=\"summary_large_image\" \/>\n<script type=\"application\/ld+json\" class=\"yoast-schema-graph\">{\"@context\":\"https:\/\/schema.org\",\"@graph\":[{\"@type\":\"WebPage\",\"@id\":\"https:\/\/kristall.ee\/en\/toode\/teaspoon-meadow-flowers\/\",\"url\":\"https:\/\/kristall.ee\/en\/toode\/teaspoon-meadow-flowers\/\",\"name\":\"Teaspoon - Meadow flowers - Karlev O\u00dc\",\"isPartOf\":{\"@id\":\"https:\/\/kristall.ee\/ru\/#website\"},\"primaryImageOfPage\":{\"@id\":\"https:\/\/kristall.ee\/en\/toode\/teaspoon-meadow-flowers\/#primaryimage\"},\"image\":{\"@id\":\"https:\/\/kristall.ee\/en\/toode\/teaspoon-meadow-flowers\/#primaryimage\"},\"thumbnailUrl\":\"https:\/\/kristall.ee\/wp-content\/uploads\/2025\/06\/R2273EAST.jpg\",\"datePublished\":\"2025-06-13T11:39:19+00:00\",\"breadcrumb\":{\"@id\":\"https:\/\/kristall.ee\/en\/toode\/teaspoon-meadow-flowers\/#breadcrumb\"},\"inLanguage\":\"en-US\",\"potentialAction\":[{\"@type\":\"ReadAction\",\"target\":[\"https:\/\/kristall.ee\/en\/toode\/teaspoon-meadow-flowers\/\"]}]},{\"@type\":\"ImageObject\",\"inLanguage\":\"en-US\",\"@id\":\"https:\/\/kristall.ee\/en\/toode\/teaspoon-meadow-flowers\/#primaryimage\",\"url\":\"https:\/\/kristall.ee\/wp-content\/uploads\/2025\/06\/R2273EAST.jpg\",\"contentUrl\":\"https:\/\/kristall.ee\/wp-content\/uploads\/2025\/06\/R2273EAST.jpg\",\"width\":600,\"height\":600},{\"@type\":\"BreadcrumbList\",\"@id\":\"https:\/\/kristall.ee\/en\/toode\/teaspoon-meadow-flowers\/#breadcrumb\",\"itemListElement\":[{\"@type\":\"ListItem\",\"position\":1,\"name\":\"Home\",\"item\":\"https:\/\/kristall.ee\/en\/avaleht\/\"},{\"@type\":\"ListItem\",\"position\":2,\"name\":\"E-Shop\",\"item\":\"https:\/\/kristall.ee\/en\/shop\/\"},{\"@type\":\"ListItem\",\"position\":3,\"name\":\"Teaspoon &#8211; Meadow flowers\"}]},{\"@type\":\"WebSite\",\"@id\":\"https:\/\/kristall.ee\/ru\/#website\",\"url\":\"https:\/\/kristall.ee\/ru\/\",\"name\":\"Karlev O\u00dc - Iga p\u00e4ev on t\u00e4htp\u00e4ev\",\"description\":\"Iga p\u00e4ev on t\u00e4htp\u00e4ev!\",\"publisher\":{\"@id\":\"https:\/\/kristall.ee\/ru\/#organization\"},\"potentialAction\":[{\"@type\":\"SearchAction\",\"target\":{\"@type\":\"EntryPoint\",\"urlTemplate\":\"https:\/\/kristall.ee\/ru\/?s={search_term_string}\"},\"query-input\":{\"@type\":\"PropertyValueSpecification\",\"valueRequired\":true,\"valueName\":\"search_term_string\"}}],\"inLanguage\":\"en-US\"},{\"@type\":\"Organization\",\"@id\":\"https:\/\/kristall.ee\/ru\/#organization\",\"name\":\"Karlev O\u00dc\",\"url\":\"https:\/\/kristall.ee\/ru\/\",\"logo\":{\"@type\":\"ImageObject\",\"inLanguage\":\"en-US\",\"@id\":\"https:\/\/kristall.ee\/ru\/#\/schema\/logo\/image\/\",\"url\":\"https:\/\/kristall.ee\/wp-content\/uploads\/2025\/01\/Karlev-anno2_LOGO-04.webp\",\"contentUrl\":\"https:\/\/kristall.ee\/wp-content\/uploads\/2025\/01\/Karlev-anno2_LOGO-04.webp\",\"width\":767,\"height\":337,\"caption\":\"Karlev O\u00dc\"},\"image\":{\"@id\":\"https:\/\/kristall.ee\/ru\/#\/schema\/logo\/image\/\"}}]}<\/script>\n<!-- \/ Yoast SEO plugin. -->","yoast_head_json":{"title":"Teaspoon - Meadow flowers - Karlev O\u00dc","robots":{"index":"index","follow":"follow","max-snippet":"max-snippet:-1","max-image-preview":"max-image-preview:large","max-video-preview":"max-video-preview:-1"},"canonical":"https:\/\/kristall.ee\/en\/toode\/teaspoon-meadow-flowers\/","og_locale":"en_US","og_type":"article","og_title":"Teaspoon - Meadow flowers - Karlev O\u00dc","og_description":"Italy STEEL with porcelain Size of the spoon: 2,6 x 14 cm. The price is for one (1) teaspoon. A very cute teaspoon with a spring-summer feel. Since it is made of stainless steel, it is also perfect for eating boiled eggs. &nbsp;","og_url":"https:\/\/kristall.ee\/en\/toode\/teaspoon-meadow-flowers\/","og_site_name":"Karlev O\u00dc","og_image":[{"width":600,"height":600,"url":"https:\/\/kristall.ee\/wp-content\/uploads\/2025\/06\/R2273EAST.jpg","type":"image\/jpeg"}],"twitter_card":"summary_large_image","schema":{"@context":"https:\/\/schema.org","@graph":[{"@type":"WebPage","@id":"https:\/\/kristall.ee\/en\/toode\/teaspoon-meadow-flowers\/","url":"https:\/\/kristall.ee\/en\/toode\/teaspoon-meadow-flowers\/","name":"Teaspoon - Meadow flowers - Karlev O\u00dc","isPartOf":{"@id":"https:\/\/kristall.ee\/ru\/#website"},"primaryImageOfPage":{"@id":"https:\/\/kristall.ee\/en\/toode\/teaspoon-meadow-flowers\/#primaryimage"},"image":{"@id":"https:\/\/kristall.ee\/en\/toode\/teaspoon-meadow-flowers\/#primaryimage"},"thumbnailUrl":"https:\/\/kristall.ee\/wp-content\/uploads\/2025\/06\/R2273EAST.jpg","datePublished":"2025-06-13T11:39:19+00:00","breadcrumb":{"@id":"https:\/\/kristall.ee\/en\/toode\/teaspoon-meadow-flowers\/#breadcrumb"},"inLanguage":"en-US","potentialAction":[{"@type":"ReadAction","target":["https:\/\/kristall.ee\/en\/toode\/teaspoon-meadow-flowers\/"]}]},{"@type":"ImageObject","inLanguage":"en-US","@id":"https:\/\/kristall.ee\/en\/toode\/teaspoon-meadow-flowers\/#primaryimage","url":"https:\/\/kristall.ee\/wp-content\/uploads\/2025\/06\/R2273EAST.jpg","contentUrl":"https:\/\/kristall.ee\/wp-content\/uploads\/2025\/06\/R2273EAST.jpg","width":600,"height":600},{"@type":"BreadcrumbList","@id":"https:\/\/kristall.ee\/en\/toode\/teaspoon-meadow-flowers\/#breadcrumb","itemListElement":[{"@type":"ListItem","position":1,"name":"Home","item":"https:\/\/kristall.ee\/en\/avaleht\/"},{"@type":"ListItem","position":2,"name":"E-Shop","item":"https:\/\/kristall.ee\/en\/shop\/"},{"@type":"ListItem","position":3,"name":"Teaspoon &#8211; Meadow flowers"}]},{"@type":"WebSite","@id":"https:\/\/kristall.ee\/ru\/#website","url":"https:\/\/kristall.ee\/ru\/","name":"Karlev O\u00dc - Iga p\u00e4ev on t\u00e4htp\u00e4ev","description":"Iga p\u00e4ev on t\u00e4htp\u00e4ev!","publisher":{"@id":"https:\/\/kristall.ee\/ru\/#organization"},"potentialAction":[{"@type":"SearchAction","target":{"@type":"EntryPoint","urlTemplate":"https:\/\/kristall.ee\/ru\/?s={search_term_string}"},"query-input":{"@type":"PropertyValueSpecification","valueRequired":true,"valueName":"search_term_string"}}],"inLanguage":"en-US"},{"@type":"Organization","@id":"https:\/\/kristall.ee\/ru\/#organization","name":"Karlev O\u00dc","url":"https:\/\/kristall.ee\/ru\/","logo":{"@type":"ImageObject","inLanguage":"en-US","@id":"https:\/\/kristall.ee\/ru\/#\/schema\/logo\/image\/","url":"https:\/\/kristall.ee\/wp-content\/uploads\/2025\/01\/Karlev-anno2_LOGO-04.webp","contentUrl":"https:\/\/kristall.ee\/wp-content\/uploads\/2025\/01\/Karlev-anno2_LOGO-04.webp","width":767,"height":337,"caption":"Karlev O\u00dc"},"image":{"@id":"https:\/\/kristall.ee\/ru\/#\/schema\/logo\/image\/"}}]}},"_links":{"self":[{"href":"https:\/\/kristall.ee\/en\/wp-json\/wp\/v2\/product\/56358","targetHints":{"allow":["GET"]}}],"collection":[{"href":"https:\/\/kristall.ee\/en\/wp-json\/wp\/v2\/product"}],"about":[{"href":"https:\/\/kristall.ee\/en\/wp-json\/wp\/v2\/types\/product"}],"wp:featuredmedia":[{"embeddable":true,"href":"https:\/\/kristall.ee\/en\/wp-json\/wp\/v2\/media\/56327"}],"wp:attachment":[{"href":"https:\/\/kristall.ee\/en\/wp-json\/wp\/v2\/media?parent=56358"}],"wp:term":[{"taxonomy":"product_brand","embeddable":true,"href":"https:\/\/kristall.ee\/en\/wp-json\/wp\/v2\/product_brand?post=56358"},{"taxonomy":"product_cat","embeddable":true,"href":"https:\/\/kristall.ee\/en\/wp-json\/wp\/v2\/product_cat?post=56358"},{"taxonomy":"product_tag","embeddable":true,"href":"https:\/\/kristall.ee\/en\/wp-json\/wp\/v2\/product_tag?post=56358"}],"curies":[{"name":"wp","href":"https:\/\/api.w.org\/{rel}","templated":true}]}}