{"id":55016,"date":"2025-04-07T09:49:31","date_gmt":"2025-04-07T09:49:31","guid":{"rendered":"https:\/\/kristall.ee\/toode\/flute-glasses-grand-gala-2-pcs\/"},"modified":"2025-04-07T09:49:31","modified_gmt":"2025-04-07T09:49:31","slug":"flute-glasses-grand-gala-2-pcs","status":"publish","type":"product","link":"https:\/\/kristall.ee\/en\/toode\/flute-glasses-grand-gala-2-pcs\/","title":{"rendered":"Flute glasses &#8211; Grand Gala 2 pcs."},"content":{"rendered":"<p>Italy<br \/>\nPozzi Milano 1876<\/p>\n<p>glass<\/p>\n<p>Size of the glass: 300 ml.<\/p>\n<p>1 set = 2 glasses<\/p>\n<p>The price is for one (1) set in the gift box.<\/p>\n<p>NB!<br \/>\nHand wash only!<\/p>\n","protected":false},"excerpt":{"rendered":"<p>Italy Pozzi Milano 1876 glass Size of the glass: 300 ml. 1 set = 2 glasses The price is for one (1) set in the gift box. NB! Hand wash only!<\/p>\n","protected":false},"featured_media":55013,"menu_order":369,"template":"","meta":{"_acf_changed":false},"product_brand":[],"product_cat":[6279,6001,6147],"product_tag":[],"class_list":{"0":"post-55016","1":"product","2":"type-product","3":"status-publish","4":"has-post-thumbnail","6":"product_cat-coming-soon-2025-december","7":"product_cat-glasses-flute-glasses","8":"product_cat-for-wedding-glasses-for-the-bride-groom","9":"product_shipping_class-purunev","11":"first","12":"instock","13":"taxable","14":"shipping-taxable","15":"purchasable","16":"product-type-simple"},"acf":[],"yoast_head":"<!-- This site is optimized with the Yoast SEO plugin v26.6 - https:\/\/yoast.com\/wordpress\/plugins\/seo\/ -->\n<title>Flute glasses - Grand Gala 2 pcs. - Karlev O\u00dc<\/title>\n<meta name=\"robots\" content=\"index, follow, max-snippet:-1, max-image-preview:large, max-video-preview:-1\" \/>\n<link rel=\"canonical\" href=\"https:\/\/kristall.ee\/en\/toode\/flute-glasses-grand-gala-2-pcs\/\" \/>\n<meta property=\"og:locale\" content=\"en_US\" \/>\n<meta property=\"og:type\" content=\"article\" \/>\n<meta property=\"og:title\" content=\"Flute glasses - Grand Gala 2 pcs. - Karlev O\u00dc\" \/>\n<meta property=\"og:description\" content=\"Italy Pozzi Milano 1876 glass Size of the glass: 300 ml. 1 set = 2 glasses The price is for one (1) set in the gift box. NB! Hand wash only!\" \/>\n<meta property=\"og:url\" content=\"https:\/\/kristall.ee\/en\/toode\/flute-glasses-grand-gala-2-pcs\/\" \/>\n<meta property=\"og:site_name\" content=\"Karlev O\u00dc\" \/>\n<meta property=\"og:image\" content=\"https:\/\/kristall.ee\/wp-content\/uploads\/2025\/04\/PM0261TRSP-1.jpg\" \/>\n\t<meta property=\"og:image:width\" content=\"600\" \/>\n\t<meta property=\"og:image:height\" content=\"600\" \/>\n\t<meta property=\"og:image:type\" content=\"image\/jpeg\" \/>\n<meta name=\"twitter:card\" content=\"summary_large_image\" \/>\n<script type=\"application\/ld+json\" class=\"yoast-schema-graph\">{\"@context\":\"https:\/\/schema.org\",\"@graph\":[{\"@type\":\"WebPage\",\"@id\":\"https:\/\/kristall.ee\/en\/toode\/flute-glasses-grand-gala-2-pcs\/\",\"url\":\"https:\/\/kristall.ee\/en\/toode\/flute-glasses-grand-gala-2-pcs\/\",\"name\":\"Flute glasses - Grand Gala 2 pcs. - Karlev O\u00dc\",\"isPartOf\":{\"@id\":\"https:\/\/kristall.ee\/ru\/#website\"},\"primaryImageOfPage\":{\"@id\":\"https:\/\/kristall.ee\/en\/toode\/flute-glasses-grand-gala-2-pcs\/#primaryimage\"},\"image\":{\"@id\":\"https:\/\/kristall.ee\/en\/toode\/flute-glasses-grand-gala-2-pcs\/#primaryimage\"},\"thumbnailUrl\":\"https:\/\/kristall.ee\/wp-content\/uploads\/2025\/04\/PM0261TRSP-1.jpg\",\"datePublished\":\"2025-04-07T09:49:31+00:00\",\"breadcrumb\":{\"@id\":\"https:\/\/kristall.ee\/en\/toode\/flute-glasses-grand-gala-2-pcs\/#breadcrumb\"},\"inLanguage\":\"en-US\",\"potentialAction\":[{\"@type\":\"ReadAction\",\"target\":[\"https:\/\/kristall.ee\/en\/toode\/flute-glasses-grand-gala-2-pcs\/\"]}]},{\"@type\":\"ImageObject\",\"inLanguage\":\"en-US\",\"@id\":\"https:\/\/kristall.ee\/en\/toode\/flute-glasses-grand-gala-2-pcs\/#primaryimage\",\"url\":\"https:\/\/kristall.ee\/wp-content\/uploads\/2025\/04\/PM0261TRSP-1.jpg\",\"contentUrl\":\"https:\/\/kristall.ee\/wp-content\/uploads\/2025\/04\/PM0261TRSP-1.jpg\",\"width\":600,\"height\":600},{\"@type\":\"BreadcrumbList\",\"@id\":\"https:\/\/kristall.ee\/en\/toode\/flute-glasses-grand-gala-2-pcs\/#breadcrumb\",\"itemListElement\":[{\"@type\":\"ListItem\",\"position\":1,\"name\":\"Home\",\"item\":\"https:\/\/kristall.ee\/en\/avaleht\/\"},{\"@type\":\"ListItem\",\"position\":2,\"name\":\"E-Shop\",\"item\":\"https:\/\/kristall.ee\/en\/shop\/\"},{\"@type\":\"ListItem\",\"position\":3,\"name\":\"Flute glasses &#8211; Grand Gala 2 pcs.\"}]},{\"@type\":\"WebSite\",\"@id\":\"https:\/\/kristall.ee\/ru\/#website\",\"url\":\"https:\/\/kristall.ee\/ru\/\",\"name\":\"Karlev O\u00dc - Iga p\u00e4ev on t\u00e4htp\u00e4ev\",\"description\":\"Iga p\u00e4ev on t\u00e4htp\u00e4ev!\",\"publisher\":{\"@id\":\"https:\/\/kristall.ee\/ru\/#organization\"},\"potentialAction\":[{\"@type\":\"SearchAction\",\"target\":{\"@type\":\"EntryPoint\",\"urlTemplate\":\"https:\/\/kristall.ee\/ru\/?s={search_term_string}\"},\"query-input\":{\"@type\":\"PropertyValueSpecification\",\"valueRequired\":true,\"valueName\":\"search_term_string\"}}],\"inLanguage\":\"en-US\"},{\"@type\":\"Organization\",\"@id\":\"https:\/\/kristall.ee\/ru\/#organization\",\"name\":\"Karlev O\u00dc\",\"url\":\"https:\/\/kristall.ee\/ru\/\",\"logo\":{\"@type\":\"ImageObject\",\"inLanguage\":\"en-US\",\"@id\":\"https:\/\/kristall.ee\/ru\/#\/schema\/logo\/image\/\",\"url\":\"https:\/\/kristall.ee\/wp-content\/uploads\/2025\/01\/Karlev-anno2_LOGO-04.webp\",\"contentUrl\":\"https:\/\/kristall.ee\/wp-content\/uploads\/2025\/01\/Karlev-anno2_LOGO-04.webp\",\"width\":767,\"height\":337,\"caption\":\"Karlev O\u00dc\"},\"image\":{\"@id\":\"https:\/\/kristall.ee\/ru\/#\/schema\/logo\/image\/\"}}]}<\/script>\n<!-- \/ Yoast SEO plugin. -->","yoast_head_json":{"title":"Flute glasses - Grand Gala 2 pcs. - Karlev O\u00dc","robots":{"index":"index","follow":"follow","max-snippet":"max-snippet:-1","max-image-preview":"max-image-preview:large","max-video-preview":"max-video-preview:-1"},"canonical":"https:\/\/kristall.ee\/en\/toode\/flute-glasses-grand-gala-2-pcs\/","og_locale":"en_US","og_type":"article","og_title":"Flute glasses - Grand Gala 2 pcs. - Karlev O\u00dc","og_description":"Italy Pozzi Milano 1876 glass Size of the glass: 300 ml. 1 set = 2 glasses The price is for one (1) set in the gift box. NB! Hand wash only!","og_url":"https:\/\/kristall.ee\/en\/toode\/flute-glasses-grand-gala-2-pcs\/","og_site_name":"Karlev O\u00dc","og_image":[{"width":600,"height":600,"url":"https:\/\/kristall.ee\/wp-content\/uploads\/2025\/04\/PM0261TRSP-1.jpg","type":"image\/jpeg"}],"twitter_card":"summary_large_image","schema":{"@context":"https:\/\/schema.org","@graph":[{"@type":"WebPage","@id":"https:\/\/kristall.ee\/en\/toode\/flute-glasses-grand-gala-2-pcs\/","url":"https:\/\/kristall.ee\/en\/toode\/flute-glasses-grand-gala-2-pcs\/","name":"Flute glasses - Grand Gala 2 pcs. - Karlev O\u00dc","isPartOf":{"@id":"https:\/\/kristall.ee\/ru\/#website"},"primaryImageOfPage":{"@id":"https:\/\/kristall.ee\/en\/toode\/flute-glasses-grand-gala-2-pcs\/#primaryimage"},"image":{"@id":"https:\/\/kristall.ee\/en\/toode\/flute-glasses-grand-gala-2-pcs\/#primaryimage"},"thumbnailUrl":"https:\/\/kristall.ee\/wp-content\/uploads\/2025\/04\/PM0261TRSP-1.jpg","datePublished":"2025-04-07T09:49:31+00:00","breadcrumb":{"@id":"https:\/\/kristall.ee\/en\/toode\/flute-glasses-grand-gala-2-pcs\/#breadcrumb"},"inLanguage":"en-US","potentialAction":[{"@type":"ReadAction","target":["https:\/\/kristall.ee\/en\/toode\/flute-glasses-grand-gala-2-pcs\/"]}]},{"@type":"ImageObject","inLanguage":"en-US","@id":"https:\/\/kristall.ee\/en\/toode\/flute-glasses-grand-gala-2-pcs\/#primaryimage","url":"https:\/\/kristall.ee\/wp-content\/uploads\/2025\/04\/PM0261TRSP-1.jpg","contentUrl":"https:\/\/kristall.ee\/wp-content\/uploads\/2025\/04\/PM0261TRSP-1.jpg","width":600,"height":600},{"@type":"BreadcrumbList","@id":"https:\/\/kristall.ee\/en\/toode\/flute-glasses-grand-gala-2-pcs\/#breadcrumb","itemListElement":[{"@type":"ListItem","position":1,"name":"Home","item":"https:\/\/kristall.ee\/en\/avaleht\/"},{"@type":"ListItem","position":2,"name":"E-Shop","item":"https:\/\/kristall.ee\/en\/shop\/"},{"@type":"ListItem","position":3,"name":"Flute glasses &#8211; Grand Gala 2 pcs."}]},{"@type":"WebSite","@id":"https:\/\/kristall.ee\/ru\/#website","url":"https:\/\/kristall.ee\/ru\/","name":"Karlev O\u00dc - Iga p\u00e4ev on t\u00e4htp\u00e4ev","description":"Iga p\u00e4ev on t\u00e4htp\u00e4ev!","publisher":{"@id":"https:\/\/kristall.ee\/ru\/#organization"},"potentialAction":[{"@type":"SearchAction","target":{"@type":"EntryPoint","urlTemplate":"https:\/\/kristall.ee\/ru\/?s={search_term_string}"},"query-input":{"@type":"PropertyValueSpecification","valueRequired":true,"valueName":"search_term_string"}}],"inLanguage":"en-US"},{"@type":"Organization","@id":"https:\/\/kristall.ee\/ru\/#organization","name":"Karlev O\u00dc","url":"https:\/\/kristall.ee\/ru\/","logo":{"@type":"ImageObject","inLanguage":"en-US","@id":"https:\/\/kristall.ee\/ru\/#\/schema\/logo\/image\/","url":"https:\/\/kristall.ee\/wp-content\/uploads\/2025\/01\/Karlev-anno2_LOGO-04.webp","contentUrl":"https:\/\/kristall.ee\/wp-content\/uploads\/2025\/01\/Karlev-anno2_LOGO-04.webp","width":767,"height":337,"caption":"Karlev O\u00dc"},"image":{"@id":"https:\/\/kristall.ee\/ru\/#\/schema\/logo\/image\/"}}]}},"_links":{"self":[{"href":"https:\/\/kristall.ee\/en\/wp-json\/wp\/v2\/product\/55016","targetHints":{"allow":["GET"]}}],"collection":[{"href":"https:\/\/kristall.ee\/en\/wp-json\/wp\/v2\/product"}],"about":[{"href":"https:\/\/kristall.ee\/en\/wp-json\/wp\/v2\/types\/product"}],"wp:featuredmedia":[{"embeddable":true,"href":"https:\/\/kristall.ee\/en\/wp-json\/wp\/v2\/media\/55013"}],"wp:attachment":[{"href":"https:\/\/kristall.ee\/en\/wp-json\/wp\/v2\/media?parent=55016"}],"wp:term":[{"taxonomy":"product_brand","embeddable":true,"href":"https:\/\/kristall.ee\/en\/wp-json\/wp\/v2\/product_brand?post=55016"},{"taxonomy":"product_cat","embeddable":true,"href":"https:\/\/kristall.ee\/en\/wp-json\/wp\/v2\/product_cat?post=55016"},{"taxonomy":"product_tag","embeddable":true,"href":"https:\/\/kristall.ee\/en\/wp-json\/wp\/v2\/product_tag?post=55016"}],"curies":[{"name":"wp","href":"https:\/\/api.w.org\/{rel}","templated":true}]}}