{"id":47875,"date":"2025-01-07T19:09:22","date_gmt":"2025-01-07T19:09:22","guid":{"rendered":"https:\/\/kristall.ee\/toode\/mug-disney-100-its-kind-of-fun-to-do-the-impossible\/"},"modified":"2025-01-14T12:30:20","modified_gmt":"2025-01-14T12:30:20","slug":"mug-disney-100-its-kind-of-fun-to-do-the-impossible","status":"publish","type":"product","link":"https:\/\/kristall.ee\/en\/toode\/mug-disney-100-its-kind-of-fun-to-do-the-impossible\/","title":{"rendered":"Mug &#8211; Disney 100 &#8211; It&#8217;s kind of fun to do the impossible!"},"content":{"rendered":"<p>DISNEY&reg;<\/p>\n<p>England<\/p>\n<p>This limited edition mug captures the true magic of Disney on its centenary and can be enjoyed by fans of all ages. The white ceramic mug showcases a series of printed stars, in which sit images of Disney favourites, complete with gloss finish and &lsquo;It&rsquo;s Kind of Fun to Do the Impossible&rsquo; title. It is finished by a silver rim, matching handle, and grey internal colouring.<\/p>\n<p>Size of the mug: 200ml.<br \/>\nCeramic<\/p>\n<p>NB!<br \/>\nHand wash only!<br \/>\nDo not use in microwave!<\/p>\n<p>The price is for one (1) mug in the gift box.<\/p>\n","protected":false},"excerpt":{"rendered":"<p>DISNEY&reg; England This limited edition mug captures the true magic of Disney on its centenary and can be enjoyed by fans of all ages. The white ceramic mug showcases a series of printed stars, in which sit images of Disney favourites, complete with gloss finish and &lsquo;It&rsquo;s Kind of Fun to Do the Impossible&rsquo; title. &#8230;<\/p>\n","protected":false},"featured_media":32811,"menu_order":2565,"template":"","meta":{"_acf_changed":false},"product_brand":[],"product_cat":[5929,6219,5937,5684,5708,6191],"product_tag":[],"class_list":{"0":"post-47875","1":"product","2":"type-product","3":"status-publish","4":"has-post-thumbnail","6":"product_cat-tableware-porcelain-mugs","7":"product_cat-for-kids-disney","8":"product_cat-tableware-porcelain-for-kids","9":"product_cat-tableware","10":"product_cat-for-kids","11":"product_cat-for-kids-feeding-sets-for-kids","12":"product_shipping_class-purunev","14":"first","15":"instock","16":"purchasable","17":"product-type-simple"},"acf":[],"yoast_head":"<!-- This site is optimized with the Yoast SEO plugin v26.6 - https:\/\/yoast.com\/wordpress\/plugins\/seo\/ -->\n<title>Mug - Disney 100 - It&#039;s kind of fun to do the impossible! - Karlev O\u00dc<\/title>\n<meta name=\"robots\" content=\"index, follow, max-snippet:-1, max-image-preview:large, max-video-preview:-1\" \/>\n<link rel=\"canonical\" href=\"https:\/\/kristall.ee\/en\/toode\/mug-disney-100-its-kind-of-fun-to-do-the-impossible\/\" \/>\n<meta property=\"og:locale\" content=\"en_US\" \/>\n<meta property=\"og:type\" content=\"article\" \/>\n<meta property=\"og:title\" content=\"Mug - Disney 100 - It&#039;s kind of fun to do the impossible! - Karlev O\u00dc\" \/>\n<meta property=\"og:description\" content=\"DISNEY&reg; England This limited edition mug captures the true magic of Disney on its centenary and can be enjoyed by fans of all ages. The white ceramic mug showcases a series of printed stars, in which sit images of Disney favourites, complete with gloss finish and &lsquo;It&rsquo;s Kind of Fun to Do the Impossible&rsquo; title. ...\" \/>\n<meta property=\"og:url\" content=\"https:\/\/kristall.ee\/en\/toode\/mug-disney-100-its-kind-of-fun-to-do-the-impossible\/\" \/>\n<meta property=\"og:site_name\" content=\"Karlev O\u00dc\" \/>\n<meta property=\"article:modified_time\" content=\"2025-01-14T12:30:20+00:00\" \/>\n<meta property=\"og:image\" content=\"https:\/\/kristall.ee\/wp-content\/uploads\/2025\/01\/8904.jpg\" \/>\n\t<meta property=\"og:image:width\" content=\"600\" \/>\n\t<meta property=\"og:image:height\" content=\"600\" \/>\n\t<meta property=\"og:image:type\" content=\"image\/jpeg\" \/>\n<meta name=\"twitter:card\" content=\"summary_large_image\" \/>\n<script type=\"application\/ld+json\" class=\"yoast-schema-graph\">{\"@context\":\"https:\/\/schema.org\",\"@graph\":[{\"@type\":\"WebPage\",\"@id\":\"https:\/\/kristall.ee\/en\/toode\/mug-disney-100-its-kind-of-fun-to-do-the-impossible\/\",\"url\":\"https:\/\/kristall.ee\/en\/toode\/mug-disney-100-its-kind-of-fun-to-do-the-impossible\/\",\"name\":\"Mug - Disney 100 - It's kind of fun to do the impossible! - Karlev O\u00dc\",\"isPartOf\":{\"@id\":\"https:\/\/kristall.ee\/ru\/#website\"},\"primaryImageOfPage\":{\"@id\":\"https:\/\/kristall.ee\/en\/toode\/mug-disney-100-its-kind-of-fun-to-do-the-impossible\/#primaryimage\"},\"image\":{\"@id\":\"https:\/\/kristall.ee\/en\/toode\/mug-disney-100-its-kind-of-fun-to-do-the-impossible\/#primaryimage\"},\"thumbnailUrl\":\"https:\/\/kristall.ee\/wp-content\/uploads\/2025\/01\/8904.jpg\",\"datePublished\":\"2025-01-07T19:09:22+00:00\",\"dateModified\":\"2025-01-14T12:30:20+00:00\",\"breadcrumb\":{\"@id\":\"https:\/\/kristall.ee\/en\/toode\/mug-disney-100-its-kind-of-fun-to-do-the-impossible\/#breadcrumb\"},\"inLanguage\":\"en-US\",\"potentialAction\":[{\"@type\":\"ReadAction\",\"target\":[\"https:\/\/kristall.ee\/en\/toode\/mug-disney-100-its-kind-of-fun-to-do-the-impossible\/\"]}]},{\"@type\":\"ImageObject\",\"inLanguage\":\"en-US\",\"@id\":\"https:\/\/kristall.ee\/en\/toode\/mug-disney-100-its-kind-of-fun-to-do-the-impossible\/#primaryimage\",\"url\":\"https:\/\/kristall.ee\/wp-content\/uploads\/2025\/01\/8904.jpg\",\"contentUrl\":\"https:\/\/kristall.ee\/wp-content\/uploads\/2025\/01\/8904.jpg\",\"width\":600,\"height\":600},{\"@type\":\"BreadcrumbList\",\"@id\":\"https:\/\/kristall.ee\/en\/toode\/mug-disney-100-its-kind-of-fun-to-do-the-impossible\/#breadcrumb\",\"itemListElement\":[{\"@type\":\"ListItem\",\"position\":1,\"name\":\"Home\",\"item\":\"https:\/\/kristall.ee\/en\/avaleht\/\"},{\"@type\":\"ListItem\",\"position\":2,\"name\":\"E-Shop\",\"item\":\"https:\/\/kristall.ee\/en\/shop\/\"},{\"@type\":\"ListItem\",\"position\":3,\"name\":\"Mug &#8211; Disney 100 &#8211; It&#8217;s kind of fun to do the impossible!\"}]},{\"@type\":\"WebSite\",\"@id\":\"https:\/\/kristall.ee\/ru\/#website\",\"url\":\"https:\/\/kristall.ee\/ru\/\",\"name\":\"Karlev O\u00dc - Iga p\u00e4ev on t\u00e4htp\u00e4ev\",\"description\":\"Iga p\u00e4ev on t\u00e4htp\u00e4ev!\",\"publisher\":{\"@id\":\"https:\/\/kristall.ee\/ru\/#organization\"},\"potentialAction\":[{\"@type\":\"SearchAction\",\"target\":{\"@type\":\"EntryPoint\",\"urlTemplate\":\"https:\/\/kristall.ee\/ru\/?s={search_term_string}\"},\"query-input\":{\"@type\":\"PropertyValueSpecification\",\"valueRequired\":true,\"valueName\":\"search_term_string\"}}],\"inLanguage\":\"en-US\"},{\"@type\":\"Organization\",\"@id\":\"https:\/\/kristall.ee\/ru\/#organization\",\"name\":\"Karlev O\u00dc\",\"url\":\"https:\/\/kristall.ee\/ru\/\",\"logo\":{\"@type\":\"ImageObject\",\"inLanguage\":\"en-US\",\"@id\":\"https:\/\/kristall.ee\/ru\/#\/schema\/logo\/image\/\",\"url\":\"https:\/\/kristall.ee\/wp-content\/uploads\/2025\/01\/Karlev-anno2_LOGO-04.webp\",\"contentUrl\":\"https:\/\/kristall.ee\/wp-content\/uploads\/2025\/01\/Karlev-anno2_LOGO-04.webp\",\"width\":767,\"height\":337,\"caption\":\"Karlev O\u00dc\"},\"image\":{\"@id\":\"https:\/\/kristall.ee\/ru\/#\/schema\/logo\/image\/\"}}]}<\/script>\n<!-- \/ Yoast SEO plugin. -->","yoast_head_json":{"title":"Mug - Disney 100 - It's kind of fun to do the impossible! - Karlev O\u00dc","robots":{"index":"index","follow":"follow","max-snippet":"max-snippet:-1","max-image-preview":"max-image-preview:large","max-video-preview":"max-video-preview:-1"},"canonical":"https:\/\/kristall.ee\/en\/toode\/mug-disney-100-its-kind-of-fun-to-do-the-impossible\/","og_locale":"en_US","og_type":"article","og_title":"Mug - Disney 100 - It's kind of fun to do the impossible! - Karlev O\u00dc","og_description":"DISNEY&reg; England This limited edition mug captures the true magic of Disney on its centenary and can be enjoyed by fans of all ages. The white ceramic mug showcases a series of printed stars, in which sit images of Disney favourites, complete with gloss finish and &lsquo;It&rsquo;s Kind of Fun to Do the Impossible&rsquo; title. ...","og_url":"https:\/\/kristall.ee\/en\/toode\/mug-disney-100-its-kind-of-fun-to-do-the-impossible\/","og_site_name":"Karlev O\u00dc","article_modified_time":"2025-01-14T12:30:20+00:00","og_image":[{"width":600,"height":600,"url":"https:\/\/kristall.ee\/wp-content\/uploads\/2025\/01\/8904.jpg","type":"image\/jpeg"}],"twitter_card":"summary_large_image","schema":{"@context":"https:\/\/schema.org","@graph":[{"@type":"WebPage","@id":"https:\/\/kristall.ee\/en\/toode\/mug-disney-100-its-kind-of-fun-to-do-the-impossible\/","url":"https:\/\/kristall.ee\/en\/toode\/mug-disney-100-its-kind-of-fun-to-do-the-impossible\/","name":"Mug - Disney 100 - It's kind of fun to do the impossible! - Karlev O\u00dc","isPartOf":{"@id":"https:\/\/kristall.ee\/ru\/#website"},"primaryImageOfPage":{"@id":"https:\/\/kristall.ee\/en\/toode\/mug-disney-100-its-kind-of-fun-to-do-the-impossible\/#primaryimage"},"image":{"@id":"https:\/\/kristall.ee\/en\/toode\/mug-disney-100-its-kind-of-fun-to-do-the-impossible\/#primaryimage"},"thumbnailUrl":"https:\/\/kristall.ee\/wp-content\/uploads\/2025\/01\/8904.jpg","datePublished":"2025-01-07T19:09:22+00:00","dateModified":"2025-01-14T12:30:20+00:00","breadcrumb":{"@id":"https:\/\/kristall.ee\/en\/toode\/mug-disney-100-its-kind-of-fun-to-do-the-impossible\/#breadcrumb"},"inLanguage":"en-US","potentialAction":[{"@type":"ReadAction","target":["https:\/\/kristall.ee\/en\/toode\/mug-disney-100-its-kind-of-fun-to-do-the-impossible\/"]}]},{"@type":"ImageObject","inLanguage":"en-US","@id":"https:\/\/kristall.ee\/en\/toode\/mug-disney-100-its-kind-of-fun-to-do-the-impossible\/#primaryimage","url":"https:\/\/kristall.ee\/wp-content\/uploads\/2025\/01\/8904.jpg","contentUrl":"https:\/\/kristall.ee\/wp-content\/uploads\/2025\/01\/8904.jpg","width":600,"height":600},{"@type":"BreadcrumbList","@id":"https:\/\/kristall.ee\/en\/toode\/mug-disney-100-its-kind-of-fun-to-do-the-impossible\/#breadcrumb","itemListElement":[{"@type":"ListItem","position":1,"name":"Home","item":"https:\/\/kristall.ee\/en\/avaleht\/"},{"@type":"ListItem","position":2,"name":"E-Shop","item":"https:\/\/kristall.ee\/en\/shop\/"},{"@type":"ListItem","position":3,"name":"Mug &#8211; Disney 100 &#8211; It&#8217;s kind of fun to do the impossible!"}]},{"@type":"WebSite","@id":"https:\/\/kristall.ee\/ru\/#website","url":"https:\/\/kristall.ee\/ru\/","name":"Karlev O\u00dc - Iga p\u00e4ev on t\u00e4htp\u00e4ev","description":"Iga p\u00e4ev on t\u00e4htp\u00e4ev!","publisher":{"@id":"https:\/\/kristall.ee\/ru\/#organization"},"potentialAction":[{"@type":"SearchAction","target":{"@type":"EntryPoint","urlTemplate":"https:\/\/kristall.ee\/ru\/?s={search_term_string}"},"query-input":{"@type":"PropertyValueSpecification","valueRequired":true,"valueName":"search_term_string"}}],"inLanguage":"en-US"},{"@type":"Organization","@id":"https:\/\/kristall.ee\/ru\/#organization","name":"Karlev O\u00dc","url":"https:\/\/kristall.ee\/ru\/","logo":{"@type":"ImageObject","inLanguage":"en-US","@id":"https:\/\/kristall.ee\/ru\/#\/schema\/logo\/image\/","url":"https:\/\/kristall.ee\/wp-content\/uploads\/2025\/01\/Karlev-anno2_LOGO-04.webp","contentUrl":"https:\/\/kristall.ee\/wp-content\/uploads\/2025\/01\/Karlev-anno2_LOGO-04.webp","width":767,"height":337,"caption":"Karlev O\u00dc"},"image":{"@id":"https:\/\/kristall.ee\/ru\/#\/schema\/logo\/image\/"}}]}},"_links":{"self":[{"href":"https:\/\/kristall.ee\/en\/wp-json\/wp\/v2\/product\/47875","targetHints":{"allow":["GET"]}}],"collection":[{"href":"https:\/\/kristall.ee\/en\/wp-json\/wp\/v2\/product"}],"about":[{"href":"https:\/\/kristall.ee\/en\/wp-json\/wp\/v2\/types\/product"}],"wp:featuredmedia":[{"embeddable":true,"href":"https:\/\/kristall.ee\/en\/wp-json\/wp\/v2\/media\/32811"}],"wp:attachment":[{"href":"https:\/\/kristall.ee\/en\/wp-json\/wp\/v2\/media?parent=47875"}],"wp:term":[{"taxonomy":"product_brand","embeddable":true,"href":"https:\/\/kristall.ee\/en\/wp-json\/wp\/v2\/product_brand?post=47875"},{"taxonomy":"product_cat","embeddable":true,"href":"https:\/\/kristall.ee\/en\/wp-json\/wp\/v2\/product_cat?post=47875"},{"taxonomy":"product_tag","embeddable":true,"href":"https:\/\/kristall.ee\/en\/wp-json\/wp\/v2\/product_tag?post=47875"}],"curies":[{"name":"wp","href":"https:\/\/api.w.org\/{rel}","templated":true}]}}