{"id":47776,"date":"2025-01-09T14:52:15","date_gmt":"2025-01-09T14:52:15","guid":{"rendered":"https:\/\/kristall.ee\/toode\/spoon-set-art-deco\/"},"modified":"2025-01-14T12:30:03","modified_gmt":"2025-01-14T12:30:03","slug":"spoon-set-art-deco","status":"publish","type":"product","link":"https:\/\/kristall.ee\/en\/toode\/spoon-set-art-deco\/","title":{"rendered":"Spoon set &#8211; Art Deco"},"content":{"rendered":"<p>Leonardo Collection<\/p>\n<p>England&nbsp;&nbsp;&nbsp;&nbsp;<br \/>\nPorcelain&nbsp;&nbsp; &nbsp;<br \/>\n&nbsp; &nbsp;<br \/>\n4 tea spoons = 1 set.<br \/>\nIn a gift box (15x10x3cm.)&nbsp;<\/p>\n<p>The price is for one (1) set.<\/p>\n","protected":false},"excerpt":{"rendered":"<p>Leonardo Collection England&nbsp;&nbsp;&nbsp;&nbsp; Porcelain&nbsp;&nbsp; &nbsp; &nbsp; &nbsp; 4 tea spoons = 1 set. In a gift box (15x10x3cm.)&nbsp; The price is for one (1) set.<\/p>\n","protected":false},"featured_media":31685,"menu_order":9147,"template":"","meta":{"_acf_changed":false},"product_brand":[],"product_cat":[5933,5684],"product_tag":[],"class_list":{"0":"post-47776","1":"product","2":"type-product","3":"status-publish","4":"has-post-thumbnail","6":"product_cat-tableware-porcelain-spoons-forks-cake-slice","7":"product_cat-tableware","8":"product_shipping_class-standard","10":"first","11":"instock","12":"purchasable","13":"product-type-simple"},"acf":[],"yoast_head":"<!-- This site is optimized with the Yoast SEO plugin v26.6 - https:\/\/yoast.com\/wordpress\/plugins\/seo\/ -->\n<title>Spoon set - Art Deco - Karlev O\u00dc<\/title>\n<meta name=\"robots\" content=\"index, follow, max-snippet:-1, max-image-preview:large, max-video-preview:-1\" \/>\n<link rel=\"canonical\" href=\"https:\/\/kristall.ee\/en\/toode\/spoon-set-art-deco\/\" \/>\n<meta property=\"og:locale\" content=\"en_US\" \/>\n<meta property=\"og:type\" content=\"article\" \/>\n<meta property=\"og:title\" content=\"Spoon set - Art Deco - Karlev O\u00dc\" \/>\n<meta property=\"og:description\" content=\"Leonardo Collection England&nbsp;&nbsp;&nbsp;&nbsp; Porcelain&nbsp;&nbsp; &nbsp; &nbsp; &nbsp; 4 tea spoons = 1 set. In a gift box (15x10x3cm.)&nbsp; The price is for one (1) set.\" \/>\n<meta property=\"og:url\" content=\"https:\/\/kristall.ee\/en\/toode\/spoon-set-art-deco\/\" \/>\n<meta property=\"og:site_name\" content=\"Karlev O\u00dc\" \/>\n<meta property=\"article:modified_time\" content=\"2025-01-14T12:30:03+00:00\" \/>\n<meta property=\"og:image\" content=\"https:\/\/kristall.ee\/wp-content\/uploads\/2025\/01\/8410.jpg\" \/>\n\t<meta property=\"og:image:width\" content=\"1000\" \/>\n\t<meta property=\"og:image:height\" content=\"1000\" \/>\n\t<meta property=\"og:image:type\" content=\"image\/jpeg\" \/>\n<meta name=\"twitter:card\" content=\"summary_large_image\" \/>\n<script type=\"application\/ld+json\" class=\"yoast-schema-graph\">{\"@context\":\"https:\/\/schema.org\",\"@graph\":[{\"@type\":\"WebPage\",\"@id\":\"https:\/\/kristall.ee\/en\/toode\/spoon-set-art-deco\/\",\"url\":\"https:\/\/kristall.ee\/en\/toode\/spoon-set-art-deco\/\",\"name\":\"Spoon set - Art Deco - Karlev O\u00dc\",\"isPartOf\":{\"@id\":\"https:\/\/kristall.ee\/ru\/#website\"},\"primaryImageOfPage\":{\"@id\":\"https:\/\/kristall.ee\/en\/toode\/spoon-set-art-deco\/#primaryimage\"},\"image\":{\"@id\":\"https:\/\/kristall.ee\/en\/toode\/spoon-set-art-deco\/#primaryimage\"},\"thumbnailUrl\":\"https:\/\/kristall.ee\/wp-content\/uploads\/2025\/01\/8410.jpg\",\"datePublished\":\"2025-01-09T14:52:15+00:00\",\"dateModified\":\"2025-01-14T12:30:03+00:00\",\"breadcrumb\":{\"@id\":\"https:\/\/kristall.ee\/en\/toode\/spoon-set-art-deco\/#breadcrumb\"},\"inLanguage\":\"en-US\",\"potentialAction\":[{\"@type\":\"ReadAction\",\"target\":[\"https:\/\/kristall.ee\/en\/toode\/spoon-set-art-deco\/\"]}]},{\"@type\":\"ImageObject\",\"inLanguage\":\"en-US\",\"@id\":\"https:\/\/kristall.ee\/en\/toode\/spoon-set-art-deco\/#primaryimage\",\"url\":\"https:\/\/kristall.ee\/wp-content\/uploads\/2025\/01\/8410.jpg\",\"contentUrl\":\"https:\/\/kristall.ee\/wp-content\/uploads\/2025\/01\/8410.jpg\",\"width\":1000,\"height\":1000},{\"@type\":\"BreadcrumbList\",\"@id\":\"https:\/\/kristall.ee\/en\/toode\/spoon-set-art-deco\/#breadcrumb\",\"itemListElement\":[{\"@type\":\"ListItem\",\"position\":1,\"name\":\"Home\",\"item\":\"https:\/\/kristall.ee\/en\/avaleht\/\"},{\"@type\":\"ListItem\",\"position\":2,\"name\":\"E-Shop\",\"item\":\"https:\/\/kristall.ee\/en\/shop\/\"},{\"@type\":\"ListItem\",\"position\":3,\"name\":\"Spoon set &#8211; Art Deco\"}]},{\"@type\":\"WebSite\",\"@id\":\"https:\/\/kristall.ee\/ru\/#website\",\"url\":\"https:\/\/kristall.ee\/ru\/\",\"name\":\"Karlev O\u00dc - Iga p\u00e4ev on t\u00e4htp\u00e4ev\",\"description\":\"Iga p\u00e4ev on t\u00e4htp\u00e4ev!\",\"publisher\":{\"@id\":\"https:\/\/kristall.ee\/ru\/#organization\"},\"potentialAction\":[{\"@type\":\"SearchAction\",\"target\":{\"@type\":\"EntryPoint\",\"urlTemplate\":\"https:\/\/kristall.ee\/ru\/?s={search_term_string}\"},\"query-input\":{\"@type\":\"PropertyValueSpecification\",\"valueRequired\":true,\"valueName\":\"search_term_string\"}}],\"inLanguage\":\"en-US\"},{\"@type\":\"Organization\",\"@id\":\"https:\/\/kristall.ee\/ru\/#organization\",\"name\":\"Karlev O\u00dc\",\"url\":\"https:\/\/kristall.ee\/ru\/\",\"logo\":{\"@type\":\"ImageObject\",\"inLanguage\":\"en-US\",\"@id\":\"https:\/\/kristall.ee\/ru\/#\/schema\/logo\/image\/\",\"url\":\"https:\/\/kristall.ee\/wp-content\/uploads\/2025\/01\/Karlev-anno2_LOGO-04.webp\",\"contentUrl\":\"https:\/\/kristall.ee\/wp-content\/uploads\/2025\/01\/Karlev-anno2_LOGO-04.webp\",\"width\":767,\"height\":337,\"caption\":\"Karlev O\u00dc\"},\"image\":{\"@id\":\"https:\/\/kristall.ee\/ru\/#\/schema\/logo\/image\/\"}}]}<\/script>\n<!-- \/ Yoast SEO plugin. -->","yoast_head_json":{"title":"Spoon set - Art Deco - Karlev O\u00dc","robots":{"index":"index","follow":"follow","max-snippet":"max-snippet:-1","max-image-preview":"max-image-preview:large","max-video-preview":"max-video-preview:-1"},"canonical":"https:\/\/kristall.ee\/en\/toode\/spoon-set-art-deco\/","og_locale":"en_US","og_type":"article","og_title":"Spoon set - Art Deco - Karlev O\u00dc","og_description":"Leonardo Collection England&nbsp;&nbsp;&nbsp;&nbsp; Porcelain&nbsp;&nbsp; &nbsp; &nbsp; &nbsp; 4 tea spoons = 1 set. In a gift box (15x10x3cm.)&nbsp; The price is for one (1) set.","og_url":"https:\/\/kristall.ee\/en\/toode\/spoon-set-art-deco\/","og_site_name":"Karlev O\u00dc","article_modified_time":"2025-01-14T12:30:03+00:00","og_image":[{"width":1000,"height":1000,"url":"https:\/\/kristall.ee\/wp-content\/uploads\/2025\/01\/8410.jpg","type":"image\/jpeg"}],"twitter_card":"summary_large_image","schema":{"@context":"https:\/\/schema.org","@graph":[{"@type":"WebPage","@id":"https:\/\/kristall.ee\/en\/toode\/spoon-set-art-deco\/","url":"https:\/\/kristall.ee\/en\/toode\/spoon-set-art-deco\/","name":"Spoon set - Art Deco - Karlev O\u00dc","isPartOf":{"@id":"https:\/\/kristall.ee\/ru\/#website"},"primaryImageOfPage":{"@id":"https:\/\/kristall.ee\/en\/toode\/spoon-set-art-deco\/#primaryimage"},"image":{"@id":"https:\/\/kristall.ee\/en\/toode\/spoon-set-art-deco\/#primaryimage"},"thumbnailUrl":"https:\/\/kristall.ee\/wp-content\/uploads\/2025\/01\/8410.jpg","datePublished":"2025-01-09T14:52:15+00:00","dateModified":"2025-01-14T12:30:03+00:00","breadcrumb":{"@id":"https:\/\/kristall.ee\/en\/toode\/spoon-set-art-deco\/#breadcrumb"},"inLanguage":"en-US","potentialAction":[{"@type":"ReadAction","target":["https:\/\/kristall.ee\/en\/toode\/spoon-set-art-deco\/"]}]},{"@type":"ImageObject","inLanguage":"en-US","@id":"https:\/\/kristall.ee\/en\/toode\/spoon-set-art-deco\/#primaryimage","url":"https:\/\/kristall.ee\/wp-content\/uploads\/2025\/01\/8410.jpg","contentUrl":"https:\/\/kristall.ee\/wp-content\/uploads\/2025\/01\/8410.jpg","width":1000,"height":1000},{"@type":"BreadcrumbList","@id":"https:\/\/kristall.ee\/en\/toode\/spoon-set-art-deco\/#breadcrumb","itemListElement":[{"@type":"ListItem","position":1,"name":"Home","item":"https:\/\/kristall.ee\/en\/avaleht\/"},{"@type":"ListItem","position":2,"name":"E-Shop","item":"https:\/\/kristall.ee\/en\/shop\/"},{"@type":"ListItem","position":3,"name":"Spoon set &#8211; Art Deco"}]},{"@type":"WebSite","@id":"https:\/\/kristall.ee\/ru\/#website","url":"https:\/\/kristall.ee\/ru\/","name":"Karlev O\u00dc - Iga p\u00e4ev on t\u00e4htp\u00e4ev","description":"Iga p\u00e4ev on t\u00e4htp\u00e4ev!","publisher":{"@id":"https:\/\/kristall.ee\/ru\/#organization"},"potentialAction":[{"@type":"SearchAction","target":{"@type":"EntryPoint","urlTemplate":"https:\/\/kristall.ee\/ru\/?s={search_term_string}"},"query-input":{"@type":"PropertyValueSpecification","valueRequired":true,"valueName":"search_term_string"}}],"inLanguage":"en-US"},{"@type":"Organization","@id":"https:\/\/kristall.ee\/ru\/#organization","name":"Karlev O\u00dc","url":"https:\/\/kristall.ee\/ru\/","logo":{"@type":"ImageObject","inLanguage":"en-US","@id":"https:\/\/kristall.ee\/ru\/#\/schema\/logo\/image\/","url":"https:\/\/kristall.ee\/wp-content\/uploads\/2025\/01\/Karlev-anno2_LOGO-04.webp","contentUrl":"https:\/\/kristall.ee\/wp-content\/uploads\/2025\/01\/Karlev-anno2_LOGO-04.webp","width":767,"height":337,"caption":"Karlev O\u00dc"},"image":{"@id":"https:\/\/kristall.ee\/ru\/#\/schema\/logo\/image\/"}}]}},"_links":{"self":[{"href":"https:\/\/kristall.ee\/en\/wp-json\/wp\/v2\/product\/47776","targetHints":{"allow":["GET"]}}],"collection":[{"href":"https:\/\/kristall.ee\/en\/wp-json\/wp\/v2\/product"}],"about":[{"href":"https:\/\/kristall.ee\/en\/wp-json\/wp\/v2\/types\/product"}],"wp:featuredmedia":[{"embeddable":true,"href":"https:\/\/kristall.ee\/en\/wp-json\/wp\/v2\/media\/31685"}],"wp:attachment":[{"href":"https:\/\/kristall.ee\/en\/wp-json\/wp\/v2\/media?parent=47776"}],"wp:term":[{"taxonomy":"product_brand","embeddable":true,"href":"https:\/\/kristall.ee\/en\/wp-json\/wp\/v2\/product_brand?post=47776"},{"taxonomy":"product_cat","embeddable":true,"href":"https:\/\/kristall.ee\/en\/wp-json\/wp\/v2\/product_cat?post=47776"},{"taxonomy":"product_tag","embeddable":true,"href":"https:\/\/kristall.ee\/en\/wp-json\/wp\/v2\/product_tag?post=47776"}],"curies":[{"name":"wp","href":"https:\/\/api.w.org\/{rel}","templated":true}]}}