{"id":47317,"date":"2025-01-03T20:24:35","date_gmt":"2025-01-03T20:24:35","guid":{"rendered":"https:\/\/kristall.ee\/toode\/mirror-monet-water-lilies\/"},"modified":"2025-04-21T08:25:01","modified_gmt":"2025-04-21T08:25:01","slug":"mirror-monet-water-lilies","status":"publish","type":"product","link":"https:\/\/kristall.ee\/en\/toode\/mirror-monet-water-lilies\/","title":{"rendered":"Mirror \u2013 Monet or Vincent van Gogh"},"content":{"rendered":"<p>Desire<\/p>\n<p>England<\/p>\n<p>Size of the pocket mirror: diam.: 6cm.<br \/>\nYou choose your mirror with your favourite painting:<br \/>\nVincent van Gogh, Starry Night<br \/>\nMonet, Water Lilies<br \/>\nMonet, The Poppy Field near Argenteuil<br \/>\nVincent van Gogh, Sunflowers<\/p>\n<p>The price is for one (1) mirrow<\/p>\n","protected":false},"excerpt":{"rendered":"<p>Desire England Size of the pocket mirror: diam.: 6cm. You choose your mirror with your favourite painting: Vincent van Gogh, Starry Night Monet, Water Lilies Monet, The Poppy Field near Argenteuil Vincent van Gogh, Sunflowers The price is for one (1) mirrow<\/p>\n","protected":false},"featured_media":55536,"menu_order":1073,"template":"","meta":{"_acf_changed":false},"product_brand":[],"product_cat":[5676,5780],"product_tag":[],"class_list":{"0":"post-47317","1":"product","2":"type-product","3":"status-publish","4":"has-post-thumbnail","6":"product_cat-gifts","7":"product_cat-gifts-accessories","8":"product_shipping_class-standard","10":"first","11":"instock","12":"purchasable","13":"product-type-simple"},"acf":[],"yoast_head":"<!-- This site is optimized with the Yoast SEO plugin v26.6 - https:\/\/yoast.com\/wordpress\/plugins\/seo\/ -->\n<title>Mirror \u2013 Monet or Vincent van Gogh - Karlev O\u00dc<\/title>\n<meta name=\"robots\" content=\"index, follow, max-snippet:-1, max-image-preview:large, max-video-preview:-1\" \/>\n<link rel=\"canonical\" href=\"https:\/\/kristall.ee\/en\/toode\/mirror-monet-water-lilies\/\" \/>\n<meta property=\"og:locale\" content=\"en_US\" \/>\n<meta property=\"og:type\" content=\"article\" \/>\n<meta property=\"og:title\" content=\"Mirror \u2013 Monet or Vincent van Gogh - Karlev O\u00dc\" \/>\n<meta property=\"og:description\" content=\"Desire England Size of the pocket mirror: diam.: 6cm. You choose your mirror with your favourite painting: Vincent van Gogh, Starry Night Monet, Water Lilies Monet, The Poppy Field near Argenteuil Vincent van Gogh, Sunflowers The price is for one (1) mirrow\" \/>\n<meta property=\"og:url\" content=\"https:\/\/kristall.ee\/en\/toode\/mirror-monet-water-lilies\/\" \/>\n<meta property=\"og:site_name\" content=\"Karlev O\u00dc\" \/>\n<meta property=\"article:modified_time\" content=\"2025-04-21T08:25:01+00:00\" \/>\n<meta property=\"og:image\" content=\"https:\/\/kristall.ee\/wp-content\/uploads\/2025\/01\/74212.jpg\" \/>\n\t<meta property=\"og:image:width\" content=\"600\" \/>\n\t<meta property=\"og:image:height\" content=\"600\" \/>\n\t<meta property=\"og:image:type\" content=\"image\/jpeg\" \/>\n<meta name=\"twitter:card\" content=\"summary_large_image\" \/>\n<script type=\"application\/ld+json\" class=\"yoast-schema-graph\">{\"@context\":\"https:\/\/schema.org\",\"@graph\":[{\"@type\":\"WebPage\",\"@id\":\"https:\/\/kristall.ee\/en\/toode\/mirror-monet-water-lilies\/\",\"url\":\"https:\/\/kristall.ee\/en\/toode\/mirror-monet-water-lilies\/\",\"name\":\"Mirror \u2013 Monet or Vincent van Gogh - Karlev O\u00dc\",\"isPartOf\":{\"@id\":\"https:\/\/kristall.ee\/ru\/#website\"},\"primaryImageOfPage\":{\"@id\":\"https:\/\/kristall.ee\/en\/toode\/mirror-monet-water-lilies\/#primaryimage\"},\"image\":{\"@id\":\"https:\/\/kristall.ee\/en\/toode\/mirror-monet-water-lilies\/#primaryimage\"},\"thumbnailUrl\":\"https:\/\/kristall.ee\/wp-content\/uploads\/2025\/01\/74212.jpg\",\"datePublished\":\"2025-01-03T20:24:35+00:00\",\"dateModified\":\"2025-04-21T08:25:01+00:00\",\"breadcrumb\":{\"@id\":\"https:\/\/kristall.ee\/en\/toode\/mirror-monet-water-lilies\/#breadcrumb\"},\"inLanguage\":\"en-US\",\"potentialAction\":[{\"@type\":\"ReadAction\",\"target\":[\"https:\/\/kristall.ee\/en\/toode\/mirror-monet-water-lilies\/\"]}]},{\"@type\":\"ImageObject\",\"inLanguage\":\"en-US\",\"@id\":\"https:\/\/kristall.ee\/en\/toode\/mirror-monet-water-lilies\/#primaryimage\",\"url\":\"https:\/\/kristall.ee\/wp-content\/uploads\/2025\/01\/74212.jpg\",\"contentUrl\":\"https:\/\/kristall.ee\/wp-content\/uploads\/2025\/01\/74212.jpg\",\"width\":600,\"height\":600},{\"@type\":\"BreadcrumbList\",\"@id\":\"https:\/\/kristall.ee\/en\/toode\/mirror-monet-water-lilies\/#breadcrumb\",\"itemListElement\":[{\"@type\":\"ListItem\",\"position\":1,\"name\":\"Home\",\"item\":\"https:\/\/kristall.ee\/en\/avaleht\/\"},{\"@type\":\"ListItem\",\"position\":2,\"name\":\"E-Shop\",\"item\":\"https:\/\/kristall.ee\/en\/shop\/\"},{\"@type\":\"ListItem\",\"position\":3,\"name\":\"Mirror \u2013 Monet or Vincent van Gogh\"}]},{\"@type\":\"WebSite\",\"@id\":\"https:\/\/kristall.ee\/ru\/#website\",\"url\":\"https:\/\/kristall.ee\/ru\/\",\"name\":\"Karlev O\u00dc - Iga p\u00e4ev on t\u00e4htp\u00e4ev\",\"description\":\"Iga p\u00e4ev on t\u00e4htp\u00e4ev!\",\"publisher\":{\"@id\":\"https:\/\/kristall.ee\/ru\/#organization\"},\"potentialAction\":[{\"@type\":\"SearchAction\",\"target\":{\"@type\":\"EntryPoint\",\"urlTemplate\":\"https:\/\/kristall.ee\/ru\/?s={search_term_string}\"},\"query-input\":{\"@type\":\"PropertyValueSpecification\",\"valueRequired\":true,\"valueName\":\"search_term_string\"}}],\"inLanguage\":\"en-US\"},{\"@type\":\"Organization\",\"@id\":\"https:\/\/kristall.ee\/ru\/#organization\",\"name\":\"Karlev O\u00dc\",\"url\":\"https:\/\/kristall.ee\/ru\/\",\"logo\":{\"@type\":\"ImageObject\",\"inLanguage\":\"en-US\",\"@id\":\"https:\/\/kristall.ee\/ru\/#\/schema\/logo\/image\/\",\"url\":\"https:\/\/kristall.ee\/wp-content\/uploads\/2025\/01\/Karlev-anno2_LOGO-04.webp\",\"contentUrl\":\"https:\/\/kristall.ee\/wp-content\/uploads\/2025\/01\/Karlev-anno2_LOGO-04.webp\",\"width\":767,\"height\":337,\"caption\":\"Karlev O\u00dc\"},\"image\":{\"@id\":\"https:\/\/kristall.ee\/ru\/#\/schema\/logo\/image\/\"}}]}<\/script>\n<!-- \/ Yoast SEO plugin. -->","yoast_head_json":{"title":"Mirror \u2013 Monet or Vincent van Gogh - Karlev O\u00dc","robots":{"index":"index","follow":"follow","max-snippet":"max-snippet:-1","max-image-preview":"max-image-preview:large","max-video-preview":"max-video-preview:-1"},"canonical":"https:\/\/kristall.ee\/en\/toode\/mirror-monet-water-lilies\/","og_locale":"en_US","og_type":"article","og_title":"Mirror \u2013 Monet or Vincent van Gogh - Karlev O\u00dc","og_description":"Desire England Size of the pocket mirror: diam.: 6cm. You choose your mirror with your favourite painting: Vincent van Gogh, Starry Night Monet, Water Lilies Monet, The Poppy Field near Argenteuil Vincent van Gogh, Sunflowers The price is for one (1) mirrow","og_url":"https:\/\/kristall.ee\/en\/toode\/mirror-monet-water-lilies\/","og_site_name":"Karlev O\u00dc","article_modified_time":"2025-04-21T08:25:01+00:00","og_image":[{"width":600,"height":600,"url":"https:\/\/kristall.ee\/wp-content\/uploads\/2025\/01\/74212.jpg","type":"image\/jpeg"}],"twitter_card":"summary_large_image","schema":{"@context":"https:\/\/schema.org","@graph":[{"@type":"WebPage","@id":"https:\/\/kristall.ee\/en\/toode\/mirror-monet-water-lilies\/","url":"https:\/\/kristall.ee\/en\/toode\/mirror-monet-water-lilies\/","name":"Mirror \u2013 Monet or Vincent van Gogh - Karlev O\u00dc","isPartOf":{"@id":"https:\/\/kristall.ee\/ru\/#website"},"primaryImageOfPage":{"@id":"https:\/\/kristall.ee\/en\/toode\/mirror-monet-water-lilies\/#primaryimage"},"image":{"@id":"https:\/\/kristall.ee\/en\/toode\/mirror-monet-water-lilies\/#primaryimage"},"thumbnailUrl":"https:\/\/kristall.ee\/wp-content\/uploads\/2025\/01\/74212.jpg","datePublished":"2025-01-03T20:24:35+00:00","dateModified":"2025-04-21T08:25:01+00:00","breadcrumb":{"@id":"https:\/\/kristall.ee\/en\/toode\/mirror-monet-water-lilies\/#breadcrumb"},"inLanguage":"en-US","potentialAction":[{"@type":"ReadAction","target":["https:\/\/kristall.ee\/en\/toode\/mirror-monet-water-lilies\/"]}]},{"@type":"ImageObject","inLanguage":"en-US","@id":"https:\/\/kristall.ee\/en\/toode\/mirror-monet-water-lilies\/#primaryimage","url":"https:\/\/kristall.ee\/wp-content\/uploads\/2025\/01\/74212.jpg","contentUrl":"https:\/\/kristall.ee\/wp-content\/uploads\/2025\/01\/74212.jpg","width":600,"height":600},{"@type":"BreadcrumbList","@id":"https:\/\/kristall.ee\/en\/toode\/mirror-monet-water-lilies\/#breadcrumb","itemListElement":[{"@type":"ListItem","position":1,"name":"Home","item":"https:\/\/kristall.ee\/en\/avaleht\/"},{"@type":"ListItem","position":2,"name":"E-Shop","item":"https:\/\/kristall.ee\/en\/shop\/"},{"@type":"ListItem","position":3,"name":"Mirror \u2013 Monet or Vincent van Gogh"}]},{"@type":"WebSite","@id":"https:\/\/kristall.ee\/ru\/#website","url":"https:\/\/kristall.ee\/ru\/","name":"Karlev O\u00dc - Iga p\u00e4ev on t\u00e4htp\u00e4ev","description":"Iga p\u00e4ev on t\u00e4htp\u00e4ev!","publisher":{"@id":"https:\/\/kristall.ee\/ru\/#organization"},"potentialAction":[{"@type":"SearchAction","target":{"@type":"EntryPoint","urlTemplate":"https:\/\/kristall.ee\/ru\/?s={search_term_string}"},"query-input":{"@type":"PropertyValueSpecification","valueRequired":true,"valueName":"search_term_string"}}],"inLanguage":"en-US"},{"@type":"Organization","@id":"https:\/\/kristall.ee\/ru\/#organization","name":"Karlev O\u00dc","url":"https:\/\/kristall.ee\/ru\/","logo":{"@type":"ImageObject","inLanguage":"en-US","@id":"https:\/\/kristall.ee\/ru\/#\/schema\/logo\/image\/","url":"https:\/\/kristall.ee\/wp-content\/uploads\/2025\/01\/Karlev-anno2_LOGO-04.webp","contentUrl":"https:\/\/kristall.ee\/wp-content\/uploads\/2025\/01\/Karlev-anno2_LOGO-04.webp","width":767,"height":337,"caption":"Karlev O\u00dc"},"image":{"@id":"https:\/\/kristall.ee\/ru\/#\/schema\/logo\/image\/"}}]}},"_links":{"self":[{"href":"https:\/\/kristall.ee\/en\/wp-json\/wp\/v2\/product\/47317","targetHints":{"allow":["GET"]}}],"collection":[{"href":"https:\/\/kristall.ee\/en\/wp-json\/wp\/v2\/product"}],"about":[{"href":"https:\/\/kristall.ee\/en\/wp-json\/wp\/v2\/types\/product"}],"wp:featuredmedia":[{"embeddable":true,"href":"https:\/\/kristall.ee\/en\/wp-json\/wp\/v2\/media\/55536"}],"wp:attachment":[{"href":"https:\/\/kristall.ee\/en\/wp-json\/wp\/v2\/media?parent=47317"}],"wp:term":[{"taxonomy":"product_brand","embeddable":true,"href":"https:\/\/kristall.ee\/en\/wp-json\/wp\/v2\/product_brand?post=47317"},{"taxonomy":"product_cat","embeddable":true,"href":"https:\/\/kristall.ee\/en\/wp-json\/wp\/v2\/product_cat?post=47317"},{"taxonomy":"product_tag","embeddable":true,"href":"https:\/\/kristall.ee\/en\/wp-json\/wp\/v2\/product_tag?post=47317"}],"curies":[{"name":"wp","href":"https:\/\/api.w.org\/{rel}","templated":true}]}}