{"id":47305,"date":"2025-01-09T20:43:57","date_gmt":"2025-01-09T20:43:57","guid":{"rendered":"https:\/\/kristall.ee\/toode\/porcelain-mug-dumbo-dream-big-195ml\/"},"modified":"2025-01-14T12:28:47","modified_gmt":"2025-01-14T12:28:47","slug":"porcelain-mug-dumbo-dream-big-195ml","status":"publish","type":"product","link":"https:\/\/kristall.ee\/en\/toode\/porcelain-mug-dumbo-dream-big-195ml\/","title":{"rendered":"Porcelain mug &#8211; Dumbo, Dream big 195ml."},"content":{"rendered":"<p>Disney<\/p>\n<p>England<\/p>\n<p>Porcelain&nbsp;&nbsp; &nbsp;<br \/>\nSize of the mug: 195ml.<\/p>\n<p>A Dumbo mug from DISNEY&reg;. This charming mug from Magical Beginnings celebrates the enchantment of Dumbo, one of Disney&rsquo;s most iconic characters. The white porcelain has a gloss finish and features an original sketch from the classic Disney film, alongside its &lsquo;Dream Big&rsquo; sentiment in gold foil lettering. It is designed as collectable item, as well as for everyday use for Disney fans and makes an ideal gift to commemorate special occasions. The mug is packaged in a gift box.<\/p>\n<p>PS!&nbsp; &nbsp;<br \/>\nThe price is for one (1) Mug in the gift box!&nbsp;&nbsp;&nbsp;<br \/>\nHand wash only!<\/p>\n","protected":false},"excerpt":{"rendered":"<p>Disney England Porcelain&nbsp;&nbsp; &nbsp; Size of the mug: 195ml. A Dumbo mug from DISNEY&reg;. This charming mug from Magical Beginnings celebrates the enchantment of Dumbo, one of Disney&rsquo;s most iconic characters. The white porcelain has a gloss finish and features an original sketch from the classic Disney film, alongside its &lsquo;Dream Big&rsquo; sentiment in gold &#8230;<\/p>\n","protected":false},"featured_media":28936,"menu_order":4308,"template":"","meta":{"_acf_changed":false},"product_brand":[],"product_cat":[6219,5929,5937,5684,5708,6191],"product_tag":[],"class_list":{"0":"post-47305","1":"product","2":"type-product","3":"status-publish","4":"has-post-thumbnail","6":"product_cat-for-kids-disney","7":"product_cat-tableware-porcelain-mugs","8":"product_cat-tableware-porcelain-for-kids","9":"product_cat-tableware","10":"product_cat-for-kids","11":"product_cat-for-kids-feeding-sets-for-kids","12":"product_shipping_class-purunev","14":"first","15":"instock","16":"purchasable","17":"product-type-simple"},"acf":[],"yoast_head":"<!-- This site is optimized with the Yoast SEO plugin v26.6 - https:\/\/yoast.com\/wordpress\/plugins\/seo\/ -->\n<title>Porcelain mug - Dumbo, Dream big 195ml. - Karlev O\u00dc<\/title>\n<meta name=\"robots\" content=\"index, follow, max-snippet:-1, max-image-preview:large, max-video-preview:-1\" \/>\n<link rel=\"canonical\" href=\"https:\/\/kristall.ee\/en\/toode\/porcelain-mug-dumbo-dream-big-195ml\/\" \/>\n<meta property=\"og:locale\" content=\"en_US\" \/>\n<meta property=\"og:type\" content=\"article\" \/>\n<meta property=\"og:title\" content=\"Porcelain mug - Dumbo, Dream big 195ml. - Karlev O\u00dc\" \/>\n<meta property=\"og:description\" content=\"Disney England Porcelain&nbsp;&nbsp; &nbsp; Size of the mug: 195ml. A Dumbo mug from DISNEY&reg;. This charming mug from Magical Beginnings celebrates the enchantment of Dumbo, one of Disney&rsquo;s most iconic characters. The white porcelain has a gloss finish and features an original sketch from the classic Disney film, alongside its &lsquo;Dream Big&rsquo; sentiment in gold ...\" \/>\n<meta property=\"og:url\" content=\"https:\/\/kristall.ee\/en\/toode\/porcelain-mug-dumbo-dream-big-195ml\/\" \/>\n<meta property=\"og:site_name\" content=\"Karlev O\u00dc\" \/>\n<meta property=\"article:modified_time\" content=\"2025-01-14T12:28:47+00:00\" \/>\n<meta property=\"og:image\" content=\"https:\/\/kristall.ee\/wp-content\/uploads\/2025\/01\/8542.jpg\" \/>\n\t<meta property=\"og:image:width\" content=\"600\" \/>\n\t<meta property=\"og:image:height\" content=\"600\" \/>\n\t<meta property=\"og:image:type\" content=\"image\/jpeg\" \/>\n<meta name=\"twitter:card\" content=\"summary_large_image\" \/>\n<meta name=\"twitter:label1\" content=\"Est. reading time\" \/>\n\t<meta name=\"twitter:data1\" content=\"1 minute\" \/>\n<script type=\"application\/ld+json\" class=\"yoast-schema-graph\">{\"@context\":\"https:\/\/schema.org\",\"@graph\":[{\"@type\":\"WebPage\",\"@id\":\"https:\/\/kristall.ee\/en\/toode\/porcelain-mug-dumbo-dream-big-195ml\/\",\"url\":\"https:\/\/kristall.ee\/en\/toode\/porcelain-mug-dumbo-dream-big-195ml\/\",\"name\":\"Porcelain mug - Dumbo, Dream big 195ml. - Karlev O\u00dc\",\"isPartOf\":{\"@id\":\"https:\/\/kristall.ee\/ru\/#website\"},\"primaryImageOfPage\":{\"@id\":\"https:\/\/kristall.ee\/en\/toode\/porcelain-mug-dumbo-dream-big-195ml\/#primaryimage\"},\"image\":{\"@id\":\"https:\/\/kristall.ee\/en\/toode\/porcelain-mug-dumbo-dream-big-195ml\/#primaryimage\"},\"thumbnailUrl\":\"https:\/\/kristall.ee\/wp-content\/uploads\/2025\/01\/8542.jpg\",\"datePublished\":\"2025-01-09T20:43:57+00:00\",\"dateModified\":\"2025-01-14T12:28:47+00:00\",\"breadcrumb\":{\"@id\":\"https:\/\/kristall.ee\/en\/toode\/porcelain-mug-dumbo-dream-big-195ml\/#breadcrumb\"},\"inLanguage\":\"en-US\",\"potentialAction\":[{\"@type\":\"ReadAction\",\"target\":[\"https:\/\/kristall.ee\/en\/toode\/porcelain-mug-dumbo-dream-big-195ml\/\"]}]},{\"@type\":\"ImageObject\",\"inLanguage\":\"en-US\",\"@id\":\"https:\/\/kristall.ee\/en\/toode\/porcelain-mug-dumbo-dream-big-195ml\/#primaryimage\",\"url\":\"https:\/\/kristall.ee\/wp-content\/uploads\/2025\/01\/8542.jpg\",\"contentUrl\":\"https:\/\/kristall.ee\/wp-content\/uploads\/2025\/01\/8542.jpg\",\"width\":600,\"height\":600},{\"@type\":\"BreadcrumbList\",\"@id\":\"https:\/\/kristall.ee\/en\/toode\/porcelain-mug-dumbo-dream-big-195ml\/#breadcrumb\",\"itemListElement\":[{\"@type\":\"ListItem\",\"position\":1,\"name\":\"Home\",\"item\":\"https:\/\/kristall.ee\/en\/avaleht\/\"},{\"@type\":\"ListItem\",\"position\":2,\"name\":\"E-Shop\",\"item\":\"https:\/\/kristall.ee\/en\/shop\/\"},{\"@type\":\"ListItem\",\"position\":3,\"name\":\"Porcelain mug &#8211; Dumbo, Dream big 195ml.\"}]},{\"@type\":\"WebSite\",\"@id\":\"https:\/\/kristall.ee\/ru\/#website\",\"url\":\"https:\/\/kristall.ee\/ru\/\",\"name\":\"Karlev O\u00dc - Iga p\u00e4ev on t\u00e4htp\u00e4ev\",\"description\":\"Iga p\u00e4ev on t\u00e4htp\u00e4ev!\",\"publisher\":{\"@id\":\"https:\/\/kristall.ee\/ru\/#organization\"},\"potentialAction\":[{\"@type\":\"SearchAction\",\"target\":{\"@type\":\"EntryPoint\",\"urlTemplate\":\"https:\/\/kristall.ee\/ru\/?s={search_term_string}\"},\"query-input\":{\"@type\":\"PropertyValueSpecification\",\"valueRequired\":true,\"valueName\":\"search_term_string\"}}],\"inLanguage\":\"en-US\"},{\"@type\":\"Organization\",\"@id\":\"https:\/\/kristall.ee\/ru\/#organization\",\"name\":\"Karlev O\u00dc\",\"url\":\"https:\/\/kristall.ee\/ru\/\",\"logo\":{\"@type\":\"ImageObject\",\"inLanguage\":\"en-US\",\"@id\":\"https:\/\/kristall.ee\/ru\/#\/schema\/logo\/image\/\",\"url\":\"https:\/\/kristall.ee\/wp-content\/uploads\/2025\/01\/Karlev-anno2_LOGO-04.webp\",\"contentUrl\":\"https:\/\/kristall.ee\/wp-content\/uploads\/2025\/01\/Karlev-anno2_LOGO-04.webp\",\"width\":767,\"height\":337,\"caption\":\"Karlev O\u00dc\"},\"image\":{\"@id\":\"https:\/\/kristall.ee\/ru\/#\/schema\/logo\/image\/\"}}]}<\/script>\n<!-- \/ Yoast SEO plugin. -->","yoast_head_json":{"title":"Porcelain mug - Dumbo, Dream big 195ml. - Karlev O\u00dc","robots":{"index":"index","follow":"follow","max-snippet":"max-snippet:-1","max-image-preview":"max-image-preview:large","max-video-preview":"max-video-preview:-1"},"canonical":"https:\/\/kristall.ee\/en\/toode\/porcelain-mug-dumbo-dream-big-195ml\/","og_locale":"en_US","og_type":"article","og_title":"Porcelain mug - Dumbo, Dream big 195ml. - Karlev O\u00dc","og_description":"Disney England Porcelain&nbsp;&nbsp; &nbsp; Size of the mug: 195ml. A Dumbo mug from DISNEY&reg;. This charming mug from Magical Beginnings celebrates the enchantment of Dumbo, one of Disney&rsquo;s most iconic characters. The white porcelain has a gloss finish and features an original sketch from the classic Disney film, alongside its &lsquo;Dream Big&rsquo; sentiment in gold ...","og_url":"https:\/\/kristall.ee\/en\/toode\/porcelain-mug-dumbo-dream-big-195ml\/","og_site_name":"Karlev O\u00dc","article_modified_time":"2025-01-14T12:28:47+00:00","og_image":[{"width":600,"height":600,"url":"https:\/\/kristall.ee\/wp-content\/uploads\/2025\/01\/8542.jpg","type":"image\/jpeg"}],"twitter_card":"summary_large_image","twitter_misc":{"Est. reading time":"1 minute"},"schema":{"@context":"https:\/\/schema.org","@graph":[{"@type":"WebPage","@id":"https:\/\/kristall.ee\/en\/toode\/porcelain-mug-dumbo-dream-big-195ml\/","url":"https:\/\/kristall.ee\/en\/toode\/porcelain-mug-dumbo-dream-big-195ml\/","name":"Porcelain mug - Dumbo, Dream big 195ml. - Karlev O\u00dc","isPartOf":{"@id":"https:\/\/kristall.ee\/ru\/#website"},"primaryImageOfPage":{"@id":"https:\/\/kristall.ee\/en\/toode\/porcelain-mug-dumbo-dream-big-195ml\/#primaryimage"},"image":{"@id":"https:\/\/kristall.ee\/en\/toode\/porcelain-mug-dumbo-dream-big-195ml\/#primaryimage"},"thumbnailUrl":"https:\/\/kristall.ee\/wp-content\/uploads\/2025\/01\/8542.jpg","datePublished":"2025-01-09T20:43:57+00:00","dateModified":"2025-01-14T12:28:47+00:00","breadcrumb":{"@id":"https:\/\/kristall.ee\/en\/toode\/porcelain-mug-dumbo-dream-big-195ml\/#breadcrumb"},"inLanguage":"en-US","potentialAction":[{"@type":"ReadAction","target":["https:\/\/kristall.ee\/en\/toode\/porcelain-mug-dumbo-dream-big-195ml\/"]}]},{"@type":"ImageObject","inLanguage":"en-US","@id":"https:\/\/kristall.ee\/en\/toode\/porcelain-mug-dumbo-dream-big-195ml\/#primaryimage","url":"https:\/\/kristall.ee\/wp-content\/uploads\/2025\/01\/8542.jpg","contentUrl":"https:\/\/kristall.ee\/wp-content\/uploads\/2025\/01\/8542.jpg","width":600,"height":600},{"@type":"BreadcrumbList","@id":"https:\/\/kristall.ee\/en\/toode\/porcelain-mug-dumbo-dream-big-195ml\/#breadcrumb","itemListElement":[{"@type":"ListItem","position":1,"name":"Home","item":"https:\/\/kristall.ee\/en\/avaleht\/"},{"@type":"ListItem","position":2,"name":"E-Shop","item":"https:\/\/kristall.ee\/en\/shop\/"},{"@type":"ListItem","position":3,"name":"Porcelain mug &#8211; Dumbo, Dream big 195ml."}]},{"@type":"WebSite","@id":"https:\/\/kristall.ee\/ru\/#website","url":"https:\/\/kristall.ee\/ru\/","name":"Karlev O\u00dc - Iga p\u00e4ev on t\u00e4htp\u00e4ev","description":"Iga p\u00e4ev on t\u00e4htp\u00e4ev!","publisher":{"@id":"https:\/\/kristall.ee\/ru\/#organization"},"potentialAction":[{"@type":"SearchAction","target":{"@type":"EntryPoint","urlTemplate":"https:\/\/kristall.ee\/ru\/?s={search_term_string}"},"query-input":{"@type":"PropertyValueSpecification","valueRequired":true,"valueName":"search_term_string"}}],"inLanguage":"en-US"},{"@type":"Organization","@id":"https:\/\/kristall.ee\/ru\/#organization","name":"Karlev O\u00dc","url":"https:\/\/kristall.ee\/ru\/","logo":{"@type":"ImageObject","inLanguage":"en-US","@id":"https:\/\/kristall.ee\/ru\/#\/schema\/logo\/image\/","url":"https:\/\/kristall.ee\/wp-content\/uploads\/2025\/01\/Karlev-anno2_LOGO-04.webp","contentUrl":"https:\/\/kristall.ee\/wp-content\/uploads\/2025\/01\/Karlev-anno2_LOGO-04.webp","width":767,"height":337,"caption":"Karlev O\u00dc"},"image":{"@id":"https:\/\/kristall.ee\/ru\/#\/schema\/logo\/image\/"}}]}},"_links":{"self":[{"href":"https:\/\/kristall.ee\/en\/wp-json\/wp\/v2\/product\/47305","targetHints":{"allow":["GET"]}}],"collection":[{"href":"https:\/\/kristall.ee\/en\/wp-json\/wp\/v2\/product"}],"about":[{"href":"https:\/\/kristall.ee\/en\/wp-json\/wp\/v2\/types\/product"}],"wp:featuredmedia":[{"embeddable":true,"href":"https:\/\/kristall.ee\/en\/wp-json\/wp\/v2\/media\/28936"}],"wp:attachment":[{"href":"https:\/\/kristall.ee\/en\/wp-json\/wp\/v2\/media?parent=47305"}],"wp:term":[{"taxonomy":"product_brand","embeddable":true,"href":"https:\/\/kristall.ee\/en\/wp-json\/wp\/v2\/product_brand?post=47305"},{"taxonomy":"product_cat","embeddable":true,"href":"https:\/\/kristall.ee\/en\/wp-json\/wp\/v2\/product_cat?post=47305"},{"taxonomy":"product_tag","embeddable":true,"href":"https:\/\/kristall.ee\/en\/wp-json\/wp\/v2\/product_tag?post=47305"}],"curies":[{"name":"wp","href":"https:\/\/api.w.org\/{rel}","templated":true}]}}