{"id":45045,"date":"2025-01-08T08:04:14","date_gmt":"2025-01-08T08:04:14","guid":{"rendered":"https:\/\/kristall.ee\/toode\/brooch-snowflake-white\/"},"modified":"2025-01-14T12:22:56","modified_gmt":"2025-01-14T12:22:56","slug":"brooch-snowflake-white","status":"publish","type":"product","link":"https:\/\/kristall.ee\/en\/toode\/brooch-snowflake-white\/","title":{"rendered":"Brooch &#8211; Snowflake, white"},"content":{"rendered":"<p><strong>Oliver Weber Jewellery<\/strong><\/p>\n<p>Made with Swarovski elements<br \/>Rhodium plated<\/p>\n<p>3,5cm.<\/p>\n","protected":false},"excerpt":{"rendered":"<p>Oliver Weber Jewellery Made with Swarovski elementsRhodium plated 3,5cm.<\/p>\n","protected":false},"featured_media":16526,"menu_order":11199,"template":"","meta":{"_acf_changed":false},"product_brand":[],"product_cat":[5680,5844],"product_tag":[],"class_list":{"0":"post-45045","1":"product","2":"type-product","3":"status-publish","4":"has-post-thumbnail","6":"product_cat-fashion-jewelry","7":"product_cat-fashion-jewelry-brooches-made-with-swarovski-elements","8":"product_shipping_class-standard","10":"first","11":"instock","12":"purchasable","13":"product-type-simple"},"acf":[],"yoast_head":"<!-- This site is optimized with the Yoast SEO plugin v26.6 - https:\/\/yoast.com\/wordpress\/plugins\/seo\/ -->\n<title>Brooch - Snowflake, white - Karlev O\u00dc<\/title>\n<meta name=\"robots\" content=\"index, follow, max-snippet:-1, max-image-preview:large, max-video-preview:-1\" \/>\n<link rel=\"canonical\" href=\"https:\/\/kristall.ee\/en\/toode\/brooch-snowflake-white\/\" \/>\n<meta property=\"og:locale\" content=\"en_US\" \/>\n<meta property=\"og:type\" content=\"article\" \/>\n<meta property=\"og:title\" content=\"Brooch - Snowflake, white - Karlev O\u00dc\" \/>\n<meta property=\"og:description\" content=\"Oliver Weber Jewellery Made with Swarovski elementsRhodium plated 3,5cm.\" \/>\n<meta property=\"og:url\" content=\"https:\/\/kristall.ee\/en\/toode\/brooch-snowflake-white\/\" \/>\n<meta property=\"og:site_name\" content=\"Karlev O\u00dc\" \/>\n<meta property=\"article:modified_time\" content=\"2025-01-14T12:22:56+00:00\" \/>\n<meta property=\"og:image\" content=\"https:\/\/kristall.ee\/wp-content\/uploads\/2025\/01\/1216.jpg\" \/>\n\t<meta property=\"og:image:width\" content=\"472\" \/>\n\t<meta property=\"og:image:height\" content=\"472\" \/>\n\t<meta property=\"og:image:type\" content=\"image\/jpeg\" \/>\n<meta name=\"twitter:card\" content=\"summary_large_image\" \/>\n<script type=\"application\/ld+json\" class=\"yoast-schema-graph\">{\"@context\":\"https:\/\/schema.org\",\"@graph\":[{\"@type\":\"WebPage\",\"@id\":\"https:\/\/kristall.ee\/en\/toode\/brooch-snowflake-white\/\",\"url\":\"https:\/\/kristall.ee\/en\/toode\/brooch-snowflake-white\/\",\"name\":\"Brooch - Snowflake, white - Karlev O\u00dc\",\"isPartOf\":{\"@id\":\"https:\/\/kristall.ee\/ru\/#website\"},\"primaryImageOfPage\":{\"@id\":\"https:\/\/kristall.ee\/en\/toode\/brooch-snowflake-white\/#primaryimage\"},\"image\":{\"@id\":\"https:\/\/kristall.ee\/en\/toode\/brooch-snowflake-white\/#primaryimage\"},\"thumbnailUrl\":\"https:\/\/kristall.ee\/wp-content\/uploads\/2025\/01\/1216.jpg\",\"datePublished\":\"2025-01-08T08:04:14+00:00\",\"dateModified\":\"2025-01-14T12:22:56+00:00\",\"breadcrumb\":{\"@id\":\"https:\/\/kristall.ee\/en\/toode\/brooch-snowflake-white\/#breadcrumb\"},\"inLanguage\":\"en-US\",\"potentialAction\":[{\"@type\":\"ReadAction\",\"target\":[\"https:\/\/kristall.ee\/en\/toode\/brooch-snowflake-white\/\"]}]},{\"@type\":\"ImageObject\",\"inLanguage\":\"en-US\",\"@id\":\"https:\/\/kristall.ee\/en\/toode\/brooch-snowflake-white\/#primaryimage\",\"url\":\"https:\/\/kristall.ee\/wp-content\/uploads\/2025\/01\/1216.jpg\",\"contentUrl\":\"https:\/\/kristall.ee\/wp-content\/uploads\/2025\/01\/1216.jpg\",\"width\":472,\"height\":472},{\"@type\":\"BreadcrumbList\",\"@id\":\"https:\/\/kristall.ee\/en\/toode\/brooch-snowflake-white\/#breadcrumb\",\"itemListElement\":[{\"@type\":\"ListItem\",\"position\":1,\"name\":\"Home\",\"item\":\"https:\/\/kristall.ee\/en\/avaleht\/\"},{\"@type\":\"ListItem\",\"position\":2,\"name\":\"E-Shop\",\"item\":\"https:\/\/kristall.ee\/en\/shop\/\"},{\"@type\":\"ListItem\",\"position\":3,\"name\":\"Brooch &#8211; Snowflake, white\"}]},{\"@type\":\"WebSite\",\"@id\":\"https:\/\/kristall.ee\/ru\/#website\",\"url\":\"https:\/\/kristall.ee\/ru\/\",\"name\":\"Karlev O\u00dc - Iga p\u00e4ev on t\u00e4htp\u00e4ev\",\"description\":\"Iga p\u00e4ev on t\u00e4htp\u00e4ev!\",\"publisher\":{\"@id\":\"https:\/\/kristall.ee\/ru\/#organization\"},\"potentialAction\":[{\"@type\":\"SearchAction\",\"target\":{\"@type\":\"EntryPoint\",\"urlTemplate\":\"https:\/\/kristall.ee\/ru\/?s={search_term_string}\"},\"query-input\":{\"@type\":\"PropertyValueSpecification\",\"valueRequired\":true,\"valueName\":\"search_term_string\"}}],\"inLanguage\":\"en-US\"},{\"@type\":\"Organization\",\"@id\":\"https:\/\/kristall.ee\/ru\/#organization\",\"name\":\"Karlev O\u00dc\",\"url\":\"https:\/\/kristall.ee\/ru\/\",\"logo\":{\"@type\":\"ImageObject\",\"inLanguage\":\"en-US\",\"@id\":\"https:\/\/kristall.ee\/ru\/#\/schema\/logo\/image\/\",\"url\":\"https:\/\/kristall.ee\/wp-content\/uploads\/2025\/01\/Karlev-anno2_LOGO-04.webp\",\"contentUrl\":\"https:\/\/kristall.ee\/wp-content\/uploads\/2025\/01\/Karlev-anno2_LOGO-04.webp\",\"width\":767,\"height\":337,\"caption\":\"Karlev O\u00dc\"},\"image\":{\"@id\":\"https:\/\/kristall.ee\/ru\/#\/schema\/logo\/image\/\"}}]}<\/script>\n<!-- \/ Yoast SEO plugin. -->","yoast_head_json":{"title":"Brooch - Snowflake, white - Karlev O\u00dc","robots":{"index":"index","follow":"follow","max-snippet":"max-snippet:-1","max-image-preview":"max-image-preview:large","max-video-preview":"max-video-preview:-1"},"canonical":"https:\/\/kristall.ee\/en\/toode\/brooch-snowflake-white\/","og_locale":"en_US","og_type":"article","og_title":"Brooch - Snowflake, white - Karlev O\u00dc","og_description":"Oliver Weber Jewellery Made with Swarovski elementsRhodium plated 3,5cm.","og_url":"https:\/\/kristall.ee\/en\/toode\/brooch-snowflake-white\/","og_site_name":"Karlev O\u00dc","article_modified_time":"2025-01-14T12:22:56+00:00","og_image":[{"width":472,"height":472,"url":"https:\/\/kristall.ee\/wp-content\/uploads\/2025\/01\/1216.jpg","type":"image\/jpeg"}],"twitter_card":"summary_large_image","schema":{"@context":"https:\/\/schema.org","@graph":[{"@type":"WebPage","@id":"https:\/\/kristall.ee\/en\/toode\/brooch-snowflake-white\/","url":"https:\/\/kristall.ee\/en\/toode\/brooch-snowflake-white\/","name":"Brooch - Snowflake, white - Karlev O\u00dc","isPartOf":{"@id":"https:\/\/kristall.ee\/ru\/#website"},"primaryImageOfPage":{"@id":"https:\/\/kristall.ee\/en\/toode\/brooch-snowflake-white\/#primaryimage"},"image":{"@id":"https:\/\/kristall.ee\/en\/toode\/brooch-snowflake-white\/#primaryimage"},"thumbnailUrl":"https:\/\/kristall.ee\/wp-content\/uploads\/2025\/01\/1216.jpg","datePublished":"2025-01-08T08:04:14+00:00","dateModified":"2025-01-14T12:22:56+00:00","breadcrumb":{"@id":"https:\/\/kristall.ee\/en\/toode\/brooch-snowflake-white\/#breadcrumb"},"inLanguage":"en-US","potentialAction":[{"@type":"ReadAction","target":["https:\/\/kristall.ee\/en\/toode\/brooch-snowflake-white\/"]}]},{"@type":"ImageObject","inLanguage":"en-US","@id":"https:\/\/kristall.ee\/en\/toode\/brooch-snowflake-white\/#primaryimage","url":"https:\/\/kristall.ee\/wp-content\/uploads\/2025\/01\/1216.jpg","contentUrl":"https:\/\/kristall.ee\/wp-content\/uploads\/2025\/01\/1216.jpg","width":472,"height":472},{"@type":"BreadcrumbList","@id":"https:\/\/kristall.ee\/en\/toode\/brooch-snowflake-white\/#breadcrumb","itemListElement":[{"@type":"ListItem","position":1,"name":"Home","item":"https:\/\/kristall.ee\/en\/avaleht\/"},{"@type":"ListItem","position":2,"name":"E-Shop","item":"https:\/\/kristall.ee\/en\/shop\/"},{"@type":"ListItem","position":3,"name":"Brooch &#8211; Snowflake, white"}]},{"@type":"WebSite","@id":"https:\/\/kristall.ee\/ru\/#website","url":"https:\/\/kristall.ee\/ru\/","name":"Karlev O\u00dc - Iga p\u00e4ev on t\u00e4htp\u00e4ev","description":"Iga p\u00e4ev on t\u00e4htp\u00e4ev!","publisher":{"@id":"https:\/\/kristall.ee\/ru\/#organization"},"potentialAction":[{"@type":"SearchAction","target":{"@type":"EntryPoint","urlTemplate":"https:\/\/kristall.ee\/ru\/?s={search_term_string}"},"query-input":{"@type":"PropertyValueSpecification","valueRequired":true,"valueName":"search_term_string"}}],"inLanguage":"en-US"},{"@type":"Organization","@id":"https:\/\/kristall.ee\/ru\/#organization","name":"Karlev O\u00dc","url":"https:\/\/kristall.ee\/ru\/","logo":{"@type":"ImageObject","inLanguage":"en-US","@id":"https:\/\/kristall.ee\/ru\/#\/schema\/logo\/image\/","url":"https:\/\/kristall.ee\/wp-content\/uploads\/2025\/01\/Karlev-anno2_LOGO-04.webp","contentUrl":"https:\/\/kristall.ee\/wp-content\/uploads\/2025\/01\/Karlev-anno2_LOGO-04.webp","width":767,"height":337,"caption":"Karlev O\u00dc"},"image":{"@id":"https:\/\/kristall.ee\/ru\/#\/schema\/logo\/image\/"}}]}},"_links":{"self":[{"href":"https:\/\/kristall.ee\/en\/wp-json\/wp\/v2\/product\/45045","targetHints":{"allow":["GET"]}}],"collection":[{"href":"https:\/\/kristall.ee\/en\/wp-json\/wp\/v2\/product"}],"about":[{"href":"https:\/\/kristall.ee\/en\/wp-json\/wp\/v2\/types\/product"}],"wp:featuredmedia":[{"embeddable":true,"href":"https:\/\/kristall.ee\/en\/wp-json\/wp\/v2\/media\/16526"}],"wp:attachment":[{"href":"https:\/\/kristall.ee\/en\/wp-json\/wp\/v2\/media?parent=45045"}],"wp:term":[{"taxonomy":"product_brand","embeddable":true,"href":"https:\/\/kristall.ee\/en\/wp-json\/wp\/v2\/product_brand?post=45045"},{"taxonomy":"product_cat","embeddable":true,"href":"https:\/\/kristall.ee\/en\/wp-json\/wp\/v2\/product_cat?post=45045"},{"taxonomy":"product_tag","embeddable":true,"href":"https:\/\/kristall.ee\/en\/wp-json\/wp\/v2\/product_tag?post=45045"}],"curies":[{"name":"wp","href":"https:\/\/api.w.org\/{rel}","templated":true}]}}