{"id":54506,"date":"2025-01-09T12:31:54","date_gmt":"2025-01-09T12:31:54","guid":{"rendered":"https:\/\/kristall.ee\/privacy-policy\/"},"modified":"2025-02-18T08:43:50","modified_gmt":"2025-02-18T08:43:50","slug":"privacy-policy","status":"publish","type":"page","link":"https:\/\/kristall.ee\/en\/privacy-policy\/","title":{"rendered":"Privacy policy"},"content":{"rendered":"\t\t<div data-elementor-type=\"wp-page\" data-elementor-id=\"54506\" class=\"elementor elementor-54506 elementor-13559\">\n\t\t\t\t\t\t<section class=\"elementor-section elementor-top-section elementor-element elementor-element-1077815 elementor-section-boxed elementor-section-height-default elementor-section-height-default\" data-id=\"1077815\" data-element_type=\"section\">\n\t\t\t\t\t\t<div class=\"elementor-container elementor-column-gap-default\">\n\t\t\t\t\t<div class=\"elementor-column elementor-col-100 elementor-top-column elementor-element elementor-element-c6219e6\" data-id=\"c6219e6\" data-element_type=\"column\">\n\t\t\t<div class=\"elementor-widget-wrap elementor-element-populated\">\n\t\t\t\t\t\t<div class=\"elementor-element elementor-element-91a4028 elementor-widget elementor-widget-rt-title\" data-id=\"91a4028\" data-element_type=\"widget\" data-widget_type=\"rt-title.default\">\n\t\t\t\t<div class=\"elementor-widget-container\">\n\t\t\t\t\t<div class=\"rt-el-title rtin-style-2 rtin-align-left\">\n\t<h3 class=\"rtin-title\">Karlev O\u00dc data protection terms and conditions and cookie policy<\/h3>\n\t<\/div>\t\t\t\t<\/div>\n\t\t\t\t<\/div>\n\t\t\t\t<div class=\"elementor-element elementor-element-0af38cb elementor-widget elementor-widget-text-editor\" data-id=\"0af38cb\" data-element_type=\"widget\" data-widget_type=\"text-editor.default\">\n\t\t\t\t<div class=\"elementor-widget-container\">\n\t\t\t\t\t\t\t\t\t<p>These data protection conditions describe how we process your personal data and for what purposes. This notice also explains your rights in relation to the processing of your personal data.<\/p>\n<p>The controller of the personal data is Karlev O\u00dc (registration code:10009189) with its registered office at Elektroni 2, Tallinn 13415, Tallinn, Estonia.<\/p>\n<p>Karlev O\u00dc is the controller of personal data and forwards the personal data necessary for the execution of payments to the processor Maksekeskus AS.<\/p>\n<p><strong>1. What personal data we process<\/strong><\/p>\n<p> Basic data of the data subject, such as the name and surname, address, country of residence, language of use.<br \/> Contact details of the data subject, such as phone, email.<\/p>\n<p><strong>2. What are the legal bases and purposes of the processing of personal data?<\/strong><\/p>\n<p>The processing of personal data is based on the performance of a contract.<\/p>\n<p><strong>3. Where we get personal data from<\/strong><\/p>\n<p>We obtain personal data relating to a data subject mainly from the data subject.<\/p>\n<p><strong>4. To whom we disclose personal data and whether we transfer personal data outside the EU or to. <\/strong><strong>EEA<\/strong><\/p>\n<p>We process information ourselves and use processors to process personal data on our behalf and for us, for example, to provide our website maintenance and customer support, cloud computing maintenance and hosting services and IT environment. In order to protect your personal data, we have entered into personal data processing agreements with each of the aforementioned processors who process your personal data on our behalf and for us.<\/p>\n<p>We may disclose data to public authorities where required to do so by law.<\/p>\n<p>We do not transfer or disclose personal data relating to customers outside the EU\/EEA.<\/p>\n<p><strong>5. How we protect personal data and how long we keep it for<\/strong><\/p>\n<p>Personal data is stored on servers located in the territory of a Member State of the European Union or in the territory of countries that have acceded to the European Economic Area.<\/p>\n<p>Access to systems containing personal data is only permitted to those of our employees who are required to process the data subjects&#8217; data as part of their duties. Data is collected in databases protected by firewalls, passwords and other technical measures. <\/p>\n<p>We will keep personal data for as long as necessary, taking into account the purposes for which the personal data are processed.<\/p>\n<p>We regularly review the need to retain data, taking into account applicable law. In addition, we will take all reasonable steps to ensure that no personal data that is incompatible with the purposes for which it is processed, or that is outdated or inaccurate, is kept in the register. We will correct or delete such data without delay.<\/p>\n<p><strong>6. What rights do you have as a data subject?<\/strong><\/p>\n<p>As a data subject, you have the right to request access to the personal data collected about you in the register and you have the right to request the correction or deletion of personal data.<\/p>\n<p>You also have the right to withdraw or modify your consent to the processing of your personal data in situations where the processing is based on your consent. As a data subject, you have the right, in accordance with the EU General Data Protection Regulation (EU 2016\/679), to object to or restrict the processing of personal data.<\/p>\n<p>You also have the right to lodge a complaint with the data protection supervisory authority in your jurisdiction.<\/p>\n<p>As a data subject, you have the right to object at any time to direct marketing, including profiling for direct marketing purposes.<\/p>\n<p><strong>7. How and for what purposes we use cookies<\/strong><\/p>\n<p>We use cookies on our website to make our service more user-friendly and to provide you with enhanced and customised features when visiting our website and products.<\/p>\n<p>Many web browsers give you the option to avoid cookies offered by third parties. If enabled in the settings, the web browser will only allow cookies from the web service you are currently visiting to be stored via the website. You can do this through your web browser settings (this option will exclude all<br \/>third party cookies).<\/p>\n<p>You can clear your web browser cookie cache through your web browser settings. Deleting a cookie deletes the unique identifier stored in the browser cache, along with the online profile attached to it. Deleting the cookie cache<br \/>does not prevent new cookies from being stored in the future.<\/p>\n<p><strong>8. What type of cookies do we use?<\/strong><\/p>\n<p>We use analytics cookies that allow us to recognise website visitors, count and track website traffic. This is what we do to make our website work better.<\/p>\n\t\t\t\t\t\t\t\t<\/div>\n\t\t\t\t<\/div>\n\t\t\t\t\t<\/div>\n\t\t<\/div>\n\t\t\t\t\t<\/div>\n\t\t<\/section>\n\t\t\t\t<\/div>\n\t\t","protected":false},"excerpt":{"rendered":"<p>Karlev O\u00dc data protection terms and conditions and cookie policy These data protection conditions describe how we process your personal data and for what purposes. This notice also explains your rights in relation to the processing of your personal data. The controller of the personal data is Karlev O\u00dc (registration code:10009189) with its registered office &#8230;<\/p>\n","protected":false},"author":1,"featured_media":0,"parent":0,"menu_order":0,"comment_status":"closed","ping_status":"closed","template":"","meta":{"_acf_changed":false,"footnotes":""},"class_list":["post-54506","page","type-page","status-publish","hentry"],"acf":[],"yoast_head":"<!-- This site is optimized with the Yoast SEO plugin v26.6 - https:\/\/yoast.com\/wordpress\/plugins\/seo\/ -->\n<title>Privacy policy - Karlev O\u00dc<\/title>\n<meta name=\"robots\" content=\"index, follow, max-snippet:-1, max-image-preview:large, max-video-preview:-1\" \/>\n<link rel=\"canonical\" href=\"https:\/\/kristall.ee\/privaatsuspoliitika\/\" \/>\n<meta property=\"og:locale\" content=\"en_US\" \/>\n<meta property=\"og:type\" content=\"article\" \/>\n<meta property=\"og:title\" content=\"Privacy policy - Karlev O\u00dc\" \/>\n<meta property=\"og:description\" content=\"Karlev O\u00dc data protection terms and conditions and cookie policy These data protection conditions describe how we process your personal data and for what purposes. This notice also explains your rights in relation to the processing of your personal data. The controller of the personal data is Karlev O\u00dc (registration code:10009189) with its registered office ...\" \/>\n<meta property=\"og:url\" content=\"https:\/\/kristall.ee\/privaatsuspoliitika\/\" \/>\n<meta property=\"og:site_name\" content=\"Karlev O\u00dc\" \/>\n<meta property=\"article:modified_time\" content=\"2025-02-18T08:43:50+00:00\" \/>\n<meta property=\"og:image\" content=\"https:\/\/kristall.ee\/wp-content\/uploads\/2025\/03\/karlev-social-1.jpg\" \/>\n\t<meta property=\"og:image:width\" content=\"1200\" \/>\n\t<meta property=\"og:image:height\" content=\"675\" \/>\n\t<meta property=\"og:image:type\" content=\"image\/jpeg\" \/>\n<meta name=\"twitter:card\" content=\"summary_large_image\" \/>\n<meta name=\"twitter:label1\" content=\"Est. reading time\" \/>\n\t<meta name=\"twitter:data1\" content=\"4 minutes\" \/>\n<script type=\"application\/ld+json\" class=\"yoast-schema-graph\">{\"@context\":\"https:\/\/schema.org\",\"@graph\":[{\"@type\":\"WebPage\",\"@id\":\"https:\/\/kristall.ee\/privaatsuspoliitika\/\",\"url\":\"https:\/\/kristall.ee\/privaatsuspoliitika\/\",\"name\":\"Privacy policy - Karlev O\u00dc\",\"isPartOf\":{\"@id\":\"https:\/\/kristall.ee\/ru\/#website\"},\"datePublished\":\"2025-01-09T12:31:54+00:00\",\"dateModified\":\"2025-02-18T08:43:50+00:00\",\"breadcrumb\":{\"@id\":\"https:\/\/kristall.ee\/privaatsuspoliitika\/#breadcrumb\"},\"inLanguage\":\"en-US\",\"potentialAction\":[{\"@type\":\"ReadAction\",\"target\":[\"https:\/\/kristall.ee\/privaatsuspoliitika\/\"]}]},{\"@type\":\"BreadcrumbList\",\"@id\":\"https:\/\/kristall.ee\/privaatsuspoliitika\/#breadcrumb\",\"itemListElement\":[{\"@type\":\"ListItem\",\"position\":1,\"name\":\"Home\",\"item\":\"https:\/\/kristall.ee\/en\/avaleht\/\"},{\"@type\":\"ListItem\",\"position\":2,\"name\":\"Privacy policy\"}]},{\"@type\":\"WebSite\",\"@id\":\"https:\/\/kristall.ee\/ru\/#website\",\"url\":\"https:\/\/kristall.ee\/ru\/\",\"name\":\"Karlev O\u00dc - Iga p\u00e4ev on t\u00e4htp\u00e4ev\",\"description\":\"Iga p\u00e4ev on t\u00e4htp\u00e4ev!\",\"publisher\":{\"@id\":\"https:\/\/kristall.ee\/ru\/#organization\"},\"potentialAction\":[{\"@type\":\"SearchAction\",\"target\":{\"@type\":\"EntryPoint\",\"urlTemplate\":\"https:\/\/kristall.ee\/ru\/?s={search_term_string}\"},\"query-input\":{\"@type\":\"PropertyValueSpecification\",\"valueRequired\":true,\"valueName\":\"search_term_string\"}}],\"inLanguage\":\"en-US\"},{\"@type\":\"Organization\",\"@id\":\"https:\/\/kristall.ee\/ru\/#organization\",\"name\":\"Karlev O\u00dc\",\"url\":\"https:\/\/kristall.ee\/ru\/\",\"logo\":{\"@type\":\"ImageObject\",\"inLanguage\":\"en-US\",\"@id\":\"https:\/\/kristall.ee\/ru\/#\/schema\/logo\/image\/\",\"url\":\"https:\/\/kristall.ee\/wp-content\/uploads\/2025\/01\/Karlev-anno2_LOGO-04.webp\",\"contentUrl\":\"https:\/\/kristall.ee\/wp-content\/uploads\/2025\/01\/Karlev-anno2_LOGO-04.webp\",\"width\":767,\"height\":337,\"caption\":\"Karlev O\u00dc\"},\"image\":{\"@id\":\"https:\/\/kristall.ee\/ru\/#\/schema\/logo\/image\/\"}}]}<\/script>\n<!-- \/ Yoast SEO plugin. -->","yoast_head_json":{"title":"Privacy policy - Karlev O\u00dc","robots":{"index":"index","follow":"follow","max-snippet":"max-snippet:-1","max-image-preview":"max-image-preview:large","max-video-preview":"max-video-preview:-1"},"canonical":"https:\/\/kristall.ee\/privaatsuspoliitika\/","og_locale":"en_US","og_type":"article","og_title":"Privacy policy - Karlev O\u00dc","og_description":"Karlev O\u00dc data protection terms and conditions and cookie policy These data protection conditions describe how we process your personal data and for what purposes. This notice also explains your rights in relation to the processing of your personal data. The controller of the personal data is Karlev O\u00dc (registration code:10009189) with its registered office ...","og_url":"https:\/\/kristall.ee\/privaatsuspoliitika\/","og_site_name":"Karlev O\u00dc","article_modified_time":"2025-02-18T08:43:50+00:00","og_image":[{"width":1200,"height":675,"url":"https:\/\/kristall.ee\/wp-content\/uploads\/2025\/03\/karlev-social-1.jpg","type":"image\/jpeg"}],"twitter_card":"summary_large_image","twitter_misc":{"Est. reading time":"4 minutes"},"schema":{"@context":"https:\/\/schema.org","@graph":[{"@type":"WebPage","@id":"https:\/\/kristall.ee\/privaatsuspoliitika\/","url":"https:\/\/kristall.ee\/privaatsuspoliitika\/","name":"Privacy policy - Karlev O\u00dc","isPartOf":{"@id":"https:\/\/kristall.ee\/ru\/#website"},"datePublished":"2025-01-09T12:31:54+00:00","dateModified":"2025-02-18T08:43:50+00:00","breadcrumb":{"@id":"https:\/\/kristall.ee\/privaatsuspoliitika\/#breadcrumb"},"inLanguage":"en-US","potentialAction":[{"@type":"ReadAction","target":["https:\/\/kristall.ee\/privaatsuspoliitika\/"]}]},{"@type":"BreadcrumbList","@id":"https:\/\/kristall.ee\/privaatsuspoliitika\/#breadcrumb","itemListElement":[{"@type":"ListItem","position":1,"name":"Home","item":"https:\/\/kristall.ee\/en\/avaleht\/"},{"@type":"ListItem","position":2,"name":"Privacy policy"}]},{"@type":"WebSite","@id":"https:\/\/kristall.ee\/ru\/#website","url":"https:\/\/kristall.ee\/ru\/","name":"Karlev O\u00dc - Iga p\u00e4ev on t\u00e4htp\u00e4ev","description":"Iga p\u00e4ev on t\u00e4htp\u00e4ev!","publisher":{"@id":"https:\/\/kristall.ee\/ru\/#organization"},"potentialAction":[{"@type":"SearchAction","target":{"@type":"EntryPoint","urlTemplate":"https:\/\/kristall.ee\/ru\/?s={search_term_string}"},"query-input":{"@type":"PropertyValueSpecification","valueRequired":true,"valueName":"search_term_string"}}],"inLanguage":"en-US"},{"@type":"Organization","@id":"https:\/\/kristall.ee\/ru\/#organization","name":"Karlev O\u00dc","url":"https:\/\/kristall.ee\/ru\/","logo":{"@type":"ImageObject","inLanguage":"en-US","@id":"https:\/\/kristall.ee\/ru\/#\/schema\/logo\/image\/","url":"https:\/\/kristall.ee\/wp-content\/uploads\/2025\/01\/Karlev-anno2_LOGO-04.webp","contentUrl":"https:\/\/kristall.ee\/wp-content\/uploads\/2025\/01\/Karlev-anno2_LOGO-04.webp","width":767,"height":337,"caption":"Karlev O\u00dc"},"image":{"@id":"https:\/\/kristall.ee\/ru\/#\/schema\/logo\/image\/"}}]}},"_links":{"self":[{"href":"https:\/\/kristall.ee\/en\/wp-json\/wp\/v2\/pages\/54506","targetHints":{"allow":["GET"]}}],"collection":[{"href":"https:\/\/kristall.ee\/en\/wp-json\/wp\/v2\/pages"}],"about":[{"href":"https:\/\/kristall.ee\/en\/wp-json\/wp\/v2\/types\/page"}],"author":[{"embeddable":true,"href":"https:\/\/kristall.ee\/en\/wp-json\/wp\/v2\/users\/1"}],"replies":[{"embeddable":true,"href":"https:\/\/kristall.ee\/en\/wp-json\/wp\/v2\/comments?post=54506"}],"version-history":[{"count":0,"href":"https:\/\/kristall.ee\/en\/wp-json\/wp\/v2\/pages\/54506\/revisions"}],"wp:attachment":[{"href":"https:\/\/kristall.ee\/en\/wp-json\/wp\/v2\/media?parent=54506"}],"curies":[{"name":"wp","href":"https:\/\/api.w.org\/{rel}","templated":true}]}}