{"id":54498,"date":"2025-01-07T16:20:06","date_gmt":"2025-01-07T16:20:06","guid":{"rendered":"https:\/\/kristall.ee\/resellers\/"},"modified":"2025-02-21T08:27:19","modified_gmt":"2025-02-21T08:27:19","slug":"resellers","status":"publish","type":"page","link":"https:\/\/kristall.ee\/en\/resellers\/","title":{"rendered":"Resellers"},"content":{"rendered":"\t\t<div data-elementor-type=\"wp-page\" data-elementor-id=\"54498\" class=\"elementor elementor-54498 elementor-13201\">\n\t\t\t\t\t\t<section class=\"elementor-section elementor-top-section elementor-element elementor-element-2bd3c85 elementor-section-boxed elementor-section-height-default elementor-section-height-default\" data-id=\"2bd3c85\" data-element_type=\"section\">\n\t\t\t\t\t\t<div class=\"elementor-container elementor-column-gap-default\">\n\t\t\t\t\t<div class=\"elementor-column elementor-col-100 elementor-top-column elementor-element elementor-element-34f51a3\" data-id=\"34f51a3\" data-element_type=\"column\">\n\t\t\t<div class=\"elementor-widget-wrap elementor-element-populated\">\n\t\t\t\t\t\t<div class=\"elementor-element elementor-element-c89449a elementor-widget elementor-widget-rt-title\" data-id=\"c89449a\" data-element_type=\"widget\" data-widget_type=\"rt-title.default\">\n\t\t\t\t<div class=\"elementor-widget-container\">\n\t\t\t\t\t<div class=\"rt-el-title rtin-style-2 rtin-align-left\">\n\t<h3 class=\"rtin-title\">Resellers of our products<\/h3>\n\t<\/div>\t\t\t\t<\/div>\n\t\t\t\t<\/div>\n\t\t\t\t<div class=\"elementor-element elementor-element-16ce2ee elementor-widget elementor-widget-text-editor\" data-id=\"16ce2ee\" data-element_type=\"widget\" data-widget_type=\"text-editor.default\">\n\t\t\t\t<div class=\"elementor-widget-container\">\n\t\t\t\t\t\t\t\t\t<p>Thanks to a nationwide network of resellers, our products reach customers in all counties.<\/p>\n<p>Find your nearest reseller shop on the map below.<\/p>\n\t\t\t\t\t\t\t\t<\/div>\n\t\t\t\t<\/div>\n\t\t\t\t\t<\/div>\n\t\t<\/div>\n\t\t\t\t\t<\/div>\n\t\t<\/section>\n\t\t\t\t<section class=\"elementor-section elementor-top-section elementor-element elementor-element-7996170 elementor-section-boxed elementor-section-height-default elementor-section-height-default\" data-id=\"7996170\" data-element_type=\"section\">\n\t\t\t\t\t\t<div class=\"elementor-container elementor-column-gap-default\">\n\t\t\t\t\t<div class=\"elementor-column elementor-col-100 elementor-top-column elementor-element elementor-element-810c548\" data-id=\"810c548\" data-element_type=\"column\">\n\t\t\t<div class=\"elementor-widget-wrap elementor-element-populated\">\n\t\t\t\t\t\t<div class=\"elementor-element elementor-element-29fe473 elementor-widget elementor-widget-shortcode\" data-id=\"29fe473\" data-element_type=\"widget\" data-widget_type=\"shortcode.default\">\n\t\t\t\t<div class=\"elementor-widget-container\">\n\t\t\t\t\t\t\t<div class=\"elementor-shortcode\"><style>\r\n\t#wpsl-stores .wpsl-store-thumb {height:45px !important; width:45px !important;}\r\n\t#wpsl-stores, #wpsl-direction-details, #wpsl-gmap {height:450px !important;}\r\n\t#wpsl-gmap .wpsl-info-window {max-width:225px !important;}\r\n\t.wpsl-input label, #wpsl-radius label, #wpsl-category label {width:95px;}\r\n\t#wpsl-search-input ,#wpsl-category .wpsl-dropdown {width:179px;}\r\n<\/style>\r\n<div id=\"wpsl-wrap\">\r\n\t<div class=\"wpsl-search wpsl-clearfix wpsl-filter\">\r\n\t\t<div id=\"wpsl-search-wrap\">\r\n\t\t\t<form autocomplete=\"off\">\r\n\t\t\t<div class=\"wpsl-input\">\r\n\t\t\t\t<div><label for=\"wpsl-search-input\">Your location<\/label><\/div>\r\n\t\t\t\t<input id=\"wpsl-search-input\" type=\"text\" value=\"\" name=\"wpsl-search-input\" placeholder=\"\" aria-required=\"true\" \/>\r\n\t\t\t<\/div>\r\n\t\t\t<div class=\"wpsl-select-wrap\">\r\n\t\t\t\t<div id=\"wpsl-radius\">\r\n\t\t\t\t\t<label for=\"wpsl-radius-dropdown\">Search radius<\/label>\r\n\t\t\t\t\t<select id=\"wpsl-radius-dropdown\" class=\"wpsl-dropdown\" name=\"wpsl-radius\">\r\n\t\t\t\t\t\t<option value=\"600\">600 km<\/option>\r\n\t\t\t\t\t<\/select>\r\n\t\t\t\t<\/div>\r\n\t\t\t<\/div>\r\n<div id=\"wpsl-category\">\r\n<label for=\"wpsl-category-list\">Category<\/label>\r\n<select  name='wpsl-category' id='wpsl-category-list' class='wpsl-dropdown'>\n\t<option value='0'>Any<\/option>\n\t<option class=\"level-0\" value=\"6530\">L\u00e4\u00e4ne-Virumaa<\/option>\n\t<option class=\"level-0\" value=\"6531\">P\u00f5ltsamaa<\/option>\n\t<option class=\"level-0\" value=\"6532\">J\u00e4rvamaa<\/option>\n\t<option class=\"level-0\" value=\"6533\">Raplamaa<\/option>\n\t<option class=\"level-0\" value=\"6534\">L\u00e4\u00e4nemaa<\/option>\n\t<option class=\"level-0\" value=\"6535\">Hiiumaa<\/option>\n\t<option class=\"level-0\" value=\"6536\">Saaremaa<\/option>\n\t<option class=\"level-0\" value=\"6537\">P\u00f5lvamaa<\/option>\n\t<option class=\"level-0\" value=\"6538\">Valgamaa<\/option>\n\t<option class=\"level-0\" value=\"706\">Harjumaa (Tallinn)<\/option>\n\t<option class=\"level-0\" value=\"707\">Tartumaa<\/option>\n\t<option class=\"level-0\" value=\"6526\">P\u00e4rnumaa<\/option>\n\t<option class=\"level-0\" value=\"6527\">Viljandimaa<\/option>\n\t<option class=\"level-0\" value=\"6528\">V\u00f5rumaa<\/option>\n\t<option class=\"level-0\" value=\"6529\">Ida-Virumaa<\/option>\n<\/select>\n<\/div>\r\n\t\t\t\t<div class=\"wpsl-search-btn-wrap\"><input id=\"wpsl-search-btn\" type=\"submit\" value=\"Search\"><\/div>\r\n\t\t<\/form>\r\n\t\t<\/div>\r\n\t<\/div>\r\n\t<div id=\"wpsl-gmap\" class=\"wpsl-gmap-canvas\"><\/div>\r\n\t<div id=\"wpsl-result-list\">\r\n\t\t<div id=\"wpsl-stores\" >\r\n\t\t\t<ul><\/ul>\r\n\t\t<\/div>\r\n\t\t<div id=\"wpsl-direction-details\">\r\n\t\t\t<ul><\/ul>\r\n\t\t<\/div>\r\n\t<\/div>\r\n<\/div>\r\n<\/div>\n\t\t\t\t\t\t<\/div>\n\t\t\t\t<\/div>\n\t\t\t\t\t<\/div>\n\t\t<\/div>\n\t\t\t\t\t<\/div>\n\t\t<\/section>\n\t\t\t\t<\/div>\n\t\t","protected":false},"excerpt":{"rendered":"<p>Resellers of our products Thanks to a nationwide network of resellers, our products reach customers in all counties. Find your nearest reseller shop on the map below.<\/p>\n","protected":false},"author":1,"featured_media":0,"parent":0,"menu_order":0,"comment_status":"closed","ping_status":"closed","template":"","meta":{"_acf_changed":false,"footnotes":""},"class_list":["post-54498","page","type-page","status-publish","hentry"],"acf":[],"yoast_head":"<!-- This site is optimized with the Yoast SEO plugin v26.6 - https:\/\/yoast.com\/wordpress\/plugins\/seo\/ -->\n<title>Resellers - Karlev O\u00dc<\/title>\n<meta name=\"robots\" content=\"index, follow, max-snippet:-1, max-image-preview:large, max-video-preview:-1\" \/>\n<link rel=\"canonical\" href=\"https:\/\/kristall.ee\/edasimuujad\/\" \/>\n<meta property=\"og:locale\" content=\"en_US\" \/>\n<meta property=\"og:type\" content=\"article\" \/>\n<meta property=\"og:title\" content=\"Resellers - Karlev O\u00dc\" \/>\n<meta property=\"og:description\" content=\"Resellers of our products Thanks to a nationwide network of resellers, our products reach customers in all counties. Find your nearest reseller shop on the map below.\" \/>\n<meta property=\"og:url\" content=\"https:\/\/kristall.ee\/edasimuujad\/\" \/>\n<meta property=\"og:site_name\" content=\"Karlev O\u00dc\" \/>\n<meta property=\"article:modified_time\" content=\"2025-02-21T08:27:19+00:00\" \/>\n<meta property=\"og:image\" content=\"https:\/\/kristall.ee\/wp-content\/uploads\/2025\/03\/karlev-social-1.jpg\" \/>\n\t<meta property=\"og:image:width\" content=\"1200\" \/>\n\t<meta property=\"og:image:height\" content=\"675\" \/>\n\t<meta property=\"og:image:type\" content=\"image\/jpeg\" \/>\n<meta name=\"twitter:card\" content=\"summary_large_image\" \/>\n<script type=\"application\/ld+json\" class=\"yoast-schema-graph\">{\"@context\":\"https:\/\/schema.org\",\"@graph\":[{\"@type\":\"WebPage\",\"@id\":\"https:\/\/kristall.ee\/edasimuujad\/\",\"url\":\"https:\/\/kristall.ee\/edasimuujad\/\",\"name\":\"Resellers - Karlev O\u00dc\",\"isPartOf\":{\"@id\":\"https:\/\/kristall.ee\/ru\/#website\"},\"datePublished\":\"2025-01-07T16:20:06+00:00\",\"dateModified\":\"2025-02-21T08:27:19+00:00\",\"breadcrumb\":{\"@id\":\"https:\/\/kristall.ee\/edasimuujad\/#breadcrumb\"},\"inLanguage\":\"en-US\",\"potentialAction\":[{\"@type\":\"ReadAction\",\"target\":[\"https:\/\/kristall.ee\/edasimuujad\/\"]}]},{\"@type\":\"BreadcrumbList\",\"@id\":\"https:\/\/kristall.ee\/edasimuujad\/#breadcrumb\",\"itemListElement\":[{\"@type\":\"ListItem\",\"position\":1,\"name\":\"Home\",\"item\":\"https:\/\/kristall.ee\/en\/avaleht\/\"},{\"@type\":\"ListItem\",\"position\":2,\"name\":\"Resellers\"}]},{\"@type\":\"WebSite\",\"@id\":\"https:\/\/kristall.ee\/ru\/#website\",\"url\":\"https:\/\/kristall.ee\/ru\/\",\"name\":\"Karlev O\u00dc - Iga p\u00e4ev on t\u00e4htp\u00e4ev\",\"description\":\"Iga p\u00e4ev on t\u00e4htp\u00e4ev!\",\"publisher\":{\"@id\":\"https:\/\/kristall.ee\/ru\/#organization\"},\"potentialAction\":[{\"@type\":\"SearchAction\",\"target\":{\"@type\":\"EntryPoint\",\"urlTemplate\":\"https:\/\/kristall.ee\/ru\/?s={search_term_string}\"},\"query-input\":{\"@type\":\"PropertyValueSpecification\",\"valueRequired\":true,\"valueName\":\"search_term_string\"}}],\"inLanguage\":\"en-US\"},{\"@type\":\"Organization\",\"@id\":\"https:\/\/kristall.ee\/ru\/#organization\",\"name\":\"Karlev O\u00dc\",\"url\":\"https:\/\/kristall.ee\/ru\/\",\"logo\":{\"@type\":\"ImageObject\",\"inLanguage\":\"en-US\",\"@id\":\"https:\/\/kristall.ee\/ru\/#\/schema\/logo\/image\/\",\"url\":\"https:\/\/kristall.ee\/wp-content\/uploads\/2025\/01\/Karlev-anno2_LOGO-04.webp\",\"contentUrl\":\"https:\/\/kristall.ee\/wp-content\/uploads\/2025\/01\/Karlev-anno2_LOGO-04.webp\",\"width\":767,\"height\":337,\"caption\":\"Karlev O\u00dc\"},\"image\":{\"@id\":\"https:\/\/kristall.ee\/ru\/#\/schema\/logo\/image\/\"}}]}<\/script>\n<!-- \/ Yoast SEO plugin. -->","yoast_head_json":{"title":"Resellers - Karlev O\u00dc","robots":{"index":"index","follow":"follow","max-snippet":"max-snippet:-1","max-image-preview":"max-image-preview:large","max-video-preview":"max-video-preview:-1"},"canonical":"https:\/\/kristall.ee\/edasimuujad\/","og_locale":"en_US","og_type":"article","og_title":"Resellers - Karlev O\u00dc","og_description":"Resellers of our products Thanks to a nationwide network of resellers, our products reach customers in all counties. Find your nearest reseller shop on the map below.","og_url":"https:\/\/kristall.ee\/edasimuujad\/","og_site_name":"Karlev O\u00dc","article_modified_time":"2025-02-21T08:27:19+00:00","og_image":[{"width":1200,"height":675,"url":"https:\/\/kristall.ee\/wp-content\/uploads\/2025\/03\/karlev-social-1.jpg","type":"image\/jpeg"}],"twitter_card":"summary_large_image","schema":{"@context":"https:\/\/schema.org","@graph":[{"@type":"WebPage","@id":"https:\/\/kristall.ee\/edasimuujad\/","url":"https:\/\/kristall.ee\/edasimuujad\/","name":"Resellers - Karlev O\u00dc","isPartOf":{"@id":"https:\/\/kristall.ee\/ru\/#website"},"datePublished":"2025-01-07T16:20:06+00:00","dateModified":"2025-02-21T08:27:19+00:00","breadcrumb":{"@id":"https:\/\/kristall.ee\/edasimuujad\/#breadcrumb"},"inLanguage":"en-US","potentialAction":[{"@type":"ReadAction","target":["https:\/\/kristall.ee\/edasimuujad\/"]}]},{"@type":"BreadcrumbList","@id":"https:\/\/kristall.ee\/edasimuujad\/#breadcrumb","itemListElement":[{"@type":"ListItem","position":1,"name":"Home","item":"https:\/\/kristall.ee\/en\/avaleht\/"},{"@type":"ListItem","position":2,"name":"Resellers"}]},{"@type":"WebSite","@id":"https:\/\/kristall.ee\/ru\/#website","url":"https:\/\/kristall.ee\/ru\/","name":"Karlev O\u00dc - Iga p\u00e4ev on t\u00e4htp\u00e4ev","description":"Iga p\u00e4ev on t\u00e4htp\u00e4ev!","publisher":{"@id":"https:\/\/kristall.ee\/ru\/#organization"},"potentialAction":[{"@type":"SearchAction","target":{"@type":"EntryPoint","urlTemplate":"https:\/\/kristall.ee\/ru\/?s={search_term_string}"},"query-input":{"@type":"PropertyValueSpecification","valueRequired":true,"valueName":"search_term_string"}}],"inLanguage":"en-US"},{"@type":"Organization","@id":"https:\/\/kristall.ee\/ru\/#organization","name":"Karlev O\u00dc","url":"https:\/\/kristall.ee\/ru\/","logo":{"@type":"ImageObject","inLanguage":"en-US","@id":"https:\/\/kristall.ee\/ru\/#\/schema\/logo\/image\/","url":"https:\/\/kristall.ee\/wp-content\/uploads\/2025\/01\/Karlev-anno2_LOGO-04.webp","contentUrl":"https:\/\/kristall.ee\/wp-content\/uploads\/2025\/01\/Karlev-anno2_LOGO-04.webp","width":767,"height":337,"caption":"Karlev O\u00dc"},"image":{"@id":"https:\/\/kristall.ee\/ru\/#\/schema\/logo\/image\/"}}]}},"_links":{"self":[{"href":"https:\/\/kristall.ee\/en\/wp-json\/wp\/v2\/pages\/54498","targetHints":{"allow":["GET"]}}],"collection":[{"href":"https:\/\/kristall.ee\/en\/wp-json\/wp\/v2\/pages"}],"about":[{"href":"https:\/\/kristall.ee\/en\/wp-json\/wp\/v2\/types\/page"}],"author":[{"embeddable":true,"href":"https:\/\/kristall.ee\/en\/wp-json\/wp\/v2\/users\/1"}],"replies":[{"embeddable":true,"href":"https:\/\/kristall.ee\/en\/wp-json\/wp\/v2\/comments?post=54498"}],"version-history":[{"count":0,"href":"https:\/\/kristall.ee\/en\/wp-json\/wp\/v2\/pages\/54498\/revisions"}],"wp:attachment":[{"href":"https:\/\/kristall.ee\/en\/wp-json\/wp\/v2\/media?parent=54498"}],"curies":[{"name":"wp","href":"https:\/\/api.w.org\/{rel}","templated":true}]}}