{"id":54490,"date":"2019-07-11T06:38:11","date_gmt":"2019-07-11T06:38:11","guid":{"rendered":"https:\/\/kristall.ee\/help\/"},"modified":"2025-03-27T11:39:36","modified_gmt":"2025-03-27T11:39:36","slug":"help","status":"publish","type":"page","link":"https:\/\/kristall.ee\/en\/help\/","title":{"rendered":"Help"},"content":{"rendered":"\t\t<div data-elementor-type=\"wp-post\" data-elementor-id=\"54490\" class=\"elementor elementor-54490 elementor-721\">\n\t\t\t\t\t\t<section class=\"elementor-section elementor-top-section elementor-element elementor-element-64bca17 elementor-section-boxed elementor-section-height-default elementor-section-height-default\" data-id=\"64bca17\" data-element_type=\"section\">\n\t\t\t\t\t\t<div class=\"elementor-container elementor-column-gap-default\">\n\t\t\t\t\t<div class=\"elementor-column elementor-col-100 elementor-top-column elementor-element elementor-element-302aeaa\" data-id=\"302aeaa\" data-element_type=\"column\">\n\t\t\t<div class=\"elementor-widget-wrap elementor-element-populated\">\n\t\t\t\t\t\t<div class=\"elementor-element elementor-element-b69d720 elementor-widget elementor-widget-rt-title\" data-id=\"b69d720\" data-element_type=\"widget\" data-widget_type=\"rt-title.default\">\n\t\t\t\t<div class=\"elementor-widget-container\">\n\t\t\t\t\t<div class=\"rt-el-title rtin-style-2 rtin-align-left\">\n\t<h3 class=\"rtin-title\">Frequently asked questions<\/h3>\n\t<\/div>\t\t\t\t<\/div>\n\t\t\t\t<\/div>\n\t\t\t\t\t<\/div>\n\t\t<\/div>\n\t\t\t\t\t<\/div>\n\t\t<\/section>\n\t\t\t\t<div class=\"elementor-section elementor-top-section elementor-element elementor-element-848e2f3 elementor-section-boxed elementor-section-height-default elementor-section-height-default\" data-id=\"848e2f3\" data-element_type=\"section\">\n\t\t\t\t\t\t<div class=\"elementor-container elementor-column-gap-default\">\n\t\t\t\t\t<div class=\"elementor-column elementor-col-100 elementor-top-column elementor-element elementor-element-dd5b89e\" data-id=\"dd5b89e\" data-element_type=\"column\">\n\t\t\t<div class=\"elementor-widget-wrap elementor-element-populated\">\n\t\t\t\t\t\t<div class=\"elementor-element elementor-element-fcda8a0 elementor-widget elementor-widget-rt-accordion\" data-id=\"fcda8a0\" data-element_type=\"widget\" data-widget_type=\"rt-accordion.default\">\n\t\t\t\t<div class=\"elementor-widget-container\">\n\t\t\t\t\t<div class=\"rt-el-accordion\">\n\t<div id=\"u-0-33041200-1776176829\">\n\t\t\t\t\t\t\t\t<div class=\"card\">\n\t\t\t\t<div class=\"card-header\">\n\t\t\t\t\t<a class=\"collapsed\" href=\"#\" data-toggle=\"collapse\" data-target=\"#u-0-33042200-1776176829\" aria-expanded=\"true\"> How to find the right ring size?<\/a>\n\t\t\t\t<\/div>\n\t\t\t\t<div id=\"u-0-33042200-1776176829\" class=\"collapse\" data-parent=\"#u-0-33041200-1776176829\">\n\t\t\t\t\t<div class=\"card-body\"><p><strong>RING sizes for the designer Oliver Weber'i grins with Swarovski crystals:<\/strong><\/p><table><tbody><tr><td>Size<\/td><td>Diameter<\/td><td>Perimeter<\/td><\/tr><tr><td>S = 5 \/ 6 <\/td><td>15,80 - 16,50 mm<\/td><td>49,00 mm. - 52,00 mm <\/td><\/tr><tr><td>M = 7<\/td><td>17,30 mm<\/td><td>54,80 mm<\/td><\/tr><tr><td>L = 8<\/td><td>8,30 mm<\/td><td>57,30 mm<\/td><\/tr><tr><td>XL = 10<\/td><td>19,80 mm<\/td><td>62,20 mm<\/td><\/tr><tr><td>XXL = 11<\/td><td>20,80 mm<\/td><td>65,00 mm<\/td><\/tr><\/tbody><\/table><\/div>\n\t\t\t\t<\/div>\n\t\t\t<\/div>\n\t\t\t\t\t\t\t\t<div class=\"card\">\n\t\t\t\t<div class=\"card-header\">\n\t\t\t\t\t<a class=\"collapsed\" href=\"#\" data-toggle=\"collapse\" data-target=\"#u-0-33065400-1776176829\" aria-expanded=\"true\"> Materials in product information - what is what?<\/a>\n\t\t\t\t<\/div>\n\t\t\t\t<div id=\"u-0-33065400-1776176829\" class=\"collapse\" data-parent=\"#u-0-33041200-1776176829\">\n\t\t\t\t\t<div class=\"card-body\"><p><strong>Glass and crystal:<\/strong><\/p><p>GLASS - Glass is made up of 70% quartz sand with the remaining 30% divided between substances that give the glass its brilliance, clarity, sound and durability.<\/p><p>CRYSTAL - crystal contains 70% quarts sand and 24% leaden (PbO2).<\/p><p>CRYSTALITE, CRYSTALINE - is lead (PbO2) free crystal. It is the new material to substitute the led crystal. Which is a new material developed today to replace crystal containing lead (PbO2) <\/p><p>LUXION - Eco crystal glass. The clearest, cleanest and most transparent crystal glass on the market. Eco-friendly production, 100% recyclable. The long-lasting shine can withstand up to 4000 machine washes. Also suitable for HoReCa (i.e. professional use in restaurants, bars, hotels, etc.). Made in Italy.     <\/p><p>SIMAX - heat-resistant glass.<\/p><p><strong>Hand made crystal:<\/strong><\/p><p>Belarusian crystal - 100% - washed, pattern curved, polished, cleaned by hand, therefore no two products are exactly alike. And often the same product is made by several different masters. <\/p><p>Czech Republic, Italy, Poland - partly handmade - the product is machine blown, the rest (pattern curling, sanding) is done by hand.<\/p><p><strong>Other:<\/strong><\/p><p>Pressed crystal - 100% machine made.<\/p><p>RODIUM - a member of the platinum family, a very strong and durable metal.<\/p><p>Ruthenium - a member of the platinum family, a very strong and durable metal.<\/p><\/div>\n\t\t\t\t<\/div>\n\t\t\t<\/div>\n\t\t\t<\/div>\n<\/div>\t\t\t\t<\/div>\n\t\t\t\t<\/div>\n\t\t\t\t\t<\/div>\n\t\t<\/div>\n\t\t\t\t\t<\/div>\n\t\t<\/div>\n\t\t\t\t<section class=\"elementor-section elementor-top-section elementor-element elementor-element-4e3cd7b elementor-section-stretched elementor-section-boxed elementor-section-height-default elementor-section-height-default\" data-id=\"4e3cd7b\" data-element_type=\"section\" data-settings=\"{&quot;stretch_section&quot;:&quot;section-stretched&quot;,&quot;background_background&quot;:&quot;classic&quot;}\">\n\t\t\t\t\t\t\t<div class=\"elementor-background-overlay\"><\/div>\n\t\t\t\t\t\t\t<div class=\"elementor-container elementor-column-gap-default\">\n\t\t\t\t\t<div class=\"elementor-column elementor-col-100 elementor-top-column elementor-element elementor-element-f48ff22\" data-id=\"f48ff22\" data-element_type=\"column\">\n\t\t\t<div class=\"elementor-widget-wrap elementor-element-populated\">\n\t\t\t\t\t\t<div class=\"elementor-element elementor-element-bd5f1e0 elementor-widget elementor-widget-rt-title\" data-id=\"bd5f1e0\" data-element_type=\"widget\" data-widget_type=\"rt-title.default\">\n\t\t\t\t<div class=\"elementor-widget-container\">\n\t\t\t\t\t<div class=\"rt-el-title rtin-style-1 rtin-align-left\">\n\t<h3 class=\"rtin-title\">Couldn&#039;t find the answer to your question?<\/h3>\n\t\t\t<p class=\"rtin-subtitle\">Get in touch with us, together we can find answers to your questions and help you choose the right product.<\/p>\n\t<\/div>\t\t\t\t<\/div>\n\t\t\t\t<\/div>\n\t\t\t\t<div class=\"elementor-element elementor-element-4141e53 elementor-align-left elementor-widget elementor-widget-button\" data-id=\"4141e53\" data-element_type=\"widget\" data-widget_type=\"button.default\">\n\t\t\t\t<div class=\"elementor-widget-container\">\n\t\t\t\t\t\t\t\t\t<div class=\"elementor-button-wrapper\">\n\t\t\t\t\t<a class=\"elementor-button elementor-button-link elementor-size-sm\" href=\"https:\/\/kristall.ee\/en\/our-contacts\/\">\n\t\t\t\t\t\t<span class=\"elementor-button-content-wrapper\">\n\t\t\t\t\t\t<span class=\"elementor-button-icon\">\n\t\t\t\t<i aria-hidden=\"true\" class=\"fas fa-chevron-right\"><\/i>\t\t\t<\/span>\n\t\t\t\t\t\t\t\t\t<span class=\"elementor-button-text\">CONTACT US<\/span>\n\t\t\t\t\t<\/span>\n\t\t\t\t\t<\/a>\n\t\t\t\t<\/div>\n\t\t\t\t\t\t\t\t<\/div>\n\t\t\t\t<\/div>\n\t\t\t\t\t<\/div>\n\t\t<\/div>\n\t\t\t\t\t<\/div>\n\t\t<\/section>\n\t\t\t\t<\/div>\n\t\t","protected":false},"excerpt":{"rendered":"<p>Frequently asked questions How to find the right ring size? RING sizes for the designer Oliver Weber&#8217;i grins with Swarovski crystals: Size Diameter Perimeter S = 5 \/ 6 15,80 &#8211; 16,50 mm 49,00 mm. &#8211; 52,00 mm M = 7 17,30 mm 54,80 mm L = 8 8,30 mm 57,30 mm XL = 10 &#8230;<\/p>\n","protected":false},"author":1,"featured_media":0,"parent":0,"menu_order":0,"comment_status":"closed","ping_status":"closed","template":"templates\/blank.php","meta":{"_acf_changed":false,"footnotes":""},"class_list":["post-54490","page","type-page","status-publish","hentry"],"acf":[],"yoast_head":"<!-- This site is optimized with the Yoast SEO plugin v26.6 - https:\/\/yoast.com\/wordpress\/plugins\/seo\/ -->\n<title>Help - Karlev O\u00dc<\/title>\n<meta name=\"robots\" content=\"index, follow, max-snippet:-1, max-image-preview:large, max-video-preview:-1\" \/>\n<link rel=\"canonical\" href=\"https:\/\/kristall.ee\/en\/help\/\" \/>\n<meta property=\"og:locale\" content=\"en_US\" \/>\n<meta property=\"og:type\" content=\"article\" \/>\n<meta property=\"og:title\" content=\"Help - Karlev O\u00dc\" \/>\n<meta property=\"og:description\" content=\"Frequently asked questions How to find the right ring size? RING sizes for the designer Oliver Weber&#8217;i grins with Swarovski crystals: Size Diameter Perimeter S = 5 \/ 6 15,80 &#8211; 16,50 mm 49,00 mm. &#8211; 52,00 mm M = 7 17,30 mm 54,80 mm L = 8 8,30 mm 57,30 mm XL = 10 ...\" \/>\n<meta property=\"og:url\" content=\"https:\/\/kristall.ee\/en\/help\/\" \/>\n<meta property=\"og:site_name\" content=\"Karlev O\u00dc\" \/>\n<meta property=\"article:modified_time\" content=\"2025-03-27T11:39:36+00:00\" \/>\n<meta property=\"og:image\" content=\"https:\/\/kristall.ee\/wp-content\/uploads\/2025\/03\/karlev-social-1.jpg\" \/>\n\t<meta property=\"og:image:width\" content=\"1200\" \/>\n\t<meta property=\"og:image:height\" content=\"675\" \/>\n\t<meta property=\"og:image:type\" content=\"image\/jpeg\" \/>\n<meta name=\"twitter:card\" content=\"summary_large_image\" \/>\n<meta name=\"twitter:label1\" content=\"Est. reading time\" \/>\n\t<meta name=\"twitter:data1\" content=\"1 minute\" \/>\n<script type=\"application\/ld+json\" class=\"yoast-schema-graph\">{\"@context\":\"https:\/\/schema.org\",\"@graph\":[{\"@type\":\"WebPage\",\"@id\":\"https:\/\/kristall.ee\/en\/help\/\",\"url\":\"https:\/\/kristall.ee\/en\/help\/\",\"name\":\"Help - Karlev O\u00dc\",\"isPartOf\":{\"@id\":\"https:\/\/kristall.ee\/ru\/#website\"},\"datePublished\":\"2019-07-11T06:38:11+00:00\",\"dateModified\":\"2025-03-27T11:39:36+00:00\",\"breadcrumb\":{\"@id\":\"https:\/\/kristall.ee\/en\/help\/#breadcrumb\"},\"inLanguage\":\"en-US\",\"potentialAction\":[{\"@type\":\"ReadAction\",\"target\":[\"https:\/\/kristall.ee\/en\/help\/\"]}]},{\"@type\":\"BreadcrumbList\",\"@id\":\"https:\/\/kristall.ee\/en\/help\/#breadcrumb\",\"itemListElement\":[{\"@type\":\"ListItem\",\"position\":1,\"name\":\"Home\",\"item\":\"https:\/\/kristall.ee\/en\/avaleht\/\"},{\"@type\":\"ListItem\",\"position\":2,\"name\":\"Help\"}]},{\"@type\":\"WebSite\",\"@id\":\"https:\/\/kristall.ee\/ru\/#website\",\"url\":\"https:\/\/kristall.ee\/ru\/\",\"name\":\"Karlev O\u00dc - Iga p\u00e4ev on t\u00e4htp\u00e4ev\",\"description\":\"Iga p\u00e4ev on t\u00e4htp\u00e4ev!\",\"publisher\":{\"@id\":\"https:\/\/kristall.ee\/ru\/#organization\"},\"potentialAction\":[{\"@type\":\"SearchAction\",\"target\":{\"@type\":\"EntryPoint\",\"urlTemplate\":\"https:\/\/kristall.ee\/ru\/?s={search_term_string}\"},\"query-input\":{\"@type\":\"PropertyValueSpecification\",\"valueRequired\":true,\"valueName\":\"search_term_string\"}}],\"inLanguage\":\"en-US\"},{\"@type\":\"Organization\",\"@id\":\"https:\/\/kristall.ee\/ru\/#organization\",\"name\":\"Karlev O\u00dc\",\"url\":\"https:\/\/kristall.ee\/ru\/\",\"logo\":{\"@type\":\"ImageObject\",\"inLanguage\":\"en-US\",\"@id\":\"https:\/\/kristall.ee\/ru\/#\/schema\/logo\/image\/\",\"url\":\"https:\/\/kristall.ee\/wp-content\/uploads\/2025\/01\/Karlev-anno2_LOGO-04.webp\",\"contentUrl\":\"https:\/\/kristall.ee\/wp-content\/uploads\/2025\/01\/Karlev-anno2_LOGO-04.webp\",\"width\":767,\"height\":337,\"caption\":\"Karlev O\u00dc\"},\"image\":{\"@id\":\"https:\/\/kristall.ee\/ru\/#\/schema\/logo\/image\/\"}}]}<\/script>\n<!-- \/ Yoast SEO plugin. -->","yoast_head_json":{"title":"Help - Karlev O\u00dc","robots":{"index":"index","follow":"follow","max-snippet":"max-snippet:-1","max-image-preview":"max-image-preview:large","max-video-preview":"max-video-preview:-1"},"canonical":"https:\/\/kristall.ee\/en\/help\/","og_locale":"en_US","og_type":"article","og_title":"Help - Karlev O\u00dc","og_description":"Frequently asked questions How to find the right ring size? RING sizes for the designer Oliver Weber&#8217;i grins with Swarovski crystals: Size Diameter Perimeter S = 5 \/ 6 15,80 &#8211; 16,50 mm 49,00 mm. &#8211; 52,00 mm M = 7 17,30 mm 54,80 mm L = 8 8,30 mm 57,30 mm XL = 10 ...","og_url":"https:\/\/kristall.ee\/en\/help\/","og_site_name":"Karlev O\u00dc","article_modified_time":"2025-03-27T11:39:36+00:00","og_image":[{"width":1200,"height":675,"url":"https:\/\/kristall.ee\/wp-content\/uploads\/2025\/03\/karlev-social-1.jpg","type":"image\/jpeg"}],"twitter_card":"summary_large_image","twitter_misc":{"Est. reading time":"1 minute"},"schema":{"@context":"https:\/\/schema.org","@graph":[{"@type":"WebPage","@id":"https:\/\/kristall.ee\/en\/help\/","url":"https:\/\/kristall.ee\/en\/help\/","name":"Help - Karlev O\u00dc","isPartOf":{"@id":"https:\/\/kristall.ee\/ru\/#website"},"datePublished":"2019-07-11T06:38:11+00:00","dateModified":"2025-03-27T11:39:36+00:00","breadcrumb":{"@id":"https:\/\/kristall.ee\/en\/help\/#breadcrumb"},"inLanguage":"en-US","potentialAction":[{"@type":"ReadAction","target":["https:\/\/kristall.ee\/en\/help\/"]}]},{"@type":"BreadcrumbList","@id":"https:\/\/kristall.ee\/en\/help\/#breadcrumb","itemListElement":[{"@type":"ListItem","position":1,"name":"Home","item":"https:\/\/kristall.ee\/en\/avaleht\/"},{"@type":"ListItem","position":2,"name":"Help"}]},{"@type":"WebSite","@id":"https:\/\/kristall.ee\/ru\/#website","url":"https:\/\/kristall.ee\/ru\/","name":"Karlev O\u00dc - Iga p\u00e4ev on t\u00e4htp\u00e4ev","description":"Iga p\u00e4ev on t\u00e4htp\u00e4ev!","publisher":{"@id":"https:\/\/kristall.ee\/ru\/#organization"},"potentialAction":[{"@type":"SearchAction","target":{"@type":"EntryPoint","urlTemplate":"https:\/\/kristall.ee\/ru\/?s={search_term_string}"},"query-input":{"@type":"PropertyValueSpecification","valueRequired":true,"valueName":"search_term_string"}}],"inLanguage":"en-US"},{"@type":"Organization","@id":"https:\/\/kristall.ee\/ru\/#organization","name":"Karlev O\u00dc","url":"https:\/\/kristall.ee\/ru\/","logo":{"@type":"ImageObject","inLanguage":"en-US","@id":"https:\/\/kristall.ee\/ru\/#\/schema\/logo\/image\/","url":"https:\/\/kristall.ee\/wp-content\/uploads\/2025\/01\/Karlev-anno2_LOGO-04.webp","contentUrl":"https:\/\/kristall.ee\/wp-content\/uploads\/2025\/01\/Karlev-anno2_LOGO-04.webp","width":767,"height":337,"caption":"Karlev O\u00dc"},"image":{"@id":"https:\/\/kristall.ee\/ru\/#\/schema\/logo\/image\/"}}]}},"_links":{"self":[{"href":"https:\/\/kristall.ee\/en\/wp-json\/wp\/v2\/pages\/54490","targetHints":{"allow":["GET"]}}],"collection":[{"href":"https:\/\/kristall.ee\/en\/wp-json\/wp\/v2\/pages"}],"about":[{"href":"https:\/\/kristall.ee\/en\/wp-json\/wp\/v2\/types\/page"}],"author":[{"embeddable":true,"href":"https:\/\/kristall.ee\/en\/wp-json\/wp\/v2\/users\/1"}],"replies":[{"embeddable":true,"href":"https:\/\/kristall.ee\/en\/wp-json\/wp\/v2\/comments?post=54490"}],"version-history":[{"count":0,"href":"https:\/\/kristall.ee\/en\/wp-json\/wp\/v2\/pages\/54490\/revisions"}],"wp:attachment":[{"href":"https:\/\/kristall.ee\/en\/wp-json\/wp\/v2\/media?parent=54490"}],"curies":[{"name":"wp","href":"https:\/\/api.w.org\/{rel}","templated":true}]}}